{"id":7007,"date":"2024-10-29T18:55:42","date_gmt":"2024-10-29T17:55:42","guid":{"rendered":"https:\/\/uniest.it\/prodotto\/360-augenkonturserum\/"},"modified":"2024-10-29T18:55:42","modified_gmt":"2024-10-29T17:55:42","slug":"360-augenkonturserum","status":"publish","type":"product","link":"https:\/\/uniest.it\/de\/prodotto\/360-augenkonturserum\/","title":{"rendered":"360\u00b0 Augenkonturserum"},"content":{"rendered":"<p>Innovatives Serum speziell f\u00fcr die 360-Grad-Augenkontur. Es wirkt gegen Augenringe, Tr\u00e4nens\u00e4cke und Schlupflider. Der Extrakt aus wei\u00dfen Bl\u00fcten wirkt gegen die unangenehme blau-graue Farbe von Augenringen, erh\u00f6ht die Blutzirkulation und erm\u00f6glicht den nat\u00fcrlichen Fl\u00fcssigkeitsfluss. Au\u00dferdem erh\u00f6ht er die Kollagenproduktion, wodurch die Haut dichter und elastischer wird. Angereichert mit Bio-Sheabutter*, reich an Vitaminen und antioxidativen Eigenschaften, ist es ein hervorragender Verb\u00fcndeter der Sch\u00f6nheit.<\/p>\n","protected":false},"excerpt":{"rendered":"<p>Innovatives Serum speziell f\u00fcr die 360-Grad-Augenkontur. Es wirkt gegen Augenringe, Tr\u00e4nens\u00e4cke und Schlupflider. Der Extrakt aus wei\u00dfen Bl\u00fcten wirkt gegen die unangenehme blau-graue Farbe von Augenringen, erh\u00f6ht die Blutzirkulation und erm\u00f6glicht den nat\u00fcrlichen Fl\u00fcssigkeitsfluss. Au\u00dferdem erh\u00f6ht er die Kollagenproduktion, wodurch die Haut dichter und elastischer wird. Angereichert mit Bio-Sheabutter*, reich an Vitaminen und antioxidativen Eigenschaften, [&hellip;]<\/p>\n","protected":false},"featured_media":7008,"template":"","meta":{"_acf_changed":false,"inline_featured_image":false},"product_brand":[],"product_cat":[1497],"product_tag":[],"class_list":{"0":"post-7007","1":"product","2":"type-product","3":"status-publish","4":"has-post-thumbnail","6":"product_beauty-antirughe","7":"product_beauty-detox-e-dren","8":"product_beauty-idratare","9":"product_beauty-rassodare-e-tonificare","10":"product_skin-pelli-delicate-e-sensibili","11":"product_skin-pelli-giovani-e-prime-rughe","12":"product_skin-pelli-grasse-e-miste","13":"product_skin-pelli-mature-e-rughe","14":"product_skin-pelli-secche-e-normali","15":"product_skin-tutte-le-pelli","16":"product_kind-creme-antieta-e-prime-rughe","17":"product_kind-creme-pelli-complesse","18":"product_kind-occhi-e-labbra","19":"product_kind-trattamenti-speciali","20":"product_kind-tutte-le-creme-viso","21":"product_lines-antirughe","22":"product_cat-viso-de","23":"pa_size-30-de","25":"first","26":"instock","27":"taxable","28":"shipping-taxable","29":"purchasable","30":"product-type-simple"},"acf":[],"yoast_head":"<!-- This site is optimized with the Yoast SEO plugin v24.6 - https:\/\/yoast.com\/wordpress\/plugins\/seo\/ -->\n<title>360\u00b0 Augenkonturserum - Uniest<\/title>\n<meta name=\"robots\" content=\"index, follow, max-snippet:-1, max-image-preview:large, max-video-preview:-1\" \/>\n<link rel=\"canonical\" href=\"https:\/\/uniest.it\/prodotto\/360-augenkonturserum\/\" \/>\n<meta property=\"og:locale\" content=\"de_DE\" \/>\n<meta property=\"og:type\" content=\"article\" \/>\n<meta property=\"og:title\" content=\"360\u00b0 Augenkonturserum - Uniest\" \/>\n<meta property=\"og:description\" content=\"Innovatives Serum speziell f\u00fcr die 360-Grad-Augenkontur. Es wirkt gegen Augenringe, Tr\u00e4nens\u00e4cke und Schlupflider. Der Extrakt aus wei\u00dfen Bl\u00fcten wirkt gegen die unangenehme blau-graue Farbe von Augenringen, erh\u00f6ht die Blutzirkulation und erm\u00f6glicht den nat\u00fcrlichen Fl\u00fcssigkeitsfluss. Au\u00dferdem erh\u00f6ht er die Kollagenproduktion, wodurch die Haut dichter und elastischer wird. Angereichert mit Bio-Sheabutter*, reich an Vitaminen und antioxidativen Eigenschaften, [&hellip;]\" \/>\n<meta property=\"og:url\" content=\"https:\/\/uniest.it\/prodotto\/360-augenkonturserum\/\" \/>\n<meta property=\"og:site_name\" content=\"Uniest\" \/>\n<meta name=\"twitter:card\" content=\"summary_large_image\" \/>\n<script type=\"application\/ld+json\" class=\"yoast-schema-graph\">{\"@context\":\"https:\/\/schema.org\",\"@graph\":[{\"@type\":\"WebPage\",\"@id\":\"https:\/\/uniest.it\/prodotto\/360-augenkonturserum\/\",\"url\":\"https:\/\/uniest.it\/prodotto\/360-augenkonturserum\/\",\"name\":\"360\u00b0 Augenkonturserum - Uniest\",\"isPartOf\":{\"@id\":\"https:\/\/uniest.it\/#website\"},\"primaryImageOfPage\":{\"@id\":\"https:\/\/uniest.it\/prodotto\/360-augenkonturserum\/#primaryimage\"},\"image\":{\"@id\":\"https:\/\/uniest.it\/prodotto\/360-augenkonturserum\/#primaryimage\"},\"thumbnailUrl\":\"https:\/\/uniest.it\/wp-content\/uploads\/2020\/11\/026AAE.png\",\"datePublished\":\"2024-10-29T17:55:42+00:00\",\"breadcrumb\":{\"@id\":\"https:\/\/uniest.it\/prodotto\/360-augenkonturserum\/#breadcrumb\"},\"inLanguage\":\"de\",\"potentialAction\":[{\"@type\":\"ReadAction\",\"target\":[\"https:\/\/uniest.it\/prodotto\/360-augenkonturserum\/\"]}]},{\"@type\":\"ImageObject\",\"inLanguage\":\"de\",\"@id\":\"https:\/\/uniest.it\/prodotto\/360-augenkonturserum\/#primaryimage\",\"url\":\"https:\/\/uniest.it\/wp-content\/uploads\/2020\/11\/026AAE.png\",\"contentUrl\":\"https:\/\/uniest.it\/wp-content\/uploads\/2020\/11\/026AAE.png\",\"width\":1283,\"height\":2000},{\"@type\":\"BreadcrumbList\",\"@id\":\"https:\/\/uniest.it\/prodotto\/360-augenkonturserum\/#breadcrumb\",\"itemListElement\":[{\"@type\":\"ListItem\",\"position\":1,\"name\":\"Home\",\"item\":\"https:\/\/uniest.it\/de\/\"},{\"@type\":\"ListItem\",\"position\":2,\"name\":\"Shop\",\"item\":\"https:\/\/uniest.it\/shop\/\"},{\"@type\":\"ListItem\",\"position\":3,\"name\":\"360\u00b0 Augenkonturserum\"}]},{\"@type\":\"WebSite\",\"@id\":\"https:\/\/uniest.it\/#website\",\"url\":\"https:\/\/uniest.it\/\",\"name\":\"Uniest\",\"description\":\"Cosmetici Naturali e Bio\",\"potentialAction\":[{\"@type\":\"SearchAction\",\"target\":{\"@type\":\"EntryPoint\",\"urlTemplate\":\"https:\/\/uniest.it\/?s={search_term_string}\"},\"query-input\":{\"@type\":\"PropertyValueSpecification\",\"valueRequired\":true,\"valueName\":\"search_term_string\"}}],\"inLanguage\":\"de\"}]}<\/script>\n<!-- \/ Yoast SEO plugin. -->","yoast_head_json":{"title":"360\u00b0 Augenkonturserum - Uniest","robots":{"index":"index","follow":"follow","max-snippet":"max-snippet:-1","max-image-preview":"max-image-preview:large","max-video-preview":"max-video-preview:-1"},"canonical":"https:\/\/uniest.it\/prodotto\/360-augenkonturserum\/","og_locale":"de_DE","og_type":"article","og_title":"360\u00b0 Augenkonturserum - Uniest","og_description":"Innovatives Serum speziell f\u00fcr die 360-Grad-Augenkontur. Es wirkt gegen Augenringe, Tr\u00e4nens\u00e4cke und Schlupflider. Der Extrakt aus wei\u00dfen Bl\u00fcten wirkt gegen die unangenehme blau-graue Farbe von Augenringen, erh\u00f6ht die Blutzirkulation und erm\u00f6glicht den nat\u00fcrlichen Fl\u00fcssigkeitsfluss. Au\u00dferdem erh\u00f6ht er die Kollagenproduktion, wodurch die Haut dichter und elastischer wird. Angereichert mit Bio-Sheabutter*, reich an Vitaminen und antioxidativen Eigenschaften, [&hellip;]","og_url":"https:\/\/uniest.it\/prodotto\/360-augenkonturserum\/","og_site_name":"Uniest","twitter_card":"summary_large_image","schema":{"@context":"https:\/\/schema.org","@graph":[{"@type":"WebPage","@id":"https:\/\/uniest.it\/prodotto\/360-augenkonturserum\/","url":"https:\/\/uniest.it\/prodotto\/360-augenkonturserum\/","name":"360\u00b0 Augenkonturserum - Uniest","isPartOf":{"@id":"https:\/\/uniest.it\/#website"},"primaryImageOfPage":{"@id":"https:\/\/uniest.it\/prodotto\/360-augenkonturserum\/#primaryimage"},"image":{"@id":"https:\/\/uniest.it\/prodotto\/360-augenkonturserum\/#primaryimage"},"thumbnailUrl":"https:\/\/uniest.it\/wp-content\/uploads\/2020\/11\/026AAE.png","datePublished":"2024-10-29T17:55:42+00:00","breadcrumb":{"@id":"https:\/\/uniest.it\/prodotto\/360-augenkonturserum\/#breadcrumb"},"inLanguage":"de","potentialAction":[{"@type":"ReadAction","target":["https:\/\/uniest.it\/prodotto\/360-augenkonturserum\/"]}]},{"@type":"ImageObject","inLanguage":"de","@id":"https:\/\/uniest.it\/prodotto\/360-augenkonturserum\/#primaryimage","url":"https:\/\/uniest.it\/wp-content\/uploads\/2020\/11\/026AAE.png","contentUrl":"https:\/\/uniest.it\/wp-content\/uploads\/2020\/11\/026AAE.png","width":1283,"height":2000},{"@type":"BreadcrumbList","@id":"https:\/\/uniest.it\/prodotto\/360-augenkonturserum\/#breadcrumb","itemListElement":[{"@type":"ListItem","position":1,"name":"Home","item":"https:\/\/uniest.it\/de\/"},{"@type":"ListItem","position":2,"name":"Shop","item":"https:\/\/uniest.it\/shop\/"},{"@type":"ListItem","position":3,"name":"360\u00b0 Augenkonturserum"}]},{"@type":"WebSite","@id":"https:\/\/uniest.it\/#website","url":"https:\/\/uniest.it\/","name":"Uniest","description":"Cosmetici Naturali e Bio","potentialAction":[{"@type":"SearchAction","target":{"@type":"EntryPoint","urlTemplate":"https:\/\/uniest.it\/?s={search_term_string}"},"query-input":{"@type":"PropertyValueSpecification","valueRequired":true,"valueName":"search_term_string"}}],"inLanguage":"de"}]}},"_links":{"self":[{"href":"https:\/\/uniest.it\/de\/wp-json\/wp\/v2\/product\/7007","targetHints":{"allow":["GET"]}}],"collection":[{"href":"https:\/\/uniest.it\/de\/wp-json\/wp\/v2\/product"}],"about":[{"href":"https:\/\/uniest.it\/de\/wp-json\/wp\/v2\/types\/product"}],"wp:featuredmedia":[{"embeddable":true,"href":"https:\/\/uniest.it\/de\/wp-json\/wp\/v2\/media\/7008"}],"wp:attachment":[{"href":"https:\/\/uniest.it\/de\/wp-json\/wp\/v2\/media?parent=7007"}],"wp:term":[{"taxonomy":"product_brand","embeddable":true,"href":"https:\/\/uniest.it\/de\/wp-json\/wp\/v2\/product_brand?post=7007"},{"taxonomy":"product_cat","embeddable":true,"href":"https:\/\/uniest.it\/de\/wp-json\/wp\/v2\/product_cat?post=7007"},{"taxonomy":"product_tag","embeddable":true,"href":"https:\/\/uniest.it\/de\/wp-json\/wp\/v2\/product_tag?post=7007"}],"curies":[{"name":"wp","href":"https:\/\/api.w.org\/{rel}","templated":true}]}}