{"id":7010,"date":"2024-10-29T18:55:43","date_gmt":"2024-10-29T17:55:43","guid":{"rendered":"https:\/\/uniest.it\/prodotto\/adstringierendes-pflanzliches-tonikum\/"},"modified":"2024-10-29T18:55:43","modified_gmt":"2024-10-29T17:55:43","slug":"adstringierendes-pflanzliches-tonikum","status":"publish","type":"product","link":"https:\/\/uniest.it\/de\/prodotto\/adstringierendes-pflanzliches-tonikum\/","title":{"rendered":"Adstringierendes pflanzliches Tonikum"},"content":{"rendered":"<p>*Es ist m\u00f6glich, dass die Verpackung vom Foto abweicht. Mit einem adstringierenden pflanzlichen Toner wird die Haut noch gr\u00fcndlicher gereinigt und mit einer einzigen letzten Geste alle R\u00fcckst\u00e4nde von Unreinheiten und Make-up-Entfernerpartikeln entfernt. Dank der darin enthaltenen Extrakte aus Hamamelis, Helichrysum, Klette, Eisenkraut und Johanniskraut ist eine beruhigende und talgregulierende Wirkung m\u00f6glich. Dar\u00fcber hinaus wird die Haut dank der \u00e4therischen \u00d6le von Lavendel, Menthol und Kampfer angenehm erfrischt, entspannt und weich. Dieses Produkt hat eine anregende und adstringierende Wirkung: Die regelm\u00e4\u00dfige Anwendung des Tonikums st\u00e4rkt die nat\u00fcrlichen Abwehrkr\u00e4fte der Haut und beugt der Entstehung von Hautunreinheiten vor. Tats\u00e4chlich hilft das Tonikum, die Epidermis zu reinigen und erweiterte Poren im Gesicht zu reduzieren. Dar\u00fcber hinaus macht dieses Kosmetikum die Haut aufnahmef\u00e4higer f\u00fcr die folgenden Behandlungsphasen. Fettige Haut ist ein \u00e4u\u00dferst weit verbreiteter Makel bei Jugendlichen, der oft bis ins Erwachsenenalter anh\u00e4lt und sogar schwerwiegende pathologische Erscheinungen hervorruft.<\/p>\n","protected":false},"excerpt":{"rendered":"<p>*Es ist m\u00f6glich, dass die Verpackung vom Foto abweicht. Mit einem adstringierenden pflanzlichen Toner wird die Haut noch gr\u00fcndlicher gereinigt und mit einer einzigen letzten Geste alle R\u00fcckst\u00e4nde von Unreinheiten und Make-up-Entfernerpartikeln entfernt. Dank der darin enthaltenen Extrakte aus Hamamelis, Helichrysum, Klette, Eisenkraut und Johanniskraut ist eine beruhigende und talgregulierende Wirkung m\u00f6glich. Dar\u00fcber hinaus wird [&hellip;]<\/p>\n","protected":false},"featured_media":7011,"template":"","meta":{"_acf_changed":false,"inline_featured_image":false},"product_brand":[],"product_cat":[1497],"product_tag":[],"class_list":{"0":"post-7010","1":"product","2":"type-product","3":"status-publish","4":"has-post-thumbnail","6":"product_beauty-detox-e-dren","7":"product_beauty-purificare","8":"product_beauty-rassodare-e-tonificare","9":"product_beauty-riequilibrare","10":"product_skin-pelli-grasse-e-miste","11":"product_kind-tonici-e-lozioni-viso","12":"product_lines-pelli-grasse-e-miste","13":"product_cat-viso-de","14":"pa_size-200-de","16":"first","17":"instock","18":"taxable","19":"shipping-taxable","20":"purchasable","21":"product-type-simple"},"acf":[],"yoast_head":"<!-- This site is optimized with the Yoast SEO plugin v24.6 - https:\/\/yoast.com\/wordpress\/plugins\/seo\/ -->\n<title>Adstringierendes pflanzliches Tonikum - Uniest<\/title>\n<meta name=\"robots\" content=\"index, follow, max-snippet:-1, max-image-preview:large, max-video-preview:-1\" \/>\n<link rel=\"canonical\" href=\"https:\/\/uniest.it\/prodotto\/adstringierendes-pflanzliches-tonikum\/\" \/>\n<meta property=\"og:locale\" content=\"de_DE\" \/>\n<meta property=\"og:type\" content=\"article\" \/>\n<meta property=\"og:title\" content=\"Adstringierendes pflanzliches Tonikum - Uniest\" \/>\n<meta property=\"og:description\" content=\"*Es ist m\u00f6glich, dass die Verpackung vom Foto abweicht. Mit einem adstringierenden pflanzlichen Toner wird die Haut noch gr\u00fcndlicher gereinigt und mit einer einzigen letzten Geste alle R\u00fcckst\u00e4nde von Unreinheiten und Make-up-Entfernerpartikeln entfernt. Dank der darin enthaltenen Extrakte aus Hamamelis, Helichrysum, Klette, Eisenkraut und Johanniskraut ist eine beruhigende und talgregulierende Wirkung m\u00f6glich. Dar\u00fcber hinaus wird [&hellip;]\" \/>\n<meta property=\"og:url\" content=\"https:\/\/uniest.it\/prodotto\/adstringierendes-pflanzliches-tonikum\/\" \/>\n<meta property=\"og:site_name\" content=\"Uniest\" \/>\n<meta name=\"twitter:card\" content=\"summary_large_image\" \/>\n<meta name=\"twitter:label1\" content=\"Gesch\u00e4tzte Lesezeit\" \/>\n\t<meta name=\"twitter:data1\" content=\"1\u00a0Minute\" \/>\n<script type=\"application\/ld+json\" class=\"yoast-schema-graph\">{\"@context\":\"https:\/\/schema.org\",\"@graph\":[{\"@type\":\"WebPage\",\"@id\":\"https:\/\/uniest.it\/prodotto\/adstringierendes-pflanzliches-tonikum\/\",\"url\":\"https:\/\/uniest.it\/prodotto\/adstringierendes-pflanzliches-tonikum\/\",\"name\":\"Adstringierendes pflanzliches Tonikum - Uniest\",\"isPartOf\":{\"@id\":\"https:\/\/uniest.it\/#website\"},\"primaryImageOfPage\":{\"@id\":\"https:\/\/uniest.it\/prodotto\/adstringierendes-pflanzliches-tonikum\/#primaryimage\"},\"image\":{\"@id\":\"https:\/\/uniest.it\/prodotto\/adstringierendes-pflanzliches-tonikum\/#primaryimage\"},\"thumbnailUrl\":\"https:\/\/uniest.it\/wp-content\/uploads\/2020\/11\/027AAE.png\",\"datePublished\":\"2024-10-29T17:55:43+00:00\",\"breadcrumb\":{\"@id\":\"https:\/\/uniest.it\/prodotto\/adstringierendes-pflanzliches-tonikum\/#breadcrumb\"},\"inLanguage\":\"de\",\"potentialAction\":[{\"@type\":\"ReadAction\",\"target\":[\"https:\/\/uniest.it\/prodotto\/adstringierendes-pflanzliches-tonikum\/\"]}]},{\"@type\":\"ImageObject\",\"inLanguage\":\"de\",\"@id\":\"https:\/\/uniest.it\/prodotto\/adstringierendes-pflanzliches-tonikum\/#primaryimage\",\"url\":\"https:\/\/uniest.it\/wp-content\/uploads\/2020\/11\/027AAE.png\",\"contentUrl\":\"https:\/\/uniest.it\/wp-content\/uploads\/2020\/11\/027AAE.png\",\"width\":1283,\"height\":2001},{\"@type\":\"BreadcrumbList\",\"@id\":\"https:\/\/uniest.it\/prodotto\/adstringierendes-pflanzliches-tonikum\/#breadcrumb\",\"itemListElement\":[{\"@type\":\"ListItem\",\"position\":1,\"name\":\"Home\",\"item\":\"https:\/\/uniest.it\/de\/\"},{\"@type\":\"ListItem\",\"position\":2,\"name\":\"Shop\",\"item\":\"https:\/\/uniest.it\/shop\/\"},{\"@type\":\"ListItem\",\"position\":3,\"name\":\"Adstringierendes pflanzliches Tonikum\"}]},{\"@type\":\"WebSite\",\"@id\":\"https:\/\/uniest.it\/#website\",\"url\":\"https:\/\/uniest.it\/\",\"name\":\"Uniest\",\"description\":\"Cosmetici Naturali e Bio\",\"potentialAction\":[{\"@type\":\"SearchAction\",\"target\":{\"@type\":\"EntryPoint\",\"urlTemplate\":\"https:\/\/uniest.it\/?s={search_term_string}\"},\"query-input\":{\"@type\":\"PropertyValueSpecification\",\"valueRequired\":true,\"valueName\":\"search_term_string\"}}],\"inLanguage\":\"de\"}]}<\/script>\n<!-- \/ Yoast SEO plugin. -->","yoast_head_json":{"title":"Adstringierendes pflanzliches Tonikum - Uniest","robots":{"index":"index","follow":"follow","max-snippet":"max-snippet:-1","max-image-preview":"max-image-preview:large","max-video-preview":"max-video-preview:-1"},"canonical":"https:\/\/uniest.it\/prodotto\/adstringierendes-pflanzliches-tonikum\/","og_locale":"de_DE","og_type":"article","og_title":"Adstringierendes pflanzliches Tonikum - Uniest","og_description":"*Es ist m\u00f6glich, dass die Verpackung vom Foto abweicht. Mit einem adstringierenden pflanzlichen Toner wird die Haut noch gr\u00fcndlicher gereinigt und mit einer einzigen letzten Geste alle R\u00fcckst\u00e4nde von Unreinheiten und Make-up-Entfernerpartikeln entfernt. Dank der darin enthaltenen Extrakte aus Hamamelis, Helichrysum, Klette, Eisenkraut und Johanniskraut ist eine beruhigende und talgregulierende Wirkung m\u00f6glich. Dar\u00fcber hinaus wird [&hellip;]","og_url":"https:\/\/uniest.it\/prodotto\/adstringierendes-pflanzliches-tonikum\/","og_site_name":"Uniest","twitter_card":"summary_large_image","twitter_misc":{"Gesch\u00e4tzte Lesezeit":"1\u00a0Minute"},"schema":{"@context":"https:\/\/schema.org","@graph":[{"@type":"WebPage","@id":"https:\/\/uniest.it\/prodotto\/adstringierendes-pflanzliches-tonikum\/","url":"https:\/\/uniest.it\/prodotto\/adstringierendes-pflanzliches-tonikum\/","name":"Adstringierendes pflanzliches Tonikum - Uniest","isPartOf":{"@id":"https:\/\/uniest.it\/#website"},"primaryImageOfPage":{"@id":"https:\/\/uniest.it\/prodotto\/adstringierendes-pflanzliches-tonikum\/#primaryimage"},"image":{"@id":"https:\/\/uniest.it\/prodotto\/adstringierendes-pflanzliches-tonikum\/#primaryimage"},"thumbnailUrl":"https:\/\/uniest.it\/wp-content\/uploads\/2020\/11\/027AAE.png","datePublished":"2024-10-29T17:55:43+00:00","breadcrumb":{"@id":"https:\/\/uniest.it\/prodotto\/adstringierendes-pflanzliches-tonikum\/#breadcrumb"},"inLanguage":"de","potentialAction":[{"@type":"ReadAction","target":["https:\/\/uniest.it\/prodotto\/adstringierendes-pflanzliches-tonikum\/"]}]},{"@type":"ImageObject","inLanguage":"de","@id":"https:\/\/uniest.it\/prodotto\/adstringierendes-pflanzliches-tonikum\/#primaryimage","url":"https:\/\/uniest.it\/wp-content\/uploads\/2020\/11\/027AAE.png","contentUrl":"https:\/\/uniest.it\/wp-content\/uploads\/2020\/11\/027AAE.png","width":1283,"height":2001},{"@type":"BreadcrumbList","@id":"https:\/\/uniest.it\/prodotto\/adstringierendes-pflanzliches-tonikum\/#breadcrumb","itemListElement":[{"@type":"ListItem","position":1,"name":"Home","item":"https:\/\/uniest.it\/de\/"},{"@type":"ListItem","position":2,"name":"Shop","item":"https:\/\/uniest.it\/shop\/"},{"@type":"ListItem","position":3,"name":"Adstringierendes pflanzliches Tonikum"}]},{"@type":"WebSite","@id":"https:\/\/uniest.it\/#website","url":"https:\/\/uniest.it\/","name":"Uniest","description":"Cosmetici Naturali e Bio","potentialAction":[{"@type":"SearchAction","target":{"@type":"EntryPoint","urlTemplate":"https:\/\/uniest.it\/?s={search_term_string}"},"query-input":{"@type":"PropertyValueSpecification","valueRequired":true,"valueName":"search_term_string"}}],"inLanguage":"de"}]}},"_links":{"self":[{"href":"https:\/\/uniest.it\/de\/wp-json\/wp\/v2\/product\/7010","targetHints":{"allow":["GET"]}}],"collection":[{"href":"https:\/\/uniest.it\/de\/wp-json\/wp\/v2\/product"}],"about":[{"href":"https:\/\/uniest.it\/de\/wp-json\/wp\/v2\/types\/product"}],"wp:featuredmedia":[{"embeddable":true,"href":"https:\/\/uniest.it\/de\/wp-json\/wp\/v2\/media\/7011"}],"wp:attachment":[{"href":"https:\/\/uniest.it\/de\/wp-json\/wp\/v2\/media?parent=7010"}],"wp:term":[{"taxonomy":"product_brand","embeddable":true,"href":"https:\/\/uniest.it\/de\/wp-json\/wp\/v2\/product_brand?post=7010"},{"taxonomy":"product_cat","embeddable":true,"href":"https:\/\/uniest.it\/de\/wp-json\/wp\/v2\/product_cat?post=7010"},{"taxonomy":"product_tag","embeddable":true,"href":"https:\/\/uniest.it\/de\/wp-json\/wp\/v2\/product_tag?post=7010"}],"curies":[{"name":"wp","href":"https:\/\/api.w.org\/{rel}","templated":true}]}}