{"id":7013,"date":"2024-10-29T18:55:43","date_gmt":"2024-10-29T17:55:43","guid":{"rendered":"https:\/\/uniest.it\/prodotto\/passionsblume\/"},"modified":"2024-10-29T18:55:43","modified_gmt":"2024-10-29T17:55:43","slug":"passionsblume","status":"publish","type":"product","link":"https:\/\/uniest.it\/de\/prodotto\/passionsblume\/","title":{"rendered":"Passionsblume"},"content":{"rendered":"<p>Passionsblume, eine Passionsfruchtpflanze, hilft gegen Angstzust\u00e4nde, Stress und Menstruationsbeschwerden. Passionsblume (Passiflora incarnata) ist eine Pflanze aus der Familie der Passifloraceae. Dank seiner beruhigenden Wirkung ist es eines der am h\u00e4ufigsten verwendeten phytotherapeutischen Mittel bei nerv\u00f6sen St\u00f6rungen.<\/p>\n","protected":false},"excerpt":{"rendered":"<p>Passionsblume, eine Passionsfruchtpflanze, hilft gegen Angstzust\u00e4nde, Stress und Menstruationsbeschwerden. Passionsblume (Passiflora incarnata) ist eine Pflanze aus der Familie der Passifloraceae. Dank seiner beruhigenden Wirkung ist es eines der am h\u00e4ufigsten verwendeten phytotherapeutischen Mittel bei nerv\u00f6sen St\u00f6rungen.<\/p>\n","protected":false},"featured_media":7014,"template":"","meta":{"_acf_changed":false,"inline_featured_image":false},"product_brand":[],"product_cat":[1486],"product_tag":[],"class_list":{"0":"post-7013","1":"product","2":"type-product","3":"status-publish","4":"has-post-thumbnail","6":"product_beauty-insonnia","7":"product_beauty-menopausa","8":"product_beauty-mesturazioni","9":"product_beauty-rilassante","10":"product_beauty-stress","11":"product_kind-integrazione-alimentare","12":"product_lines-benessere","13":"product_cat-benessere-de","14":"pa_size-50-de","16":"first","17":"outofstock","18":"taxable","19":"shipping-taxable","20":"purchasable","21":"product-type-simple"},"acf":[],"yoast_head":"<!-- This site is optimized with the Yoast SEO plugin v24.6 - https:\/\/yoast.com\/wordpress\/plugins\/seo\/ -->\n<title>Passionsblume - Uniest<\/title>\n<meta name=\"robots\" content=\"index, follow, max-snippet:-1, max-image-preview:large, max-video-preview:-1\" \/>\n<link rel=\"canonical\" href=\"https:\/\/uniest.it\/prodotto\/passionsblume\/\" \/>\n<meta property=\"og:locale\" content=\"de_DE\" \/>\n<meta property=\"og:type\" content=\"article\" \/>\n<meta property=\"og:title\" content=\"Passionsblume - Uniest\" \/>\n<meta property=\"og:description\" content=\"Passionsblume, eine Passionsfruchtpflanze, hilft gegen Angstzust\u00e4nde, Stress und Menstruationsbeschwerden. Passionsblume (Passiflora incarnata) ist eine Pflanze aus der Familie der Passifloraceae. Dank seiner beruhigenden Wirkung ist es eines der am h\u00e4ufigsten verwendeten phytotherapeutischen Mittel bei nerv\u00f6sen St\u00f6rungen.\" \/>\n<meta property=\"og:url\" content=\"https:\/\/uniest.it\/prodotto\/passionsblume\/\" \/>\n<meta property=\"og:site_name\" content=\"Uniest\" \/>\n<meta name=\"twitter:card\" content=\"summary_large_image\" \/>\n<script type=\"application\/ld+json\" class=\"yoast-schema-graph\">{\"@context\":\"https:\/\/schema.org\",\"@graph\":[{\"@type\":\"WebPage\",\"@id\":\"https:\/\/uniest.it\/prodotto\/passionsblume\/\",\"url\":\"https:\/\/uniest.it\/prodotto\/passionsblume\/\",\"name\":\"Passionsblume - Uniest\",\"isPartOf\":{\"@id\":\"https:\/\/uniest.it\/#website\"},\"primaryImageOfPage\":{\"@id\":\"https:\/\/uniest.it\/prodotto\/passionsblume\/#primaryimage\"},\"image\":{\"@id\":\"https:\/\/uniest.it\/prodotto\/passionsblume\/#primaryimage\"},\"thumbnailUrl\":\"https:\/\/uniest.it\/wp-content\/uploads\/2020\/12\/027ZTM.png\",\"datePublished\":\"2024-10-29T17:55:43+00:00\",\"breadcrumb\":{\"@id\":\"https:\/\/uniest.it\/prodotto\/passionsblume\/#breadcrumb\"},\"inLanguage\":\"de\",\"potentialAction\":[{\"@type\":\"ReadAction\",\"target\":[\"https:\/\/uniest.it\/prodotto\/passionsblume\/\"]}]},{\"@type\":\"ImageObject\",\"inLanguage\":\"de\",\"@id\":\"https:\/\/uniest.it\/prodotto\/passionsblume\/#primaryimage\",\"url\":\"https:\/\/uniest.it\/wp-content\/uploads\/2020\/12\/027ZTM.png\",\"contentUrl\":\"https:\/\/uniest.it\/wp-content\/uploads\/2020\/12\/027ZTM.png\",\"width\":1283,\"height\":2000},{\"@type\":\"BreadcrumbList\",\"@id\":\"https:\/\/uniest.it\/prodotto\/passionsblume\/#breadcrumb\",\"itemListElement\":[{\"@type\":\"ListItem\",\"position\":1,\"name\":\"Home\",\"item\":\"https:\/\/uniest.it\/de\/\"},{\"@type\":\"ListItem\",\"position\":2,\"name\":\"Shop\",\"item\":\"https:\/\/uniest.it\/shop\/\"},{\"@type\":\"ListItem\",\"position\":3,\"name\":\"Passionsblume\"}]},{\"@type\":\"WebSite\",\"@id\":\"https:\/\/uniest.it\/#website\",\"url\":\"https:\/\/uniest.it\/\",\"name\":\"Uniest\",\"description\":\"Cosmetici Naturali e Bio\",\"potentialAction\":[{\"@type\":\"SearchAction\",\"target\":{\"@type\":\"EntryPoint\",\"urlTemplate\":\"https:\/\/uniest.it\/?s={search_term_string}\"},\"query-input\":{\"@type\":\"PropertyValueSpecification\",\"valueRequired\":true,\"valueName\":\"search_term_string\"}}],\"inLanguage\":\"de\"}]}<\/script>\n<!-- \/ Yoast SEO plugin. -->","yoast_head_json":{"title":"Passionsblume - Uniest","robots":{"index":"index","follow":"follow","max-snippet":"max-snippet:-1","max-image-preview":"max-image-preview:large","max-video-preview":"max-video-preview:-1"},"canonical":"https:\/\/uniest.it\/prodotto\/passionsblume\/","og_locale":"de_DE","og_type":"article","og_title":"Passionsblume - Uniest","og_description":"Passionsblume, eine Passionsfruchtpflanze, hilft gegen Angstzust\u00e4nde, Stress und Menstruationsbeschwerden. Passionsblume (Passiflora incarnata) ist eine Pflanze aus der Familie der Passifloraceae. Dank seiner beruhigenden Wirkung ist es eines der am h\u00e4ufigsten verwendeten phytotherapeutischen Mittel bei nerv\u00f6sen St\u00f6rungen.","og_url":"https:\/\/uniest.it\/prodotto\/passionsblume\/","og_site_name":"Uniest","twitter_card":"summary_large_image","schema":{"@context":"https:\/\/schema.org","@graph":[{"@type":"WebPage","@id":"https:\/\/uniest.it\/prodotto\/passionsblume\/","url":"https:\/\/uniest.it\/prodotto\/passionsblume\/","name":"Passionsblume - Uniest","isPartOf":{"@id":"https:\/\/uniest.it\/#website"},"primaryImageOfPage":{"@id":"https:\/\/uniest.it\/prodotto\/passionsblume\/#primaryimage"},"image":{"@id":"https:\/\/uniest.it\/prodotto\/passionsblume\/#primaryimage"},"thumbnailUrl":"https:\/\/uniest.it\/wp-content\/uploads\/2020\/12\/027ZTM.png","datePublished":"2024-10-29T17:55:43+00:00","breadcrumb":{"@id":"https:\/\/uniest.it\/prodotto\/passionsblume\/#breadcrumb"},"inLanguage":"de","potentialAction":[{"@type":"ReadAction","target":["https:\/\/uniest.it\/prodotto\/passionsblume\/"]}]},{"@type":"ImageObject","inLanguage":"de","@id":"https:\/\/uniest.it\/prodotto\/passionsblume\/#primaryimage","url":"https:\/\/uniest.it\/wp-content\/uploads\/2020\/12\/027ZTM.png","contentUrl":"https:\/\/uniest.it\/wp-content\/uploads\/2020\/12\/027ZTM.png","width":1283,"height":2000},{"@type":"BreadcrumbList","@id":"https:\/\/uniest.it\/prodotto\/passionsblume\/#breadcrumb","itemListElement":[{"@type":"ListItem","position":1,"name":"Home","item":"https:\/\/uniest.it\/de\/"},{"@type":"ListItem","position":2,"name":"Shop","item":"https:\/\/uniest.it\/shop\/"},{"@type":"ListItem","position":3,"name":"Passionsblume"}]},{"@type":"WebSite","@id":"https:\/\/uniest.it\/#website","url":"https:\/\/uniest.it\/","name":"Uniest","description":"Cosmetici Naturali e Bio","potentialAction":[{"@type":"SearchAction","target":{"@type":"EntryPoint","urlTemplate":"https:\/\/uniest.it\/?s={search_term_string}"},"query-input":{"@type":"PropertyValueSpecification","valueRequired":true,"valueName":"search_term_string"}}],"inLanguage":"de"}]}},"_links":{"self":[{"href":"https:\/\/uniest.it\/de\/wp-json\/wp\/v2\/product\/7013","targetHints":{"allow":["GET"]}}],"collection":[{"href":"https:\/\/uniest.it\/de\/wp-json\/wp\/v2\/product"}],"about":[{"href":"https:\/\/uniest.it\/de\/wp-json\/wp\/v2\/types\/product"}],"wp:featuredmedia":[{"embeddable":true,"href":"https:\/\/uniest.it\/de\/wp-json\/wp\/v2\/media\/7014"}],"wp:attachment":[{"href":"https:\/\/uniest.it\/de\/wp-json\/wp\/v2\/media?parent=7013"}],"wp:term":[{"taxonomy":"product_brand","embeddable":true,"href":"https:\/\/uniest.it\/de\/wp-json\/wp\/v2\/product_brand?post=7013"},{"taxonomy":"product_cat","embeddable":true,"href":"https:\/\/uniest.it\/de\/wp-json\/wp\/v2\/product_cat?post=7013"},{"taxonomy":"product_tag","embeddable":true,"href":"https:\/\/uniest.it\/de\/wp-json\/wp\/v2\/product_tag?post=7013"}],"curies":[{"name":"wp","href":"https:\/\/api.w.org\/{rel}","templated":true}]}}