{"id":7016,"date":"2024-10-29T18:55:44","date_gmt":"2024-10-29T17:55:44","guid":{"rendered":"https:\/\/uniest.it\/prodotto\/mauve\/"},"modified":"2024-10-29T18:55:44","modified_gmt":"2024-10-29T17:55:44","slug":"mauve","status":"publish","type":"product","link":"https:\/\/uniest.it\/de\/prodotto\/mauve\/","title":{"rendered":"Mauve"},"content":{"rendered":"<p>Malve (Malva sylvestris) ist eine Pflanze aus der Familie der Malvaceae und stammt vermutlich aus Nordafrika. Dank ihrer lindernden und entz\u00fcndungshemmenden Eigenschaften hilft Malve gegen Husten, aber auch zur Regulierung der Darmfunktion. Die erweichenden Eigenschaften der Malve sind seit der Antike bekannt und gesch\u00e4tzt. Ihr Name leitet sich vom lateinischen Wort mollire ab, was \u201eweichmachend\u201c bedeutet. Die Griechen nannten es stattdessen malach\u00e8, was \u201eweich machen\u201c bedeutet. Hippokrates empfahl es wegen seiner lindernden und abf\u00fchrenden Wirkung, es wurde aber auch von armen Menschen als Nahrungsmittel verwendet. Tats\u00e4chlich eignet es sich hervorragend f\u00fcr Suppen oder gekocht und mit \u00d6l und Salz gew\u00fcrzt.<\/p>\n","protected":false},"excerpt":{"rendered":"<p>Malve (Malva sylvestris) ist eine Pflanze aus der Familie der Malvaceae und stammt vermutlich aus Nordafrika. Dank ihrer lindernden und entz\u00fcndungshemmenden Eigenschaften hilft Malve gegen Husten, aber auch zur Regulierung der Darmfunktion. Die erweichenden Eigenschaften der Malve sind seit der Antike bekannt und gesch\u00e4tzt. Ihr Name leitet sich vom lateinischen Wort mollire ab, was \u201eweichmachend\u201c [&hellip;]<\/p>\n","protected":false},"featured_media":7017,"template":"","meta":{"_acf_changed":false,"inline_featured_image":false},"product_brand":[],"product_cat":[1486],"product_tag":[],"class_list":{"0":"post-7016","1":"product","2":"type-product","3":"status-publish","4":"has-post-thumbnail","6":"product_beauty-calmante","7":"product_beauty-detox-e-dren","8":"product_beauty-gastroprotettore","9":"product_beauty-intestino","10":"product_beauty-sedativo","11":"product_beauty-vie-respiratorie","12":"product_kind-integrazione-alimentare","13":"product_lines-benessere","14":"product_cat-benessere-de","15":"pa_size-50-de","17":"first","18":"outofstock","19":"taxable","20":"shipping-taxable","21":"purchasable","22":"product-type-simple"},"acf":[],"yoast_head":"<!-- This site is optimized with the Yoast SEO plugin v24.6 - https:\/\/yoast.com\/wordpress\/plugins\/seo\/ -->\n<title>Mauve - Uniest<\/title>\n<meta name=\"robots\" content=\"index, follow, max-snippet:-1, max-image-preview:large, max-video-preview:-1\" \/>\n<link rel=\"canonical\" href=\"https:\/\/uniest.it\/prodotto\/mauve\/\" \/>\n<meta property=\"og:locale\" content=\"de_DE\" \/>\n<meta property=\"og:type\" content=\"article\" \/>\n<meta property=\"og:title\" content=\"Mauve - Uniest\" \/>\n<meta property=\"og:description\" content=\"Malve (Malva sylvestris) ist eine Pflanze aus der Familie der Malvaceae und stammt vermutlich aus Nordafrika. Dank ihrer lindernden und entz\u00fcndungshemmenden Eigenschaften hilft Malve gegen Husten, aber auch zur Regulierung der Darmfunktion. Die erweichenden Eigenschaften der Malve sind seit der Antike bekannt und gesch\u00e4tzt. Ihr Name leitet sich vom lateinischen Wort mollire ab, was \u201eweichmachend\u201c [&hellip;]\" \/>\n<meta property=\"og:url\" content=\"https:\/\/uniest.it\/prodotto\/mauve\/\" \/>\n<meta property=\"og:site_name\" content=\"Uniest\" \/>\n<meta name=\"twitter:card\" content=\"summary_large_image\" \/>\n<meta name=\"twitter:label1\" content=\"Gesch\u00e4tzte Lesezeit\" \/>\n\t<meta name=\"twitter:data1\" content=\"1\u00a0Minute\" \/>\n<script type=\"application\/ld+json\" class=\"yoast-schema-graph\">{\"@context\":\"https:\/\/schema.org\",\"@graph\":[{\"@type\":\"WebPage\",\"@id\":\"https:\/\/uniest.it\/prodotto\/mauve\/\",\"url\":\"https:\/\/uniest.it\/prodotto\/mauve\/\",\"name\":\"Mauve - Uniest\",\"isPartOf\":{\"@id\":\"https:\/\/uniest.it\/#website\"},\"primaryImageOfPage\":{\"@id\":\"https:\/\/uniest.it\/prodotto\/mauve\/#primaryimage\"},\"image\":{\"@id\":\"https:\/\/uniest.it\/prodotto\/mauve\/#primaryimage\"},\"thumbnailUrl\":\"https:\/\/uniest.it\/wp-content\/uploads\/2020\/12\/028ZTM.png\",\"datePublished\":\"2024-10-29T17:55:44+00:00\",\"breadcrumb\":{\"@id\":\"https:\/\/uniest.it\/prodotto\/mauve\/#breadcrumb\"},\"inLanguage\":\"de\",\"potentialAction\":[{\"@type\":\"ReadAction\",\"target\":[\"https:\/\/uniest.it\/prodotto\/mauve\/\"]}]},{\"@type\":\"ImageObject\",\"inLanguage\":\"de\",\"@id\":\"https:\/\/uniest.it\/prodotto\/mauve\/#primaryimage\",\"url\":\"https:\/\/uniest.it\/wp-content\/uploads\/2020\/12\/028ZTM.png\",\"contentUrl\":\"https:\/\/uniest.it\/wp-content\/uploads\/2020\/12\/028ZTM.png\",\"width\":1283,\"height\":2000},{\"@type\":\"BreadcrumbList\",\"@id\":\"https:\/\/uniest.it\/prodotto\/mauve\/#breadcrumb\",\"itemListElement\":[{\"@type\":\"ListItem\",\"position\":1,\"name\":\"Home\",\"item\":\"https:\/\/uniest.it\/de\/\"},{\"@type\":\"ListItem\",\"position\":2,\"name\":\"Shop\",\"item\":\"https:\/\/uniest.it\/shop\/\"},{\"@type\":\"ListItem\",\"position\":3,\"name\":\"Mauve\"}]},{\"@type\":\"WebSite\",\"@id\":\"https:\/\/uniest.it\/#website\",\"url\":\"https:\/\/uniest.it\/\",\"name\":\"Uniest\",\"description\":\"Cosmetici Naturali e Bio\",\"potentialAction\":[{\"@type\":\"SearchAction\",\"target\":{\"@type\":\"EntryPoint\",\"urlTemplate\":\"https:\/\/uniest.it\/?s={search_term_string}\"},\"query-input\":{\"@type\":\"PropertyValueSpecification\",\"valueRequired\":true,\"valueName\":\"search_term_string\"}}],\"inLanguage\":\"de\"}]}<\/script>\n<!-- \/ Yoast SEO plugin. -->","yoast_head_json":{"title":"Mauve - Uniest","robots":{"index":"index","follow":"follow","max-snippet":"max-snippet:-1","max-image-preview":"max-image-preview:large","max-video-preview":"max-video-preview:-1"},"canonical":"https:\/\/uniest.it\/prodotto\/mauve\/","og_locale":"de_DE","og_type":"article","og_title":"Mauve - Uniest","og_description":"Malve (Malva sylvestris) ist eine Pflanze aus der Familie der Malvaceae und stammt vermutlich aus Nordafrika. Dank ihrer lindernden und entz\u00fcndungshemmenden Eigenschaften hilft Malve gegen Husten, aber auch zur Regulierung der Darmfunktion. Die erweichenden Eigenschaften der Malve sind seit der Antike bekannt und gesch\u00e4tzt. Ihr Name leitet sich vom lateinischen Wort mollire ab, was \u201eweichmachend\u201c [&hellip;]","og_url":"https:\/\/uniest.it\/prodotto\/mauve\/","og_site_name":"Uniest","twitter_card":"summary_large_image","twitter_misc":{"Gesch\u00e4tzte Lesezeit":"1\u00a0Minute"},"schema":{"@context":"https:\/\/schema.org","@graph":[{"@type":"WebPage","@id":"https:\/\/uniest.it\/prodotto\/mauve\/","url":"https:\/\/uniest.it\/prodotto\/mauve\/","name":"Mauve - Uniest","isPartOf":{"@id":"https:\/\/uniest.it\/#website"},"primaryImageOfPage":{"@id":"https:\/\/uniest.it\/prodotto\/mauve\/#primaryimage"},"image":{"@id":"https:\/\/uniest.it\/prodotto\/mauve\/#primaryimage"},"thumbnailUrl":"https:\/\/uniest.it\/wp-content\/uploads\/2020\/12\/028ZTM.png","datePublished":"2024-10-29T17:55:44+00:00","breadcrumb":{"@id":"https:\/\/uniest.it\/prodotto\/mauve\/#breadcrumb"},"inLanguage":"de","potentialAction":[{"@type":"ReadAction","target":["https:\/\/uniest.it\/prodotto\/mauve\/"]}]},{"@type":"ImageObject","inLanguage":"de","@id":"https:\/\/uniest.it\/prodotto\/mauve\/#primaryimage","url":"https:\/\/uniest.it\/wp-content\/uploads\/2020\/12\/028ZTM.png","contentUrl":"https:\/\/uniest.it\/wp-content\/uploads\/2020\/12\/028ZTM.png","width":1283,"height":2000},{"@type":"BreadcrumbList","@id":"https:\/\/uniest.it\/prodotto\/mauve\/#breadcrumb","itemListElement":[{"@type":"ListItem","position":1,"name":"Home","item":"https:\/\/uniest.it\/de\/"},{"@type":"ListItem","position":2,"name":"Shop","item":"https:\/\/uniest.it\/shop\/"},{"@type":"ListItem","position":3,"name":"Mauve"}]},{"@type":"WebSite","@id":"https:\/\/uniest.it\/#website","url":"https:\/\/uniest.it\/","name":"Uniest","description":"Cosmetici Naturali e Bio","potentialAction":[{"@type":"SearchAction","target":{"@type":"EntryPoint","urlTemplate":"https:\/\/uniest.it\/?s={search_term_string}"},"query-input":{"@type":"PropertyValueSpecification","valueRequired":true,"valueName":"search_term_string"}}],"inLanguage":"de"}]}},"_links":{"self":[{"href":"https:\/\/uniest.it\/de\/wp-json\/wp\/v2\/product\/7016","targetHints":{"allow":["GET"]}}],"collection":[{"href":"https:\/\/uniest.it\/de\/wp-json\/wp\/v2\/product"}],"about":[{"href":"https:\/\/uniest.it\/de\/wp-json\/wp\/v2\/types\/product"}],"wp:featuredmedia":[{"embeddable":true,"href":"https:\/\/uniest.it\/de\/wp-json\/wp\/v2\/media\/7017"}],"wp:attachment":[{"href":"https:\/\/uniest.it\/de\/wp-json\/wp\/v2\/media?parent=7016"}],"wp:term":[{"taxonomy":"product_brand","embeddable":true,"href":"https:\/\/uniest.it\/de\/wp-json\/wp\/v2\/product_brand?post=7016"},{"taxonomy":"product_cat","embeddable":true,"href":"https:\/\/uniest.it\/de\/wp-json\/wp\/v2\/product_cat?post=7016"},{"taxonomy":"product_tag","embeddable":true,"href":"https:\/\/uniest.it\/de\/wp-json\/wp\/v2\/product_tag?post=7016"}],"curies":[{"name":"wp","href":"https:\/\/api.w.org\/{rel}","templated":true}]}}