{"id":7019,"date":"2024-10-29T18:55:44","date_gmt":"2024-10-29T17:55:44","guid":{"rendered":"https:\/\/uniest.it\/prodotto\/sun-light-spf-6-gesichtsfluid-mit-sonnenschutz\/"},"modified":"2024-10-29T18:55:44","modified_gmt":"2024-10-29T17:55:44","slug":"sun-light-spf-6-gesichtsfluid-mit-sonnenschutz","status":"publish","type":"product","link":"https:\/\/uniest.it\/de\/prodotto\/sun-light-spf-6-gesichtsfluid-mit-sonnenschutz\/","title":{"rendered":"Sun Light SPF 6 Gesichtsfluid mit Sonnenschutz"},"content":{"rendered":"<p>Sun Light ist ein Gesichtsfluid, das speziell f\u00fcr die hei\u00dfe Jahreszeit entwickelt wurde, in der hohe Temperaturen und Luftfeuchtigkeit vorherrschen und dadurch wertvolle Elemente verloren gehen, die f\u00fcr das Wohlbefinden unserer Haut notwendig sind. Dank seiner leichten Formulierungstextur und dem Vorhandensein eines nat\u00fcrlichen Sonnenfilters ist es ein perfektes Hilfsmittel zum Schutz der Haut, indem es Lichtschutzfaktor 6 gew\u00e4hrleistet und sie dank der Anwesenheit wertvoller Wirkstoffe wie Hyalurons\u00e4ure und Vitamin A und E mit Feuchtigkeit versorgt und n\u00e4hrt Machen Sie die Haut strahlend, glatt und prall. Sonnenlicht kann der Entstehung von Falten entgegenwirken und bestehende auff\u00fcllen und gl\u00e4tten. Seine Wirkung dr\u00fcckt sich in vier verschiedenen Momenten aus: Feuchtigkeitsversorgung der Haut dank Reiskleie\u00f6l und Sorbitol; Ern\u00e4hrung durch die darin enthaltenen wertvollen Vitaminkomplexe; Dehnungs- und Straffungswirkung dank der Anwesenheit von Hyalurons\u00e4ure und lipophilen Substanzen sowie Sonnenschutz dank der Verwendung eines nat\u00fcrlichen Filters, der f\u00fcr die \u00d6kosysteme nicht sch\u00e4dlich ist. &#8211; MIT UMWELTFREUNDLICHEM MINERALFILTER Nat\u00fcrlich: 98 %<\/p>\n","protected":false},"excerpt":{"rendered":"<p>Sun Light ist ein Gesichtsfluid, das speziell f\u00fcr die hei\u00dfe Jahreszeit entwickelt wurde, in der hohe Temperaturen und Luftfeuchtigkeit vorherrschen und dadurch wertvolle Elemente verloren gehen, die f\u00fcr das Wohlbefinden unserer Haut notwendig sind. Dank seiner leichten Formulierungstextur und dem Vorhandensein eines nat\u00fcrlichen Sonnenfilters ist es ein perfektes Hilfsmittel zum Schutz der Haut, indem es [&hellip;]<\/p>\n","protected":false},"featured_media":7020,"template":"","meta":{"_acf_changed":false,"inline_featured_image":false},"product_brand":[],"product_cat":[1497],"product_tag":[],"class_list":{"0":"post-7019","1":"product","2":"type-product","3":"status-publish","4":"has-post-thumbnail","6":"product_beauty-antirughe","7":"product_beauty-idratare","8":"product_beauty-nutrire-e-rigenerare","9":"product_beauty-proteggere","10":"product_skin-pelli-delicate-e-sensibili","11":"product_skin-pelli-giovani-e-prime-rughe","12":"product_skin-pelli-grasse-e-miste","13":"product_skin-pelli-mature-e-rughe","14":"product_skin-pelli-secche-e-normali","15":"product_skin-tutte-le-pelli","16":"product_kind-creme-antieta-e-prime-rughe","17":"product_kind-creme-pelli-complesse","18":"product_kind-protezione-solare","19":"product_kind-trattamenti-speciali","20":"product_kind-tutte-le-creme-viso","21":"product_lines-antirughe","22":"product_cat-viso-de","23":"pa_size-30-de","25":"first","26":"instock","27":"taxable","28":"shipping-taxable","29":"purchasable","30":"product-type-simple"},"acf":[],"yoast_head":"<!-- This site is optimized with the Yoast SEO plugin v24.6 - https:\/\/yoast.com\/wordpress\/plugins\/seo\/ -->\n<title>Sun Light SPF 6 Gesichtsfluid mit Sonnenschutz - Uniest<\/title>\n<meta name=\"robots\" content=\"index, follow, max-snippet:-1, max-image-preview:large, max-video-preview:-1\" \/>\n<link rel=\"canonical\" href=\"https:\/\/uniest.it\/prodotto\/sun-light-spf-6-gesichtsfluid-mit-sonnenschutz\/\" \/>\n<meta property=\"og:locale\" content=\"de_DE\" \/>\n<meta property=\"og:type\" content=\"article\" \/>\n<meta property=\"og:title\" content=\"Sun Light SPF 6 Gesichtsfluid mit Sonnenschutz - Uniest\" \/>\n<meta property=\"og:description\" content=\"Sun Light ist ein Gesichtsfluid, das speziell f\u00fcr die hei\u00dfe Jahreszeit entwickelt wurde, in der hohe Temperaturen und Luftfeuchtigkeit vorherrschen und dadurch wertvolle Elemente verloren gehen, die f\u00fcr das Wohlbefinden unserer Haut notwendig sind. Dank seiner leichten Formulierungstextur und dem Vorhandensein eines nat\u00fcrlichen Sonnenfilters ist es ein perfektes Hilfsmittel zum Schutz der Haut, indem es [&hellip;]\" \/>\n<meta property=\"og:url\" content=\"https:\/\/uniest.it\/prodotto\/sun-light-spf-6-gesichtsfluid-mit-sonnenschutz\/\" \/>\n<meta property=\"og:site_name\" content=\"Uniest\" \/>\n<meta name=\"twitter:card\" content=\"summary_large_image\" \/>\n<meta name=\"twitter:label1\" content=\"Gesch\u00e4tzte Lesezeit\" \/>\n\t<meta name=\"twitter:data1\" content=\"1\u00a0Minute\" \/>\n<script type=\"application\/ld+json\" class=\"yoast-schema-graph\">{\"@context\":\"https:\/\/schema.org\",\"@graph\":[{\"@type\":\"WebPage\",\"@id\":\"https:\/\/uniest.it\/prodotto\/sun-light-spf-6-gesichtsfluid-mit-sonnenschutz\/\",\"url\":\"https:\/\/uniest.it\/prodotto\/sun-light-spf-6-gesichtsfluid-mit-sonnenschutz\/\",\"name\":\"Sun Light SPF 6 Gesichtsfluid mit Sonnenschutz - Uniest\",\"isPartOf\":{\"@id\":\"https:\/\/uniest.it\/#website\"},\"primaryImageOfPage\":{\"@id\":\"https:\/\/uniest.it\/prodotto\/sun-light-spf-6-gesichtsfluid-mit-sonnenschutz\/#primaryimage\"},\"image\":{\"@id\":\"https:\/\/uniest.it\/prodotto\/sun-light-spf-6-gesichtsfluid-mit-sonnenschutz\/#primaryimage\"},\"thumbnailUrl\":\"https:\/\/uniest.it\/wp-content\/uploads\/2020\/12\/029AAE.png\",\"datePublished\":\"2024-10-29T17:55:44+00:00\",\"breadcrumb\":{\"@id\":\"https:\/\/uniest.it\/prodotto\/sun-light-spf-6-gesichtsfluid-mit-sonnenschutz\/#breadcrumb\"},\"inLanguage\":\"de\",\"potentialAction\":[{\"@type\":\"ReadAction\",\"target\":[\"https:\/\/uniest.it\/prodotto\/sun-light-spf-6-gesichtsfluid-mit-sonnenschutz\/\"]}]},{\"@type\":\"ImageObject\",\"inLanguage\":\"de\",\"@id\":\"https:\/\/uniest.it\/prodotto\/sun-light-spf-6-gesichtsfluid-mit-sonnenschutz\/#primaryimage\",\"url\":\"https:\/\/uniest.it\/wp-content\/uploads\/2020\/12\/029AAE.png\",\"contentUrl\":\"https:\/\/uniest.it\/wp-content\/uploads\/2020\/12\/029AAE.png\",\"width\":1283,\"height\":2000},{\"@type\":\"BreadcrumbList\",\"@id\":\"https:\/\/uniest.it\/prodotto\/sun-light-spf-6-gesichtsfluid-mit-sonnenschutz\/#breadcrumb\",\"itemListElement\":[{\"@type\":\"ListItem\",\"position\":1,\"name\":\"Home\",\"item\":\"https:\/\/uniest.it\/de\/\"},{\"@type\":\"ListItem\",\"position\":2,\"name\":\"Shop\",\"item\":\"https:\/\/uniest.it\/shop\/\"},{\"@type\":\"ListItem\",\"position\":3,\"name\":\"Sun Light SPF 6 Gesichtsfluid mit Sonnenschutz\"}]},{\"@type\":\"WebSite\",\"@id\":\"https:\/\/uniest.it\/#website\",\"url\":\"https:\/\/uniest.it\/\",\"name\":\"Uniest\",\"description\":\"Cosmetici Naturali e Bio\",\"potentialAction\":[{\"@type\":\"SearchAction\",\"target\":{\"@type\":\"EntryPoint\",\"urlTemplate\":\"https:\/\/uniest.it\/?s={search_term_string}\"},\"query-input\":{\"@type\":\"PropertyValueSpecification\",\"valueRequired\":true,\"valueName\":\"search_term_string\"}}],\"inLanguage\":\"de\"}]}<\/script>\n<!-- \/ Yoast SEO plugin. -->","yoast_head_json":{"title":"Sun Light SPF 6 Gesichtsfluid mit Sonnenschutz - Uniest","robots":{"index":"index","follow":"follow","max-snippet":"max-snippet:-1","max-image-preview":"max-image-preview:large","max-video-preview":"max-video-preview:-1"},"canonical":"https:\/\/uniest.it\/prodotto\/sun-light-spf-6-gesichtsfluid-mit-sonnenschutz\/","og_locale":"de_DE","og_type":"article","og_title":"Sun Light SPF 6 Gesichtsfluid mit Sonnenschutz - Uniest","og_description":"Sun Light ist ein Gesichtsfluid, das speziell f\u00fcr die hei\u00dfe Jahreszeit entwickelt wurde, in der hohe Temperaturen und Luftfeuchtigkeit vorherrschen und dadurch wertvolle Elemente verloren gehen, die f\u00fcr das Wohlbefinden unserer Haut notwendig sind. Dank seiner leichten Formulierungstextur und dem Vorhandensein eines nat\u00fcrlichen Sonnenfilters ist es ein perfektes Hilfsmittel zum Schutz der Haut, indem es [&hellip;]","og_url":"https:\/\/uniest.it\/prodotto\/sun-light-spf-6-gesichtsfluid-mit-sonnenschutz\/","og_site_name":"Uniest","twitter_card":"summary_large_image","twitter_misc":{"Gesch\u00e4tzte Lesezeit":"1\u00a0Minute"},"schema":{"@context":"https:\/\/schema.org","@graph":[{"@type":"WebPage","@id":"https:\/\/uniest.it\/prodotto\/sun-light-spf-6-gesichtsfluid-mit-sonnenschutz\/","url":"https:\/\/uniest.it\/prodotto\/sun-light-spf-6-gesichtsfluid-mit-sonnenschutz\/","name":"Sun Light SPF 6 Gesichtsfluid mit Sonnenschutz - Uniest","isPartOf":{"@id":"https:\/\/uniest.it\/#website"},"primaryImageOfPage":{"@id":"https:\/\/uniest.it\/prodotto\/sun-light-spf-6-gesichtsfluid-mit-sonnenschutz\/#primaryimage"},"image":{"@id":"https:\/\/uniest.it\/prodotto\/sun-light-spf-6-gesichtsfluid-mit-sonnenschutz\/#primaryimage"},"thumbnailUrl":"https:\/\/uniest.it\/wp-content\/uploads\/2020\/12\/029AAE.png","datePublished":"2024-10-29T17:55:44+00:00","breadcrumb":{"@id":"https:\/\/uniest.it\/prodotto\/sun-light-spf-6-gesichtsfluid-mit-sonnenschutz\/#breadcrumb"},"inLanguage":"de","potentialAction":[{"@type":"ReadAction","target":["https:\/\/uniest.it\/prodotto\/sun-light-spf-6-gesichtsfluid-mit-sonnenschutz\/"]}]},{"@type":"ImageObject","inLanguage":"de","@id":"https:\/\/uniest.it\/prodotto\/sun-light-spf-6-gesichtsfluid-mit-sonnenschutz\/#primaryimage","url":"https:\/\/uniest.it\/wp-content\/uploads\/2020\/12\/029AAE.png","contentUrl":"https:\/\/uniest.it\/wp-content\/uploads\/2020\/12\/029AAE.png","width":1283,"height":2000},{"@type":"BreadcrumbList","@id":"https:\/\/uniest.it\/prodotto\/sun-light-spf-6-gesichtsfluid-mit-sonnenschutz\/#breadcrumb","itemListElement":[{"@type":"ListItem","position":1,"name":"Home","item":"https:\/\/uniest.it\/de\/"},{"@type":"ListItem","position":2,"name":"Shop","item":"https:\/\/uniest.it\/shop\/"},{"@type":"ListItem","position":3,"name":"Sun Light SPF 6 Gesichtsfluid mit Sonnenschutz"}]},{"@type":"WebSite","@id":"https:\/\/uniest.it\/#website","url":"https:\/\/uniest.it\/","name":"Uniest","description":"Cosmetici Naturali e Bio","potentialAction":[{"@type":"SearchAction","target":{"@type":"EntryPoint","urlTemplate":"https:\/\/uniest.it\/?s={search_term_string}"},"query-input":{"@type":"PropertyValueSpecification","valueRequired":true,"valueName":"search_term_string"}}],"inLanguage":"de"}]}},"_links":{"self":[{"href":"https:\/\/uniest.it\/de\/wp-json\/wp\/v2\/product\/7019","targetHints":{"allow":["GET"]}}],"collection":[{"href":"https:\/\/uniest.it\/de\/wp-json\/wp\/v2\/product"}],"about":[{"href":"https:\/\/uniest.it\/de\/wp-json\/wp\/v2\/types\/product"}],"wp:featuredmedia":[{"embeddable":true,"href":"https:\/\/uniest.it\/de\/wp-json\/wp\/v2\/media\/7020"}],"wp:attachment":[{"href":"https:\/\/uniest.it\/de\/wp-json\/wp\/v2\/media?parent=7019"}],"wp:term":[{"taxonomy":"product_brand","embeddable":true,"href":"https:\/\/uniest.it\/de\/wp-json\/wp\/v2\/product_brand?post=7019"},{"taxonomy":"product_cat","embeddable":true,"href":"https:\/\/uniest.it\/de\/wp-json\/wp\/v2\/product_cat?post=7019"},{"taxonomy":"product_tag","embeddable":true,"href":"https:\/\/uniest.it\/de\/wp-json\/wp\/v2\/product_tag?post=7019"}],"curies":[{"name":"wp","href":"https:\/\/api.w.org\/{rel}","templated":true}]}}