{"id":7040,"date":"2024-10-29T18:55:48","date_gmt":"2024-10-29T17:55:48","guid":{"rendered":"https:\/\/uniest.it\/prodotto\/pfefferminze\/"},"modified":"2024-10-29T18:55:48","modified_gmt":"2024-10-29T17:55:48","slug":"pfefferminze","status":"publish","type":"product","link":"https:\/\/uniest.it\/de\/prodotto\/pfefferminze\/","title":{"rendered":"Pfefferminze"},"content":{"rendered":"<p>Pfefferminze: (wissenschaftlicher Name Mentha Piperita L.), geh\u00f6rt zur Familie der Lippenbl\u00fctler; Es handelt sich um eine ausdauernde, rhizomat\u00f6se krautige Pflanze, die zun\u00e4chst einen haarigen, kriechenden Stamm entwickelt, der an den Knoten Wurzeln aussendet und sich anschlie\u00dfend aufrecht mit einem quadratischen Querschnitt entwickelt. Es kann eine H\u00f6he von 70 cm erreichen. Die ovalen, lanzettlichen, fast unbehaarten Bl\u00e4tter sind eher dunkelgr\u00fcn gef\u00e4rbt; Die Bl\u00fcten haben rosa-violette Farbt\u00f6ne und sind in Wirteln angeordnet. Es handelt sich um eine Gartenpflanze, die im Sommer bl\u00fcht und sich durch Ausl\u00e4ufer vermehrt. Alle Arten der Minze, ob wild oder kultiviert, verstr\u00f6men einen charakteristischen, durchdringenden Duft, der haupts\u00e4chlich auf das Vorhandensein eines \u00e4therischen \u00d6ls mit Menthol in den Bl\u00e4ttern zur\u00fcckzuf\u00fchren ist. Pfefferminze ist wahrscheinlich die Art mit dem intensivsten und angenehmsten Duft, aus der die qualitativ beste Essenz gewonnen wird. F\u00fcr den Kr\u00e4utergebrauch werden Minzbl\u00fcten und -bl\u00e4tter zwischen Juli und August gesammelt und an der frischen Luft trocknen gelassen. Beruhigend und doch belebend: Pfefferminze ist eine von vielen Sorten der ber\u00fchmten Minzfamilie. Obwohl sie zun\u00e4chst nur von den Griechen und R\u00f6mern verwendet wurde, erlangte Pfefferminze im 18. Jahrhundert Ber\u00fchmtheit als Magenmittel; Schon fr\u00fcher, im Mittelalter, wurde es verwendet, um den Atem zu erfrischen und die Z\u00e4hne aufzuhellen. Heutzutage ist der Konsum von Pfefferminze weit verbreitet. Dank Menthol, dem Wirkstoff der Pfefferminze, kann diese Pflanze zahlreiche Gesundheits- und Sch\u00f6nheitsprobleme lindern.<\/p>\n","protected":false},"excerpt":{"rendered":"<p>Pfefferminze: (wissenschaftlicher Name Mentha Piperita L.), geh\u00f6rt zur Familie der Lippenbl\u00fctler; Es handelt sich um eine ausdauernde, rhizomat\u00f6se krautige Pflanze, die zun\u00e4chst einen haarigen, kriechenden Stamm entwickelt, der an den Knoten Wurzeln aussendet und sich anschlie\u00dfend aufrecht mit einem quadratischen Querschnitt entwickelt. Es kann eine H\u00f6he von 70 cm erreichen. Die ovalen, lanzettlichen, fast unbehaarten [&hellip;]<\/p>\n","protected":false},"featured_media":7041,"template":"","meta":{"_acf_changed":false,"inline_featured_image":false},"product_brand":[],"product_cat":[1486],"product_tag":[],"class_list":{"0":"post-7040","1":"product","2":"type-product","3":"status-publish","4":"has-post-thumbnail","6":"product_beauty-antinfiammatoria","7":"product_beauty-denti","8":"product_beauty-detox-e-dren","9":"product_beauty-digestivo","10":"product_beauty-intestino","11":"product_beauty-lenitivo","12":"product_beauty-mal-di-testa","13":"product_beauty-ossa","14":"product_beauty-vie-respiratorie","15":"product_kind-integrazione-alimentare","16":"product_lines-benessere","17":"product_cat-benessere-de","18":"pa_size-50-de","20":"first","21":"outofstock","22":"taxable","23":"shipping-taxable","24":"purchasable","25":"product-type-simple"},"acf":[],"yoast_head":"<!-- This site is optimized with the Yoast SEO plugin v24.6 - https:\/\/yoast.com\/wordpress\/plugins\/seo\/ -->\n<title>Pfefferminze - Uniest<\/title>\n<meta name=\"robots\" content=\"index, follow, max-snippet:-1, max-image-preview:large, max-video-preview:-1\" \/>\n<link rel=\"canonical\" href=\"https:\/\/uniest.it\/prodotto\/pfefferminze\/\" \/>\n<meta property=\"og:locale\" content=\"de_DE\" \/>\n<meta property=\"og:type\" content=\"article\" \/>\n<meta property=\"og:title\" content=\"Pfefferminze - Uniest\" \/>\n<meta property=\"og:description\" content=\"Pfefferminze: (wissenschaftlicher Name Mentha Piperita L.), geh\u00f6rt zur Familie der Lippenbl\u00fctler; Es handelt sich um eine ausdauernde, rhizomat\u00f6se krautige Pflanze, die zun\u00e4chst einen haarigen, kriechenden Stamm entwickelt, der an den Knoten Wurzeln aussendet und sich anschlie\u00dfend aufrecht mit einem quadratischen Querschnitt entwickelt. Es kann eine H\u00f6he von 70 cm erreichen. Die ovalen, lanzettlichen, fast unbehaarten [&hellip;]\" \/>\n<meta property=\"og:url\" content=\"https:\/\/uniest.it\/prodotto\/pfefferminze\/\" \/>\n<meta property=\"og:site_name\" content=\"Uniest\" \/>\n<meta name=\"twitter:card\" content=\"summary_large_image\" \/>\n<meta name=\"twitter:label1\" content=\"Gesch\u00e4tzte Lesezeit\" \/>\n\t<meta name=\"twitter:data1\" content=\"1\u00a0Minute\" \/>\n<script type=\"application\/ld+json\" class=\"yoast-schema-graph\">{\"@context\":\"https:\/\/schema.org\",\"@graph\":[{\"@type\":\"WebPage\",\"@id\":\"https:\/\/uniest.it\/prodotto\/pfefferminze\/\",\"url\":\"https:\/\/uniest.it\/prodotto\/pfefferminze\/\",\"name\":\"Pfefferminze - Uniest\",\"isPartOf\":{\"@id\":\"https:\/\/uniest.it\/#website\"},\"primaryImageOfPage\":{\"@id\":\"https:\/\/uniest.it\/prodotto\/pfefferminze\/#primaryimage\"},\"image\":{\"@id\":\"https:\/\/uniest.it\/prodotto\/pfefferminze\/#primaryimage\"},\"thumbnailUrl\":\"https:\/\/uniest.it\/wp-content\/uploads\/2020\/12\/032ZTM.png\",\"datePublished\":\"2024-10-29T17:55:48+00:00\",\"breadcrumb\":{\"@id\":\"https:\/\/uniest.it\/prodotto\/pfefferminze\/#breadcrumb\"},\"inLanguage\":\"de\",\"potentialAction\":[{\"@type\":\"ReadAction\",\"target\":[\"https:\/\/uniest.it\/prodotto\/pfefferminze\/\"]}]},{\"@type\":\"ImageObject\",\"inLanguage\":\"de\",\"@id\":\"https:\/\/uniest.it\/prodotto\/pfefferminze\/#primaryimage\",\"url\":\"https:\/\/uniest.it\/wp-content\/uploads\/2020\/12\/032ZTM.png\",\"contentUrl\":\"https:\/\/uniest.it\/wp-content\/uploads\/2020\/12\/032ZTM.png\",\"width\":1283,\"height\":2000},{\"@type\":\"BreadcrumbList\",\"@id\":\"https:\/\/uniest.it\/prodotto\/pfefferminze\/#breadcrumb\",\"itemListElement\":[{\"@type\":\"ListItem\",\"position\":1,\"name\":\"Home\",\"item\":\"https:\/\/uniest.it\/de\/\"},{\"@type\":\"ListItem\",\"position\":2,\"name\":\"Shop\",\"item\":\"https:\/\/uniest.it\/shop\/\"},{\"@type\":\"ListItem\",\"position\":3,\"name\":\"Pfefferminze\"}]},{\"@type\":\"WebSite\",\"@id\":\"https:\/\/uniest.it\/#website\",\"url\":\"https:\/\/uniest.it\/\",\"name\":\"Uniest\",\"description\":\"Cosmetici Naturali e Bio\",\"potentialAction\":[{\"@type\":\"SearchAction\",\"target\":{\"@type\":\"EntryPoint\",\"urlTemplate\":\"https:\/\/uniest.it\/?s={search_term_string}\"},\"query-input\":{\"@type\":\"PropertyValueSpecification\",\"valueRequired\":true,\"valueName\":\"search_term_string\"}}],\"inLanguage\":\"de\"}]}<\/script>\n<!-- \/ Yoast SEO plugin. -->","yoast_head_json":{"title":"Pfefferminze - Uniest","robots":{"index":"index","follow":"follow","max-snippet":"max-snippet:-1","max-image-preview":"max-image-preview:large","max-video-preview":"max-video-preview:-1"},"canonical":"https:\/\/uniest.it\/prodotto\/pfefferminze\/","og_locale":"de_DE","og_type":"article","og_title":"Pfefferminze - Uniest","og_description":"Pfefferminze: (wissenschaftlicher Name Mentha Piperita L.), geh\u00f6rt zur Familie der Lippenbl\u00fctler; Es handelt sich um eine ausdauernde, rhizomat\u00f6se krautige Pflanze, die zun\u00e4chst einen haarigen, kriechenden Stamm entwickelt, der an den Knoten Wurzeln aussendet und sich anschlie\u00dfend aufrecht mit einem quadratischen Querschnitt entwickelt. Es kann eine H\u00f6he von 70 cm erreichen. Die ovalen, lanzettlichen, fast unbehaarten [&hellip;]","og_url":"https:\/\/uniest.it\/prodotto\/pfefferminze\/","og_site_name":"Uniest","twitter_card":"summary_large_image","twitter_misc":{"Gesch\u00e4tzte Lesezeit":"1\u00a0Minute"},"schema":{"@context":"https:\/\/schema.org","@graph":[{"@type":"WebPage","@id":"https:\/\/uniest.it\/prodotto\/pfefferminze\/","url":"https:\/\/uniest.it\/prodotto\/pfefferminze\/","name":"Pfefferminze - Uniest","isPartOf":{"@id":"https:\/\/uniest.it\/#website"},"primaryImageOfPage":{"@id":"https:\/\/uniest.it\/prodotto\/pfefferminze\/#primaryimage"},"image":{"@id":"https:\/\/uniest.it\/prodotto\/pfefferminze\/#primaryimage"},"thumbnailUrl":"https:\/\/uniest.it\/wp-content\/uploads\/2020\/12\/032ZTM.png","datePublished":"2024-10-29T17:55:48+00:00","breadcrumb":{"@id":"https:\/\/uniest.it\/prodotto\/pfefferminze\/#breadcrumb"},"inLanguage":"de","potentialAction":[{"@type":"ReadAction","target":["https:\/\/uniest.it\/prodotto\/pfefferminze\/"]}]},{"@type":"ImageObject","inLanguage":"de","@id":"https:\/\/uniest.it\/prodotto\/pfefferminze\/#primaryimage","url":"https:\/\/uniest.it\/wp-content\/uploads\/2020\/12\/032ZTM.png","contentUrl":"https:\/\/uniest.it\/wp-content\/uploads\/2020\/12\/032ZTM.png","width":1283,"height":2000},{"@type":"BreadcrumbList","@id":"https:\/\/uniest.it\/prodotto\/pfefferminze\/#breadcrumb","itemListElement":[{"@type":"ListItem","position":1,"name":"Home","item":"https:\/\/uniest.it\/de\/"},{"@type":"ListItem","position":2,"name":"Shop","item":"https:\/\/uniest.it\/shop\/"},{"@type":"ListItem","position":3,"name":"Pfefferminze"}]},{"@type":"WebSite","@id":"https:\/\/uniest.it\/#website","url":"https:\/\/uniest.it\/","name":"Uniest","description":"Cosmetici Naturali e Bio","potentialAction":[{"@type":"SearchAction","target":{"@type":"EntryPoint","urlTemplate":"https:\/\/uniest.it\/?s={search_term_string}"},"query-input":{"@type":"PropertyValueSpecification","valueRequired":true,"valueName":"search_term_string"}}],"inLanguage":"de"}]}},"_links":{"self":[{"href":"https:\/\/uniest.it\/de\/wp-json\/wp\/v2\/product\/7040","targetHints":{"allow":["GET"]}}],"collection":[{"href":"https:\/\/uniest.it\/de\/wp-json\/wp\/v2\/product"}],"about":[{"href":"https:\/\/uniest.it\/de\/wp-json\/wp\/v2\/types\/product"}],"wp:featuredmedia":[{"embeddable":true,"href":"https:\/\/uniest.it\/de\/wp-json\/wp\/v2\/media\/7041"}],"wp:attachment":[{"href":"https:\/\/uniest.it\/de\/wp-json\/wp\/v2\/media?parent=7040"}],"wp:term":[{"taxonomy":"product_brand","embeddable":true,"href":"https:\/\/uniest.it\/de\/wp-json\/wp\/v2\/product_brand?post=7040"},{"taxonomy":"product_cat","embeddable":true,"href":"https:\/\/uniest.it\/de\/wp-json\/wp\/v2\/product_cat?post=7040"},{"taxonomy":"product_tag","embeddable":true,"href":"https:\/\/uniest.it\/de\/wp-json\/wp\/v2\/product_tag?post=7040"}],"curies":[{"name":"wp","href":"https:\/\/api.w.org\/{rel}","templated":true}]}}