{"id":7043,"date":"2024-10-29T18:55:49","date_gmt":"2024-10-29T17:55:49","guid":{"rendered":"https:\/\/uniest.it\/prodotto\/bringt-das-gleichgewicht-wieder-ins-gleichgewicht\/"},"modified":"2024-10-29T18:55:49","modified_gmt":"2024-10-29T17:55:49","slug":"bringt-das-gleichgewicht-wieder-ins-gleichgewicht","status":"publish","type":"product","link":"https:\/\/uniest.it\/de\/prodotto\/bringt-das-gleichgewicht-wieder-ins-gleichgewicht\/","title":{"rendered":"Bringt das Gleichgewicht wieder ins Gleichgewicht"},"content":{"rendered":"<p>Riequilibra plus nuit ist eine unverzichtbare Unterst\u00fctzung f\u00fcr fettige Haut und Mischhaut. Dank seiner wertvollen Inhaltsstoffe wird die Haut gereinigt, die Poren werden gestrafft, die Talgproduktion wird wieder ins Gleichgewicht gebracht und der Teint wird strahlender. Das antimykotische, antiseptische und antibakterielle \u00e4therische \u00d6l des Teebaum\u00f6ls und die Pflanzenextrakte aus Propolis, Bio-Ringelblume, Lavendel und Johanniskraut haben beruhigende und antiseptische Eigenschaften. Einer der klassischsten Fehler besteht darin, fettige Haut nicht mit Feuchtigkeit zu versorgen. Es wird f\u00e4lschlicherweise angenommen, dass es dadurch noch gl\u00e4nzender und fettiger wird. Das stimmt absolut nicht, aber es kann sinnvoll sein, \u201emattierende\u201c Produkte zu verwenden, also Produkte, die den Glanzeffekt in Schach halten. Die t\u00e4gliche Anwendung erm\u00f6glicht es Ihnen daher, eine wieder ausgeglichene und elastische Haut zu erhalten, indem eine \u00fcberm\u00e4\u00dfige Talgproduktion und Austrocknung verhindert wird.<\/p>\n","protected":false},"excerpt":{"rendered":"<p>Riequilibra plus nuit ist eine unverzichtbare Unterst\u00fctzung f\u00fcr fettige Haut und Mischhaut. Dank seiner wertvollen Inhaltsstoffe wird die Haut gereinigt, die Poren werden gestrafft, die Talgproduktion wird wieder ins Gleichgewicht gebracht und der Teint wird strahlender. Das antimykotische, antiseptische und antibakterielle \u00e4therische \u00d6l des Teebaum\u00f6ls und die Pflanzenextrakte aus Propolis, Bio-Ringelblume, Lavendel und Johanniskraut haben [&hellip;]<\/p>\n","protected":false},"featured_media":7044,"template":"","meta":{"_acf_changed":false,"inline_featured_image":false},"product_brand":[],"product_cat":[1497],"product_tag":[],"class_list":{"0":"post-7043","1":"product","2":"type-product","3":"status-publish","4":"has-post-thumbnail","6":"product_beauty-detox-e-dren","7":"product_beauty-idratare","8":"product_beauty-nutrire-e-rigenerare","9":"product_beauty-purificare","10":"product_beauty-riequilibrare","11":"product_skin-pelli-grasse-e-miste","12":"product_kind-creme-pelli-complesse","13":"product_kind-trattaemtni-speciali","14":"product_kind-tutte-le-creme-viso","15":"product_lines-pelli-grasse-e-miste","16":"product_cat-viso-de","17":"pa_size-50-de","19":"first","20":"instock","21":"taxable","22":"shipping-taxable","23":"purchasable","24":"product-type-simple"},"acf":[],"yoast_head":"<!-- This site is optimized with the Yoast SEO plugin v24.6 - https:\/\/yoast.com\/wordpress\/plugins\/seo\/ -->\n<title>Bringt das Gleichgewicht wieder ins Gleichgewicht - Uniest<\/title>\n<meta name=\"robots\" content=\"index, follow, max-snippet:-1, max-image-preview:large, max-video-preview:-1\" \/>\n<link rel=\"canonical\" href=\"https:\/\/uniest.it\/prodotto\/bringt-das-gleichgewicht-wieder-ins-gleichgewicht\/\" \/>\n<meta property=\"og:locale\" content=\"de_DE\" \/>\n<meta property=\"og:type\" content=\"article\" \/>\n<meta property=\"og:title\" content=\"Bringt das Gleichgewicht wieder ins Gleichgewicht - Uniest\" \/>\n<meta property=\"og:description\" content=\"Riequilibra plus nuit ist eine unverzichtbare Unterst\u00fctzung f\u00fcr fettige Haut und Mischhaut. Dank seiner wertvollen Inhaltsstoffe wird die Haut gereinigt, die Poren werden gestrafft, die Talgproduktion wird wieder ins Gleichgewicht gebracht und der Teint wird strahlender. Das antimykotische, antiseptische und antibakterielle \u00e4therische \u00d6l des Teebaum\u00f6ls und die Pflanzenextrakte aus Propolis, Bio-Ringelblume, Lavendel und Johanniskraut haben [&hellip;]\" \/>\n<meta property=\"og:url\" content=\"https:\/\/uniest.it\/prodotto\/bringt-das-gleichgewicht-wieder-ins-gleichgewicht\/\" \/>\n<meta property=\"og:site_name\" content=\"Uniest\" \/>\n<meta name=\"twitter:card\" content=\"summary_large_image\" \/>\n<meta name=\"twitter:label1\" content=\"Gesch\u00e4tzte Lesezeit\" \/>\n\t<meta name=\"twitter:data1\" content=\"1\u00a0Minute\" \/>\n<script type=\"application\/ld+json\" class=\"yoast-schema-graph\">{\"@context\":\"https:\/\/schema.org\",\"@graph\":[{\"@type\":\"WebPage\",\"@id\":\"https:\/\/uniest.it\/prodotto\/bringt-das-gleichgewicht-wieder-ins-gleichgewicht\/\",\"url\":\"https:\/\/uniest.it\/prodotto\/bringt-das-gleichgewicht-wieder-ins-gleichgewicht\/\",\"name\":\"Bringt das Gleichgewicht wieder ins Gleichgewicht - Uniest\",\"isPartOf\":{\"@id\":\"https:\/\/uniest.it\/#website\"},\"primaryImageOfPage\":{\"@id\":\"https:\/\/uniest.it\/prodotto\/bringt-das-gleichgewicht-wieder-ins-gleichgewicht\/#primaryimage\"},\"image\":{\"@id\":\"https:\/\/uniest.it\/prodotto\/bringt-das-gleichgewicht-wieder-ins-gleichgewicht\/#primaryimage\"},\"thumbnailUrl\":\"https:\/\/uniest.it\/wp-content\/uploads\/2020\/11\/033AAE.png\",\"datePublished\":\"2024-10-29T17:55:49+00:00\",\"breadcrumb\":{\"@id\":\"https:\/\/uniest.it\/prodotto\/bringt-das-gleichgewicht-wieder-ins-gleichgewicht\/#breadcrumb\"},\"inLanguage\":\"de\",\"potentialAction\":[{\"@type\":\"ReadAction\",\"target\":[\"https:\/\/uniest.it\/prodotto\/bringt-das-gleichgewicht-wieder-ins-gleichgewicht\/\"]}]},{\"@type\":\"ImageObject\",\"inLanguage\":\"de\",\"@id\":\"https:\/\/uniest.it\/prodotto\/bringt-das-gleichgewicht-wieder-ins-gleichgewicht\/#primaryimage\",\"url\":\"https:\/\/uniest.it\/wp-content\/uploads\/2020\/11\/033AAE.png\",\"contentUrl\":\"https:\/\/uniest.it\/wp-content\/uploads\/2020\/11\/033AAE.png\",\"width\":1283,\"height\":2000},{\"@type\":\"BreadcrumbList\",\"@id\":\"https:\/\/uniest.it\/prodotto\/bringt-das-gleichgewicht-wieder-ins-gleichgewicht\/#breadcrumb\",\"itemListElement\":[{\"@type\":\"ListItem\",\"position\":1,\"name\":\"Home\",\"item\":\"https:\/\/uniest.it\/de\/\"},{\"@type\":\"ListItem\",\"position\":2,\"name\":\"Shop\",\"item\":\"https:\/\/uniest.it\/shop\/\"},{\"@type\":\"ListItem\",\"position\":3,\"name\":\"Bringt das Gleichgewicht wieder ins Gleichgewicht\"}]},{\"@type\":\"WebSite\",\"@id\":\"https:\/\/uniest.it\/#website\",\"url\":\"https:\/\/uniest.it\/\",\"name\":\"Uniest\",\"description\":\"Cosmetici Naturali e Bio\",\"potentialAction\":[{\"@type\":\"SearchAction\",\"target\":{\"@type\":\"EntryPoint\",\"urlTemplate\":\"https:\/\/uniest.it\/?s={search_term_string}\"},\"query-input\":{\"@type\":\"PropertyValueSpecification\",\"valueRequired\":true,\"valueName\":\"search_term_string\"}}],\"inLanguage\":\"de\"}]}<\/script>\n<!-- \/ Yoast SEO plugin. -->","yoast_head_json":{"title":"Bringt das Gleichgewicht wieder ins Gleichgewicht - Uniest","robots":{"index":"index","follow":"follow","max-snippet":"max-snippet:-1","max-image-preview":"max-image-preview:large","max-video-preview":"max-video-preview:-1"},"canonical":"https:\/\/uniest.it\/prodotto\/bringt-das-gleichgewicht-wieder-ins-gleichgewicht\/","og_locale":"de_DE","og_type":"article","og_title":"Bringt das Gleichgewicht wieder ins Gleichgewicht - Uniest","og_description":"Riequilibra plus nuit ist eine unverzichtbare Unterst\u00fctzung f\u00fcr fettige Haut und Mischhaut. Dank seiner wertvollen Inhaltsstoffe wird die Haut gereinigt, die Poren werden gestrafft, die Talgproduktion wird wieder ins Gleichgewicht gebracht und der Teint wird strahlender. Das antimykotische, antiseptische und antibakterielle \u00e4therische \u00d6l des Teebaum\u00f6ls und die Pflanzenextrakte aus Propolis, Bio-Ringelblume, Lavendel und Johanniskraut haben [&hellip;]","og_url":"https:\/\/uniest.it\/prodotto\/bringt-das-gleichgewicht-wieder-ins-gleichgewicht\/","og_site_name":"Uniest","twitter_card":"summary_large_image","twitter_misc":{"Gesch\u00e4tzte Lesezeit":"1\u00a0Minute"},"schema":{"@context":"https:\/\/schema.org","@graph":[{"@type":"WebPage","@id":"https:\/\/uniest.it\/prodotto\/bringt-das-gleichgewicht-wieder-ins-gleichgewicht\/","url":"https:\/\/uniest.it\/prodotto\/bringt-das-gleichgewicht-wieder-ins-gleichgewicht\/","name":"Bringt das Gleichgewicht wieder ins Gleichgewicht - Uniest","isPartOf":{"@id":"https:\/\/uniest.it\/#website"},"primaryImageOfPage":{"@id":"https:\/\/uniest.it\/prodotto\/bringt-das-gleichgewicht-wieder-ins-gleichgewicht\/#primaryimage"},"image":{"@id":"https:\/\/uniest.it\/prodotto\/bringt-das-gleichgewicht-wieder-ins-gleichgewicht\/#primaryimage"},"thumbnailUrl":"https:\/\/uniest.it\/wp-content\/uploads\/2020\/11\/033AAE.png","datePublished":"2024-10-29T17:55:49+00:00","breadcrumb":{"@id":"https:\/\/uniest.it\/prodotto\/bringt-das-gleichgewicht-wieder-ins-gleichgewicht\/#breadcrumb"},"inLanguage":"de","potentialAction":[{"@type":"ReadAction","target":["https:\/\/uniest.it\/prodotto\/bringt-das-gleichgewicht-wieder-ins-gleichgewicht\/"]}]},{"@type":"ImageObject","inLanguage":"de","@id":"https:\/\/uniest.it\/prodotto\/bringt-das-gleichgewicht-wieder-ins-gleichgewicht\/#primaryimage","url":"https:\/\/uniest.it\/wp-content\/uploads\/2020\/11\/033AAE.png","contentUrl":"https:\/\/uniest.it\/wp-content\/uploads\/2020\/11\/033AAE.png","width":1283,"height":2000},{"@type":"BreadcrumbList","@id":"https:\/\/uniest.it\/prodotto\/bringt-das-gleichgewicht-wieder-ins-gleichgewicht\/#breadcrumb","itemListElement":[{"@type":"ListItem","position":1,"name":"Home","item":"https:\/\/uniest.it\/de\/"},{"@type":"ListItem","position":2,"name":"Shop","item":"https:\/\/uniest.it\/shop\/"},{"@type":"ListItem","position":3,"name":"Bringt das Gleichgewicht wieder ins Gleichgewicht"}]},{"@type":"WebSite","@id":"https:\/\/uniest.it\/#website","url":"https:\/\/uniest.it\/","name":"Uniest","description":"Cosmetici Naturali e Bio","potentialAction":[{"@type":"SearchAction","target":{"@type":"EntryPoint","urlTemplate":"https:\/\/uniest.it\/?s={search_term_string}"},"query-input":{"@type":"PropertyValueSpecification","valueRequired":true,"valueName":"search_term_string"}}],"inLanguage":"de"}]}},"_links":{"self":[{"href":"https:\/\/uniest.it\/de\/wp-json\/wp\/v2\/product\/7043","targetHints":{"allow":["GET"]}}],"collection":[{"href":"https:\/\/uniest.it\/de\/wp-json\/wp\/v2\/product"}],"about":[{"href":"https:\/\/uniest.it\/de\/wp-json\/wp\/v2\/types\/product"}],"wp:featuredmedia":[{"embeddable":true,"href":"https:\/\/uniest.it\/de\/wp-json\/wp\/v2\/media\/7044"}],"wp:attachment":[{"href":"https:\/\/uniest.it\/de\/wp-json\/wp\/v2\/media?parent=7043"}],"wp:term":[{"taxonomy":"product_brand","embeddable":true,"href":"https:\/\/uniest.it\/de\/wp-json\/wp\/v2\/product_brand?post=7043"},{"taxonomy":"product_cat","embeddable":true,"href":"https:\/\/uniest.it\/de\/wp-json\/wp\/v2\/product_cat?post=7043"},{"taxonomy":"product_tag","embeddable":true,"href":"https:\/\/uniest.it\/de\/wp-json\/wp\/v2\/product_tag?post=7043"}],"curies":[{"name":"wp","href":"https:\/\/api.w.org\/{rel}","templated":true}]}}