{"id":7046,"date":"2021-02-04T12:58:25","date_gmt":"2024-10-29T17:55:49","guid":{"rendered":"https:\/\/uniest.it\/prodotto\/badeoel-reaktivieren\/"},"modified":"2024-10-29T18:55:49","modified_gmt":"2024-10-29T17:55:49","slug":"badeoel-reaktivieren","status":"publish","type":"product","link":"https:\/\/uniest.it\/de\/prodotto\/badeoel-reaktivieren\/","title":{"rendered":"Bade\u00f6l REAKTIVIEREN"},"content":{"rendered":"<p>Um nach einem langen Arbeitstag wieder in Schwung zu kommen, ist es wichtig, dem K\u00f6rper, aber auch dem Geist eine Pause zu g\u00f6nnen, die Lust auf einen Neuanfang macht. Reaktivierendes Bade\u00f6l nutzt nat\u00fcrliche Prinzipien, um einen Energieschub wiederherzustellen. In seiner Formulierung finden wir tats\u00e4chlich die \u00e4therischen \u00d6le von Rosmarin, Salbei, Terpentin, Zimt, Bitterorange und Waldkiefer, die synergetisch mit ihren stimulierenden und tonisierenden Eigenschaften wirken. Dar\u00fcber hinaus umh\u00fcllt Sie das Bad mit dem sinnlichen und zarten Duft, der aus den Pflanzenextrakten von Paprika, Wacholder und Thymian entsteht. Mit dem Reaktivierenden Bade\u00f6l wird die Haut verw\u00f6hnt und erh\u00e4lt die richtige Elastizit\u00e4t zur\u00fcck. Dar\u00fcber hinaus wirken die von den \u00e4therischen \u00d6len freigesetzten D\u00fcfte auf den Geist und stellen die im Laufe des Tages verlorene Energie wieder her. Durch die Verwendung dieses Produkts wird der osmotische Prozess reaktiviert und stimuliert, was zu einer verbesserten Sauerstoffversorgung und Zellern\u00e4hrung f\u00fchrt, was zu einer Verbesserung des Stoffwechsels f\u00fchrt.<\/p>\n","protected":false},"excerpt":{"rendered":"<p>Um nach einem langen Arbeitstag wieder in Schwung zu kommen, ist es wichtig, dem K\u00f6rper, aber auch dem Geist eine Pause zu g\u00f6nnen, die Lust auf einen Neuanfang macht. Reaktivierendes Bade\u00f6l nutzt nat\u00fcrliche Prinzipien, um einen Energieschub wiederherzustellen. In seiner Formulierung finden wir tats\u00e4chlich die \u00e4therischen \u00d6le von Rosmarin, Salbei, Terpentin, Zimt, Bitterorange und Waldkiefer, [&hellip;]<\/p>\n","protected":false},"featured_media":7047,"template":"","meta":{"_acf_changed":false,"inline_featured_image":false},"product_brand":[],"product_cat":[1489],"product_tag":[],"class_list":{"0":"post-7046","1":"product","2":"type-product","3":"status-publish","4":"has-post-thumbnail","6":"product_beauty-anti-cellulite","7":"product_beauty-detergere","8":"product_beauty-detox-e-dren","9":"product_beauty-nutrire-e-rigenerare","10":"product_beauty-rassodare-e-tonificare","11":"product_skin-cellulite","12":"product_skin-tutte-le-pelli","13":"product_kind-bagno","14":"product_kind-doccia","15":"product_kind-shampoo-e-detergenza","16":"product_kind-trattamenti-speciali","17":"product_lines-cellulite-e-ritenzione","18":"product_cat-corpo-de","19":"pa_size-100-de","21":"first","22":"instock","23":"taxable","24":"shipping-taxable","25":"purchasable","26":"product-type-simple"},"acf":[],"yoast_head":"<!-- This site is optimized with the Yoast SEO plugin v24.6 - https:\/\/yoast.com\/wordpress\/plugins\/seo\/ -->\n<title>Bade\u00f6l REAKTIVIEREN - Uniest<\/title>\n<meta name=\"robots\" content=\"index, follow, max-snippet:-1, max-image-preview:large, max-video-preview:-1\" \/>\n<link rel=\"canonical\" href=\"https:\/\/uniest.it\/prodotto\/badeoel-reaktivieren\/\" \/>\n<meta property=\"og:locale\" content=\"de_DE\" \/>\n<meta property=\"og:type\" content=\"article\" \/>\n<meta property=\"og:title\" content=\"Bade\u00f6l REAKTIVIEREN - Uniest\" \/>\n<meta property=\"og:description\" content=\"Um nach einem langen Arbeitstag wieder in Schwung zu kommen, ist es wichtig, dem K\u00f6rper, aber auch dem Geist eine Pause zu g\u00f6nnen, die Lust auf einen Neuanfang macht. Reaktivierendes Bade\u00f6l nutzt nat\u00fcrliche Prinzipien, um einen Energieschub wiederherzustellen. In seiner Formulierung finden wir tats\u00e4chlich die \u00e4therischen \u00d6le von Rosmarin, Salbei, Terpentin, Zimt, Bitterorange und Waldkiefer, [&hellip;]\" \/>\n<meta property=\"og:url\" content=\"https:\/\/uniest.it\/prodotto\/badeoel-reaktivieren\/\" \/>\n<meta property=\"og:site_name\" content=\"Uniest\" \/>\n<meta name=\"twitter:card\" content=\"summary_large_image\" \/>\n<meta name=\"twitter:label1\" content=\"Gesch\u00e4tzte Lesezeit\" \/>\n\t<meta name=\"twitter:data1\" content=\"1\u00a0Minute\" \/>\n<script type=\"application\/ld+json\" class=\"yoast-schema-graph\">{\"@context\":\"https:\/\/schema.org\",\"@graph\":[{\"@type\":\"WebPage\",\"@id\":\"https:\/\/uniest.it\/prodotto\/badeoel-reaktivieren\/\",\"url\":\"https:\/\/uniest.it\/prodotto\/badeoel-reaktivieren\/\",\"name\":\"Bade\u00f6l REAKTIVIEREN - Uniest\",\"isPartOf\":{\"@id\":\"https:\/\/uniest.it\/#website\"},\"primaryImageOfPage\":{\"@id\":\"https:\/\/uniest.it\/prodotto\/badeoel-reaktivieren\/#primaryimage\"},\"image\":{\"@id\":\"https:\/\/uniest.it\/prodotto\/badeoel-reaktivieren\/#primaryimage\"},\"thumbnailUrl\":\"https:\/\/uniest.it\/wp-content\/uploads\/2020\/11\/035AAE.png\",\"datePublished\":\"2024-10-29T17:55:49+00:00\",\"breadcrumb\":{\"@id\":\"https:\/\/uniest.it\/prodotto\/badeoel-reaktivieren\/#breadcrumb\"},\"inLanguage\":\"de\",\"potentialAction\":[{\"@type\":\"ReadAction\",\"target\":[\"https:\/\/uniest.it\/prodotto\/badeoel-reaktivieren\/\"]}]},{\"@type\":\"ImageObject\",\"inLanguage\":\"de\",\"@id\":\"https:\/\/uniest.it\/prodotto\/badeoel-reaktivieren\/#primaryimage\",\"url\":\"https:\/\/uniest.it\/wp-content\/uploads\/2020\/11\/035AAE.png\",\"contentUrl\":\"https:\/\/uniest.it\/wp-content\/uploads\/2020\/11\/035AAE.png\",\"width\":1283,\"height\":2001},{\"@type\":\"BreadcrumbList\",\"@id\":\"https:\/\/uniest.it\/prodotto\/badeoel-reaktivieren\/#breadcrumb\",\"itemListElement\":[{\"@type\":\"ListItem\",\"position\":1,\"name\":\"Home\",\"item\":\"https:\/\/uniest.it\/de\/\"},{\"@type\":\"ListItem\",\"position\":2,\"name\":\"Shop\",\"item\":\"https:\/\/uniest.it\/shop\/\"},{\"@type\":\"ListItem\",\"position\":3,\"name\":\"Bade\u00f6l REAKTIVIEREN\"}]},{\"@type\":\"WebSite\",\"@id\":\"https:\/\/uniest.it\/#website\",\"url\":\"https:\/\/uniest.it\/\",\"name\":\"Uniest\",\"description\":\"Cosmetici Naturali e Bio\",\"potentialAction\":[{\"@type\":\"SearchAction\",\"target\":{\"@type\":\"EntryPoint\",\"urlTemplate\":\"https:\/\/uniest.it\/?s={search_term_string}\"},\"query-input\":{\"@type\":\"PropertyValueSpecification\",\"valueRequired\":true,\"valueName\":\"search_term_string\"}}],\"inLanguage\":\"de\"}]}<\/script>\n<!-- \/ Yoast SEO plugin. -->","yoast_head_json":{"title":"Bade\u00f6l REAKTIVIEREN - Uniest","robots":{"index":"index","follow":"follow","max-snippet":"max-snippet:-1","max-image-preview":"max-image-preview:large","max-video-preview":"max-video-preview:-1"},"canonical":"https:\/\/uniest.it\/prodotto\/badeoel-reaktivieren\/","og_locale":"de_DE","og_type":"article","og_title":"Bade\u00f6l REAKTIVIEREN - Uniest","og_description":"Um nach einem langen Arbeitstag wieder in Schwung zu kommen, ist es wichtig, dem K\u00f6rper, aber auch dem Geist eine Pause zu g\u00f6nnen, die Lust auf einen Neuanfang macht. Reaktivierendes Bade\u00f6l nutzt nat\u00fcrliche Prinzipien, um einen Energieschub wiederherzustellen. In seiner Formulierung finden wir tats\u00e4chlich die \u00e4therischen \u00d6le von Rosmarin, Salbei, Terpentin, Zimt, Bitterorange und Waldkiefer, [&hellip;]","og_url":"https:\/\/uniest.it\/prodotto\/badeoel-reaktivieren\/","og_site_name":"Uniest","twitter_card":"summary_large_image","twitter_misc":{"Gesch\u00e4tzte Lesezeit":"1\u00a0Minute"},"schema":{"@context":"https:\/\/schema.org","@graph":[{"@type":"WebPage","@id":"https:\/\/uniest.it\/prodotto\/badeoel-reaktivieren\/","url":"https:\/\/uniest.it\/prodotto\/badeoel-reaktivieren\/","name":"Bade\u00f6l REAKTIVIEREN - Uniest","isPartOf":{"@id":"https:\/\/uniest.it\/#website"},"primaryImageOfPage":{"@id":"https:\/\/uniest.it\/prodotto\/badeoel-reaktivieren\/#primaryimage"},"image":{"@id":"https:\/\/uniest.it\/prodotto\/badeoel-reaktivieren\/#primaryimage"},"thumbnailUrl":"https:\/\/uniest.it\/wp-content\/uploads\/2020\/11\/035AAE.png","datePublished":"2024-10-29T17:55:49+00:00","breadcrumb":{"@id":"https:\/\/uniest.it\/prodotto\/badeoel-reaktivieren\/#breadcrumb"},"inLanguage":"de","potentialAction":[{"@type":"ReadAction","target":["https:\/\/uniest.it\/prodotto\/badeoel-reaktivieren\/"]}]},{"@type":"ImageObject","inLanguage":"de","@id":"https:\/\/uniest.it\/prodotto\/badeoel-reaktivieren\/#primaryimage","url":"https:\/\/uniest.it\/wp-content\/uploads\/2020\/11\/035AAE.png","contentUrl":"https:\/\/uniest.it\/wp-content\/uploads\/2020\/11\/035AAE.png","width":1283,"height":2001},{"@type":"BreadcrumbList","@id":"https:\/\/uniest.it\/prodotto\/badeoel-reaktivieren\/#breadcrumb","itemListElement":[{"@type":"ListItem","position":1,"name":"Home","item":"https:\/\/uniest.it\/de\/"},{"@type":"ListItem","position":2,"name":"Shop","item":"https:\/\/uniest.it\/shop\/"},{"@type":"ListItem","position":3,"name":"Bade\u00f6l REAKTIVIEREN"}]},{"@type":"WebSite","@id":"https:\/\/uniest.it\/#website","url":"https:\/\/uniest.it\/","name":"Uniest","description":"Cosmetici Naturali e Bio","potentialAction":[{"@type":"SearchAction","target":{"@type":"EntryPoint","urlTemplate":"https:\/\/uniest.it\/?s={search_term_string}"},"query-input":{"@type":"PropertyValueSpecification","valueRequired":true,"valueName":"search_term_string"}}],"inLanguage":"de"}]}},"_links":{"self":[{"href":"https:\/\/uniest.it\/de\/wp-json\/wp\/v2\/product\/7046","targetHints":{"allow":["GET"]}}],"collection":[{"href":"https:\/\/uniest.it\/de\/wp-json\/wp\/v2\/product"}],"about":[{"href":"https:\/\/uniest.it\/de\/wp-json\/wp\/v2\/types\/product"}],"wp:featuredmedia":[{"embeddable":true,"href":"https:\/\/uniest.it\/de\/wp-json\/wp\/v2\/media\/7047"}],"wp:attachment":[{"href":"https:\/\/uniest.it\/de\/wp-json\/wp\/v2\/media?parent=7046"}],"wp:term":[{"taxonomy":"product_brand","embeddable":true,"href":"https:\/\/uniest.it\/de\/wp-json\/wp\/v2\/product_brand?post=7046"},{"taxonomy":"product_cat","embeddable":true,"href":"https:\/\/uniest.it\/de\/wp-json\/wp\/v2\/product_cat?post=7046"},{"taxonomy":"product_tag","embeddable":true,"href":"https:\/\/uniest.it\/de\/wp-json\/wp\/v2\/product_tag?post=7046"}],"curies":[{"name":"wp","href":"https:\/\/api.w.org\/{rel}","templated":true}]}}