{"id":7049,"date":"2021-02-04T12:58:25","date_gmt":"2024-10-29T17:55:50","guid":{"rendered":"https:\/\/uniest.it\/prodotto\/oeko-deodorant\/"},"modified":"2024-10-29T18:55:50","modified_gmt":"2024-10-29T17:55:50","slug":"oeko-deodorant","status":"publish","type":"product","link":"https:\/\/uniest.it\/de\/prodotto\/oeko-deodorant\/","title":{"rendered":"\u00d6ko-Deodorant"},"content":{"rendered":"<p>Nat\u00fcrliches Deodorant mit Pfefferminze und pflanzlichem Glycerin Eco Deodorant ist ein Deodorant der neuesten Generation, das die Nat\u00fcrlichkeit der Wirkstoffe mit der Wirksamkeit der Formulierung kombiniert. Eco Deodorant wurde fachm\u00e4nnisch mit \u00e4therischem Pfefferminz\u00f6l mit balsamischen, beruhigenden, desodorierenden und reinigenden Eigenschaften sowie mit pflanzlichem Glycerin angereichert, wodurch dieses Produkt f\u00fcr alle Hauttypen geeignet ist. Seine besondere Formulierung verstopft die Poren nicht, sondern l\u00e4sst die Haut auf nat\u00fcrliche Weise atmen. Seine praktische Verpackung, die auch f\u00fcr das Fitnessstudio geeignet ist, macht es zu einem unersetzlichen Verb\u00fcndeten m\u00e4nnlicher Sch\u00f6nheit. Enth\u00e4lt kein Aluminium.<\/p>\n","protected":false},"excerpt":{"rendered":"<p>Nat\u00fcrliches Deodorant mit Pfefferminze und pflanzlichem Glycerin Eco Deodorant ist ein Deodorant der neuesten Generation, das die Nat\u00fcrlichkeit der Wirkstoffe mit der Wirksamkeit der Formulierung kombiniert. Eco Deodorant wurde fachm\u00e4nnisch mit \u00e4therischem Pfefferminz\u00f6l mit balsamischen, beruhigenden, desodorierenden und reinigenden Eigenschaften sowie mit pflanzlichem Glycerin angereichert, wodurch dieses Produkt f\u00fcr alle Hauttypen geeignet ist. Seine besondere [&hellip;]<\/p>\n","protected":false},"featured_media":7050,"template":"","meta":{"_acf_changed":false,"inline_featured_image":false},"product_brand":[],"product_cat":[1496],"product_tag":[],"class_list":{"0":"post-7049","1":"product","2":"type-product","3":"status-publish","4":"has-post-thumbnail","6":"product_beauty-aromatizzare-e-profumare","7":"product_beauty-idratare","8":"product_beauty-lenire","9":"product_beauty-nutrire-e-rigenerare","10":"product_skin-pelli-delicate-e-sensibili","11":"product_skin-pelli-giovani-e-prime-rughe","12":"product_skin-pelli-grasse-e-miste","13":"product_skin-pelli-mature-e-rughe","14":"product_skin-pelli-secche-e-normali","15":"product_skin-tutte-le-pelli","16":"product_kind-speciale-sport","17":"product_lines-uomo","18":"product_cat-uomo-de","19":"pa_size-50-de","21":"first","22":"instock","23":"taxable","24":"shipping-taxable","25":"purchasable","26":"product-type-simple"},"acf":[],"yoast_head":"<!-- This site is optimized with the Yoast SEO plugin v24.6 - https:\/\/yoast.com\/wordpress\/plugins\/seo\/ -->\n<title>\u00d6ko-Deodorant - Uniest<\/title>\n<meta name=\"robots\" content=\"index, follow, max-snippet:-1, max-image-preview:large, max-video-preview:-1\" \/>\n<link rel=\"canonical\" href=\"https:\/\/uniest.it\/prodotto\/eco-deodorant\/\" \/>\n<meta property=\"og:locale\" content=\"de_DE\" \/>\n<meta property=\"og:type\" content=\"article\" \/>\n<meta property=\"og:title\" content=\"\u00d6ko-Deodorant - Uniest\" \/>\n<meta property=\"og:description\" content=\"Nat\u00fcrliches Deodorant mit Pfefferminze und pflanzlichem Glycerin Eco Deodorant ist ein Deodorant der neuesten Generation, das die Nat\u00fcrlichkeit der Wirkstoffe mit der Wirksamkeit der Formulierung kombiniert. Eco Deodorant wurde fachm\u00e4nnisch mit \u00e4therischem Pfefferminz\u00f6l mit balsamischen, beruhigenden, desodorierenden und reinigenden Eigenschaften sowie mit pflanzlichem Glycerin angereichert, wodurch dieses Produkt f\u00fcr alle Hauttypen geeignet ist. Seine besondere [&hellip;]\" \/>\n<meta property=\"og:url\" content=\"https:\/\/uniest.it\/prodotto\/eco-deodorant\/\" \/>\n<meta property=\"og:site_name\" content=\"Uniest\" \/>\n<meta property=\"og:image\" content=\"https:\/\/uniest.it\/wp-content\/uploads\/2020\/12\/035AAU.png\" \/>\n\t<meta property=\"og:image:width\" content=\"1283\" \/>\n\t<meta property=\"og:image:height\" content=\"2000\" \/>\n\t<meta property=\"og:image:type\" content=\"image\/png\" \/>\n<meta name=\"twitter:card\" content=\"summary_large_image\" \/>\n<meta name=\"twitter:label1\" content=\"Gesch\u00e4tzte Lesezeit\" \/>\n\t<meta name=\"twitter:data1\" content=\"1\u00a0Minute\" \/>\n<script type=\"application\/ld+json\" class=\"yoast-schema-graph\">{\"@context\":\"https:\/\/schema.org\",\"@graph\":[{\"@type\":\"WebPage\",\"@id\":\"https:\/\/uniest.it\/prodotto\/eco-deodorant\/\",\"url\":\"https:\/\/uniest.it\/prodotto\/eco-deodorant\/\",\"name\":\"\u00d6ko-Deodorant - Uniest\",\"isPartOf\":{\"@id\":\"https:\/\/uniest.it\/#website\"},\"primaryImageOfPage\":{\"@id\":\"https:\/\/uniest.it\/prodotto\/eco-deodorant\/#primaryimage\"},\"image\":{\"@id\":\"https:\/\/uniest.it\/prodotto\/eco-deodorant\/#primaryimage\"},\"thumbnailUrl\":\"https:\/\/uniest.it\/wp-content\/uploads\/2020\/12\/035AAU.png\",\"datePublished\":\"2024-10-29T17:55:50+00:00\",\"breadcrumb\":{\"@id\":\"https:\/\/uniest.it\/prodotto\/eco-deodorant\/#breadcrumb\"},\"inLanguage\":\"de\",\"potentialAction\":[{\"@type\":\"ReadAction\",\"target\":[\"https:\/\/uniest.it\/prodotto\/eco-deodorant\/\"]}]},{\"@type\":\"ImageObject\",\"inLanguage\":\"de\",\"@id\":\"https:\/\/uniest.it\/prodotto\/eco-deodorant\/#primaryimage\",\"url\":\"https:\/\/uniest.it\/wp-content\/uploads\/2020\/12\/035AAU.png\",\"contentUrl\":\"https:\/\/uniest.it\/wp-content\/uploads\/2020\/12\/035AAU.png\",\"width\":1283,\"height\":2000},{\"@type\":\"BreadcrumbList\",\"@id\":\"https:\/\/uniest.it\/prodotto\/eco-deodorant\/#breadcrumb\",\"itemListElement\":[{\"@type\":\"ListItem\",\"position\":1,\"name\":\"Home\",\"item\":\"https:\/\/uniest.it\/de\/\"},{\"@type\":\"ListItem\",\"position\":2,\"name\":\"Shop\",\"item\":\"https:\/\/uniest.it\/shop\/\"},{\"@type\":\"ListItem\",\"position\":3,\"name\":\"\u00d6ko-Deodorant\"}]},{\"@type\":\"WebSite\",\"@id\":\"https:\/\/uniest.it\/#website\",\"url\":\"https:\/\/uniest.it\/\",\"name\":\"Uniest\",\"description\":\"Cosmetici Naturali e Bio\",\"potentialAction\":[{\"@type\":\"SearchAction\",\"target\":{\"@type\":\"EntryPoint\",\"urlTemplate\":\"https:\/\/uniest.it\/?s={search_term_string}\"},\"query-input\":{\"@type\":\"PropertyValueSpecification\",\"valueRequired\":true,\"valueName\":\"search_term_string\"}}],\"inLanguage\":\"de\"}]}<\/script>\n<!-- \/ Yoast SEO plugin. -->","yoast_head_json":{"title":"\u00d6ko-Deodorant - Uniest","robots":{"index":"index","follow":"follow","max-snippet":"max-snippet:-1","max-image-preview":"max-image-preview:large","max-video-preview":"max-video-preview:-1"},"canonical":"https:\/\/uniest.it\/prodotto\/eco-deodorant\/","og_locale":"de_DE","og_type":"article","og_title":"\u00d6ko-Deodorant - Uniest","og_description":"Nat\u00fcrliches Deodorant mit Pfefferminze und pflanzlichem Glycerin Eco Deodorant ist ein Deodorant der neuesten Generation, das die Nat\u00fcrlichkeit der Wirkstoffe mit der Wirksamkeit der Formulierung kombiniert. Eco Deodorant wurde fachm\u00e4nnisch mit \u00e4therischem Pfefferminz\u00f6l mit balsamischen, beruhigenden, desodorierenden und reinigenden Eigenschaften sowie mit pflanzlichem Glycerin angereichert, wodurch dieses Produkt f\u00fcr alle Hauttypen geeignet ist. Seine besondere [&hellip;]","og_url":"https:\/\/uniest.it\/prodotto\/eco-deodorant\/","og_site_name":"Uniest","og_image":[{"width":1283,"height":2000,"url":"https:\/\/uniest.it\/wp-content\/uploads\/2020\/12\/035AAU.png","type":"image\/png"}],"twitter_card":"summary_large_image","twitter_misc":{"Gesch\u00e4tzte Lesezeit":"1\u00a0Minute"},"schema":{"@context":"https:\/\/schema.org","@graph":[{"@type":"WebPage","@id":"https:\/\/uniest.it\/prodotto\/eco-deodorant\/","url":"https:\/\/uniest.it\/prodotto\/eco-deodorant\/","name":"\u00d6ko-Deodorant - Uniest","isPartOf":{"@id":"https:\/\/uniest.it\/#website"},"primaryImageOfPage":{"@id":"https:\/\/uniest.it\/prodotto\/eco-deodorant\/#primaryimage"},"image":{"@id":"https:\/\/uniest.it\/prodotto\/eco-deodorant\/#primaryimage"},"thumbnailUrl":"https:\/\/uniest.it\/wp-content\/uploads\/2020\/12\/035AAU.png","datePublished":"2024-10-29T17:55:50+00:00","breadcrumb":{"@id":"https:\/\/uniest.it\/prodotto\/eco-deodorant\/#breadcrumb"},"inLanguage":"de","potentialAction":[{"@type":"ReadAction","target":["https:\/\/uniest.it\/prodotto\/eco-deodorant\/"]}]},{"@type":"ImageObject","inLanguage":"de","@id":"https:\/\/uniest.it\/prodotto\/eco-deodorant\/#primaryimage","url":"https:\/\/uniest.it\/wp-content\/uploads\/2020\/12\/035AAU.png","contentUrl":"https:\/\/uniest.it\/wp-content\/uploads\/2020\/12\/035AAU.png","width":1283,"height":2000},{"@type":"BreadcrumbList","@id":"https:\/\/uniest.it\/prodotto\/eco-deodorant\/#breadcrumb","itemListElement":[{"@type":"ListItem","position":1,"name":"Home","item":"https:\/\/uniest.it\/de\/"},{"@type":"ListItem","position":2,"name":"Shop","item":"https:\/\/uniest.it\/shop\/"},{"@type":"ListItem","position":3,"name":"\u00d6ko-Deodorant"}]},{"@type":"WebSite","@id":"https:\/\/uniest.it\/#website","url":"https:\/\/uniest.it\/","name":"Uniest","description":"Cosmetici Naturali e Bio","potentialAction":[{"@type":"SearchAction","target":{"@type":"EntryPoint","urlTemplate":"https:\/\/uniest.it\/?s={search_term_string}"},"query-input":{"@type":"PropertyValueSpecification","valueRequired":true,"valueName":"search_term_string"}}],"inLanguage":"de"}]}},"_links":{"self":[{"href":"https:\/\/uniest.it\/de\/wp-json\/wp\/v2\/product\/7049","targetHints":{"allow":["GET"]}}],"collection":[{"href":"https:\/\/uniest.it\/de\/wp-json\/wp\/v2\/product"}],"about":[{"href":"https:\/\/uniest.it\/de\/wp-json\/wp\/v2\/types\/product"}],"wp:featuredmedia":[{"embeddable":true,"href":"https:\/\/uniest.it\/de\/wp-json\/wp\/v2\/media\/7050"}],"wp:attachment":[{"href":"https:\/\/uniest.it\/de\/wp-json\/wp\/v2\/media?parent=7049"}],"wp:term":[{"taxonomy":"product_brand","embeddable":true,"href":"https:\/\/uniest.it\/de\/wp-json\/wp\/v2\/product_brand?post=7049"},{"taxonomy":"product_cat","embeddable":true,"href":"https:\/\/uniest.it\/de\/wp-json\/wp\/v2\/product_cat?post=7049"},{"taxonomy":"product_tag","embeddable":true,"href":"https:\/\/uniest.it\/de\/wp-json\/wp\/v2\/product_tag?post=7049"}],"curies":[{"name":"wp","href":"https:\/\/api.w.org\/{rel}","templated":true}]}}