{"id":7052,"date":"2024-10-29T18:55:50","date_gmt":"2024-10-29T17:55:50","guid":{"rendered":"https:\/\/uniest.it\/prodotto\/fenchel\/"},"modified":"2024-10-29T18:55:50","modified_gmt":"2024-10-29T17:55:50","slug":"fenchel","status":"publish","type":"product","link":"https:\/\/uniest.it\/de\/prodotto\/fenchel\/","title":{"rendered":"Fenchel"},"content":{"rendered":"<p>Fenchel ist vor allem f\u00fcr seine verdauungsf\u00f6rdernden Eigenschaften bekannt; aber es ist ein Freund des gesamten Magen-Darm-Systems. Tats\u00e4chlich hat es die F\u00e4higkeit, die Bildung von Darmgasen zu verhindern und enth\u00e4lt Anethol, eine Substanz, die schmerzhafte Bauchkontraktionen lindern kann. Fenchel hat auch reinigende Eigenschaften, die sich insbesondere auf Leber und Blut auswirken. Es hat auch entz\u00fcndungshemmende Eigenschaften.<\/p>\n","protected":false},"excerpt":{"rendered":"<p>Fenchel ist vor allem f\u00fcr seine verdauungsf\u00f6rdernden Eigenschaften bekannt; aber es ist ein Freund des gesamten Magen-Darm-Systems. Tats\u00e4chlich hat es die F\u00e4higkeit, die Bildung von Darmgasen zu verhindern und enth\u00e4lt Anethol, eine Substanz, die schmerzhafte Bauchkontraktionen lindern kann. Fenchel hat auch reinigende Eigenschaften, die sich insbesondere auf Leber und Blut auswirken. Es hat auch entz\u00fcndungshemmende [&hellip;]<\/p>\n","protected":false},"featured_media":7053,"template":"","meta":{"_acf_changed":false,"inline_featured_image":false},"product_brand":[],"product_cat":[1486],"product_tag":[],"class_list":{"0":"post-7052","1":"product","2":"type-product","3":"status-publish","4":"has-post-thumbnail","6":"product_beauty-anemia","7":"product_beauty-antinfiammatoria","8":"product_beauty-calmante","9":"product_beauty-colesterolo","10":"product_beauty-detox-e-dren","11":"product_beauty-digestivo","12":"product_beauty-gola","13":"product_beauty-intestino","14":"product_beauty-lenitivo","15":"product_beauty-menopausa","16":"product_beauty-mesturazioni","17":"product_beauty-sedativo","18":"product_beauty-sistema-immunitario","19":"product_beauty-vie-respiratorie","20":"product_beauty-vista","21":"product_kind-integrazione-alimentare","22":"product_lines-benessere","23":"product_cat-benessere-de","24":"pa_size-100-cps-de","26":"first","27":"outofstock","28":"taxable","29":"shipping-taxable","30":"purchasable","31":"product-type-simple"},"acf":[],"yoast_head":"<!-- This site is optimized with the Yoast SEO plugin v24.6 - https:\/\/yoast.com\/wordpress\/plugins\/seo\/ -->\n<title>Fenchel - Uniest<\/title>\n<meta name=\"robots\" content=\"index, follow, max-snippet:-1, max-image-preview:large, max-video-preview:-1\" \/>\n<link rel=\"canonical\" href=\"https:\/\/uniest.it\/prodotto\/fenchel\/\" \/>\n<meta property=\"og:locale\" content=\"de_DE\" \/>\n<meta property=\"og:type\" content=\"article\" \/>\n<meta property=\"og:title\" content=\"Fenchel - Uniest\" \/>\n<meta property=\"og:description\" content=\"Fenchel ist vor allem f\u00fcr seine verdauungsf\u00f6rdernden Eigenschaften bekannt; aber es ist ein Freund des gesamten Magen-Darm-Systems. Tats\u00e4chlich hat es die F\u00e4higkeit, die Bildung von Darmgasen zu verhindern und enth\u00e4lt Anethol, eine Substanz, die schmerzhafte Bauchkontraktionen lindern kann. Fenchel hat auch reinigende Eigenschaften, die sich insbesondere auf Leber und Blut auswirken. Es hat auch entz\u00fcndungshemmende [&hellip;]\" \/>\n<meta property=\"og:url\" content=\"https:\/\/uniest.it\/prodotto\/fenchel\/\" \/>\n<meta property=\"og:site_name\" content=\"Uniest\" \/>\n<meta name=\"twitter:card\" content=\"summary_large_image\" \/>\n<script type=\"application\/ld+json\" class=\"yoast-schema-graph\">{\"@context\":\"https:\/\/schema.org\",\"@graph\":[{\"@type\":\"WebPage\",\"@id\":\"https:\/\/uniest.it\/prodotto\/fenchel\/\",\"url\":\"https:\/\/uniest.it\/prodotto\/fenchel\/\",\"name\":\"Fenchel - Uniest\",\"isPartOf\":{\"@id\":\"https:\/\/uniest.it\/#website\"},\"primaryImageOfPage\":{\"@id\":\"https:\/\/uniest.it\/prodotto\/fenchel\/#primaryimage\"},\"image\":{\"@id\":\"https:\/\/uniest.it\/prodotto\/fenchel\/#primaryimage\"},\"thumbnailUrl\":\"https:\/\/uniest.it\/wp-content\/uploads\/2020\/12\/035ZOP.png\",\"datePublished\":\"2024-10-29T17:55:50+00:00\",\"breadcrumb\":{\"@id\":\"https:\/\/uniest.it\/prodotto\/fenchel\/#breadcrumb\"},\"inLanguage\":\"de\",\"potentialAction\":[{\"@type\":\"ReadAction\",\"target\":[\"https:\/\/uniest.it\/prodotto\/fenchel\/\"]}]},{\"@type\":\"ImageObject\",\"inLanguage\":\"de\",\"@id\":\"https:\/\/uniest.it\/prodotto\/fenchel\/#primaryimage\",\"url\":\"https:\/\/uniest.it\/wp-content\/uploads\/2020\/12\/035ZOP.png\",\"contentUrl\":\"https:\/\/uniest.it\/wp-content\/uploads\/2020\/12\/035ZOP.png\",\"width\":1283,\"height\":2000},{\"@type\":\"BreadcrumbList\",\"@id\":\"https:\/\/uniest.it\/prodotto\/fenchel\/#breadcrumb\",\"itemListElement\":[{\"@type\":\"ListItem\",\"position\":1,\"name\":\"Home\",\"item\":\"https:\/\/uniest.it\/de\/\"},{\"@type\":\"ListItem\",\"position\":2,\"name\":\"Shop\",\"item\":\"https:\/\/uniest.it\/shop\/\"},{\"@type\":\"ListItem\",\"position\":3,\"name\":\"Fenchel\"}]},{\"@type\":\"WebSite\",\"@id\":\"https:\/\/uniest.it\/#website\",\"url\":\"https:\/\/uniest.it\/\",\"name\":\"Uniest\",\"description\":\"Cosmetici Naturali e Bio\",\"potentialAction\":[{\"@type\":\"SearchAction\",\"target\":{\"@type\":\"EntryPoint\",\"urlTemplate\":\"https:\/\/uniest.it\/?s={search_term_string}\"},\"query-input\":{\"@type\":\"PropertyValueSpecification\",\"valueRequired\":true,\"valueName\":\"search_term_string\"}}],\"inLanguage\":\"de\"}]}<\/script>\n<!-- \/ Yoast SEO plugin. -->","yoast_head_json":{"title":"Fenchel - Uniest","robots":{"index":"index","follow":"follow","max-snippet":"max-snippet:-1","max-image-preview":"max-image-preview:large","max-video-preview":"max-video-preview:-1"},"canonical":"https:\/\/uniest.it\/prodotto\/fenchel\/","og_locale":"de_DE","og_type":"article","og_title":"Fenchel - Uniest","og_description":"Fenchel ist vor allem f\u00fcr seine verdauungsf\u00f6rdernden Eigenschaften bekannt; aber es ist ein Freund des gesamten Magen-Darm-Systems. Tats\u00e4chlich hat es die F\u00e4higkeit, die Bildung von Darmgasen zu verhindern und enth\u00e4lt Anethol, eine Substanz, die schmerzhafte Bauchkontraktionen lindern kann. Fenchel hat auch reinigende Eigenschaften, die sich insbesondere auf Leber und Blut auswirken. Es hat auch entz\u00fcndungshemmende [&hellip;]","og_url":"https:\/\/uniest.it\/prodotto\/fenchel\/","og_site_name":"Uniest","twitter_card":"summary_large_image","schema":{"@context":"https:\/\/schema.org","@graph":[{"@type":"WebPage","@id":"https:\/\/uniest.it\/prodotto\/fenchel\/","url":"https:\/\/uniest.it\/prodotto\/fenchel\/","name":"Fenchel - Uniest","isPartOf":{"@id":"https:\/\/uniest.it\/#website"},"primaryImageOfPage":{"@id":"https:\/\/uniest.it\/prodotto\/fenchel\/#primaryimage"},"image":{"@id":"https:\/\/uniest.it\/prodotto\/fenchel\/#primaryimage"},"thumbnailUrl":"https:\/\/uniest.it\/wp-content\/uploads\/2020\/12\/035ZOP.png","datePublished":"2024-10-29T17:55:50+00:00","breadcrumb":{"@id":"https:\/\/uniest.it\/prodotto\/fenchel\/#breadcrumb"},"inLanguage":"de","potentialAction":[{"@type":"ReadAction","target":["https:\/\/uniest.it\/prodotto\/fenchel\/"]}]},{"@type":"ImageObject","inLanguage":"de","@id":"https:\/\/uniest.it\/prodotto\/fenchel\/#primaryimage","url":"https:\/\/uniest.it\/wp-content\/uploads\/2020\/12\/035ZOP.png","contentUrl":"https:\/\/uniest.it\/wp-content\/uploads\/2020\/12\/035ZOP.png","width":1283,"height":2000},{"@type":"BreadcrumbList","@id":"https:\/\/uniest.it\/prodotto\/fenchel\/#breadcrumb","itemListElement":[{"@type":"ListItem","position":1,"name":"Home","item":"https:\/\/uniest.it\/de\/"},{"@type":"ListItem","position":2,"name":"Shop","item":"https:\/\/uniest.it\/shop\/"},{"@type":"ListItem","position":3,"name":"Fenchel"}]},{"@type":"WebSite","@id":"https:\/\/uniest.it\/#website","url":"https:\/\/uniest.it\/","name":"Uniest","description":"Cosmetici Naturali e Bio","potentialAction":[{"@type":"SearchAction","target":{"@type":"EntryPoint","urlTemplate":"https:\/\/uniest.it\/?s={search_term_string}"},"query-input":{"@type":"PropertyValueSpecification","valueRequired":true,"valueName":"search_term_string"}}],"inLanguage":"de"}]}},"_links":{"self":[{"href":"https:\/\/uniest.it\/de\/wp-json\/wp\/v2\/product\/7052","targetHints":{"allow":["GET"]}}],"collection":[{"href":"https:\/\/uniest.it\/de\/wp-json\/wp\/v2\/product"}],"about":[{"href":"https:\/\/uniest.it\/de\/wp-json\/wp\/v2\/types\/product"}],"wp:featuredmedia":[{"embeddable":true,"href":"https:\/\/uniest.it\/de\/wp-json\/wp\/v2\/media\/7053"}],"wp:attachment":[{"href":"https:\/\/uniest.it\/de\/wp-json\/wp\/v2\/media?parent=7052"}],"wp:term":[{"taxonomy":"product_brand","embeddable":true,"href":"https:\/\/uniest.it\/de\/wp-json\/wp\/v2\/product_brand?post=7052"},{"taxonomy":"product_cat","embeddable":true,"href":"https:\/\/uniest.it\/de\/wp-json\/wp\/v2\/product_cat?post=7052"},{"taxonomy":"product_tag","embeddable":true,"href":"https:\/\/uniest.it\/de\/wp-json\/wp\/v2\/product_tag?post=7052"}],"curies":[{"name":"wp","href":"https:\/\/api.w.org\/{rel}","templated":true}]}}