{"id":7055,"date":"2024-10-29T18:55:51","date_gmt":"2024-10-29T17:55:51","guid":{"rendered":"https:\/\/uniest.it\/prodotto\/propolis-50-ml\/"},"modified":"2024-10-29T18:55:51","modified_gmt":"2024-10-29T17:55:51","slug":"propolis-50-ml","status":"publish","type":"product","link":"https:\/\/uniest.it\/de\/prodotto\/propolis-50-ml\/","title":{"rendered":"Propolis \u2013 50 ml"},"content":{"rendered":"<p>Propolis-Urtinktur ist eine harzige Substanz, die als nat\u00fcrliches Antibiotikum gilt und \u00e4u\u00dferst wohltuend f\u00fcr unseren K\u00f6rper ist. Seine Hauptanwendung liegt bei Halsschmerzen (Pharyngitis, Tracheitis und Mandelentz\u00fcndung) und Atemwegserkrankungen (Husten und Erk\u00e4ltungen), aber es ist auch n\u00fctzlich bei der Behandlung der Mundh\u00f6hle (Krebsgeschw\u00fcre, Zahnfleischentz\u00fcndung, Entz\u00fcndungen der Zunge und des Gaumens). Seine defensiven Eigenschaften gelten gegen Influenzavirus-Infektionen, Herpes simplex und Fieber; w\u00e4hrend seine antimykotische Wirkung \u00e4u\u00dferst wirksam bei der Bek\u00e4mpfung von Candidose und Mykose ist. Es ist auch ein wirksames Desinfektions- und Heilmittel f\u00fcr kleine Wunden und f\u00f6rdert die Geweberegeneration. Die Wirksamkeit ist vor allem dann maximal, wenn diese St\u00f6rungen bei den ersten Anzeichen behandelt werden und noch besser als Vorbeugung; Tats\u00e4chlich wird Propolis auch vorbeugend eingesetzt, um das Immunsystem zu st\u00e4rken und saisonalen Beschwerden vorzubeugen.<\/p>\n","protected":false},"excerpt":{"rendered":"<p>Propolis-Urtinktur ist eine harzige Substanz, die als nat\u00fcrliches Antibiotikum gilt und \u00e4u\u00dferst wohltuend f\u00fcr unseren K\u00f6rper ist. Seine Hauptanwendung liegt bei Halsschmerzen (Pharyngitis, Tracheitis und Mandelentz\u00fcndung) und Atemwegserkrankungen (Husten und Erk\u00e4ltungen), aber es ist auch n\u00fctzlich bei der Behandlung der Mundh\u00f6hle (Krebsgeschw\u00fcre, Zahnfleischentz\u00fcndung, Entz\u00fcndungen der Zunge und des Gaumens). Seine defensiven Eigenschaften gelten gegen Influenzavirus-Infektionen, [&hellip;]<\/p>\n","protected":false},"featured_media":7056,"template":"","meta":{"_acf_changed":false,"inline_featured_image":false},"product_brand":[],"product_cat":[1486],"product_tag":[],"class_list":{"0":"post-7055","1":"product","2":"type-product","3":"status-publish","4":"has-post-thumbnail","6":"product_beauty-antinfiammatoria","7":"product_beauty-gola","8":"product_beauty-lenitivo","9":"product_beauty-mineralizzante","10":"product_beauty-multivitaminico","11":"product_beauty-sistema-immunitario","12":"product_beauty-tratto-urinario","13":"product_beauty-vie-respiratorie","14":"product_kind-integrazione-alimentare","15":"product_lines-benessere","16":"product_cat-benessere-de","17":"pa_size-50-de","19":"first","20":"outofstock","21":"taxable","22":"shipping-taxable","23":"purchasable","24":"product-type-simple"},"acf":[],"yoast_head":"<!-- This site is optimized with the Yoast SEO plugin v24.6 - https:\/\/yoast.com\/wordpress\/plugins\/seo\/ -->\n<title>Propolis \u2013 50 ml - Uniest<\/title>\n<meta name=\"robots\" content=\"index, follow, max-snippet:-1, max-image-preview:large, max-video-preview:-1\" \/>\n<link rel=\"canonical\" href=\"https:\/\/uniest.it\/prodotto\/propolis-50-ml\/\" \/>\n<meta property=\"og:locale\" content=\"de_DE\" \/>\n<meta property=\"og:type\" content=\"article\" \/>\n<meta property=\"og:title\" content=\"Propolis \u2013 50 ml - Uniest\" \/>\n<meta property=\"og:description\" content=\"Propolis-Urtinktur ist eine harzige Substanz, die als nat\u00fcrliches Antibiotikum gilt und \u00e4u\u00dferst wohltuend f\u00fcr unseren K\u00f6rper ist. Seine Hauptanwendung liegt bei Halsschmerzen (Pharyngitis, Tracheitis und Mandelentz\u00fcndung) und Atemwegserkrankungen (Husten und Erk\u00e4ltungen), aber es ist auch n\u00fctzlich bei der Behandlung der Mundh\u00f6hle (Krebsgeschw\u00fcre, Zahnfleischentz\u00fcndung, Entz\u00fcndungen der Zunge und des Gaumens). Seine defensiven Eigenschaften gelten gegen Influenzavirus-Infektionen, [&hellip;]\" \/>\n<meta property=\"og:url\" content=\"https:\/\/uniest.it\/prodotto\/propolis-50-ml\/\" \/>\n<meta property=\"og:site_name\" content=\"Uniest\" \/>\n<meta name=\"twitter:card\" content=\"summary_large_image\" \/>\n<meta name=\"twitter:label1\" content=\"Gesch\u00e4tzte Lesezeit\" \/>\n\t<meta name=\"twitter:data1\" content=\"1\u00a0Minute\" \/>\n<script type=\"application\/ld+json\" class=\"yoast-schema-graph\">{\"@context\":\"https:\/\/schema.org\",\"@graph\":[{\"@type\":\"WebPage\",\"@id\":\"https:\/\/uniest.it\/prodotto\/propolis-50-ml\/\",\"url\":\"https:\/\/uniest.it\/prodotto\/propolis-50-ml\/\",\"name\":\"Propolis \u2013 50 ml - Uniest\",\"isPartOf\":{\"@id\":\"https:\/\/uniest.it\/#website\"},\"primaryImageOfPage\":{\"@id\":\"https:\/\/uniest.it\/prodotto\/propolis-50-ml\/#primaryimage\"},\"image\":{\"@id\":\"https:\/\/uniest.it\/prodotto\/propolis-50-ml\/#primaryimage\"},\"thumbnailUrl\":\"https:\/\/uniest.it\/wp-content\/uploads\/2020\/12\/035ZTM.png\",\"datePublished\":\"2024-10-29T17:55:51+00:00\",\"breadcrumb\":{\"@id\":\"https:\/\/uniest.it\/prodotto\/propolis-50-ml\/#breadcrumb\"},\"inLanguage\":\"de\",\"potentialAction\":[{\"@type\":\"ReadAction\",\"target\":[\"https:\/\/uniest.it\/prodotto\/propolis-50-ml\/\"]}]},{\"@type\":\"ImageObject\",\"inLanguage\":\"de\",\"@id\":\"https:\/\/uniest.it\/prodotto\/propolis-50-ml\/#primaryimage\",\"url\":\"https:\/\/uniest.it\/wp-content\/uploads\/2020\/12\/035ZTM.png\",\"contentUrl\":\"https:\/\/uniest.it\/wp-content\/uploads\/2020\/12\/035ZTM.png\",\"width\":1283,\"height\":2000},{\"@type\":\"BreadcrumbList\",\"@id\":\"https:\/\/uniest.it\/prodotto\/propolis-50-ml\/#breadcrumb\",\"itemListElement\":[{\"@type\":\"ListItem\",\"position\":1,\"name\":\"Home\",\"item\":\"https:\/\/uniest.it\/de\/\"},{\"@type\":\"ListItem\",\"position\":2,\"name\":\"Shop\",\"item\":\"https:\/\/uniest.it\/shop\/\"},{\"@type\":\"ListItem\",\"position\":3,\"name\":\"Propolis \u2013 50 ml\"}]},{\"@type\":\"WebSite\",\"@id\":\"https:\/\/uniest.it\/#website\",\"url\":\"https:\/\/uniest.it\/\",\"name\":\"Uniest\",\"description\":\"Cosmetici Naturali e Bio\",\"potentialAction\":[{\"@type\":\"SearchAction\",\"target\":{\"@type\":\"EntryPoint\",\"urlTemplate\":\"https:\/\/uniest.it\/?s={search_term_string}\"},\"query-input\":{\"@type\":\"PropertyValueSpecification\",\"valueRequired\":true,\"valueName\":\"search_term_string\"}}],\"inLanguage\":\"de\"}]}<\/script>\n<!-- \/ Yoast SEO plugin. -->","yoast_head_json":{"title":"Propolis \u2013 50 ml - Uniest","robots":{"index":"index","follow":"follow","max-snippet":"max-snippet:-1","max-image-preview":"max-image-preview:large","max-video-preview":"max-video-preview:-1"},"canonical":"https:\/\/uniest.it\/prodotto\/propolis-50-ml\/","og_locale":"de_DE","og_type":"article","og_title":"Propolis \u2013 50 ml - Uniest","og_description":"Propolis-Urtinktur ist eine harzige Substanz, die als nat\u00fcrliches Antibiotikum gilt und \u00e4u\u00dferst wohltuend f\u00fcr unseren K\u00f6rper ist. Seine Hauptanwendung liegt bei Halsschmerzen (Pharyngitis, Tracheitis und Mandelentz\u00fcndung) und Atemwegserkrankungen (Husten und Erk\u00e4ltungen), aber es ist auch n\u00fctzlich bei der Behandlung der Mundh\u00f6hle (Krebsgeschw\u00fcre, Zahnfleischentz\u00fcndung, Entz\u00fcndungen der Zunge und des Gaumens). Seine defensiven Eigenschaften gelten gegen Influenzavirus-Infektionen, [&hellip;]","og_url":"https:\/\/uniest.it\/prodotto\/propolis-50-ml\/","og_site_name":"Uniest","twitter_card":"summary_large_image","twitter_misc":{"Gesch\u00e4tzte Lesezeit":"1\u00a0Minute"},"schema":{"@context":"https:\/\/schema.org","@graph":[{"@type":"WebPage","@id":"https:\/\/uniest.it\/prodotto\/propolis-50-ml\/","url":"https:\/\/uniest.it\/prodotto\/propolis-50-ml\/","name":"Propolis \u2013 50 ml - Uniest","isPartOf":{"@id":"https:\/\/uniest.it\/#website"},"primaryImageOfPage":{"@id":"https:\/\/uniest.it\/prodotto\/propolis-50-ml\/#primaryimage"},"image":{"@id":"https:\/\/uniest.it\/prodotto\/propolis-50-ml\/#primaryimage"},"thumbnailUrl":"https:\/\/uniest.it\/wp-content\/uploads\/2020\/12\/035ZTM.png","datePublished":"2024-10-29T17:55:51+00:00","breadcrumb":{"@id":"https:\/\/uniest.it\/prodotto\/propolis-50-ml\/#breadcrumb"},"inLanguage":"de","potentialAction":[{"@type":"ReadAction","target":["https:\/\/uniest.it\/prodotto\/propolis-50-ml\/"]}]},{"@type":"ImageObject","inLanguage":"de","@id":"https:\/\/uniest.it\/prodotto\/propolis-50-ml\/#primaryimage","url":"https:\/\/uniest.it\/wp-content\/uploads\/2020\/12\/035ZTM.png","contentUrl":"https:\/\/uniest.it\/wp-content\/uploads\/2020\/12\/035ZTM.png","width":1283,"height":2000},{"@type":"BreadcrumbList","@id":"https:\/\/uniest.it\/prodotto\/propolis-50-ml\/#breadcrumb","itemListElement":[{"@type":"ListItem","position":1,"name":"Home","item":"https:\/\/uniest.it\/de\/"},{"@type":"ListItem","position":2,"name":"Shop","item":"https:\/\/uniest.it\/shop\/"},{"@type":"ListItem","position":3,"name":"Propolis \u2013 50 ml"}]},{"@type":"WebSite","@id":"https:\/\/uniest.it\/#website","url":"https:\/\/uniest.it\/","name":"Uniest","description":"Cosmetici Naturali e Bio","potentialAction":[{"@type":"SearchAction","target":{"@type":"EntryPoint","urlTemplate":"https:\/\/uniest.it\/?s={search_term_string}"},"query-input":{"@type":"PropertyValueSpecification","valueRequired":true,"valueName":"search_term_string"}}],"inLanguage":"de"}]}},"_links":{"self":[{"href":"https:\/\/uniest.it\/de\/wp-json\/wp\/v2\/product\/7055","targetHints":{"allow":["GET"]}}],"collection":[{"href":"https:\/\/uniest.it\/de\/wp-json\/wp\/v2\/product"}],"about":[{"href":"https:\/\/uniest.it\/de\/wp-json\/wp\/v2\/types\/product"}],"wp:featuredmedia":[{"embeddable":true,"href":"https:\/\/uniest.it\/de\/wp-json\/wp\/v2\/media\/7056"}],"wp:attachment":[{"href":"https:\/\/uniest.it\/de\/wp-json\/wp\/v2\/media?parent=7055"}],"wp:term":[{"taxonomy":"product_brand","embeddable":true,"href":"https:\/\/uniest.it\/de\/wp-json\/wp\/v2\/product_brand?post=7055"},{"taxonomy":"product_cat","embeddable":true,"href":"https:\/\/uniest.it\/de\/wp-json\/wp\/v2\/product_cat?post=7055"},{"taxonomy":"product_tag","embeddable":true,"href":"https:\/\/uniest.it\/de\/wp-json\/wp\/v2\/product_tag?post=7055"}],"curies":[{"name":"wp","href":"https:\/\/api.w.org\/{rel}","templated":true}]}}