{"id":7058,"date":"2024-10-29T18:55:51","date_gmt":"2024-10-29T17:55:51","guid":{"rendered":"https:\/\/uniest.it\/prodotto\/creme-fuer-seborrhoische-haut\/"},"modified":"2024-10-29T18:55:51","modified_gmt":"2024-10-29T17:55:51","slug":"creme-fuer-seborrhoische-haut","status":"publish","type":"product","link":"https:\/\/uniest.it\/de\/prodotto\/creme-fuer-seborrhoische-haut\/","title":{"rendered":"Creme f\u00fcr seborrhoische Haut"},"content":{"rendered":"<p>Adjuvante Behandlung von Akne. Creme f\u00fcr seborrhoische Haut: Entwickelt f\u00fcr Haut mit viel Fett und Talg oder f\u00fcr zu Akne neigende Haut. Den darin enthaltenen Substanzen wird nachweislich die F\u00e4higkeit zugeschrieben, \u00fcbersch\u00fcssigen Talg zu reduzieren, au\u00dferdem haben sie eine feuchtigkeitsspendende und mattierende Wirkung. Dank Reiskleie\u00f6l und Sorbit ist es besonders sanft in der Anwendung. Creme auf Basis von Sojaprotein und Schwefel, reich an Aminos\u00e4uren und \u00e4therischen Birken- und Wacholder\u00f6len mit hautreinigender, elastisch machender, adstringierender und reepithelisierender Wirkung. Mit \u201efettiger\u201c Haut meinen wir einen Hauttyp, der zu viel Talg produziert, d. h. eine \u00fcberm\u00e4\u00dfige Talgsekretion durch die Talgdr\u00fcsen in der Dermis f\u00fchrt zu einer seborrhoischen Haut. Fettige Haut muss sanft behandelt werden, da sie genauso empfindlich sein kann wie trockene Haut. Die beste L\u00f6sung sind nat\u00fcrliche Heilmittel, die aggressive Reinigungsmittel und herk\u00f6mmliche Gesichtscremes ersetzen, die die Poren verstopfen k\u00f6nnen. Angesichts der Eigenschaften fettiger Haut und der Neigung zur Entstehung von Mitessern und Akne kann der Einsatz von Behandlungen mit dermopurifizierender und talgnormalisierender Wirkung sinnvoll sein.<\/p>\n","protected":false},"excerpt":{"rendered":"<p>Adjuvante Behandlung von Akne. Creme f\u00fcr seborrhoische Haut: Entwickelt f\u00fcr Haut mit viel Fett und Talg oder f\u00fcr zu Akne neigende Haut. Den darin enthaltenen Substanzen wird nachweislich die F\u00e4higkeit zugeschrieben, \u00fcbersch\u00fcssigen Talg zu reduzieren, au\u00dferdem haben sie eine feuchtigkeitsspendende und mattierende Wirkung. Dank Reiskleie\u00f6l und Sorbit ist es besonders sanft in der Anwendung. Creme [&hellip;]<\/p>\n","protected":false},"featured_media":7059,"template":"","meta":{"_acf_changed":false,"inline_featured_image":false},"product_brand":[],"product_cat":[1497],"product_tag":[],"class_list":{"0":"post-7058","1":"product","2":"type-product","3":"status-publish","4":"has-post-thumbnail","6":"product_beauty-detox-e-dren","7":"product_beauty-lenire","8":"product_beauty-purificare","9":"product_beauty-riequilibrare","10":"product_skin-pelli-grasse-e-miste","11":"product_kind-creme-pelli-complesse","12":"product_kind-trattamenti-speciali","13":"product_kind-tutte-le-creme-viso","14":"product_lines-pelli-grasse-e-miste","15":"product_cat-viso-de","16":"pa_size-50-de","18":"first","19":"instock","20":"taxable","21":"shipping-taxable","22":"purchasable","23":"product-type-simple"},"acf":[],"yoast_head":"<!-- This site is optimized with the Yoast SEO plugin v24.6 - https:\/\/yoast.com\/wordpress\/plugins\/seo\/ -->\n<title>Creme f\u00fcr seborrhoische Haut - Uniest<\/title>\n<meta name=\"robots\" content=\"index, follow, max-snippet:-1, max-image-preview:large, max-video-preview:-1\" \/>\n<link rel=\"canonical\" href=\"https:\/\/uniest.it\/prodotto\/creme-fuer-seborrhoische-haut\/\" \/>\n<meta property=\"og:locale\" content=\"de_DE\" \/>\n<meta property=\"og:type\" content=\"article\" \/>\n<meta property=\"og:title\" content=\"Creme f\u00fcr seborrhoische Haut - Uniest\" \/>\n<meta property=\"og:description\" content=\"Adjuvante Behandlung von Akne. Creme f\u00fcr seborrhoische Haut: Entwickelt f\u00fcr Haut mit viel Fett und Talg oder f\u00fcr zu Akne neigende Haut. Den darin enthaltenen Substanzen wird nachweislich die F\u00e4higkeit zugeschrieben, \u00fcbersch\u00fcssigen Talg zu reduzieren, au\u00dferdem haben sie eine feuchtigkeitsspendende und mattierende Wirkung. Dank Reiskleie\u00f6l und Sorbit ist es besonders sanft in der Anwendung. Creme [&hellip;]\" \/>\n<meta property=\"og:url\" content=\"https:\/\/uniest.it\/prodotto\/creme-fuer-seborrhoische-haut\/\" \/>\n<meta property=\"og:site_name\" content=\"Uniest\" \/>\n<meta name=\"twitter:card\" content=\"summary_large_image\" \/>\n<meta name=\"twitter:label1\" content=\"Gesch\u00e4tzte Lesezeit\" \/>\n\t<meta name=\"twitter:data1\" content=\"1\u00a0Minute\" \/>\n<script type=\"application\/ld+json\" class=\"yoast-schema-graph\">{\"@context\":\"https:\/\/schema.org\",\"@graph\":[{\"@type\":\"WebPage\",\"@id\":\"https:\/\/uniest.it\/prodotto\/creme-fuer-seborrhoische-haut\/\",\"url\":\"https:\/\/uniest.it\/prodotto\/creme-fuer-seborrhoische-haut\/\",\"name\":\"Creme f\u00fcr seborrhoische Haut - Uniest\",\"isPartOf\":{\"@id\":\"https:\/\/uniest.it\/#website\"},\"primaryImageOfPage\":{\"@id\":\"https:\/\/uniest.it\/prodotto\/creme-fuer-seborrhoische-haut\/#primaryimage\"},\"image\":{\"@id\":\"https:\/\/uniest.it\/prodotto\/creme-fuer-seborrhoische-haut\/#primaryimage\"},\"thumbnailUrl\":\"https:\/\/uniest.it\/wp-content\/uploads\/2020\/11\/036AAE.png\",\"datePublished\":\"2024-10-29T17:55:51+00:00\",\"breadcrumb\":{\"@id\":\"https:\/\/uniest.it\/prodotto\/creme-fuer-seborrhoische-haut\/#breadcrumb\"},\"inLanguage\":\"de\",\"potentialAction\":[{\"@type\":\"ReadAction\",\"target\":[\"https:\/\/uniest.it\/prodotto\/creme-fuer-seborrhoische-haut\/\"]}]},{\"@type\":\"ImageObject\",\"inLanguage\":\"de\",\"@id\":\"https:\/\/uniest.it\/prodotto\/creme-fuer-seborrhoische-haut\/#primaryimage\",\"url\":\"https:\/\/uniest.it\/wp-content\/uploads\/2020\/11\/036AAE.png\",\"contentUrl\":\"https:\/\/uniest.it\/wp-content\/uploads\/2020\/11\/036AAE.png\",\"width\":1283,\"height\":2001},{\"@type\":\"BreadcrumbList\",\"@id\":\"https:\/\/uniest.it\/prodotto\/creme-fuer-seborrhoische-haut\/#breadcrumb\",\"itemListElement\":[{\"@type\":\"ListItem\",\"position\":1,\"name\":\"Home\",\"item\":\"https:\/\/uniest.it\/de\/\"},{\"@type\":\"ListItem\",\"position\":2,\"name\":\"Shop\",\"item\":\"https:\/\/uniest.it\/shop\/\"},{\"@type\":\"ListItem\",\"position\":3,\"name\":\"Creme f\u00fcr seborrhoische Haut\"}]},{\"@type\":\"WebSite\",\"@id\":\"https:\/\/uniest.it\/#website\",\"url\":\"https:\/\/uniest.it\/\",\"name\":\"Uniest\",\"description\":\"Cosmetici Naturali e Bio\",\"potentialAction\":[{\"@type\":\"SearchAction\",\"target\":{\"@type\":\"EntryPoint\",\"urlTemplate\":\"https:\/\/uniest.it\/?s={search_term_string}\"},\"query-input\":{\"@type\":\"PropertyValueSpecification\",\"valueRequired\":true,\"valueName\":\"search_term_string\"}}],\"inLanguage\":\"de\"}]}<\/script>\n<!-- \/ Yoast SEO plugin. -->","yoast_head_json":{"title":"Creme f\u00fcr seborrhoische Haut - Uniest","robots":{"index":"index","follow":"follow","max-snippet":"max-snippet:-1","max-image-preview":"max-image-preview:large","max-video-preview":"max-video-preview:-1"},"canonical":"https:\/\/uniest.it\/prodotto\/creme-fuer-seborrhoische-haut\/","og_locale":"de_DE","og_type":"article","og_title":"Creme f\u00fcr seborrhoische Haut - Uniest","og_description":"Adjuvante Behandlung von Akne. Creme f\u00fcr seborrhoische Haut: Entwickelt f\u00fcr Haut mit viel Fett und Talg oder f\u00fcr zu Akne neigende Haut. Den darin enthaltenen Substanzen wird nachweislich die F\u00e4higkeit zugeschrieben, \u00fcbersch\u00fcssigen Talg zu reduzieren, au\u00dferdem haben sie eine feuchtigkeitsspendende und mattierende Wirkung. Dank Reiskleie\u00f6l und Sorbit ist es besonders sanft in der Anwendung. Creme [&hellip;]","og_url":"https:\/\/uniest.it\/prodotto\/creme-fuer-seborrhoische-haut\/","og_site_name":"Uniest","twitter_card":"summary_large_image","twitter_misc":{"Gesch\u00e4tzte Lesezeit":"1\u00a0Minute"},"schema":{"@context":"https:\/\/schema.org","@graph":[{"@type":"WebPage","@id":"https:\/\/uniest.it\/prodotto\/creme-fuer-seborrhoische-haut\/","url":"https:\/\/uniest.it\/prodotto\/creme-fuer-seborrhoische-haut\/","name":"Creme f\u00fcr seborrhoische Haut - Uniest","isPartOf":{"@id":"https:\/\/uniest.it\/#website"},"primaryImageOfPage":{"@id":"https:\/\/uniest.it\/prodotto\/creme-fuer-seborrhoische-haut\/#primaryimage"},"image":{"@id":"https:\/\/uniest.it\/prodotto\/creme-fuer-seborrhoische-haut\/#primaryimage"},"thumbnailUrl":"https:\/\/uniest.it\/wp-content\/uploads\/2020\/11\/036AAE.png","datePublished":"2024-10-29T17:55:51+00:00","breadcrumb":{"@id":"https:\/\/uniest.it\/prodotto\/creme-fuer-seborrhoische-haut\/#breadcrumb"},"inLanguage":"de","potentialAction":[{"@type":"ReadAction","target":["https:\/\/uniest.it\/prodotto\/creme-fuer-seborrhoische-haut\/"]}]},{"@type":"ImageObject","inLanguage":"de","@id":"https:\/\/uniest.it\/prodotto\/creme-fuer-seborrhoische-haut\/#primaryimage","url":"https:\/\/uniest.it\/wp-content\/uploads\/2020\/11\/036AAE.png","contentUrl":"https:\/\/uniest.it\/wp-content\/uploads\/2020\/11\/036AAE.png","width":1283,"height":2001},{"@type":"BreadcrumbList","@id":"https:\/\/uniest.it\/prodotto\/creme-fuer-seborrhoische-haut\/#breadcrumb","itemListElement":[{"@type":"ListItem","position":1,"name":"Home","item":"https:\/\/uniest.it\/de\/"},{"@type":"ListItem","position":2,"name":"Shop","item":"https:\/\/uniest.it\/shop\/"},{"@type":"ListItem","position":3,"name":"Creme f\u00fcr seborrhoische Haut"}]},{"@type":"WebSite","@id":"https:\/\/uniest.it\/#website","url":"https:\/\/uniest.it\/","name":"Uniest","description":"Cosmetici Naturali e Bio","potentialAction":[{"@type":"SearchAction","target":{"@type":"EntryPoint","urlTemplate":"https:\/\/uniest.it\/?s={search_term_string}"},"query-input":{"@type":"PropertyValueSpecification","valueRequired":true,"valueName":"search_term_string"}}],"inLanguage":"de"}]}},"_links":{"self":[{"href":"https:\/\/uniest.it\/de\/wp-json\/wp\/v2\/product\/7058","targetHints":{"allow":["GET"]}}],"collection":[{"href":"https:\/\/uniest.it\/de\/wp-json\/wp\/v2\/product"}],"about":[{"href":"https:\/\/uniest.it\/de\/wp-json\/wp\/v2\/types\/product"}],"wp:featuredmedia":[{"embeddable":true,"href":"https:\/\/uniest.it\/de\/wp-json\/wp\/v2\/media\/7059"}],"wp:attachment":[{"href":"https:\/\/uniest.it\/de\/wp-json\/wp\/v2\/media?parent=7058"}],"wp:term":[{"taxonomy":"product_brand","embeddable":true,"href":"https:\/\/uniest.it\/de\/wp-json\/wp\/v2\/product_brand?post=7058"},{"taxonomy":"product_cat","embeddable":true,"href":"https:\/\/uniest.it\/de\/wp-json\/wp\/v2\/product_cat?post=7058"},{"taxonomy":"product_tag","embeddable":true,"href":"https:\/\/uniest.it\/de\/wp-json\/wp\/v2\/product_tag?post=7058"}],"curies":[{"name":"wp","href":"https:\/\/api.w.org\/{rel}","templated":true}]}}