{"id":7061,"date":"2021-02-04T12:58:44","date_gmt":"2024-10-29T17:55:52","guid":{"rendered":"https:\/\/uniest.it\/prodotto\/tonisierendes-oeko-parfum\/"},"modified":"2024-10-29T18:55:52","modified_gmt":"2024-10-29T17:55:52","slug":"tonisierendes-oeko-parfum","status":"publish","type":"product","link":"https:\/\/uniest.it\/de\/prodotto\/tonisierendes-oeko-parfum\/","title":{"rendered":"Tonisierendes \u00d6ko-Parfum"},"content":{"rendered":"<p>Besondere Aufmerksamkeit verdient Toning Eco Parfum dank seiner innovativen \u00f6kologischen Formulierung ohne Alkohol und reich an Wirkstoffen. Neues Parf\u00fcm mit tonisierender und erfrischender Kraft dank der Anwesenheit des wertvollen \u00e4therischen Menthol\u00f6ls. Es wurde mit Pflanzenextrakten aus Sandelholz, reepithelisierend und feuchtigkeitsspendend, Bio-Schafgarbe mit beruhigenden Eigenschaften, Wacholder, reaktivierendem und tonisierendem Thymian angereichert. Stattdessen \u00fcbt die Synergie zwischen Glycerin, Sorbitol und Aloe eine ausgepr\u00e4gte feuchtigkeitsspendende Wirkung aus und verleiht der Haut Frische, ohne ihr normales epidermales Gleichgewicht zu ver\u00e4ndern. Der angenehme Duft, der es auszeichnet, macht es zu einem unersetzlichen Wohlf\u00fchlmittel, das Sie nach dem Sport, beim Duschen, Baden oder immer dann verwenden k\u00f6nnen, wenn Sie das Bed\u00fcrfnis nach einer frischen Note auf der Haut versp\u00fcren.<\/p>\n","protected":false},"excerpt":{"rendered":"<p>Besondere Aufmerksamkeit verdient Toning Eco Parfum dank seiner innovativen \u00f6kologischen Formulierung ohne Alkohol und reich an Wirkstoffen. Neues Parf\u00fcm mit tonisierender und erfrischender Kraft dank der Anwesenheit des wertvollen \u00e4therischen Menthol\u00f6ls. Es wurde mit Pflanzenextrakten aus Sandelholz, reepithelisierend und feuchtigkeitsspendend, Bio-Schafgarbe mit beruhigenden Eigenschaften, Wacholder, reaktivierendem und tonisierendem Thymian angereichert. Stattdessen \u00fcbt die Synergie zwischen [&hellip;]<\/p>\n","protected":false},"featured_media":7062,"template":"","meta":{"_acf_changed":false,"inline_featured_image":false},"product_brand":[],"product_cat":[1496],"product_tag":[],"class_list":{"0":"post-7061","1":"product","2":"type-product","3":"status-publish","4":"has-post-thumbnail","6":"product_beauty-aromatizzare-e-profumare","7":"product_beauty-idratare","8":"product_beauty-lenire","9":"product_beauty-rassodare-e-tonificare","10":"product_skin-pelli-delicate-e-sensibili","11":"product_skin-pelli-giovani-e-prime-rughe","12":"product_skin-pelli-grasse-e-miste","13":"product_skin-pelli-mature-e-rughe","14":"product_skin-pelli-secche-e-normali","15":"product_skin-tutte-le-pelli","16":"product_kind-aromaterapia-e-profumi","17":"product_kind-tonici-e-lozioni-corpo","18":"product_lines-uomo","19":"product_cat-uomo-de","20":"pa_size-150-de","22":"first","23":"instock","24":"taxable","25":"shipping-taxable","26":"purchasable","27":"product-type-simple"},"acf":[],"yoast_head":"<!-- This site is optimized with the Yoast SEO plugin v24.6 - https:\/\/yoast.com\/wordpress\/plugins\/seo\/ -->\n<title>Tonisierendes \u00d6ko-Parfum - Uniest<\/title>\n<meta name=\"robots\" content=\"index, follow, max-snippet:-1, max-image-preview:large, max-video-preview:-1\" \/>\n<link rel=\"canonical\" href=\"https:\/\/uniest.it\/prodotto\/toning-eco-parfum\/\" \/>\n<meta property=\"og:locale\" content=\"de_DE\" \/>\n<meta property=\"og:type\" content=\"article\" \/>\n<meta property=\"og:title\" content=\"Tonisierendes \u00d6ko-Parfum - Uniest\" \/>\n<meta property=\"og:description\" content=\"Besondere Aufmerksamkeit verdient Toning Eco Parfum dank seiner innovativen \u00f6kologischen Formulierung ohne Alkohol und reich an Wirkstoffen. Neues Parf\u00fcm mit tonisierender und erfrischender Kraft dank der Anwesenheit des wertvollen \u00e4therischen Menthol\u00f6ls. Es wurde mit Pflanzenextrakten aus Sandelholz, reepithelisierend und feuchtigkeitsspendend, Bio-Schafgarbe mit beruhigenden Eigenschaften, Wacholder, reaktivierendem und tonisierendem Thymian angereichert. Stattdessen \u00fcbt die Synergie zwischen [&hellip;]\" \/>\n<meta property=\"og:url\" content=\"https:\/\/uniest.it\/prodotto\/toning-eco-parfum\/\" \/>\n<meta property=\"og:site_name\" content=\"Uniest\" \/>\n<meta property=\"og:image\" content=\"https:\/\/uniest.it\/wp-content\/uploads\/2020\/12\/037AAU.png\" \/>\n\t<meta property=\"og:image:width\" content=\"1283\" \/>\n\t<meta property=\"og:image:height\" content=\"2000\" \/>\n\t<meta property=\"og:image:type\" content=\"image\/png\" \/>\n<meta name=\"twitter:card\" content=\"summary_large_image\" \/>\n<meta name=\"twitter:label1\" content=\"Gesch\u00e4tzte Lesezeit\" \/>\n\t<meta name=\"twitter:data1\" content=\"1\u00a0Minute\" \/>\n<script type=\"application\/ld+json\" class=\"yoast-schema-graph\">{\"@context\":\"https:\/\/schema.org\",\"@graph\":[{\"@type\":\"WebPage\",\"@id\":\"https:\/\/uniest.it\/prodotto\/toning-eco-parfum\/\",\"url\":\"https:\/\/uniest.it\/prodotto\/toning-eco-parfum\/\",\"name\":\"Tonisierendes \u00d6ko-Parfum - Uniest\",\"isPartOf\":{\"@id\":\"https:\/\/uniest.it\/#website\"},\"primaryImageOfPage\":{\"@id\":\"https:\/\/uniest.it\/prodotto\/toning-eco-parfum\/#primaryimage\"},\"image\":{\"@id\":\"https:\/\/uniest.it\/prodotto\/toning-eco-parfum\/#primaryimage\"},\"thumbnailUrl\":\"https:\/\/uniest.it\/wp-content\/uploads\/2020\/12\/037AAU.png\",\"datePublished\":\"2024-10-29T17:55:52+00:00\",\"breadcrumb\":{\"@id\":\"https:\/\/uniest.it\/prodotto\/toning-eco-parfum\/#breadcrumb\"},\"inLanguage\":\"de\",\"potentialAction\":[{\"@type\":\"ReadAction\",\"target\":[\"https:\/\/uniest.it\/prodotto\/toning-eco-parfum\/\"]}]},{\"@type\":\"ImageObject\",\"inLanguage\":\"de\",\"@id\":\"https:\/\/uniest.it\/prodotto\/toning-eco-parfum\/#primaryimage\",\"url\":\"https:\/\/uniest.it\/wp-content\/uploads\/2020\/12\/037AAU.png\",\"contentUrl\":\"https:\/\/uniest.it\/wp-content\/uploads\/2020\/12\/037AAU.png\",\"width\":1283,\"height\":2000},{\"@type\":\"BreadcrumbList\",\"@id\":\"https:\/\/uniest.it\/prodotto\/toning-eco-parfum\/#breadcrumb\",\"itemListElement\":[{\"@type\":\"ListItem\",\"position\":1,\"name\":\"Home\",\"item\":\"https:\/\/uniest.it\/de\/\"},{\"@type\":\"ListItem\",\"position\":2,\"name\":\"Shop\",\"item\":\"https:\/\/uniest.it\/shop\/\"},{\"@type\":\"ListItem\",\"position\":3,\"name\":\"Tonisierendes \u00d6ko-Parfum\"}]},{\"@type\":\"WebSite\",\"@id\":\"https:\/\/uniest.it\/#website\",\"url\":\"https:\/\/uniest.it\/\",\"name\":\"Uniest\",\"description\":\"Cosmetici Naturali e Bio\",\"potentialAction\":[{\"@type\":\"SearchAction\",\"target\":{\"@type\":\"EntryPoint\",\"urlTemplate\":\"https:\/\/uniest.it\/?s={search_term_string}\"},\"query-input\":{\"@type\":\"PropertyValueSpecification\",\"valueRequired\":true,\"valueName\":\"search_term_string\"}}],\"inLanguage\":\"de\"}]}<\/script>\n<!-- \/ Yoast SEO plugin. -->","yoast_head_json":{"title":"Tonisierendes \u00d6ko-Parfum - Uniest","robots":{"index":"index","follow":"follow","max-snippet":"max-snippet:-1","max-image-preview":"max-image-preview:large","max-video-preview":"max-video-preview:-1"},"canonical":"https:\/\/uniest.it\/prodotto\/toning-eco-parfum\/","og_locale":"de_DE","og_type":"article","og_title":"Tonisierendes \u00d6ko-Parfum - Uniest","og_description":"Besondere Aufmerksamkeit verdient Toning Eco Parfum dank seiner innovativen \u00f6kologischen Formulierung ohne Alkohol und reich an Wirkstoffen. Neues Parf\u00fcm mit tonisierender und erfrischender Kraft dank der Anwesenheit des wertvollen \u00e4therischen Menthol\u00f6ls. Es wurde mit Pflanzenextrakten aus Sandelholz, reepithelisierend und feuchtigkeitsspendend, Bio-Schafgarbe mit beruhigenden Eigenschaften, Wacholder, reaktivierendem und tonisierendem Thymian angereichert. Stattdessen \u00fcbt die Synergie zwischen [&hellip;]","og_url":"https:\/\/uniest.it\/prodotto\/toning-eco-parfum\/","og_site_name":"Uniest","og_image":[{"width":1283,"height":2000,"url":"https:\/\/uniest.it\/wp-content\/uploads\/2020\/12\/037AAU.png","type":"image\/png"}],"twitter_card":"summary_large_image","twitter_misc":{"Gesch\u00e4tzte Lesezeit":"1\u00a0Minute"},"schema":{"@context":"https:\/\/schema.org","@graph":[{"@type":"WebPage","@id":"https:\/\/uniest.it\/prodotto\/toning-eco-parfum\/","url":"https:\/\/uniest.it\/prodotto\/toning-eco-parfum\/","name":"Tonisierendes \u00d6ko-Parfum - Uniest","isPartOf":{"@id":"https:\/\/uniest.it\/#website"},"primaryImageOfPage":{"@id":"https:\/\/uniest.it\/prodotto\/toning-eco-parfum\/#primaryimage"},"image":{"@id":"https:\/\/uniest.it\/prodotto\/toning-eco-parfum\/#primaryimage"},"thumbnailUrl":"https:\/\/uniest.it\/wp-content\/uploads\/2020\/12\/037AAU.png","datePublished":"2024-10-29T17:55:52+00:00","breadcrumb":{"@id":"https:\/\/uniest.it\/prodotto\/toning-eco-parfum\/#breadcrumb"},"inLanguage":"de","potentialAction":[{"@type":"ReadAction","target":["https:\/\/uniest.it\/prodotto\/toning-eco-parfum\/"]}]},{"@type":"ImageObject","inLanguage":"de","@id":"https:\/\/uniest.it\/prodotto\/toning-eco-parfum\/#primaryimage","url":"https:\/\/uniest.it\/wp-content\/uploads\/2020\/12\/037AAU.png","contentUrl":"https:\/\/uniest.it\/wp-content\/uploads\/2020\/12\/037AAU.png","width":1283,"height":2000},{"@type":"BreadcrumbList","@id":"https:\/\/uniest.it\/prodotto\/toning-eco-parfum\/#breadcrumb","itemListElement":[{"@type":"ListItem","position":1,"name":"Home","item":"https:\/\/uniest.it\/de\/"},{"@type":"ListItem","position":2,"name":"Shop","item":"https:\/\/uniest.it\/shop\/"},{"@type":"ListItem","position":3,"name":"Tonisierendes \u00d6ko-Parfum"}]},{"@type":"WebSite","@id":"https:\/\/uniest.it\/#website","url":"https:\/\/uniest.it\/","name":"Uniest","description":"Cosmetici Naturali e Bio","potentialAction":[{"@type":"SearchAction","target":{"@type":"EntryPoint","urlTemplate":"https:\/\/uniest.it\/?s={search_term_string}"},"query-input":{"@type":"PropertyValueSpecification","valueRequired":true,"valueName":"search_term_string"}}],"inLanguage":"de"}]}},"_links":{"self":[{"href":"https:\/\/uniest.it\/de\/wp-json\/wp\/v2\/product\/7061","targetHints":{"allow":["GET"]}}],"collection":[{"href":"https:\/\/uniest.it\/de\/wp-json\/wp\/v2\/product"}],"about":[{"href":"https:\/\/uniest.it\/de\/wp-json\/wp\/v2\/types\/product"}],"wp:featuredmedia":[{"embeddable":true,"href":"https:\/\/uniest.it\/de\/wp-json\/wp\/v2\/media\/7062"}],"wp:attachment":[{"href":"https:\/\/uniest.it\/de\/wp-json\/wp\/v2\/media?parent=7061"}],"wp:term":[{"taxonomy":"product_brand","embeddable":true,"href":"https:\/\/uniest.it\/de\/wp-json\/wp\/v2\/product_brand?post=7061"},{"taxonomy":"product_cat","embeddable":true,"href":"https:\/\/uniest.it\/de\/wp-json\/wp\/v2\/product_cat?post=7061"},{"taxonomy":"product_tag","embeddable":true,"href":"https:\/\/uniest.it\/de\/wp-json\/wp\/v2\/product_tag?post=7061"}],"curies":[{"name":"wp","href":"https:\/\/api.w.org\/{rel}","templated":true}]}}