{"id":7064,"date":"2021-02-04T12:58:44","date_gmt":"2024-10-29T17:55:52","guid":{"rendered":"https:\/\/uniest.it\/prodotto\/reinigende-phytomaske\/"},"modified":"2025-03-04T00:00:46","modified_gmt":"2025-03-03T23:00:46","slug":"reinigende-phytomaske","status":"publish","type":"product","link":"https:\/\/uniest.it\/de\/prodotto\/reinigende-phytomaske\/","title":{"rendered":"Reinigende Phytomaske"},"content":{"rendered":"<p>Beruhigend und adstringierend f\u00fcr Mischhaut oder fettige Haut. Reinigende Phytomaske: Es handelt sich um eine pflanzliche Maske, die reich an nat\u00fcrlichen Wirkstoffen ist, darunter Ginseng-, Propolis-, Malven-, Salbei- und S\u00fc\u00dfholzextrakte. Unterst\u00fctzung f\u00fcr fettige Haut und Mischhaut: reinigend, beruhigend, adstringierend und n\u00e4hrend dank der Anwesenheit von Ton, Titandioxid, Kaolin, Bentonit und \u00e4therischem Waldkiefern\u00f6l.<\/p>\n","protected":false},"excerpt":{"rendered":"<p>Beruhigend und adstringierend f\u00fcr Mischhaut oder fettige Haut. Reinigende Phytomaske: Es handelt sich um eine pflanzliche Maske, die reich an nat\u00fcrlichen Wirkstoffen ist, darunter Ginseng-, Propolis-, Malven-, Salbei- und S\u00fc\u00dfholzextrakte. Unterst\u00fctzung f\u00fcr fettige Haut und Mischhaut: reinigend, beruhigend, adstringierend und n\u00e4hrend dank der Anwesenheit von Ton, Titandioxid, Kaolin, Bentonit und \u00e4therischem Waldkiefern\u00f6l.<\/p>\n","protected":false},"featured_media":7065,"template":"","meta":{"_acf_changed":false,"inline_featured_image":false},"product_brand":[],"product_cat":[1497],"product_tag":[],"class_list":{"0":"post-7064","1":"product","2":"type-product","3":"status-publish","4":"has-post-thumbnail","6":"product_beauty-detox-e-dren","7":"product_beauty-idratare","8":"product_beauty-purificare","9":"product_beauty-riequilibrare","10":"product_skin-pelli-grasse-e-miste","11":"product_kind-creme-pelli-complesse","12":"product_kind-maschere-ed-esfolianti-viso","13":"product_kind-trattamenti-speciali","14":"product_lines-pelli-grasse-e-miste","15":"product_cat-viso-de","16":"pa_size-50-de","18":"first","19":"instock","20":"taxable","21":"shipping-taxable","22":"purchasable","23":"product-type-simple"},"acf":[],"yoast_head":"<!-- This site is optimized with the Yoast SEO plugin v24.6 - https:\/\/yoast.com\/wordpress\/plugins\/seo\/ -->\n<title>Reinigende Phytomaske - Uniest<\/title>\n<meta name=\"robots\" content=\"index, follow, max-snippet:-1, max-image-preview:large, max-video-preview:-1\" \/>\n<link rel=\"canonical\" href=\"https:\/\/uniest.it\/prodotto\/fitomaschera-depurante\/\" \/>\n<meta property=\"og:locale\" content=\"de_DE\" \/>\n<meta property=\"og:type\" content=\"article\" \/>\n<meta property=\"og:title\" content=\"Reinigende Phytomaske - Uniest\" \/>\n<meta property=\"og:description\" content=\"Beruhigend und adstringierend f\u00fcr Mischhaut oder fettige Haut. Reinigende Phytomaske: Es handelt sich um eine pflanzliche Maske, die reich an nat\u00fcrlichen Wirkstoffen ist, darunter Ginseng-, Propolis-, Malven-, Salbei- und S\u00fc\u00dfholzextrakte. Unterst\u00fctzung f\u00fcr fettige Haut und Mischhaut: reinigend, beruhigend, adstringierend und n\u00e4hrend dank der Anwesenheit von Ton, Titandioxid, Kaolin, Bentonit und \u00e4therischem Waldkiefern\u00f6l.\" \/>\n<meta property=\"og:url\" content=\"https:\/\/uniest.it\/prodotto\/fitomaschera-depurante\/\" \/>\n<meta property=\"og:site_name\" content=\"Uniest\" \/>\n<meta property=\"article:modified_time\" content=\"2025-03-03T23:00:46+00:00\" \/>\n<meta property=\"og:image\" content=\"https:\/\/uniest.it\/wp-content\/uploads\/2020\/11\/039AAE.png\" \/>\n\t<meta property=\"og:image:width\" content=\"1283\" \/>\n\t<meta property=\"og:image:height\" content=\"2001\" \/>\n\t<meta property=\"og:image:type\" content=\"image\/png\" \/>\n<meta name=\"twitter:card\" content=\"summary_large_image\" \/>\n<script type=\"application\/ld+json\" class=\"yoast-schema-graph\">{\"@context\":\"https:\/\/schema.org\",\"@graph\":[{\"@type\":\"WebPage\",\"@id\":\"https:\/\/uniest.it\/prodotto\/fitomaschera-depurante\/\",\"url\":\"https:\/\/uniest.it\/prodotto\/fitomaschera-depurante\/\",\"name\":\"Reinigende Phytomaske - Uniest\",\"isPartOf\":{\"@id\":\"https:\/\/uniest.it\/#website\"},\"primaryImageOfPage\":{\"@id\":\"https:\/\/uniest.it\/prodotto\/fitomaschera-depurante\/#primaryimage\"},\"image\":{\"@id\":\"https:\/\/uniest.it\/prodotto\/fitomaschera-depurante\/#primaryimage\"},\"thumbnailUrl\":\"https:\/\/uniest.it\/wp-content\/uploads\/2020\/11\/039AAE.png\",\"datePublished\":\"2024-10-29T17:55:52+00:00\",\"dateModified\":\"2025-03-03T23:00:46+00:00\",\"breadcrumb\":{\"@id\":\"https:\/\/uniest.it\/prodotto\/fitomaschera-depurante\/#breadcrumb\"},\"inLanguage\":\"de\",\"potentialAction\":[{\"@type\":\"ReadAction\",\"target\":[\"https:\/\/uniest.it\/prodotto\/fitomaschera-depurante\/\"]}]},{\"@type\":\"ImageObject\",\"inLanguage\":\"de\",\"@id\":\"https:\/\/uniest.it\/prodotto\/fitomaschera-depurante\/#primaryimage\",\"url\":\"https:\/\/uniest.it\/wp-content\/uploads\/2020\/11\/039AAE.png\",\"contentUrl\":\"https:\/\/uniest.it\/wp-content\/uploads\/2020\/11\/039AAE.png\",\"width\":1283,\"height\":2001},{\"@type\":\"BreadcrumbList\",\"@id\":\"https:\/\/uniest.it\/prodotto\/fitomaschera-depurante\/#breadcrumb\",\"itemListElement\":[{\"@type\":\"ListItem\",\"position\":1,\"name\":\"Home\",\"item\":\"https:\/\/uniest.it\/de\/\"},{\"@type\":\"ListItem\",\"position\":2,\"name\":\"Shop\",\"item\":\"https:\/\/uniest.it\/shop\/\"},{\"@type\":\"ListItem\",\"position\":3,\"name\":\"Reinigende Phytomaske\"}]},{\"@type\":\"WebSite\",\"@id\":\"https:\/\/uniest.it\/#website\",\"url\":\"https:\/\/uniest.it\/\",\"name\":\"Uniest\",\"description\":\"Cosmetici Naturali e Bio\",\"potentialAction\":[{\"@type\":\"SearchAction\",\"target\":{\"@type\":\"EntryPoint\",\"urlTemplate\":\"https:\/\/uniest.it\/?s={search_term_string}\"},\"query-input\":{\"@type\":\"PropertyValueSpecification\",\"valueRequired\":true,\"valueName\":\"search_term_string\"}}],\"inLanguage\":\"de\"}]}<\/script>\n<!-- \/ Yoast SEO plugin. -->","yoast_head_json":{"title":"Reinigende Phytomaske - Uniest","robots":{"index":"index","follow":"follow","max-snippet":"max-snippet:-1","max-image-preview":"max-image-preview:large","max-video-preview":"max-video-preview:-1"},"canonical":"https:\/\/uniest.it\/prodotto\/fitomaschera-depurante\/","og_locale":"de_DE","og_type":"article","og_title":"Reinigende Phytomaske - Uniest","og_description":"Beruhigend und adstringierend f\u00fcr Mischhaut oder fettige Haut. Reinigende Phytomaske: Es handelt sich um eine pflanzliche Maske, die reich an nat\u00fcrlichen Wirkstoffen ist, darunter Ginseng-, Propolis-, Malven-, Salbei- und S\u00fc\u00dfholzextrakte. Unterst\u00fctzung f\u00fcr fettige Haut und Mischhaut: reinigend, beruhigend, adstringierend und n\u00e4hrend dank der Anwesenheit von Ton, Titandioxid, Kaolin, Bentonit und \u00e4therischem Waldkiefern\u00f6l.","og_url":"https:\/\/uniest.it\/prodotto\/fitomaschera-depurante\/","og_site_name":"Uniest","article_modified_time":"2025-03-03T23:00:46+00:00","og_image":[{"width":1283,"height":2001,"url":"https:\/\/uniest.it\/wp-content\/uploads\/2020\/11\/039AAE.png","type":"image\/png"}],"twitter_card":"summary_large_image","schema":{"@context":"https:\/\/schema.org","@graph":[{"@type":"WebPage","@id":"https:\/\/uniest.it\/prodotto\/fitomaschera-depurante\/","url":"https:\/\/uniest.it\/prodotto\/fitomaschera-depurante\/","name":"Reinigende Phytomaske - Uniest","isPartOf":{"@id":"https:\/\/uniest.it\/#website"},"primaryImageOfPage":{"@id":"https:\/\/uniest.it\/prodotto\/fitomaschera-depurante\/#primaryimage"},"image":{"@id":"https:\/\/uniest.it\/prodotto\/fitomaschera-depurante\/#primaryimage"},"thumbnailUrl":"https:\/\/uniest.it\/wp-content\/uploads\/2020\/11\/039AAE.png","datePublished":"2024-10-29T17:55:52+00:00","dateModified":"2025-03-03T23:00:46+00:00","breadcrumb":{"@id":"https:\/\/uniest.it\/prodotto\/fitomaschera-depurante\/#breadcrumb"},"inLanguage":"de","potentialAction":[{"@type":"ReadAction","target":["https:\/\/uniest.it\/prodotto\/fitomaschera-depurante\/"]}]},{"@type":"ImageObject","inLanguage":"de","@id":"https:\/\/uniest.it\/prodotto\/fitomaschera-depurante\/#primaryimage","url":"https:\/\/uniest.it\/wp-content\/uploads\/2020\/11\/039AAE.png","contentUrl":"https:\/\/uniest.it\/wp-content\/uploads\/2020\/11\/039AAE.png","width":1283,"height":2001},{"@type":"BreadcrumbList","@id":"https:\/\/uniest.it\/prodotto\/fitomaschera-depurante\/#breadcrumb","itemListElement":[{"@type":"ListItem","position":1,"name":"Home","item":"https:\/\/uniest.it\/de\/"},{"@type":"ListItem","position":2,"name":"Shop","item":"https:\/\/uniest.it\/shop\/"},{"@type":"ListItem","position":3,"name":"Reinigende Phytomaske"}]},{"@type":"WebSite","@id":"https:\/\/uniest.it\/#website","url":"https:\/\/uniest.it\/","name":"Uniest","description":"Cosmetici Naturali e Bio","potentialAction":[{"@type":"SearchAction","target":{"@type":"EntryPoint","urlTemplate":"https:\/\/uniest.it\/?s={search_term_string}"},"query-input":{"@type":"PropertyValueSpecification","valueRequired":true,"valueName":"search_term_string"}}],"inLanguage":"de"}]}},"_links":{"self":[{"href":"https:\/\/uniest.it\/de\/wp-json\/wp\/v2\/product\/7064","targetHints":{"allow":["GET"]}}],"collection":[{"href":"https:\/\/uniest.it\/de\/wp-json\/wp\/v2\/product"}],"about":[{"href":"https:\/\/uniest.it\/de\/wp-json\/wp\/v2\/types\/product"}],"wp:featuredmedia":[{"embeddable":true,"href":"https:\/\/uniest.it\/de\/wp-json\/wp\/v2\/media\/7065"}],"wp:attachment":[{"href":"https:\/\/uniest.it\/de\/wp-json\/wp\/v2\/media?parent=7064"}],"wp:term":[{"taxonomy":"product_brand","embeddable":true,"href":"https:\/\/uniest.it\/de\/wp-json\/wp\/v2\/product_brand?post=7064"},{"taxonomy":"product_cat","embeddable":true,"href":"https:\/\/uniest.it\/de\/wp-json\/wp\/v2\/product_cat?post=7064"},{"taxonomy":"product_tag","embeddable":true,"href":"https:\/\/uniest.it\/de\/wp-json\/wp\/v2\/product_tag?post=7064"}],"curies":[{"name":"wp","href":"https:\/\/api.w.org\/{rel}","templated":true}]}}