{"id":7067,"date":"2021-02-04T12:58:44","date_gmt":"2024-10-29T17:55:53","guid":{"rendered":"https:\/\/uniest.it\/prodotto\/kostbares-koerperoel\/"},"modified":"2024-10-29T18:55:53","modified_gmt":"2024-10-29T17:55:53","slug":"kostbares-koerperoel","status":"publish","type":"product","link":"https:\/\/uniest.it\/de\/prodotto\/kostbares-koerperoel\/","title":{"rendered":"KOSTBARES K\u00f6rper\u00f6l"},"content":{"rendered":"<p>Es ist ein ausgezeichneter Sch\u00f6nheitsverb\u00fcndeter, der der Bildung von Dehnungsstreifen, Austrocknung und dem Verlust von Spannkraft und Elastizit\u00e4t vorbeugt. Kostbares K\u00f6rper\u00f6l n\u00e4hrt, gl\u00e4ttet, sch\u00fctzt und hydratisiert die Haut des K\u00f6rpers und macht sie weich und elastisch. Es besteht aus einer Mischung nat\u00fcrlicher \u00d6le (Reiskleie, Weizenkeime, Karotte, Soja, Jojoba, Bio-S\u00fc\u00dfmandeln*, pflanzliches Squalan), die mit ihrer feuchtigkeitsspendenden und gegen freie Radikale wirkenden Wirkung der Haut eine glatte und samtige Wirkung verleihen . . Das kostbare K\u00f6rper\u00f6l kann dank der Wirkstoffe Linderung und Wohlbefinden bringen, dank des Komplexes aus Pflanzenextrakten aus Malve, Ringelblume und Althea in Bio-Sonnenblumen\u00f6l* in Kombination mit dem wertvollen Vitamin C und Vitamin E Es hat daher eine regenerierende Wirkung auf reife Haut, aber auch eine vorbeugende Wirkung auf j\u00fcngere Haut, indem es der Austrocknung vorbeugt, die Elastizit\u00e4t f\u00f6rdert und vorzeitige Hautalterung verz\u00f6gert.<\/p>\n","protected":false},"excerpt":{"rendered":"<p>Es ist ein ausgezeichneter Sch\u00f6nheitsverb\u00fcndeter, der der Bildung von Dehnungsstreifen, Austrocknung und dem Verlust von Spannkraft und Elastizit\u00e4t vorbeugt. Kostbares K\u00f6rper\u00f6l n\u00e4hrt, gl\u00e4ttet, sch\u00fctzt und hydratisiert die Haut des K\u00f6rpers und macht sie weich und elastisch. Es besteht aus einer Mischung nat\u00fcrlicher \u00d6le (Reiskleie, Weizenkeime, Karotte, Soja, Jojoba, Bio-S\u00fc\u00dfmandeln*, pflanzliches Squalan), die mit ihrer feuchtigkeitsspendenden [&hellip;]<\/p>\n","protected":false},"featured_media":7068,"template":"","meta":{"_acf_changed":false,"inline_featured_image":false},"product_brand":[],"product_cat":[1489],"product_tag":[],"class_list":{"0":"post-7067","1":"product","2":"type-product","3":"status-publish","4":"has-post-thumbnail","6":"product_beauty-aromatizzare-e-profumare","7":"product_beauty-idratare","8":"product_beauty-lenire","9":"product_beauty-nutrire-e-rigenerare","10":"product_beauty-rassodare-e-tonificare","11":"product_skin-tutte-le-pelli","12":"product_kind-oli-e-burri","13":"product_lines-corpo-e-benessere","14":"product_cat-corpo-de","15":"pa_size-100-de","17":"first","18":"instock","19":"taxable","20":"shipping-taxable","21":"purchasable","22":"product-type-simple"},"acf":[],"yoast_head":"<!-- This site is optimized with the Yoast SEO plugin v24.6 - https:\/\/yoast.com\/wordpress\/plugins\/seo\/ -->\n<title>KOSTBARES K\u00f6rper\u00f6l - Uniest<\/title>\n<meta name=\"robots\" content=\"index, follow, max-snippet:-1, max-image-preview:large, max-video-preview:-1\" \/>\n<link rel=\"canonical\" href=\"https:\/\/uniest.it\/prodotto\/kostbares-koerperoel\/\" \/>\n<meta property=\"og:locale\" content=\"de_DE\" \/>\n<meta property=\"og:type\" content=\"article\" \/>\n<meta property=\"og:title\" content=\"KOSTBARES K\u00f6rper\u00f6l - Uniest\" \/>\n<meta property=\"og:description\" content=\"Es ist ein ausgezeichneter Sch\u00f6nheitsverb\u00fcndeter, der der Bildung von Dehnungsstreifen, Austrocknung und dem Verlust von Spannkraft und Elastizit\u00e4t vorbeugt. Kostbares K\u00f6rper\u00f6l n\u00e4hrt, gl\u00e4ttet, sch\u00fctzt und hydratisiert die Haut des K\u00f6rpers und macht sie weich und elastisch. Es besteht aus einer Mischung nat\u00fcrlicher \u00d6le (Reiskleie, Weizenkeime, Karotte, Soja, Jojoba, Bio-S\u00fc\u00dfmandeln*, pflanzliches Squalan), die mit ihrer feuchtigkeitsspendenden [&hellip;]\" \/>\n<meta property=\"og:url\" content=\"https:\/\/uniest.it\/prodotto\/kostbares-koerperoel\/\" \/>\n<meta property=\"og:site_name\" content=\"Uniest\" \/>\n<meta name=\"twitter:card\" content=\"summary_large_image\" \/>\n<meta name=\"twitter:label1\" content=\"Gesch\u00e4tzte Lesezeit\" \/>\n\t<meta name=\"twitter:data1\" content=\"1\u00a0Minute\" \/>\n<script type=\"application\/ld+json\" class=\"yoast-schema-graph\">{\"@context\":\"https:\/\/schema.org\",\"@graph\":[{\"@type\":\"WebPage\",\"@id\":\"https:\/\/uniest.it\/prodotto\/kostbares-koerperoel\/\",\"url\":\"https:\/\/uniest.it\/prodotto\/kostbares-koerperoel\/\",\"name\":\"KOSTBARES K\u00f6rper\u00f6l - Uniest\",\"isPartOf\":{\"@id\":\"https:\/\/uniest.it\/#website\"},\"primaryImageOfPage\":{\"@id\":\"https:\/\/uniest.it\/prodotto\/kostbares-koerperoel\/#primaryimage\"},\"image\":{\"@id\":\"https:\/\/uniest.it\/prodotto\/kostbares-koerperoel\/#primaryimage\"},\"thumbnailUrl\":\"https:\/\/uniest.it\/wp-content\/uploads\/2020\/12\/040AAE.png\",\"datePublished\":\"2024-10-29T17:55:53+00:00\",\"breadcrumb\":{\"@id\":\"https:\/\/uniest.it\/prodotto\/kostbares-koerperoel\/#breadcrumb\"},\"inLanguage\":\"de\",\"potentialAction\":[{\"@type\":\"ReadAction\",\"target\":[\"https:\/\/uniest.it\/prodotto\/kostbares-koerperoel\/\"]}]},{\"@type\":\"ImageObject\",\"inLanguage\":\"de\",\"@id\":\"https:\/\/uniest.it\/prodotto\/kostbares-koerperoel\/#primaryimage\",\"url\":\"https:\/\/uniest.it\/wp-content\/uploads\/2020\/12\/040AAE.png\",\"contentUrl\":\"https:\/\/uniest.it\/wp-content\/uploads\/2020\/12\/040AAE.png\",\"width\":1283,\"height\":2001},{\"@type\":\"BreadcrumbList\",\"@id\":\"https:\/\/uniest.it\/prodotto\/kostbares-koerperoel\/#breadcrumb\",\"itemListElement\":[{\"@type\":\"ListItem\",\"position\":1,\"name\":\"Home\",\"item\":\"https:\/\/uniest.it\/de\/\"},{\"@type\":\"ListItem\",\"position\":2,\"name\":\"Shop\",\"item\":\"https:\/\/uniest.it\/shop\/\"},{\"@type\":\"ListItem\",\"position\":3,\"name\":\"KOSTBARES K\u00f6rper\u00f6l\"}]},{\"@type\":\"WebSite\",\"@id\":\"https:\/\/uniest.it\/#website\",\"url\":\"https:\/\/uniest.it\/\",\"name\":\"Uniest\",\"description\":\"Cosmetici Naturali e Bio\",\"potentialAction\":[{\"@type\":\"SearchAction\",\"target\":{\"@type\":\"EntryPoint\",\"urlTemplate\":\"https:\/\/uniest.it\/?s={search_term_string}\"},\"query-input\":{\"@type\":\"PropertyValueSpecification\",\"valueRequired\":true,\"valueName\":\"search_term_string\"}}],\"inLanguage\":\"de\"}]}<\/script>\n<!-- \/ Yoast SEO plugin. -->","yoast_head_json":{"title":"KOSTBARES K\u00f6rper\u00f6l - Uniest","robots":{"index":"index","follow":"follow","max-snippet":"max-snippet:-1","max-image-preview":"max-image-preview:large","max-video-preview":"max-video-preview:-1"},"canonical":"https:\/\/uniest.it\/prodotto\/kostbares-koerperoel\/","og_locale":"de_DE","og_type":"article","og_title":"KOSTBARES K\u00f6rper\u00f6l - Uniest","og_description":"Es ist ein ausgezeichneter Sch\u00f6nheitsverb\u00fcndeter, der der Bildung von Dehnungsstreifen, Austrocknung und dem Verlust von Spannkraft und Elastizit\u00e4t vorbeugt. Kostbares K\u00f6rper\u00f6l n\u00e4hrt, gl\u00e4ttet, sch\u00fctzt und hydratisiert die Haut des K\u00f6rpers und macht sie weich und elastisch. Es besteht aus einer Mischung nat\u00fcrlicher \u00d6le (Reiskleie, Weizenkeime, Karotte, Soja, Jojoba, Bio-S\u00fc\u00dfmandeln*, pflanzliches Squalan), die mit ihrer feuchtigkeitsspendenden [&hellip;]","og_url":"https:\/\/uniest.it\/prodotto\/kostbares-koerperoel\/","og_site_name":"Uniest","twitter_card":"summary_large_image","twitter_misc":{"Gesch\u00e4tzte Lesezeit":"1\u00a0Minute"},"schema":{"@context":"https:\/\/schema.org","@graph":[{"@type":"WebPage","@id":"https:\/\/uniest.it\/prodotto\/kostbares-koerperoel\/","url":"https:\/\/uniest.it\/prodotto\/kostbares-koerperoel\/","name":"KOSTBARES K\u00f6rper\u00f6l - Uniest","isPartOf":{"@id":"https:\/\/uniest.it\/#website"},"primaryImageOfPage":{"@id":"https:\/\/uniest.it\/prodotto\/kostbares-koerperoel\/#primaryimage"},"image":{"@id":"https:\/\/uniest.it\/prodotto\/kostbares-koerperoel\/#primaryimage"},"thumbnailUrl":"https:\/\/uniest.it\/wp-content\/uploads\/2020\/12\/040AAE.png","datePublished":"2024-10-29T17:55:53+00:00","breadcrumb":{"@id":"https:\/\/uniest.it\/prodotto\/kostbares-koerperoel\/#breadcrumb"},"inLanguage":"de","potentialAction":[{"@type":"ReadAction","target":["https:\/\/uniest.it\/prodotto\/kostbares-koerperoel\/"]}]},{"@type":"ImageObject","inLanguage":"de","@id":"https:\/\/uniest.it\/prodotto\/kostbares-koerperoel\/#primaryimage","url":"https:\/\/uniest.it\/wp-content\/uploads\/2020\/12\/040AAE.png","contentUrl":"https:\/\/uniest.it\/wp-content\/uploads\/2020\/12\/040AAE.png","width":1283,"height":2001},{"@type":"BreadcrumbList","@id":"https:\/\/uniest.it\/prodotto\/kostbares-koerperoel\/#breadcrumb","itemListElement":[{"@type":"ListItem","position":1,"name":"Home","item":"https:\/\/uniest.it\/de\/"},{"@type":"ListItem","position":2,"name":"Shop","item":"https:\/\/uniest.it\/shop\/"},{"@type":"ListItem","position":3,"name":"KOSTBARES K\u00f6rper\u00f6l"}]},{"@type":"WebSite","@id":"https:\/\/uniest.it\/#website","url":"https:\/\/uniest.it\/","name":"Uniest","description":"Cosmetici Naturali e Bio","potentialAction":[{"@type":"SearchAction","target":{"@type":"EntryPoint","urlTemplate":"https:\/\/uniest.it\/?s={search_term_string}"},"query-input":{"@type":"PropertyValueSpecification","valueRequired":true,"valueName":"search_term_string"}}],"inLanguage":"de"}]}},"_links":{"self":[{"href":"https:\/\/uniest.it\/de\/wp-json\/wp\/v2\/product\/7067","targetHints":{"allow":["GET"]}}],"collection":[{"href":"https:\/\/uniest.it\/de\/wp-json\/wp\/v2\/product"}],"about":[{"href":"https:\/\/uniest.it\/de\/wp-json\/wp\/v2\/types\/product"}],"wp:featuredmedia":[{"embeddable":true,"href":"https:\/\/uniest.it\/de\/wp-json\/wp\/v2\/media\/7068"}],"wp:attachment":[{"href":"https:\/\/uniest.it\/de\/wp-json\/wp\/v2\/media?parent=7067"}],"wp:term":[{"taxonomy":"product_brand","embeddable":true,"href":"https:\/\/uniest.it\/de\/wp-json\/wp\/v2\/product_brand?post=7067"},{"taxonomy":"product_cat","embeddable":true,"href":"https:\/\/uniest.it\/de\/wp-json\/wp\/v2\/product_cat?post=7067"},{"taxonomy":"product_tag","embeddable":true,"href":"https:\/\/uniest.it\/de\/wp-json\/wp\/v2\/product_tag?post=7067"}],"curies":[{"name":"wp","href":"https:\/\/api.w.org\/{rel}","templated":true}]}}