{"id":7070,"date":"2021-02-04T12:58:44","date_gmt":"2024-10-29T17:55:53","guid":{"rendered":"https:\/\/uniest.it\/prodotto\/kein-stress-badeoel\/"},"modified":"2024-10-29T18:55:53","modified_gmt":"2024-10-29T17:55:53","slug":"kein-stress-badeoel","status":"publish","type":"product","link":"https:\/\/uniest.it\/de\/prodotto\/kein-stress-badeoel\/","title":{"rendered":"KEIN STRESS-Bade\u00f6l"},"content":{"rendered":"<p>No Stress Bath Oil wurde speziell f\u00fcr diejenigen entwickelt, die eine entspannende Pause einlegen m\u00f6chten, f\u00fcr diejenigen, die nachts schlecht schlafen k\u00f6nnen, f\u00fcr diejenigen, die einen stressigen Lebensstil haben und f\u00fcr diejenigen, die sich einfach eine kurze Pause g\u00f6nnen m\u00f6chten. Die fachm\u00e4nnisch formulierte Formel mit \u00e4therischen \u00d6len aus S\u00fc\u00dforange, Zitronenmelisse und Majoran sowie Pflanzenextrakten aus Bio-Kamille*, Echinacea und Baldrian umh\u00fcllt die Haut mit einer angenehm entspannenden und beruhigenden Wirkung, w\u00e4hrend Bio-Ringelblume* und Hamamelis mit ihren beruhigenden Eigenschaften die Haut beruhigen sch\u00fctzen die haut sanft. Auch n\u00fctzlich bei Fu\u00dfb\u00e4dern, bei m\u00fcden und m\u00fcden Beinen.<\/p>\n","protected":false},"excerpt":{"rendered":"<p>No Stress Bath Oil wurde speziell f\u00fcr diejenigen entwickelt, die eine entspannende Pause einlegen m\u00f6chten, f\u00fcr diejenigen, die nachts schlecht schlafen k\u00f6nnen, f\u00fcr diejenigen, die einen stressigen Lebensstil haben und f\u00fcr diejenigen, die sich einfach eine kurze Pause g\u00f6nnen m\u00f6chten. Die fachm\u00e4nnisch formulierte Formel mit \u00e4therischen \u00d6len aus S\u00fc\u00dforange, Zitronenmelisse und Majoran sowie Pflanzenextrakten aus [&hellip;]<\/p>\n","protected":false},"featured_media":7071,"template":"","meta":{"_acf_changed":false,"inline_featured_image":false},"product_brand":[],"product_cat":[1489],"product_tag":[],"class_list":{"0":"post-7070","1":"product","2":"type-product","3":"status-publish","4":"has-post-thumbnail","6":"product_beauty-balsamico","7":"product_beauty-detergere","8":"product_beauty-nutrire-e-rigenerare","9":"product_beauty-rassodare-e-tonificare","10":"product_skin-tutte-le-pelli","11":"product_kind-bagno","12":"product_kind-doccia","13":"product_kind-shampoo-e-detergenza","14":"product_kind-trattamenti-speciali","15":"product_lines-corpo-e-benessere","16":"product_cat-corpo-de","17":"pa_size-100-de","19":"first","20":"instock","21":"taxable","22":"shipping-taxable","23":"purchasable","24":"product-type-simple"},"acf":[],"yoast_head":"<!-- This site is optimized with the Yoast SEO plugin v24.6 - https:\/\/yoast.com\/wordpress\/plugins\/seo\/ -->\n<title>KEIN STRESS-Bade\u00f6l - Uniest<\/title>\n<meta name=\"robots\" content=\"index, follow, max-snippet:-1, max-image-preview:large, max-video-preview:-1\" \/>\n<link rel=\"canonical\" href=\"https:\/\/uniest.it\/prodotto\/kein-stress-badeoel\/\" \/>\n<meta property=\"og:locale\" content=\"de_DE\" \/>\n<meta property=\"og:type\" content=\"article\" \/>\n<meta property=\"og:title\" content=\"KEIN STRESS-Bade\u00f6l - Uniest\" \/>\n<meta property=\"og:description\" content=\"No Stress Bath Oil wurde speziell f\u00fcr diejenigen entwickelt, die eine entspannende Pause einlegen m\u00f6chten, f\u00fcr diejenigen, die nachts schlecht schlafen k\u00f6nnen, f\u00fcr diejenigen, die einen stressigen Lebensstil haben und f\u00fcr diejenigen, die sich einfach eine kurze Pause g\u00f6nnen m\u00f6chten. Die fachm\u00e4nnisch formulierte Formel mit \u00e4therischen \u00d6len aus S\u00fc\u00dforange, Zitronenmelisse und Majoran sowie Pflanzenextrakten aus [&hellip;]\" \/>\n<meta property=\"og:url\" content=\"https:\/\/uniest.it\/prodotto\/kein-stress-badeoel\/\" \/>\n<meta property=\"og:site_name\" content=\"Uniest\" \/>\n<meta name=\"twitter:card\" content=\"summary_large_image\" \/>\n<meta name=\"twitter:label1\" content=\"Gesch\u00e4tzte Lesezeit\" \/>\n\t<meta name=\"twitter:data1\" content=\"1\u00a0Minute\" \/>\n<script type=\"application\/ld+json\" class=\"yoast-schema-graph\">{\"@context\":\"https:\/\/schema.org\",\"@graph\":[{\"@type\":\"WebPage\",\"@id\":\"https:\/\/uniest.it\/prodotto\/kein-stress-badeoel\/\",\"url\":\"https:\/\/uniest.it\/prodotto\/kein-stress-badeoel\/\",\"name\":\"KEIN STRESS-Bade\u00f6l - Uniest\",\"isPartOf\":{\"@id\":\"https:\/\/uniest.it\/#website\"},\"primaryImageOfPage\":{\"@id\":\"https:\/\/uniest.it\/prodotto\/kein-stress-badeoel\/#primaryimage\"},\"image\":{\"@id\":\"https:\/\/uniest.it\/prodotto\/kein-stress-badeoel\/#primaryimage\"},\"thumbnailUrl\":\"https:\/\/uniest.it\/wp-content\/uploads\/2020\/11\/041AAE.png\",\"datePublished\":\"2024-10-29T17:55:53+00:00\",\"breadcrumb\":{\"@id\":\"https:\/\/uniest.it\/prodotto\/kein-stress-badeoel\/#breadcrumb\"},\"inLanguage\":\"de\",\"potentialAction\":[{\"@type\":\"ReadAction\",\"target\":[\"https:\/\/uniest.it\/prodotto\/kein-stress-badeoel\/\"]}]},{\"@type\":\"ImageObject\",\"inLanguage\":\"de\",\"@id\":\"https:\/\/uniest.it\/prodotto\/kein-stress-badeoel\/#primaryimage\",\"url\":\"https:\/\/uniest.it\/wp-content\/uploads\/2020\/11\/041AAE.png\",\"contentUrl\":\"https:\/\/uniest.it\/wp-content\/uploads\/2020\/11\/041AAE.png\",\"width\":1283,\"height\":2001},{\"@type\":\"BreadcrumbList\",\"@id\":\"https:\/\/uniest.it\/prodotto\/kein-stress-badeoel\/#breadcrumb\",\"itemListElement\":[{\"@type\":\"ListItem\",\"position\":1,\"name\":\"Home\",\"item\":\"https:\/\/uniest.it\/de\/\"},{\"@type\":\"ListItem\",\"position\":2,\"name\":\"Shop\",\"item\":\"https:\/\/uniest.it\/shop\/\"},{\"@type\":\"ListItem\",\"position\":3,\"name\":\"KEIN STRESS-Bade\u00f6l\"}]},{\"@type\":\"WebSite\",\"@id\":\"https:\/\/uniest.it\/#website\",\"url\":\"https:\/\/uniest.it\/\",\"name\":\"Uniest\",\"description\":\"Cosmetici Naturali e Bio\",\"potentialAction\":[{\"@type\":\"SearchAction\",\"target\":{\"@type\":\"EntryPoint\",\"urlTemplate\":\"https:\/\/uniest.it\/?s={search_term_string}\"},\"query-input\":{\"@type\":\"PropertyValueSpecification\",\"valueRequired\":true,\"valueName\":\"search_term_string\"}}],\"inLanguage\":\"de\"}]}<\/script>\n<!-- \/ Yoast SEO plugin. -->","yoast_head_json":{"title":"KEIN STRESS-Bade\u00f6l - Uniest","robots":{"index":"index","follow":"follow","max-snippet":"max-snippet:-1","max-image-preview":"max-image-preview:large","max-video-preview":"max-video-preview:-1"},"canonical":"https:\/\/uniest.it\/prodotto\/kein-stress-badeoel\/","og_locale":"de_DE","og_type":"article","og_title":"KEIN STRESS-Bade\u00f6l - Uniest","og_description":"No Stress Bath Oil wurde speziell f\u00fcr diejenigen entwickelt, die eine entspannende Pause einlegen m\u00f6chten, f\u00fcr diejenigen, die nachts schlecht schlafen k\u00f6nnen, f\u00fcr diejenigen, die einen stressigen Lebensstil haben und f\u00fcr diejenigen, die sich einfach eine kurze Pause g\u00f6nnen m\u00f6chten. Die fachm\u00e4nnisch formulierte Formel mit \u00e4therischen \u00d6len aus S\u00fc\u00dforange, Zitronenmelisse und Majoran sowie Pflanzenextrakten aus [&hellip;]","og_url":"https:\/\/uniest.it\/prodotto\/kein-stress-badeoel\/","og_site_name":"Uniest","twitter_card":"summary_large_image","twitter_misc":{"Gesch\u00e4tzte Lesezeit":"1\u00a0Minute"},"schema":{"@context":"https:\/\/schema.org","@graph":[{"@type":"WebPage","@id":"https:\/\/uniest.it\/prodotto\/kein-stress-badeoel\/","url":"https:\/\/uniest.it\/prodotto\/kein-stress-badeoel\/","name":"KEIN STRESS-Bade\u00f6l - Uniest","isPartOf":{"@id":"https:\/\/uniest.it\/#website"},"primaryImageOfPage":{"@id":"https:\/\/uniest.it\/prodotto\/kein-stress-badeoel\/#primaryimage"},"image":{"@id":"https:\/\/uniest.it\/prodotto\/kein-stress-badeoel\/#primaryimage"},"thumbnailUrl":"https:\/\/uniest.it\/wp-content\/uploads\/2020\/11\/041AAE.png","datePublished":"2024-10-29T17:55:53+00:00","breadcrumb":{"@id":"https:\/\/uniest.it\/prodotto\/kein-stress-badeoel\/#breadcrumb"},"inLanguage":"de","potentialAction":[{"@type":"ReadAction","target":["https:\/\/uniest.it\/prodotto\/kein-stress-badeoel\/"]}]},{"@type":"ImageObject","inLanguage":"de","@id":"https:\/\/uniest.it\/prodotto\/kein-stress-badeoel\/#primaryimage","url":"https:\/\/uniest.it\/wp-content\/uploads\/2020\/11\/041AAE.png","contentUrl":"https:\/\/uniest.it\/wp-content\/uploads\/2020\/11\/041AAE.png","width":1283,"height":2001},{"@type":"BreadcrumbList","@id":"https:\/\/uniest.it\/prodotto\/kein-stress-badeoel\/#breadcrumb","itemListElement":[{"@type":"ListItem","position":1,"name":"Home","item":"https:\/\/uniest.it\/de\/"},{"@type":"ListItem","position":2,"name":"Shop","item":"https:\/\/uniest.it\/shop\/"},{"@type":"ListItem","position":3,"name":"KEIN STRESS-Bade\u00f6l"}]},{"@type":"WebSite","@id":"https:\/\/uniest.it\/#website","url":"https:\/\/uniest.it\/","name":"Uniest","description":"Cosmetici Naturali e Bio","potentialAction":[{"@type":"SearchAction","target":{"@type":"EntryPoint","urlTemplate":"https:\/\/uniest.it\/?s={search_term_string}"},"query-input":{"@type":"PropertyValueSpecification","valueRequired":true,"valueName":"search_term_string"}}],"inLanguage":"de"}]}},"_links":{"self":[{"href":"https:\/\/uniest.it\/de\/wp-json\/wp\/v2\/product\/7070","targetHints":{"allow":["GET"]}}],"collection":[{"href":"https:\/\/uniest.it\/de\/wp-json\/wp\/v2\/product"}],"about":[{"href":"https:\/\/uniest.it\/de\/wp-json\/wp\/v2\/types\/product"}],"wp:featuredmedia":[{"embeddable":true,"href":"https:\/\/uniest.it\/de\/wp-json\/wp\/v2\/media\/7071"}],"wp:attachment":[{"href":"https:\/\/uniest.it\/de\/wp-json\/wp\/v2\/media?parent=7070"}],"wp:term":[{"taxonomy":"product_brand","embeddable":true,"href":"https:\/\/uniest.it\/de\/wp-json\/wp\/v2\/product_brand?post=7070"},{"taxonomy":"product_cat","embeddable":true,"href":"https:\/\/uniest.it\/de\/wp-json\/wp\/v2\/product_cat?post=7070"},{"taxonomy":"product_tag","embeddable":true,"href":"https:\/\/uniest.it\/de\/wp-json\/wp\/v2\/product_tag?post=7070"}],"curies":[{"name":"wp","href":"https:\/\/api.w.org\/{rel}","templated":true}]}}