{"id":7073,"date":"2021-02-04T12:58:44","date_gmt":"2024-10-29T17:55:54","guid":{"rendered":"https:\/\/uniest.it\/prodotto\/spirulina-algen-phytomaske\/"},"modified":"2025-03-04T00:00:46","modified_gmt":"2025-03-03T23:00:46","slug":"spirulina-algen-phytomaske","status":"publish","type":"product","link":"https:\/\/uniest.it\/de\/prodotto\/spirulina-algen-phytomaske\/","title":{"rendered":"Spirulina-Algen-Phytomaske"},"content":{"rendered":"<p>Spirulina-Algen-Phytomaske Spirulina-Algen sind dank ihrer wohltuenden Wirkung f\u00fcr die Sch\u00f6nheit der Haut ein wertvoller Verb\u00fcndeter. Vorteile von Spirulina-Algen auf Haut und Gesicht: <\/p>\n<ul>\n<li>Es hat eine Anti-Aging-Wirkung (oder Anti-Aging-Wirkung). Spirulina ist reich an Vitamin E oder Tocopherol, Selen und Tyrosin, alles N\u00e4hrstoffe, die f\u00fcr ihre Anti-Aging-Wirkung bekannt sind;<\/li>\n<li>St\u00e4rkt die Haut und verleiht ihr ein strahlenderes Aussehen;<\/li>\n<li> li>\n<li>Das Vorhandensein der Vitamine C, E, A, K und der Vitamine B2, B3, B1, B5, B9, B6, Zink, Kupfer, Phosphor, Eisen, Mangan, Kalium, Kalzium und Selen macht es daher zu einem ausgezeichneter Rohstoff zur Straffung und Straffung der Haut, da alle diese N\u00e4hrstoffe f\u00fcr eine strahlende Haut notwendig sind;<\/li>\n<li>Entfernt Giftstoffe aus dem K\u00f6rper: Durch die Verbesserung des Stoffwechsels tr\u00e4gt Spirulina dazu bei, Ihr Gesamterscheinungsbild zu verbessern und letztendlich dabei zu helfen die Ausscheidung von Schwermetallen und Giftstoffen aus dem K\u00f6rper. Dar\u00fcber hinaus hilft die hohe Konzentration an darin enthaltenem Chlorophyll, freie Radikale zu eliminieren und Ihre Haut glatter und weicher zu machen.<\/li>\n<li>Es hat eine Anti-Akne-Wirkung: Das in Spirulina enthaltene Vitamin A kann auf die Haut einwirken Beginn dieses Makels und im Allgemeinen bei allen Pathologien, die zum Auftreten eines Ekzems f\u00fchren. Tats\u00e4chlich reguliert Vitamin A die Sekretion der Talgdr\u00fcsen und reduziert so das Auftreten von Pickeln. Spirulina-Algen haben zusammen mit dem Fucus-Pflanzenextrakt, einer an Spurenelementen reichen Meeresalge, eine mineralisierende Wirkung bei der Wiederherstellung des hydrolipidischen Gleichgewichts bei Mischhaut und fettiger Haut. Eine weitere hautreinigende, sch\u00fctzende und geschmeidig machende Wirkung wird durch \u00e4therisches S\u00fc\u00dforangen\u00f6l und Reiskleie\u00f6l erzielt.<\/li>\n<\/ul>\n","protected":false},"excerpt":{"rendered":"<p>Spirulina-Algen-Phytomaske Spirulina-Algen sind dank ihrer wohltuenden Wirkung f\u00fcr die Sch\u00f6nheit der Haut ein wertvoller Verb\u00fcndeter. Vorteile von Spirulina-Algen auf Haut und Gesicht: Es hat eine Anti-Aging-Wirkung (oder Anti-Aging-Wirkung). Spirulina ist reich an Vitamin E oder Tocopherol, Selen und Tyrosin, alles N\u00e4hrstoffe, die f\u00fcr ihre Anti-Aging-Wirkung bekannt sind; St\u00e4rkt die Haut und verleiht ihr ein strahlenderes [&hellip;]<\/p>\n","protected":false},"featured_media":7074,"template":"","meta":{"_acf_changed":false,"inline_featured_image":false},"product_brand":[],"product_cat":[1497],"product_tag":[],"class_list":{"0":"post-7073","1":"product","2":"type-product","3":"status-publish","4":"has-post-thumbnail","6":"product_beauty-detox-e-dren","7":"product_beauty-idratare","8":"product_beauty-lenire","9":"product_beauty-purificare","10":"product_beauty-riequilibrare","11":"product_skin-pelli-grasee-e-impure","12":"product_kind-creme-pelli-complesse","13":"product_kind-maschere-ed-esfolianti","14":"product_kind-trattamenti-speciali","15":"product_lines-pelli-grasse-e-miste","16":"product_cat-viso-de","17":"pa_size-50-de","19":"first","20":"instock","21":"taxable","22":"shipping-taxable","23":"purchasable","24":"product-type-simple"},"acf":[],"yoast_head":"<!-- This site is optimized with the Yoast SEO plugin v24.6 - https:\/\/yoast.com\/wordpress\/plugins\/seo\/ -->\n<title>Spirulina-Algen-Phytomaske - Uniest<\/title>\n<meta name=\"robots\" content=\"index, follow, max-snippet:-1, max-image-preview:large, max-video-preview:-1\" \/>\n<link rel=\"canonical\" href=\"https:\/\/uniest.it\/prodotto\/spirulina-algen-phytomaske\/\" \/>\n<meta property=\"og:locale\" content=\"de_DE\" \/>\n<meta property=\"og:type\" content=\"article\" \/>\n<meta property=\"og:title\" content=\"Spirulina-Algen-Phytomaske - Uniest\" \/>\n<meta property=\"og:description\" content=\"Spirulina-Algen-Phytomaske Spirulina-Algen sind dank ihrer wohltuenden Wirkung f\u00fcr die Sch\u00f6nheit der Haut ein wertvoller Verb\u00fcndeter. Vorteile von Spirulina-Algen auf Haut und Gesicht: Es hat eine Anti-Aging-Wirkung (oder Anti-Aging-Wirkung). Spirulina ist reich an Vitamin E oder Tocopherol, Selen und Tyrosin, alles N\u00e4hrstoffe, die f\u00fcr ihre Anti-Aging-Wirkung bekannt sind; St\u00e4rkt die Haut und verleiht ihr ein strahlenderes [&hellip;]\" \/>\n<meta property=\"og:url\" content=\"https:\/\/uniest.it\/prodotto\/spirulina-algen-phytomaske\/\" \/>\n<meta property=\"og:site_name\" content=\"Uniest\" \/>\n<meta property=\"article:modified_time\" content=\"2025-03-03T23:00:46+00:00\" \/>\n<meta name=\"twitter:card\" content=\"summary_large_image\" \/>\n<meta name=\"twitter:label1\" content=\"Gesch\u00e4tzte Lesezeit\" \/>\n\t<meta name=\"twitter:data1\" content=\"1\u00a0Minute\" \/>\n<script type=\"application\/ld+json\" class=\"yoast-schema-graph\">{\"@context\":\"https:\/\/schema.org\",\"@graph\":[{\"@type\":\"WebPage\",\"@id\":\"https:\/\/uniest.it\/prodotto\/spirulina-algen-phytomaske\/\",\"url\":\"https:\/\/uniest.it\/prodotto\/spirulina-algen-phytomaske\/\",\"name\":\"Spirulina-Algen-Phytomaske - Uniest\",\"isPartOf\":{\"@id\":\"https:\/\/uniest.it\/#website\"},\"primaryImageOfPage\":{\"@id\":\"https:\/\/uniest.it\/prodotto\/spirulina-algen-phytomaske\/#primaryimage\"},\"image\":{\"@id\":\"https:\/\/uniest.it\/prodotto\/spirulina-algen-phytomaske\/#primaryimage\"},\"thumbnailUrl\":\"https:\/\/uniest.it\/wp-content\/uploads\/2020\/11\/042AAE.png\",\"datePublished\":\"2024-10-29T17:55:54+00:00\",\"dateModified\":\"2025-03-03T23:00:46+00:00\",\"breadcrumb\":{\"@id\":\"https:\/\/uniest.it\/prodotto\/spirulina-algen-phytomaske\/#breadcrumb\"},\"inLanguage\":\"de\",\"potentialAction\":[{\"@type\":\"ReadAction\",\"target\":[\"https:\/\/uniest.it\/prodotto\/spirulina-algen-phytomaske\/\"]}]},{\"@type\":\"ImageObject\",\"inLanguage\":\"de\",\"@id\":\"https:\/\/uniest.it\/prodotto\/spirulina-algen-phytomaske\/#primaryimage\",\"url\":\"https:\/\/uniest.it\/wp-content\/uploads\/2020\/11\/042AAE.png\",\"contentUrl\":\"https:\/\/uniest.it\/wp-content\/uploads\/2020\/11\/042AAE.png\",\"width\":1283,\"height\":2001},{\"@type\":\"BreadcrumbList\",\"@id\":\"https:\/\/uniest.it\/prodotto\/spirulina-algen-phytomaske\/#breadcrumb\",\"itemListElement\":[{\"@type\":\"ListItem\",\"position\":1,\"name\":\"Home\",\"item\":\"https:\/\/uniest.it\/de\/\"},{\"@type\":\"ListItem\",\"position\":2,\"name\":\"Shop\",\"item\":\"https:\/\/uniest.it\/shop\/\"},{\"@type\":\"ListItem\",\"position\":3,\"name\":\"Spirulina-Algen-Phytomaske\"}]},{\"@type\":\"WebSite\",\"@id\":\"https:\/\/uniest.it\/#website\",\"url\":\"https:\/\/uniest.it\/\",\"name\":\"Uniest\",\"description\":\"Cosmetici Naturali e Bio\",\"potentialAction\":[{\"@type\":\"SearchAction\",\"target\":{\"@type\":\"EntryPoint\",\"urlTemplate\":\"https:\/\/uniest.it\/?s={search_term_string}\"},\"query-input\":{\"@type\":\"PropertyValueSpecification\",\"valueRequired\":true,\"valueName\":\"search_term_string\"}}],\"inLanguage\":\"de\"}]}<\/script>\n<!-- \/ Yoast SEO plugin. -->","yoast_head_json":{"title":"Spirulina-Algen-Phytomaske - Uniest","robots":{"index":"index","follow":"follow","max-snippet":"max-snippet:-1","max-image-preview":"max-image-preview:large","max-video-preview":"max-video-preview:-1"},"canonical":"https:\/\/uniest.it\/prodotto\/spirulina-algen-phytomaske\/","og_locale":"de_DE","og_type":"article","og_title":"Spirulina-Algen-Phytomaske - Uniest","og_description":"Spirulina-Algen-Phytomaske Spirulina-Algen sind dank ihrer wohltuenden Wirkung f\u00fcr die Sch\u00f6nheit der Haut ein wertvoller Verb\u00fcndeter. Vorteile von Spirulina-Algen auf Haut und Gesicht: Es hat eine Anti-Aging-Wirkung (oder Anti-Aging-Wirkung). Spirulina ist reich an Vitamin E oder Tocopherol, Selen und Tyrosin, alles N\u00e4hrstoffe, die f\u00fcr ihre Anti-Aging-Wirkung bekannt sind; St\u00e4rkt die Haut und verleiht ihr ein strahlenderes [&hellip;]","og_url":"https:\/\/uniest.it\/prodotto\/spirulina-algen-phytomaske\/","og_site_name":"Uniest","article_modified_time":"2025-03-03T23:00:46+00:00","twitter_card":"summary_large_image","twitter_misc":{"Gesch\u00e4tzte Lesezeit":"1\u00a0Minute"},"schema":{"@context":"https:\/\/schema.org","@graph":[{"@type":"WebPage","@id":"https:\/\/uniest.it\/prodotto\/spirulina-algen-phytomaske\/","url":"https:\/\/uniest.it\/prodotto\/spirulina-algen-phytomaske\/","name":"Spirulina-Algen-Phytomaske - Uniest","isPartOf":{"@id":"https:\/\/uniest.it\/#website"},"primaryImageOfPage":{"@id":"https:\/\/uniest.it\/prodotto\/spirulina-algen-phytomaske\/#primaryimage"},"image":{"@id":"https:\/\/uniest.it\/prodotto\/spirulina-algen-phytomaske\/#primaryimage"},"thumbnailUrl":"https:\/\/uniest.it\/wp-content\/uploads\/2020\/11\/042AAE.png","datePublished":"2024-10-29T17:55:54+00:00","dateModified":"2025-03-03T23:00:46+00:00","breadcrumb":{"@id":"https:\/\/uniest.it\/prodotto\/spirulina-algen-phytomaske\/#breadcrumb"},"inLanguage":"de","potentialAction":[{"@type":"ReadAction","target":["https:\/\/uniest.it\/prodotto\/spirulina-algen-phytomaske\/"]}]},{"@type":"ImageObject","inLanguage":"de","@id":"https:\/\/uniest.it\/prodotto\/spirulina-algen-phytomaske\/#primaryimage","url":"https:\/\/uniest.it\/wp-content\/uploads\/2020\/11\/042AAE.png","contentUrl":"https:\/\/uniest.it\/wp-content\/uploads\/2020\/11\/042AAE.png","width":1283,"height":2001},{"@type":"BreadcrumbList","@id":"https:\/\/uniest.it\/prodotto\/spirulina-algen-phytomaske\/#breadcrumb","itemListElement":[{"@type":"ListItem","position":1,"name":"Home","item":"https:\/\/uniest.it\/de\/"},{"@type":"ListItem","position":2,"name":"Shop","item":"https:\/\/uniest.it\/shop\/"},{"@type":"ListItem","position":3,"name":"Spirulina-Algen-Phytomaske"}]},{"@type":"WebSite","@id":"https:\/\/uniest.it\/#website","url":"https:\/\/uniest.it\/","name":"Uniest","description":"Cosmetici Naturali e Bio","potentialAction":[{"@type":"SearchAction","target":{"@type":"EntryPoint","urlTemplate":"https:\/\/uniest.it\/?s={search_term_string}"},"query-input":{"@type":"PropertyValueSpecification","valueRequired":true,"valueName":"search_term_string"}}],"inLanguage":"de"}]}},"_links":{"self":[{"href":"https:\/\/uniest.it\/de\/wp-json\/wp\/v2\/product\/7073","targetHints":{"allow":["GET"]}}],"collection":[{"href":"https:\/\/uniest.it\/de\/wp-json\/wp\/v2\/product"}],"about":[{"href":"https:\/\/uniest.it\/de\/wp-json\/wp\/v2\/types\/product"}],"wp:featuredmedia":[{"embeddable":true,"href":"https:\/\/uniest.it\/de\/wp-json\/wp\/v2\/media\/7074"}],"wp:attachment":[{"href":"https:\/\/uniest.it\/de\/wp-json\/wp\/v2\/media?parent=7073"}],"wp:term":[{"taxonomy":"product_brand","embeddable":true,"href":"https:\/\/uniest.it\/de\/wp-json\/wp\/v2\/product_brand?post=7073"},{"taxonomy":"product_cat","embeddable":true,"href":"https:\/\/uniest.it\/de\/wp-json\/wp\/v2\/product_cat?post=7073"},{"taxonomy":"product_tag","embeddable":true,"href":"https:\/\/uniest.it\/de\/wp-json\/wp\/v2\/product_tag?post=7073"}],"curies":[{"name":"wp","href":"https:\/\/api.w.org\/{rel}","templated":true}]}}