{"id":7076,"date":"2021-02-04T12:58:44","date_gmt":"2024-10-29T17:55:54","guid":{"rendered":"https:\/\/uniest.it\/prodotto\/energy-badeoel\/"},"modified":"2024-10-29T18:55:54","modified_gmt":"2024-10-29T17:55:54","slug":"energy-badeoel","status":"publish","type":"product","link":"https:\/\/uniest.it\/de\/prodotto\/energy-badeoel\/","title":{"rendered":"ENERGY Bade\u00f6l"},"content":{"rendered":"<p>Gewidmet f\u00fcr diejenigen, die nach einem Tag harter Arbeit nicht der M\u00fcdigkeit nachgeben, sondern neue Vitalit\u00e4t und einen Energieschub finden m\u00f6chten. Durch die geschickte Mischung wertvoller nat\u00fcrlicher \u00e4therischer \u00d6le und nat\u00fcrlicher Pflanzenextrakte aus Eukalyptus, Rosmarin, Bio-Aloe*, Bio-Ringelblume*, Menthol, Wacholder, Sandelholz, Kampfer, Johanniskraut, Zypresse und Lavendel ist es gelungen ein Produkt mit au\u00dfergew\u00f6hnlichen Geschmackseigenschaften, anregend, balsamisch und energetisierend. Auch n\u00fctzlich bei einem Fu\u00dfbad, wenn Sie eine tonisierende und erfrischende Wirkung w\u00fcnschen.<\/p>\n","protected":false},"excerpt":{"rendered":"<p>Gewidmet f\u00fcr diejenigen, die nach einem Tag harter Arbeit nicht der M\u00fcdigkeit nachgeben, sondern neue Vitalit\u00e4t und einen Energieschub finden m\u00f6chten. Durch die geschickte Mischung wertvoller nat\u00fcrlicher \u00e4therischer \u00d6le und nat\u00fcrlicher Pflanzenextrakte aus Eukalyptus, Rosmarin, Bio-Aloe*, Bio-Ringelblume*, Menthol, Wacholder, Sandelholz, Kampfer, Johanniskraut, Zypresse und Lavendel ist es gelungen ein Produkt mit au\u00dfergew\u00f6hnlichen Geschmackseigenschaften, anregend, balsamisch [&hellip;]<\/p>\n","protected":false},"featured_media":7077,"template":"","meta":{"_acf_changed":false,"inline_featured_image":false},"product_brand":[],"product_cat":[1489],"product_tag":[],"class_list":{"0":"post-7076","1":"product","2":"type-product","3":"status-publish","4":"has-post-thumbnail","6":"product_beauty-balsamico","7":"product_beauty-detergere","8":"product_beauty-rassodare-e-tonificare","9":"product_skin-tutte-le-pelli","10":"product_kind-bagno","11":"product_kind-doccia","12":"product_kind-shampoo-e-detergenza","13":"product_kind-trattamenti-speciali","14":"product_lines-corpo-e-benessere","15":"product_cat-corpo-de","16":"pa_size-100-de","18":"first","19":"instock","20":"taxable","21":"shipping-taxable","22":"purchasable","23":"product-type-simple"},"acf":[],"yoast_head":"<!-- This site is optimized with the Yoast SEO plugin v24.6 - https:\/\/yoast.com\/wordpress\/plugins\/seo\/ -->\n<title>ENERGY Bade\u00f6l - Uniest<\/title>\n<meta name=\"robots\" content=\"index, follow, max-snippet:-1, max-image-preview:large, max-video-preview:-1\" \/>\n<link rel=\"canonical\" href=\"https:\/\/uniest.it\/prodotto\/energy-badeoel\/\" \/>\n<meta property=\"og:locale\" content=\"de_DE\" \/>\n<meta property=\"og:type\" content=\"article\" \/>\n<meta property=\"og:title\" content=\"ENERGY Bade\u00f6l - Uniest\" \/>\n<meta property=\"og:description\" content=\"Gewidmet f\u00fcr diejenigen, die nach einem Tag harter Arbeit nicht der M\u00fcdigkeit nachgeben, sondern neue Vitalit\u00e4t und einen Energieschub finden m\u00f6chten. Durch die geschickte Mischung wertvoller nat\u00fcrlicher \u00e4therischer \u00d6le und nat\u00fcrlicher Pflanzenextrakte aus Eukalyptus, Rosmarin, Bio-Aloe*, Bio-Ringelblume*, Menthol, Wacholder, Sandelholz, Kampfer, Johanniskraut, Zypresse und Lavendel ist es gelungen ein Produkt mit au\u00dfergew\u00f6hnlichen Geschmackseigenschaften, anregend, balsamisch [&hellip;]\" \/>\n<meta property=\"og:url\" content=\"https:\/\/uniest.it\/prodotto\/energy-badeoel\/\" \/>\n<meta property=\"og:site_name\" content=\"Uniest\" \/>\n<meta name=\"twitter:card\" content=\"summary_large_image\" \/>\n<script type=\"application\/ld+json\" class=\"yoast-schema-graph\">{\"@context\":\"https:\/\/schema.org\",\"@graph\":[{\"@type\":\"WebPage\",\"@id\":\"https:\/\/uniest.it\/prodotto\/energy-badeoel\/\",\"url\":\"https:\/\/uniest.it\/prodotto\/energy-badeoel\/\",\"name\":\"ENERGY Bade\u00f6l - Uniest\",\"isPartOf\":{\"@id\":\"https:\/\/uniest.it\/#website\"},\"primaryImageOfPage\":{\"@id\":\"https:\/\/uniest.it\/prodotto\/energy-badeoel\/#primaryimage\"},\"image\":{\"@id\":\"https:\/\/uniest.it\/prodotto\/energy-badeoel\/#primaryimage\"},\"thumbnailUrl\":\"https:\/\/uniest.it\/wp-content\/uploads\/2020\/11\/043AAE.png\",\"datePublished\":\"2024-10-29T17:55:54+00:00\",\"breadcrumb\":{\"@id\":\"https:\/\/uniest.it\/prodotto\/energy-badeoel\/#breadcrumb\"},\"inLanguage\":\"de\",\"potentialAction\":[{\"@type\":\"ReadAction\",\"target\":[\"https:\/\/uniest.it\/prodotto\/energy-badeoel\/\"]}]},{\"@type\":\"ImageObject\",\"inLanguage\":\"de\",\"@id\":\"https:\/\/uniest.it\/prodotto\/energy-badeoel\/#primaryimage\",\"url\":\"https:\/\/uniest.it\/wp-content\/uploads\/2020\/11\/043AAE.png\",\"contentUrl\":\"https:\/\/uniest.it\/wp-content\/uploads\/2020\/11\/043AAE.png\",\"width\":1283,\"height\":2001},{\"@type\":\"BreadcrumbList\",\"@id\":\"https:\/\/uniest.it\/prodotto\/energy-badeoel\/#breadcrumb\",\"itemListElement\":[{\"@type\":\"ListItem\",\"position\":1,\"name\":\"Home\",\"item\":\"https:\/\/uniest.it\/de\/\"},{\"@type\":\"ListItem\",\"position\":2,\"name\":\"Shop\",\"item\":\"https:\/\/uniest.it\/shop\/\"},{\"@type\":\"ListItem\",\"position\":3,\"name\":\"ENERGY Bade\u00f6l\"}]},{\"@type\":\"WebSite\",\"@id\":\"https:\/\/uniest.it\/#website\",\"url\":\"https:\/\/uniest.it\/\",\"name\":\"Uniest\",\"description\":\"Cosmetici Naturali e Bio\",\"potentialAction\":[{\"@type\":\"SearchAction\",\"target\":{\"@type\":\"EntryPoint\",\"urlTemplate\":\"https:\/\/uniest.it\/?s={search_term_string}\"},\"query-input\":{\"@type\":\"PropertyValueSpecification\",\"valueRequired\":true,\"valueName\":\"search_term_string\"}}],\"inLanguage\":\"de\"}]}<\/script>\n<!-- \/ Yoast SEO plugin. -->","yoast_head_json":{"title":"ENERGY Bade\u00f6l - Uniest","robots":{"index":"index","follow":"follow","max-snippet":"max-snippet:-1","max-image-preview":"max-image-preview:large","max-video-preview":"max-video-preview:-1"},"canonical":"https:\/\/uniest.it\/prodotto\/energy-badeoel\/","og_locale":"de_DE","og_type":"article","og_title":"ENERGY Bade\u00f6l - Uniest","og_description":"Gewidmet f\u00fcr diejenigen, die nach einem Tag harter Arbeit nicht der M\u00fcdigkeit nachgeben, sondern neue Vitalit\u00e4t und einen Energieschub finden m\u00f6chten. Durch die geschickte Mischung wertvoller nat\u00fcrlicher \u00e4therischer \u00d6le und nat\u00fcrlicher Pflanzenextrakte aus Eukalyptus, Rosmarin, Bio-Aloe*, Bio-Ringelblume*, Menthol, Wacholder, Sandelholz, Kampfer, Johanniskraut, Zypresse und Lavendel ist es gelungen ein Produkt mit au\u00dfergew\u00f6hnlichen Geschmackseigenschaften, anregend, balsamisch [&hellip;]","og_url":"https:\/\/uniest.it\/prodotto\/energy-badeoel\/","og_site_name":"Uniest","twitter_card":"summary_large_image","schema":{"@context":"https:\/\/schema.org","@graph":[{"@type":"WebPage","@id":"https:\/\/uniest.it\/prodotto\/energy-badeoel\/","url":"https:\/\/uniest.it\/prodotto\/energy-badeoel\/","name":"ENERGY Bade\u00f6l - Uniest","isPartOf":{"@id":"https:\/\/uniest.it\/#website"},"primaryImageOfPage":{"@id":"https:\/\/uniest.it\/prodotto\/energy-badeoel\/#primaryimage"},"image":{"@id":"https:\/\/uniest.it\/prodotto\/energy-badeoel\/#primaryimage"},"thumbnailUrl":"https:\/\/uniest.it\/wp-content\/uploads\/2020\/11\/043AAE.png","datePublished":"2024-10-29T17:55:54+00:00","breadcrumb":{"@id":"https:\/\/uniest.it\/prodotto\/energy-badeoel\/#breadcrumb"},"inLanguage":"de","potentialAction":[{"@type":"ReadAction","target":["https:\/\/uniest.it\/prodotto\/energy-badeoel\/"]}]},{"@type":"ImageObject","inLanguage":"de","@id":"https:\/\/uniest.it\/prodotto\/energy-badeoel\/#primaryimage","url":"https:\/\/uniest.it\/wp-content\/uploads\/2020\/11\/043AAE.png","contentUrl":"https:\/\/uniest.it\/wp-content\/uploads\/2020\/11\/043AAE.png","width":1283,"height":2001},{"@type":"BreadcrumbList","@id":"https:\/\/uniest.it\/prodotto\/energy-badeoel\/#breadcrumb","itemListElement":[{"@type":"ListItem","position":1,"name":"Home","item":"https:\/\/uniest.it\/de\/"},{"@type":"ListItem","position":2,"name":"Shop","item":"https:\/\/uniest.it\/shop\/"},{"@type":"ListItem","position":3,"name":"ENERGY Bade\u00f6l"}]},{"@type":"WebSite","@id":"https:\/\/uniest.it\/#website","url":"https:\/\/uniest.it\/","name":"Uniest","description":"Cosmetici Naturali e Bio","potentialAction":[{"@type":"SearchAction","target":{"@type":"EntryPoint","urlTemplate":"https:\/\/uniest.it\/?s={search_term_string}"},"query-input":{"@type":"PropertyValueSpecification","valueRequired":true,"valueName":"search_term_string"}}],"inLanguage":"de"}]}},"_links":{"self":[{"href":"https:\/\/uniest.it\/de\/wp-json\/wp\/v2\/product\/7076","targetHints":{"allow":["GET"]}}],"collection":[{"href":"https:\/\/uniest.it\/de\/wp-json\/wp\/v2\/product"}],"about":[{"href":"https:\/\/uniest.it\/de\/wp-json\/wp\/v2\/types\/product"}],"wp:featuredmedia":[{"embeddable":true,"href":"https:\/\/uniest.it\/de\/wp-json\/wp\/v2\/media\/7077"}],"wp:attachment":[{"href":"https:\/\/uniest.it\/de\/wp-json\/wp\/v2\/media?parent=7076"}],"wp:term":[{"taxonomy":"product_brand","embeddable":true,"href":"https:\/\/uniest.it\/de\/wp-json\/wp\/v2\/product_brand?post=7076"},{"taxonomy":"product_cat","embeddable":true,"href":"https:\/\/uniest.it\/de\/wp-json\/wp\/v2\/product_cat?post=7076"},{"taxonomy":"product_tag","embeddable":true,"href":"https:\/\/uniest.it\/de\/wp-json\/wp\/v2\/product_tag?post=7076"}],"curies":[{"name":"wp","href":"https:\/\/api.w.org\/{rel}","templated":true}]}}