{"id":7079,"date":"2024-10-29T18:55:55","date_gmt":"2024-10-29T17:55:55","guid":{"rendered":"https:\/\/uniest.it\/prodotto\/teufelskralle\/"},"modified":"2024-10-29T18:55:55","modified_gmt":"2024-10-29T17:55:55","slug":"teufelskralle","status":"publish","type":"product","link":"https:\/\/uniest.it\/de\/prodotto\/teufelskralle\/","title":{"rendered":"Teufelskralle"},"content":{"rendered":"<p>In der Medizin und Pflanzenheilkunde ist die Teufelskralle f\u00fcr ihre entz\u00fcndungsf\u00f6rdernden Eigenschaften bekannt, da die Pflanze Wirkstoffe enth\u00e4lt, die zur Linderung von Gelenkschmerzen n\u00fctzlich sind. Die wichtigsten wohltuenden Eigenschaften der Teufelskralle liegen in ihren Wurzeln. Diese Eigenschaften sind afrikanischen St\u00e4mmen seit der Antike bekannt und nutzen sie zur Behandlung von Fieber, Infektionen und sogar Malaria. Teufelskralle ist auch bei Nackenschmerzen, Arthritis, rheumatoider Arthritis, Gicht und zur Bek\u00e4mpfung von Bluthochdruck wirksam. Man sagt, dass die Teufelskralle so besonders ist, dass sie auch eine wichtige cholesterinsenkende Funktion erf\u00fcllen kann. Tats\u00e4chlich kann die Teufelskralle dank einiger Substanzen, die Phytosterine genannt werden, die Aufnahme von schlechtem Cholesterin durch den Darm verringern. Die Teufelskralle wird auch denjenigen empfohlen, die unter Akne und\/oder Pickeln leiden, da sie die Haut reinigt und vor \u00e4u\u00dferen Einfl\u00fcssen sch\u00fctzt. Die Teufelskralle verdankt ihren gebr\u00e4uchlichen Namen dem charakteristischen Aussehen ihrer Fr\u00fcchte, die mit \u201eHaken\u201c bedeckt sind. . Die Teufelskralle ist eine geruchlose und bitter schmeckende mehrj\u00e4hrige Pflanze, die in Klimazonen zwischen 17 und 30 Grad in S\u00fcdostafrika w\u00e4chst. Die Kralle w\u00e4chst wild in Namibia, Angola, Botswana und in der Kalahari-W\u00fcste. Im Jahr 1900 wurde es von GH Mehnert, einem deutschen Soldaten, der es verdient hatte, seine Eigenschaften in Deutschland bekannt zu machen, nach Europa eingef\u00fchrt.<\/p>\n","protected":false},"excerpt":{"rendered":"<p>In der Medizin und Pflanzenheilkunde ist die Teufelskralle f\u00fcr ihre entz\u00fcndungsf\u00f6rdernden Eigenschaften bekannt, da die Pflanze Wirkstoffe enth\u00e4lt, die zur Linderung von Gelenkschmerzen n\u00fctzlich sind. Die wichtigsten wohltuenden Eigenschaften der Teufelskralle liegen in ihren Wurzeln. Diese Eigenschaften sind afrikanischen St\u00e4mmen seit der Antike bekannt und nutzen sie zur Behandlung von Fieber, Infektionen und sogar Malaria. [&hellip;]<\/p>\n","protected":false},"featured_media":7080,"template":"","meta":{"_acf_changed":false,"inline_featured_image":false},"product_brand":[],"product_cat":[1486],"product_tag":[],"class_list":{"0":"post-7079","1":"product","2":"type-product","3":"status-publish","4":"has-post-thumbnail","6":"product_beauty-antinfiammatoria","7":"product_beauty-antireumatiche","8":"product_beauty-calmante","9":"product_beauty-digestivo","10":"product_beauty-lenitivo","11":"product_beauty-sedativo","12":"product_kind-integrazione-alimentare","13":"product_kind-opercolo","14":"product_lines-benessere","15":"product_cat-benessere-de","16":"pa_size-100-cps-de","18":"first","19":"outofstock","20":"taxable","21":"shipping-taxable","22":"purchasable","23":"product-type-simple"},"acf":[],"yoast_head":"<!-- This site is optimized with the Yoast SEO plugin v24.6 - https:\/\/yoast.com\/wordpress\/plugins\/seo\/ -->\n<title>Teufelskralle - Uniest<\/title>\n<meta name=\"robots\" content=\"index, follow, max-snippet:-1, max-image-preview:large, max-video-preview:-1\" \/>\n<link rel=\"canonical\" href=\"https:\/\/uniest.it\/prodotto\/teufelskralle\/\" \/>\n<meta property=\"og:locale\" content=\"de_DE\" \/>\n<meta property=\"og:type\" content=\"article\" \/>\n<meta property=\"og:title\" content=\"Teufelskralle - Uniest\" \/>\n<meta property=\"og:description\" content=\"In der Medizin und Pflanzenheilkunde ist die Teufelskralle f\u00fcr ihre entz\u00fcndungsf\u00f6rdernden Eigenschaften bekannt, da die Pflanze Wirkstoffe enth\u00e4lt, die zur Linderung von Gelenkschmerzen n\u00fctzlich sind. Die wichtigsten wohltuenden Eigenschaften der Teufelskralle liegen in ihren Wurzeln. Diese Eigenschaften sind afrikanischen St\u00e4mmen seit der Antike bekannt und nutzen sie zur Behandlung von Fieber, Infektionen und sogar Malaria. [&hellip;]\" \/>\n<meta property=\"og:url\" content=\"https:\/\/uniest.it\/prodotto\/teufelskralle\/\" \/>\n<meta property=\"og:site_name\" content=\"Uniest\" \/>\n<meta name=\"twitter:card\" content=\"summary_large_image\" \/>\n<meta name=\"twitter:label1\" content=\"Gesch\u00e4tzte Lesezeit\" \/>\n\t<meta name=\"twitter:data1\" content=\"1\u00a0Minute\" \/>\n<script type=\"application\/ld+json\" class=\"yoast-schema-graph\">{\"@context\":\"https:\/\/schema.org\",\"@graph\":[{\"@type\":\"WebPage\",\"@id\":\"https:\/\/uniest.it\/prodotto\/teufelskralle\/\",\"url\":\"https:\/\/uniest.it\/prodotto\/teufelskralle\/\",\"name\":\"Teufelskralle - Uniest\",\"isPartOf\":{\"@id\":\"https:\/\/uniest.it\/#website\"},\"primaryImageOfPage\":{\"@id\":\"https:\/\/uniest.it\/prodotto\/teufelskralle\/#primaryimage\"},\"image\":{\"@id\":\"https:\/\/uniest.it\/prodotto\/teufelskralle\/#primaryimage\"},\"thumbnailUrl\":\"https:\/\/uniest.it\/wp-content\/uploads\/2020\/12\/043ZOP.png\",\"datePublished\":\"2024-10-29T17:55:55+00:00\",\"breadcrumb\":{\"@id\":\"https:\/\/uniest.it\/prodotto\/teufelskralle\/#breadcrumb\"},\"inLanguage\":\"de\",\"potentialAction\":[{\"@type\":\"ReadAction\",\"target\":[\"https:\/\/uniest.it\/prodotto\/teufelskralle\/\"]}]},{\"@type\":\"ImageObject\",\"inLanguage\":\"de\",\"@id\":\"https:\/\/uniest.it\/prodotto\/teufelskralle\/#primaryimage\",\"url\":\"https:\/\/uniest.it\/wp-content\/uploads\/2020\/12\/043ZOP.png\",\"contentUrl\":\"https:\/\/uniest.it\/wp-content\/uploads\/2020\/12\/043ZOP.png\",\"width\":1283,\"height\":2000},{\"@type\":\"BreadcrumbList\",\"@id\":\"https:\/\/uniest.it\/prodotto\/teufelskralle\/#breadcrumb\",\"itemListElement\":[{\"@type\":\"ListItem\",\"position\":1,\"name\":\"Home\",\"item\":\"https:\/\/uniest.it\/de\/\"},{\"@type\":\"ListItem\",\"position\":2,\"name\":\"Shop\",\"item\":\"https:\/\/uniest.it\/shop\/\"},{\"@type\":\"ListItem\",\"position\":3,\"name\":\"Teufelskralle\"}]},{\"@type\":\"WebSite\",\"@id\":\"https:\/\/uniest.it\/#website\",\"url\":\"https:\/\/uniest.it\/\",\"name\":\"Uniest\",\"description\":\"Cosmetici Naturali e Bio\",\"potentialAction\":[{\"@type\":\"SearchAction\",\"target\":{\"@type\":\"EntryPoint\",\"urlTemplate\":\"https:\/\/uniest.it\/?s={search_term_string}\"},\"query-input\":{\"@type\":\"PropertyValueSpecification\",\"valueRequired\":true,\"valueName\":\"search_term_string\"}}],\"inLanguage\":\"de\"}]}<\/script>\n<!-- \/ Yoast SEO plugin. -->","yoast_head_json":{"title":"Teufelskralle - Uniest","robots":{"index":"index","follow":"follow","max-snippet":"max-snippet:-1","max-image-preview":"max-image-preview:large","max-video-preview":"max-video-preview:-1"},"canonical":"https:\/\/uniest.it\/prodotto\/teufelskralle\/","og_locale":"de_DE","og_type":"article","og_title":"Teufelskralle - Uniest","og_description":"In der Medizin und Pflanzenheilkunde ist die Teufelskralle f\u00fcr ihre entz\u00fcndungsf\u00f6rdernden Eigenschaften bekannt, da die Pflanze Wirkstoffe enth\u00e4lt, die zur Linderung von Gelenkschmerzen n\u00fctzlich sind. Die wichtigsten wohltuenden Eigenschaften der Teufelskralle liegen in ihren Wurzeln. Diese Eigenschaften sind afrikanischen St\u00e4mmen seit der Antike bekannt und nutzen sie zur Behandlung von Fieber, Infektionen und sogar Malaria. [&hellip;]","og_url":"https:\/\/uniest.it\/prodotto\/teufelskralle\/","og_site_name":"Uniest","twitter_card":"summary_large_image","twitter_misc":{"Gesch\u00e4tzte Lesezeit":"1\u00a0Minute"},"schema":{"@context":"https:\/\/schema.org","@graph":[{"@type":"WebPage","@id":"https:\/\/uniest.it\/prodotto\/teufelskralle\/","url":"https:\/\/uniest.it\/prodotto\/teufelskralle\/","name":"Teufelskralle - Uniest","isPartOf":{"@id":"https:\/\/uniest.it\/#website"},"primaryImageOfPage":{"@id":"https:\/\/uniest.it\/prodotto\/teufelskralle\/#primaryimage"},"image":{"@id":"https:\/\/uniest.it\/prodotto\/teufelskralle\/#primaryimage"},"thumbnailUrl":"https:\/\/uniest.it\/wp-content\/uploads\/2020\/12\/043ZOP.png","datePublished":"2024-10-29T17:55:55+00:00","breadcrumb":{"@id":"https:\/\/uniest.it\/prodotto\/teufelskralle\/#breadcrumb"},"inLanguage":"de","potentialAction":[{"@type":"ReadAction","target":["https:\/\/uniest.it\/prodotto\/teufelskralle\/"]}]},{"@type":"ImageObject","inLanguage":"de","@id":"https:\/\/uniest.it\/prodotto\/teufelskralle\/#primaryimage","url":"https:\/\/uniest.it\/wp-content\/uploads\/2020\/12\/043ZOP.png","contentUrl":"https:\/\/uniest.it\/wp-content\/uploads\/2020\/12\/043ZOP.png","width":1283,"height":2000},{"@type":"BreadcrumbList","@id":"https:\/\/uniest.it\/prodotto\/teufelskralle\/#breadcrumb","itemListElement":[{"@type":"ListItem","position":1,"name":"Home","item":"https:\/\/uniest.it\/de\/"},{"@type":"ListItem","position":2,"name":"Shop","item":"https:\/\/uniest.it\/shop\/"},{"@type":"ListItem","position":3,"name":"Teufelskralle"}]},{"@type":"WebSite","@id":"https:\/\/uniest.it\/#website","url":"https:\/\/uniest.it\/","name":"Uniest","description":"Cosmetici Naturali e Bio","potentialAction":[{"@type":"SearchAction","target":{"@type":"EntryPoint","urlTemplate":"https:\/\/uniest.it\/?s={search_term_string}"},"query-input":{"@type":"PropertyValueSpecification","valueRequired":true,"valueName":"search_term_string"}}],"inLanguage":"de"}]}},"_links":{"self":[{"href":"https:\/\/uniest.it\/de\/wp-json\/wp\/v2\/product\/7079","targetHints":{"allow":["GET"]}}],"collection":[{"href":"https:\/\/uniest.it\/de\/wp-json\/wp\/v2\/product"}],"about":[{"href":"https:\/\/uniest.it\/de\/wp-json\/wp\/v2\/types\/product"}],"wp:featuredmedia":[{"embeddable":true,"href":"https:\/\/uniest.it\/de\/wp-json\/wp\/v2\/media\/7080"}],"wp:attachment":[{"href":"https:\/\/uniest.it\/de\/wp-json\/wp\/v2\/media?parent=7079"}],"wp:term":[{"taxonomy":"product_brand","embeddable":true,"href":"https:\/\/uniest.it\/de\/wp-json\/wp\/v2\/product_brand?post=7079"},{"taxonomy":"product_cat","embeddable":true,"href":"https:\/\/uniest.it\/de\/wp-json\/wp\/v2\/product_cat?post=7079"},{"taxonomy":"product_tag","embeddable":true,"href":"https:\/\/uniest.it\/de\/wp-json\/wp\/v2\/product_tag?post=7079"}],"curies":[{"name":"wp","href":"https:\/\/api.w.org\/{rel}","templated":true}]}}