{"id":7082,"date":"2024-10-29T18:55:55","date_gmt":"2024-10-29T17:55:55","guid":{"rendered":"https:\/\/uniest.it\/prodotto\/talgausgleichende-biotropfen\/"},"modified":"2024-10-29T18:55:55","modified_gmt":"2024-10-29T17:55:55","slug":"talgausgleichende-biotropfen","status":"publish","type":"product","link":"https:\/\/uniest.it\/de\/prodotto\/talgausgleichende-biotropfen\/","title":{"rendered":"Talgausgleichende Biotropfen"},"content":{"rendered":"<p>Talgausgleichende Biotropfen: Sie sind aufgrund ihrer geringen Molek\u00fclgr\u00f6\u00dfe sehr wirksame nat\u00fcrliche Tropfen und werden zur Verwendung vor Cremes und Masken empfohlen, da sie deren besondere Eigenschaften verst\u00e4rken. Sie verf\u00fcgen \u00fcber eine innovative Formel, die die seltenen und wertvollen Wirkstoffe der nat\u00fcrlichen Pflanzenextrakte von Bio-Aloe, Wacholder, Bio-Ringelblume, Rosskastanie und den nat\u00fcrlichen \u00e4therischen \u00d6len von Bitterorange und Zitrone sofort verf\u00fcgbar macht. Eigenschaften der Extrakte: Talgausgleichender nat\u00fcrlicher Biodrops Calendula-Pflanzenextrakt: bekannt f\u00fcr seine bekannten beruhigenden, weichmachenden und geschmeidig machenden Eigenschaften; und nat\u00fcrlicher Wacholderpflanzenextrakt: mit beruhigenden, antiseptischen, stimulierenden und reepithelisierenden Eigenschaften. Bio-Aloe-Pflanzenextrakt: Gel, das durch tiefes Einschneiden der Bl\u00e4tter gewonnen wird, enth\u00e4lt Polysaccharide (Glucomannan), Aminos\u00e4uren, Lipide, Sterole, Tannine und Enzyme. Nat\u00fcrlicher Pflanzenextrakt der Rosskastanie: adstringierende und sch\u00fctzende Eigenschaften f\u00fcr die Kapillaren und \u00e4therisches Zitronen\u00f6l: vitaminisierende, entz\u00fcndungshemmende, aufhellende, antiseptische und adstringierende Eigenschaften. Nat\u00fcrliches \u00e4therisches Bitterorangen\u00f6l: beruhigende, aufhellende, kapillarst\u00e4rkende, geweberegenerierende Eigenschaften; Es ist sehr pflegend und reich an Vitamin C. Die talgausgleichenden Biodrops k\u00f6nnen erg\u00e4nzend an fettigen, unreinen und zu Akne neigenden Stellen, auch unter Cremes und Masken zur Wirkungsverst\u00e4rkung, eingesetzt werden und eignen sich auch hervorragend als Make-up-Basis -hoch.<\/p>\n","protected":false},"excerpt":{"rendered":"<p>Talgausgleichende Biotropfen: Sie sind aufgrund ihrer geringen Molek\u00fclgr\u00f6\u00dfe sehr wirksame nat\u00fcrliche Tropfen und werden zur Verwendung vor Cremes und Masken empfohlen, da sie deren besondere Eigenschaften verst\u00e4rken. Sie verf\u00fcgen \u00fcber eine innovative Formel, die die seltenen und wertvollen Wirkstoffe der nat\u00fcrlichen Pflanzenextrakte von Bio-Aloe, Wacholder, Bio-Ringelblume, Rosskastanie und den nat\u00fcrlichen \u00e4therischen \u00d6len von Bitterorange und [&hellip;]<\/p>\n","protected":false},"featured_media":7083,"template":"","meta":{"_acf_changed":false,"inline_featured_image":false},"product_brand":[],"product_cat":[1497],"product_tag":[],"class_list":{"0":"post-7082","1":"product","2":"type-product","3":"status-publish","4":"has-post-thumbnail","6":"product_beauty-idratare","7":"product_beauty-purificare","8":"product_beauty-riequilibrare","9":"product_skin-pelli-grasse-e-miste","10":"product_kind-tonici-e-lozioni-viso","11":"product_lines-pelli-grasse-e-miste","12":"product_cat-viso-de","13":"pa_size-50-de","15":"first","16":"instock","17":"taxable","18":"shipping-taxable","19":"purchasable","20":"product-type-simple"},"acf":[],"yoast_head":"<!-- This site is optimized with the Yoast SEO plugin v24.6 - https:\/\/yoast.com\/wordpress\/plugins\/seo\/ -->\n<title>Talgausgleichende Biotropfen - Uniest<\/title>\n<meta name=\"robots\" content=\"index, follow, max-snippet:-1, max-image-preview:large, max-video-preview:-1\" \/>\n<link rel=\"canonical\" href=\"https:\/\/uniest.it\/prodotto\/talgausgleichende-biotropfen\/\" \/>\n<meta property=\"og:locale\" content=\"de_DE\" \/>\n<meta property=\"og:type\" content=\"article\" \/>\n<meta property=\"og:title\" content=\"Talgausgleichende Biotropfen - Uniest\" \/>\n<meta property=\"og:description\" content=\"Talgausgleichende Biotropfen: Sie sind aufgrund ihrer geringen Molek\u00fclgr\u00f6\u00dfe sehr wirksame nat\u00fcrliche Tropfen und werden zur Verwendung vor Cremes und Masken empfohlen, da sie deren besondere Eigenschaften verst\u00e4rken. Sie verf\u00fcgen \u00fcber eine innovative Formel, die die seltenen und wertvollen Wirkstoffe der nat\u00fcrlichen Pflanzenextrakte von Bio-Aloe, Wacholder, Bio-Ringelblume, Rosskastanie und den nat\u00fcrlichen \u00e4therischen \u00d6len von Bitterorange und [&hellip;]\" \/>\n<meta property=\"og:url\" content=\"https:\/\/uniest.it\/prodotto\/talgausgleichende-biotropfen\/\" \/>\n<meta property=\"og:site_name\" content=\"Uniest\" \/>\n<meta name=\"twitter:card\" content=\"summary_large_image\" \/>\n<meta name=\"twitter:label1\" content=\"Gesch\u00e4tzte Lesezeit\" \/>\n\t<meta name=\"twitter:data1\" content=\"1\u00a0Minute\" \/>\n<script type=\"application\/ld+json\" class=\"yoast-schema-graph\">{\"@context\":\"https:\/\/schema.org\",\"@graph\":[{\"@type\":\"WebPage\",\"@id\":\"https:\/\/uniest.it\/prodotto\/talgausgleichende-biotropfen\/\",\"url\":\"https:\/\/uniest.it\/prodotto\/talgausgleichende-biotropfen\/\",\"name\":\"Talgausgleichende Biotropfen - Uniest\",\"isPartOf\":{\"@id\":\"https:\/\/uniest.it\/#website\"},\"primaryImageOfPage\":{\"@id\":\"https:\/\/uniest.it\/prodotto\/talgausgleichende-biotropfen\/#primaryimage\"},\"image\":{\"@id\":\"https:\/\/uniest.it\/prodotto\/talgausgleichende-biotropfen\/#primaryimage\"},\"thumbnailUrl\":\"https:\/\/uniest.it\/wp-content\/uploads\/2020\/11\/045AAE.png\",\"datePublished\":\"2024-10-29T17:55:55+00:00\",\"breadcrumb\":{\"@id\":\"https:\/\/uniest.it\/prodotto\/talgausgleichende-biotropfen\/#breadcrumb\"},\"inLanguage\":\"de\",\"potentialAction\":[{\"@type\":\"ReadAction\",\"target\":[\"https:\/\/uniest.it\/prodotto\/talgausgleichende-biotropfen\/\"]}]},{\"@type\":\"ImageObject\",\"inLanguage\":\"de\",\"@id\":\"https:\/\/uniest.it\/prodotto\/talgausgleichende-biotropfen\/#primaryimage\",\"url\":\"https:\/\/uniest.it\/wp-content\/uploads\/2020\/11\/045AAE.png\",\"contentUrl\":\"https:\/\/uniest.it\/wp-content\/uploads\/2020\/11\/045AAE.png\",\"width\":1283,\"height\":2001},{\"@type\":\"BreadcrumbList\",\"@id\":\"https:\/\/uniest.it\/prodotto\/talgausgleichende-biotropfen\/#breadcrumb\",\"itemListElement\":[{\"@type\":\"ListItem\",\"position\":1,\"name\":\"Home\",\"item\":\"https:\/\/uniest.it\/de\/\"},{\"@type\":\"ListItem\",\"position\":2,\"name\":\"Shop\",\"item\":\"https:\/\/uniest.it\/shop\/\"},{\"@type\":\"ListItem\",\"position\":3,\"name\":\"Talgausgleichende Biotropfen\"}]},{\"@type\":\"WebSite\",\"@id\":\"https:\/\/uniest.it\/#website\",\"url\":\"https:\/\/uniest.it\/\",\"name\":\"Uniest\",\"description\":\"Cosmetici Naturali e Bio\",\"potentialAction\":[{\"@type\":\"SearchAction\",\"target\":{\"@type\":\"EntryPoint\",\"urlTemplate\":\"https:\/\/uniest.it\/?s={search_term_string}\"},\"query-input\":{\"@type\":\"PropertyValueSpecification\",\"valueRequired\":true,\"valueName\":\"search_term_string\"}}],\"inLanguage\":\"de\"}]}<\/script>\n<!-- \/ Yoast SEO plugin. -->","yoast_head_json":{"title":"Talgausgleichende Biotropfen - Uniest","robots":{"index":"index","follow":"follow","max-snippet":"max-snippet:-1","max-image-preview":"max-image-preview:large","max-video-preview":"max-video-preview:-1"},"canonical":"https:\/\/uniest.it\/prodotto\/talgausgleichende-biotropfen\/","og_locale":"de_DE","og_type":"article","og_title":"Talgausgleichende Biotropfen - Uniest","og_description":"Talgausgleichende Biotropfen: Sie sind aufgrund ihrer geringen Molek\u00fclgr\u00f6\u00dfe sehr wirksame nat\u00fcrliche Tropfen und werden zur Verwendung vor Cremes und Masken empfohlen, da sie deren besondere Eigenschaften verst\u00e4rken. Sie verf\u00fcgen \u00fcber eine innovative Formel, die die seltenen und wertvollen Wirkstoffe der nat\u00fcrlichen Pflanzenextrakte von Bio-Aloe, Wacholder, Bio-Ringelblume, Rosskastanie und den nat\u00fcrlichen \u00e4therischen \u00d6len von Bitterorange und [&hellip;]","og_url":"https:\/\/uniest.it\/prodotto\/talgausgleichende-biotropfen\/","og_site_name":"Uniest","twitter_card":"summary_large_image","twitter_misc":{"Gesch\u00e4tzte Lesezeit":"1\u00a0Minute"},"schema":{"@context":"https:\/\/schema.org","@graph":[{"@type":"WebPage","@id":"https:\/\/uniest.it\/prodotto\/talgausgleichende-biotropfen\/","url":"https:\/\/uniest.it\/prodotto\/talgausgleichende-biotropfen\/","name":"Talgausgleichende Biotropfen - Uniest","isPartOf":{"@id":"https:\/\/uniest.it\/#website"},"primaryImageOfPage":{"@id":"https:\/\/uniest.it\/prodotto\/talgausgleichende-biotropfen\/#primaryimage"},"image":{"@id":"https:\/\/uniest.it\/prodotto\/talgausgleichende-biotropfen\/#primaryimage"},"thumbnailUrl":"https:\/\/uniest.it\/wp-content\/uploads\/2020\/11\/045AAE.png","datePublished":"2024-10-29T17:55:55+00:00","breadcrumb":{"@id":"https:\/\/uniest.it\/prodotto\/talgausgleichende-biotropfen\/#breadcrumb"},"inLanguage":"de","potentialAction":[{"@type":"ReadAction","target":["https:\/\/uniest.it\/prodotto\/talgausgleichende-biotropfen\/"]}]},{"@type":"ImageObject","inLanguage":"de","@id":"https:\/\/uniest.it\/prodotto\/talgausgleichende-biotropfen\/#primaryimage","url":"https:\/\/uniest.it\/wp-content\/uploads\/2020\/11\/045AAE.png","contentUrl":"https:\/\/uniest.it\/wp-content\/uploads\/2020\/11\/045AAE.png","width":1283,"height":2001},{"@type":"BreadcrumbList","@id":"https:\/\/uniest.it\/prodotto\/talgausgleichende-biotropfen\/#breadcrumb","itemListElement":[{"@type":"ListItem","position":1,"name":"Home","item":"https:\/\/uniest.it\/de\/"},{"@type":"ListItem","position":2,"name":"Shop","item":"https:\/\/uniest.it\/shop\/"},{"@type":"ListItem","position":3,"name":"Talgausgleichende Biotropfen"}]},{"@type":"WebSite","@id":"https:\/\/uniest.it\/#website","url":"https:\/\/uniest.it\/","name":"Uniest","description":"Cosmetici Naturali e Bio","potentialAction":[{"@type":"SearchAction","target":{"@type":"EntryPoint","urlTemplate":"https:\/\/uniest.it\/?s={search_term_string}"},"query-input":{"@type":"PropertyValueSpecification","valueRequired":true,"valueName":"search_term_string"}}],"inLanguage":"de"}]}},"_links":{"self":[{"href":"https:\/\/uniest.it\/de\/wp-json\/wp\/v2\/product\/7082","targetHints":{"allow":["GET"]}}],"collection":[{"href":"https:\/\/uniest.it\/de\/wp-json\/wp\/v2\/product"}],"about":[{"href":"https:\/\/uniest.it\/de\/wp-json\/wp\/v2\/types\/product"}],"wp:featuredmedia":[{"embeddable":true,"href":"https:\/\/uniest.it\/de\/wp-json\/wp\/v2\/media\/7083"}],"wp:attachment":[{"href":"https:\/\/uniest.it\/de\/wp-json\/wp\/v2\/media?parent=7082"}],"wp:term":[{"taxonomy":"product_brand","embeddable":true,"href":"https:\/\/uniest.it\/de\/wp-json\/wp\/v2\/product_brand?post=7082"},{"taxonomy":"product_cat","embeddable":true,"href":"https:\/\/uniest.it\/de\/wp-json\/wp\/v2\/product_cat?post=7082"},{"taxonomy":"product_tag","embeddable":true,"href":"https:\/\/uniest.it\/de\/wp-json\/wp\/v2\/product_tag?post=7082"}],"curies":[{"name":"wp","href":"https:\/\/api.w.org\/{rel}","templated":true}]}}