{"id":7085,"date":"2021-02-04T12:58:44","date_gmt":"2024-10-29T17:55:56","guid":{"rendered":"https:\/\/uniest.it\/prodotto\/bon-bon-bio-lippenstift\/"},"modified":"2024-10-29T18:55:56","modified_gmt":"2024-10-29T17:55:56","slug":"bon-bon-bio-lippenstift","status":"publish","type":"product","link":"https:\/\/uniest.it\/de\/prodotto\/bon-bon-bio-lippenstift\/","title":{"rendered":"Bon Bon Bio-Lippenstift"},"content":{"rendered":"<p>Seine neue, spezielle und sehr nat\u00fcrliche Formulierung wurde entwickelt, um die Lippen weich zu machen und sie vor Rissen und Rissen zu sch\u00fctzen. Dank der wertvollen Basis aus Cera Alba und Kakaobutter sorgt die konstante Anwendung daf\u00fcr, dass Ihre Lippen gesch\u00fctzt, weich, hydratisiert, elastisch und gen\u00e4hrt bleiben. Durch den Zusatz von Vitamin A, Vitamin E und Jojoba\u00f6l ist es f\u00fcr jede Situation geeignet und unverzichtbar. Bei t\u00e4glicher Anwendung ist es ein unverzichtbarer Helfer f\u00fcr die Sch\u00f6nheit unserer Lippen und f\u00fcr deren dauerhafte Festigkeit, da es einen hervorragenden Schutz auch vor Sonnenstrahlen gew\u00e4hrleistet.<\/p>\n","protected":false},"excerpt":{"rendered":"<p>Seine neue, spezielle und sehr nat\u00fcrliche Formulierung wurde entwickelt, um die Lippen weich zu machen und sie vor Rissen und Rissen zu sch\u00fctzen. Dank der wertvollen Basis aus Cera Alba und Kakaobutter sorgt die konstante Anwendung daf\u00fcr, dass Ihre Lippen gesch\u00fctzt, weich, hydratisiert, elastisch und gen\u00e4hrt bleiben. Durch den Zusatz von Vitamin A, Vitamin E [&hellip;]<\/p>\n","protected":false},"featured_media":7086,"template":"","meta":{"_acf_changed":false,"inline_featured_image":false},"product_brand":[],"product_cat":[1491,1497,1489],"product_tag":[],"class_list":{"0":"post-7085","1":"product","2":"type-product","3":"status-publish","4":"has-post-thumbnail","6":"product_beauty-idratare","7":"product_beauty-lenire","8":"product_beauty-nutrire-e-rigenerare","9":"product_beauty-proteggere","10":"product_skin-tutte-le-pelli","11":"product_kind-occhi-e-labbra","12":"product_kind-protezione-solare","13":"product_lines-corpo-e-benessere","14":"product_cat-famiglia-e-pet-de","15":"product_cat-viso-de","16":"product_cat-corpo-de","17":"pa_size-45-cc-de","19":"first","20":"instock","21":"taxable","22":"shipping-taxable","23":"purchasable","24":"product-type-simple"},"acf":[],"yoast_head":"<!-- This site is optimized with the Yoast SEO plugin v24.6 - https:\/\/yoast.com\/wordpress\/plugins\/seo\/ -->\n<title>Bon Bon Bio-Lippenstift - Uniest<\/title>\n<meta name=\"robots\" content=\"index, follow, max-snippet:-1, max-image-preview:large, max-video-preview:-1\" \/>\n<link rel=\"canonical\" href=\"https:\/\/uniest.it\/prodotto\/bon-bon-bio-lippenstift\/\" \/>\n<meta property=\"og:locale\" content=\"de_DE\" \/>\n<meta property=\"og:type\" content=\"article\" \/>\n<meta property=\"og:title\" content=\"Bon Bon Bio-Lippenstift - Uniest\" \/>\n<meta property=\"og:description\" content=\"Seine neue, spezielle und sehr nat\u00fcrliche Formulierung wurde entwickelt, um die Lippen weich zu machen und sie vor Rissen und Rissen zu sch\u00fctzen. Dank der wertvollen Basis aus Cera Alba und Kakaobutter sorgt die konstante Anwendung daf\u00fcr, dass Ihre Lippen gesch\u00fctzt, weich, hydratisiert, elastisch und gen\u00e4hrt bleiben. Durch den Zusatz von Vitamin A, Vitamin E [&hellip;]\" \/>\n<meta property=\"og:url\" content=\"https:\/\/uniest.it\/prodotto\/bon-bon-bio-lippenstift\/\" \/>\n<meta property=\"og:site_name\" content=\"Uniest\" \/>\n<meta name=\"twitter:card\" content=\"summary_large_image\" \/>\n<meta name=\"twitter:label1\" content=\"Gesch\u00e4tzte Lesezeit\" \/>\n\t<meta name=\"twitter:data1\" content=\"1\u00a0Minute\" \/>\n<script type=\"application\/ld+json\" class=\"yoast-schema-graph\">{\"@context\":\"https:\/\/schema.org\",\"@graph\":[{\"@type\":\"WebPage\",\"@id\":\"https:\/\/uniest.it\/prodotto\/bon-bon-bio-lippenstift\/\",\"url\":\"https:\/\/uniest.it\/prodotto\/bon-bon-bio-lippenstift\/\",\"name\":\"Bon Bon Bio-Lippenstift - Uniest\",\"isPartOf\":{\"@id\":\"https:\/\/uniest.it\/#website\"},\"primaryImageOfPage\":{\"@id\":\"https:\/\/uniest.it\/prodotto\/bon-bon-bio-lippenstift\/#primaryimage\"},\"image\":{\"@id\":\"https:\/\/uniest.it\/prodotto\/bon-bon-bio-lippenstift\/#primaryimage\"},\"thumbnailUrl\":\"https:\/\/uniest.it\/wp-content\/uploads\/2020\/12\/046AAE.png\",\"datePublished\":\"2024-10-29T17:55:56+00:00\",\"breadcrumb\":{\"@id\":\"https:\/\/uniest.it\/prodotto\/bon-bon-bio-lippenstift\/#breadcrumb\"},\"inLanguage\":\"de\",\"potentialAction\":[{\"@type\":\"ReadAction\",\"target\":[\"https:\/\/uniest.it\/prodotto\/bon-bon-bio-lippenstift\/\"]}]},{\"@type\":\"ImageObject\",\"inLanguage\":\"de\",\"@id\":\"https:\/\/uniest.it\/prodotto\/bon-bon-bio-lippenstift\/#primaryimage\",\"url\":\"https:\/\/uniest.it\/wp-content\/uploads\/2020\/12\/046AAE.png\",\"contentUrl\":\"https:\/\/uniest.it\/wp-content\/uploads\/2020\/12\/046AAE.png\",\"width\":1283,\"height\":2000},{\"@type\":\"BreadcrumbList\",\"@id\":\"https:\/\/uniest.it\/prodotto\/bon-bon-bio-lippenstift\/#breadcrumb\",\"itemListElement\":[{\"@type\":\"ListItem\",\"position\":1,\"name\":\"Home\",\"item\":\"https:\/\/uniest.it\/de\/\"},{\"@type\":\"ListItem\",\"position\":2,\"name\":\"Shop\",\"item\":\"https:\/\/uniest.it\/shop\/\"},{\"@type\":\"ListItem\",\"position\":3,\"name\":\"Bon Bon Bio-Lippenstift\"}]},{\"@type\":\"WebSite\",\"@id\":\"https:\/\/uniest.it\/#website\",\"url\":\"https:\/\/uniest.it\/\",\"name\":\"Uniest\",\"description\":\"Cosmetici Naturali e Bio\",\"potentialAction\":[{\"@type\":\"SearchAction\",\"target\":{\"@type\":\"EntryPoint\",\"urlTemplate\":\"https:\/\/uniest.it\/?s={search_term_string}\"},\"query-input\":{\"@type\":\"PropertyValueSpecification\",\"valueRequired\":true,\"valueName\":\"search_term_string\"}}],\"inLanguage\":\"de\"}]}<\/script>\n<!-- \/ Yoast SEO plugin. -->","yoast_head_json":{"title":"Bon Bon Bio-Lippenstift - Uniest","robots":{"index":"index","follow":"follow","max-snippet":"max-snippet:-1","max-image-preview":"max-image-preview:large","max-video-preview":"max-video-preview:-1"},"canonical":"https:\/\/uniest.it\/prodotto\/bon-bon-bio-lippenstift\/","og_locale":"de_DE","og_type":"article","og_title":"Bon Bon Bio-Lippenstift - Uniest","og_description":"Seine neue, spezielle und sehr nat\u00fcrliche Formulierung wurde entwickelt, um die Lippen weich zu machen und sie vor Rissen und Rissen zu sch\u00fctzen. Dank der wertvollen Basis aus Cera Alba und Kakaobutter sorgt die konstante Anwendung daf\u00fcr, dass Ihre Lippen gesch\u00fctzt, weich, hydratisiert, elastisch und gen\u00e4hrt bleiben. Durch den Zusatz von Vitamin A, Vitamin E [&hellip;]","og_url":"https:\/\/uniest.it\/prodotto\/bon-bon-bio-lippenstift\/","og_site_name":"Uniest","twitter_card":"summary_large_image","twitter_misc":{"Gesch\u00e4tzte Lesezeit":"1\u00a0Minute"},"schema":{"@context":"https:\/\/schema.org","@graph":[{"@type":"WebPage","@id":"https:\/\/uniest.it\/prodotto\/bon-bon-bio-lippenstift\/","url":"https:\/\/uniest.it\/prodotto\/bon-bon-bio-lippenstift\/","name":"Bon Bon Bio-Lippenstift - Uniest","isPartOf":{"@id":"https:\/\/uniest.it\/#website"},"primaryImageOfPage":{"@id":"https:\/\/uniest.it\/prodotto\/bon-bon-bio-lippenstift\/#primaryimage"},"image":{"@id":"https:\/\/uniest.it\/prodotto\/bon-bon-bio-lippenstift\/#primaryimage"},"thumbnailUrl":"https:\/\/uniest.it\/wp-content\/uploads\/2020\/12\/046AAE.png","datePublished":"2024-10-29T17:55:56+00:00","breadcrumb":{"@id":"https:\/\/uniest.it\/prodotto\/bon-bon-bio-lippenstift\/#breadcrumb"},"inLanguage":"de","potentialAction":[{"@type":"ReadAction","target":["https:\/\/uniest.it\/prodotto\/bon-bon-bio-lippenstift\/"]}]},{"@type":"ImageObject","inLanguage":"de","@id":"https:\/\/uniest.it\/prodotto\/bon-bon-bio-lippenstift\/#primaryimage","url":"https:\/\/uniest.it\/wp-content\/uploads\/2020\/12\/046AAE.png","contentUrl":"https:\/\/uniest.it\/wp-content\/uploads\/2020\/12\/046AAE.png","width":1283,"height":2000},{"@type":"BreadcrumbList","@id":"https:\/\/uniest.it\/prodotto\/bon-bon-bio-lippenstift\/#breadcrumb","itemListElement":[{"@type":"ListItem","position":1,"name":"Home","item":"https:\/\/uniest.it\/de\/"},{"@type":"ListItem","position":2,"name":"Shop","item":"https:\/\/uniest.it\/shop\/"},{"@type":"ListItem","position":3,"name":"Bon Bon Bio-Lippenstift"}]},{"@type":"WebSite","@id":"https:\/\/uniest.it\/#website","url":"https:\/\/uniest.it\/","name":"Uniest","description":"Cosmetici Naturali e Bio","potentialAction":[{"@type":"SearchAction","target":{"@type":"EntryPoint","urlTemplate":"https:\/\/uniest.it\/?s={search_term_string}"},"query-input":{"@type":"PropertyValueSpecification","valueRequired":true,"valueName":"search_term_string"}}],"inLanguage":"de"}]}},"_links":{"self":[{"href":"https:\/\/uniest.it\/de\/wp-json\/wp\/v2\/product\/7085","targetHints":{"allow":["GET"]}}],"collection":[{"href":"https:\/\/uniest.it\/de\/wp-json\/wp\/v2\/product"}],"about":[{"href":"https:\/\/uniest.it\/de\/wp-json\/wp\/v2\/types\/product"}],"wp:featuredmedia":[{"embeddable":true,"href":"https:\/\/uniest.it\/de\/wp-json\/wp\/v2\/media\/7086"}],"wp:attachment":[{"href":"https:\/\/uniest.it\/de\/wp-json\/wp\/v2\/media?parent=7085"}],"wp:term":[{"taxonomy":"product_brand","embeddable":true,"href":"https:\/\/uniest.it\/de\/wp-json\/wp\/v2\/product_brand?post=7085"},{"taxonomy":"product_cat","embeddable":true,"href":"https:\/\/uniest.it\/de\/wp-json\/wp\/v2\/product_cat?post=7085"},{"taxonomy":"product_tag","embeddable":true,"href":"https:\/\/uniest.it\/de\/wp-json\/wp\/v2\/product_tag?post=7085"}],"curies":[{"name":"wp","href":"https:\/\/api.w.org\/{rel}","templated":true}]}}