{"id":7088,"date":"2021-02-04T12:58:44","date_gmt":"2024-10-29T17:55:56","guid":{"rendered":"https:\/\/uniest.it\/prodotto\/fluessige-kristalle\/"},"modified":"2024-10-29T18:55:56","modified_gmt":"2024-10-29T17:55:56","slug":"fluessige-kristalle","status":"publish","type":"product","link":"https:\/\/uniest.it\/de\/prodotto\/fluessige-kristalle\/","title":{"rendered":"Fl\u00fcssige Kristalle"},"content":{"rendered":"<p>Innovative Fl\u00fcssigkristalle, die speziell f\u00fcr die Haarregulierung entwickelt wurden und so den Halt des Stylings erh\u00f6hen. Sie kontrollieren Frizz, versiegeln Spliss und sorgen f\u00fcr Ordnung bei allen Haartypen. Angereichert mit Bio-Lein\u00f6l und s\u00fc\u00dfem Mandel\u00f6l machen sie es zu einem hervorragenden Verb\u00fcndeten f\u00fcr die Sch\u00f6nheit und Gesundheit der Haare. Mit nat\u00fcrlichem Alkohol aus Zuckerr\u00fcben formuliert, spendet es Feuchtigkeit, beschwert das Haar nicht und ist nicht fettig. Es enth\u00e4lt auch einen Solarfilter und ist daher auch im Sommer geeignet.<\/p>\n","protected":false},"excerpt":{"rendered":"<p>Innovative Fl\u00fcssigkristalle, die speziell f\u00fcr die Haarregulierung entwickelt wurden und so den Halt des Stylings erh\u00f6hen. Sie kontrollieren Frizz, versiegeln Spliss und sorgen f\u00fcr Ordnung bei allen Haartypen. Angereichert mit Bio-Lein\u00f6l und s\u00fc\u00dfem Mandel\u00f6l machen sie es zu einem hervorragenden Verb\u00fcndeten f\u00fcr die Sch\u00f6nheit und Gesundheit der Haare. Mit nat\u00fcrlichem Alkohol aus Zuckerr\u00fcben formuliert, spendet [&hellip;]<\/p>\n","protected":false},"featured_media":7089,"template":"","meta":{"_acf_changed":false,"inline_featured_image":false},"product_brand":[],"product_cat":[1487,1489],"product_tag":[],"class_list":{"0":"post-7088","1":"product","2":"type-product","3":"status-publish","4":"has-post-thumbnail","6":"product_beauty-idratare","7":"product_beauty-nutrire-e-rigenerare","8":"product_beauty-proteggere","9":"product_skin-tutti-i-capelli","10":"product_kind-trattamenti-speciali","11":"product_lines-capelli","12":"product_cat-capelli-de","13":"product_cat-corpo-de","14":"pa_size-50-de","16":"first","17":"instock","18":"taxable","19":"shipping-taxable","20":"purchasable","21":"product-type-simple"},"acf":[],"yoast_head":"<!-- This site is optimized with the Yoast SEO plugin v24.6 - https:\/\/yoast.com\/wordpress\/plugins\/seo\/ -->\n<title>Fl\u00fcssige Kristalle - Uniest<\/title>\n<meta name=\"robots\" content=\"index, follow, max-snippet:-1, max-image-preview:large, max-video-preview:-1\" \/>\n<link rel=\"canonical\" href=\"https:\/\/uniest.it\/prodotto\/fluessige-kristalle\/\" \/>\n<meta property=\"og:locale\" content=\"de_DE\" \/>\n<meta property=\"og:type\" content=\"article\" \/>\n<meta property=\"og:title\" content=\"Fl\u00fcssige Kristalle - Uniest\" \/>\n<meta property=\"og:description\" content=\"Innovative Fl\u00fcssigkristalle, die speziell f\u00fcr die Haarregulierung entwickelt wurden und so den Halt des Stylings erh\u00f6hen. Sie kontrollieren Frizz, versiegeln Spliss und sorgen f\u00fcr Ordnung bei allen Haartypen. Angereichert mit Bio-Lein\u00f6l und s\u00fc\u00dfem Mandel\u00f6l machen sie es zu einem hervorragenden Verb\u00fcndeten f\u00fcr die Sch\u00f6nheit und Gesundheit der Haare. Mit nat\u00fcrlichem Alkohol aus Zuckerr\u00fcben formuliert, spendet [&hellip;]\" \/>\n<meta property=\"og:url\" content=\"https:\/\/uniest.it\/prodotto\/fluessige-kristalle\/\" \/>\n<meta property=\"og:site_name\" content=\"Uniest\" \/>\n<meta name=\"twitter:card\" content=\"summary_large_image\" \/>\n<script type=\"application\/ld+json\" class=\"yoast-schema-graph\">{\"@context\":\"https:\/\/schema.org\",\"@graph\":[{\"@type\":\"WebPage\",\"@id\":\"https:\/\/uniest.it\/prodotto\/fluessige-kristalle\/\",\"url\":\"https:\/\/uniest.it\/prodotto\/fluessige-kristalle\/\",\"name\":\"Fl\u00fcssige Kristalle - Uniest\",\"isPartOf\":{\"@id\":\"https:\/\/uniest.it\/#website\"},\"primaryImageOfPage\":{\"@id\":\"https:\/\/uniest.it\/prodotto\/fluessige-kristalle\/#primaryimage\"},\"image\":{\"@id\":\"https:\/\/uniest.it\/prodotto\/fluessige-kristalle\/#primaryimage\"},\"thumbnailUrl\":\"https:\/\/uniest.it\/wp-content\/uploads\/2020\/12\/047AAE.png\",\"datePublished\":\"2024-10-29T17:55:56+00:00\",\"breadcrumb\":{\"@id\":\"https:\/\/uniest.it\/prodotto\/fluessige-kristalle\/#breadcrumb\"},\"inLanguage\":\"de\",\"potentialAction\":[{\"@type\":\"ReadAction\",\"target\":[\"https:\/\/uniest.it\/prodotto\/fluessige-kristalle\/\"]}]},{\"@type\":\"ImageObject\",\"inLanguage\":\"de\",\"@id\":\"https:\/\/uniest.it\/prodotto\/fluessige-kristalle\/#primaryimage\",\"url\":\"https:\/\/uniest.it\/wp-content\/uploads\/2020\/12\/047AAE.png\",\"contentUrl\":\"https:\/\/uniest.it\/wp-content\/uploads\/2020\/12\/047AAE.png\",\"width\":1283,\"height\":2000},{\"@type\":\"BreadcrumbList\",\"@id\":\"https:\/\/uniest.it\/prodotto\/fluessige-kristalle\/#breadcrumb\",\"itemListElement\":[{\"@type\":\"ListItem\",\"position\":1,\"name\":\"Home\",\"item\":\"https:\/\/uniest.it\/de\/\"},{\"@type\":\"ListItem\",\"position\":2,\"name\":\"Shop\",\"item\":\"https:\/\/uniest.it\/shop\/\"},{\"@type\":\"ListItem\",\"position\":3,\"name\":\"Fl\u00fcssige Kristalle\"}]},{\"@type\":\"WebSite\",\"@id\":\"https:\/\/uniest.it\/#website\",\"url\":\"https:\/\/uniest.it\/\",\"name\":\"Uniest\",\"description\":\"Cosmetici Naturali e Bio\",\"potentialAction\":[{\"@type\":\"SearchAction\",\"target\":{\"@type\":\"EntryPoint\",\"urlTemplate\":\"https:\/\/uniest.it\/?s={search_term_string}\"},\"query-input\":{\"@type\":\"PropertyValueSpecification\",\"valueRequired\":true,\"valueName\":\"search_term_string\"}}],\"inLanguage\":\"de\"}]}<\/script>\n<!-- \/ Yoast SEO plugin. -->","yoast_head_json":{"title":"Fl\u00fcssige Kristalle - Uniest","robots":{"index":"index","follow":"follow","max-snippet":"max-snippet:-1","max-image-preview":"max-image-preview:large","max-video-preview":"max-video-preview:-1"},"canonical":"https:\/\/uniest.it\/prodotto\/fluessige-kristalle\/","og_locale":"de_DE","og_type":"article","og_title":"Fl\u00fcssige Kristalle - Uniest","og_description":"Innovative Fl\u00fcssigkristalle, die speziell f\u00fcr die Haarregulierung entwickelt wurden und so den Halt des Stylings erh\u00f6hen. Sie kontrollieren Frizz, versiegeln Spliss und sorgen f\u00fcr Ordnung bei allen Haartypen. Angereichert mit Bio-Lein\u00f6l und s\u00fc\u00dfem Mandel\u00f6l machen sie es zu einem hervorragenden Verb\u00fcndeten f\u00fcr die Sch\u00f6nheit und Gesundheit der Haare. Mit nat\u00fcrlichem Alkohol aus Zuckerr\u00fcben formuliert, spendet [&hellip;]","og_url":"https:\/\/uniest.it\/prodotto\/fluessige-kristalle\/","og_site_name":"Uniest","twitter_card":"summary_large_image","schema":{"@context":"https:\/\/schema.org","@graph":[{"@type":"WebPage","@id":"https:\/\/uniest.it\/prodotto\/fluessige-kristalle\/","url":"https:\/\/uniest.it\/prodotto\/fluessige-kristalle\/","name":"Fl\u00fcssige Kristalle - Uniest","isPartOf":{"@id":"https:\/\/uniest.it\/#website"},"primaryImageOfPage":{"@id":"https:\/\/uniest.it\/prodotto\/fluessige-kristalle\/#primaryimage"},"image":{"@id":"https:\/\/uniest.it\/prodotto\/fluessige-kristalle\/#primaryimage"},"thumbnailUrl":"https:\/\/uniest.it\/wp-content\/uploads\/2020\/12\/047AAE.png","datePublished":"2024-10-29T17:55:56+00:00","breadcrumb":{"@id":"https:\/\/uniest.it\/prodotto\/fluessige-kristalle\/#breadcrumb"},"inLanguage":"de","potentialAction":[{"@type":"ReadAction","target":["https:\/\/uniest.it\/prodotto\/fluessige-kristalle\/"]}]},{"@type":"ImageObject","inLanguage":"de","@id":"https:\/\/uniest.it\/prodotto\/fluessige-kristalle\/#primaryimage","url":"https:\/\/uniest.it\/wp-content\/uploads\/2020\/12\/047AAE.png","contentUrl":"https:\/\/uniest.it\/wp-content\/uploads\/2020\/12\/047AAE.png","width":1283,"height":2000},{"@type":"BreadcrumbList","@id":"https:\/\/uniest.it\/prodotto\/fluessige-kristalle\/#breadcrumb","itemListElement":[{"@type":"ListItem","position":1,"name":"Home","item":"https:\/\/uniest.it\/de\/"},{"@type":"ListItem","position":2,"name":"Shop","item":"https:\/\/uniest.it\/shop\/"},{"@type":"ListItem","position":3,"name":"Fl\u00fcssige Kristalle"}]},{"@type":"WebSite","@id":"https:\/\/uniest.it\/#website","url":"https:\/\/uniest.it\/","name":"Uniest","description":"Cosmetici Naturali e Bio","potentialAction":[{"@type":"SearchAction","target":{"@type":"EntryPoint","urlTemplate":"https:\/\/uniest.it\/?s={search_term_string}"},"query-input":{"@type":"PropertyValueSpecification","valueRequired":true,"valueName":"search_term_string"}}],"inLanguage":"de"}]}},"_links":{"self":[{"href":"https:\/\/uniest.it\/de\/wp-json\/wp\/v2\/product\/7088","targetHints":{"allow":["GET"]}}],"collection":[{"href":"https:\/\/uniest.it\/de\/wp-json\/wp\/v2\/product"}],"about":[{"href":"https:\/\/uniest.it\/de\/wp-json\/wp\/v2\/types\/product"}],"wp:featuredmedia":[{"embeddable":true,"href":"https:\/\/uniest.it\/de\/wp-json\/wp\/v2\/media\/7089"}],"wp:attachment":[{"href":"https:\/\/uniest.it\/de\/wp-json\/wp\/v2\/media?parent=7088"}],"wp:term":[{"taxonomy":"product_brand","embeddable":true,"href":"https:\/\/uniest.it\/de\/wp-json\/wp\/v2\/product_brand?post=7088"},{"taxonomy":"product_cat","embeddable":true,"href":"https:\/\/uniest.it\/de\/wp-json\/wp\/v2\/product_cat?post=7088"},{"taxonomy":"product_tag","embeddable":true,"href":"https:\/\/uniest.it\/de\/wp-json\/wp\/v2\/product_tag?post=7088"}],"curies":[{"name":"wp","href":"https:\/\/api.w.org\/{rel}","templated":true}]}}