{"id":7091,"date":"2021-02-04T12:59:03","date_gmt":"2024-10-29T17:55:57","guid":{"rendered":"https:\/\/uniest.it\/prodotto\/elastisierende-reinigungsmilch\/"},"modified":"2025-03-04T00:00:47","modified_gmt":"2025-03-03T23:00:47","slug":"elastisierende-reinigungsmilch","status":"publish","type":"product","link":"https:\/\/uniest.it\/de\/prodotto\/elastisierende-reinigungsmilch\/","title":{"rendered":"Elastisierende Reinigungsmilch"},"content":{"rendered":"<p>*Es ist m\u00f6glich, dass die Verpackung vom Foto abweicht. Elasticizing Soft Herbal Cleansing Milk ist eine cremige Fl\u00fcssigkeit, die sich ideal zum Entfernen von Make-up und Unreinheiten am Ende des Tages eignet und die Gesundheit der Zellprozesse erh\u00e4lt. Um den nat\u00fcrlichen Prozess der Zellregeneration und -reparatur zu f\u00f6rdern und zu verst\u00e4rken, ist es besonders abends sehr wichtig, die Substanzen zu entfernen, die sich im Gesicht ablagern. Dieses Produkt l\u00e4sst sich besonders einfach auftragen und enth\u00e4lt beruhigende, feuchtigkeitsspendende und pflegende Inhaltsstoffe, die den behandelten Bereichen zahlreiche Vorteile bieten. Die elastische, sanfte Kr\u00e4uterreinigungsmilch ist reich an Mineralsalzen, Zucker, Alpha-Hydroxys\u00e4uren, Aminos\u00e4uren und Vitaminen, die eine reinigende, feuchtigkeitsspendende und n\u00e4hrende Wirkung auf unsere Haut haben. Das Vorhandensein nat\u00fcrlicher Pflanzenextrakte aus Ginseng und Linde, die in Kombination mit Bio-S\u00fc\u00dfmandel\u00f6l und pflanzlichem Squalan eine sch\u00fctzende, feuchtigkeitsspendende, geschmeidig machende und restrukturierende Wirkung haben.<\/p>\n","protected":false},"excerpt":{"rendered":"<p>*Es ist m\u00f6glich, dass die Verpackung vom Foto abweicht. Elasticizing Soft Herbal Cleansing Milk ist eine cremige Fl\u00fcssigkeit, die sich ideal zum Entfernen von Make-up und Unreinheiten am Ende des Tages eignet und die Gesundheit der Zellprozesse erh\u00e4lt. Um den nat\u00fcrlichen Prozess der Zellregeneration und -reparatur zu f\u00f6rdern und zu verst\u00e4rken, ist es besonders abends [&hellip;]<\/p>\n","protected":false},"featured_media":7092,"template":"","meta":{"_acf_changed":false,"inline_featured_image":false},"product_brand":[],"product_cat":[1497],"product_tag":[],"class_list":{"0":"post-7091","1":"product","2":"type-product","3":"status-publish","4":"has-post-thumbnail","6":"product_beauty-antirughe","7":"product_beauty-detergere","8":"product_beauty-idratare","9":"product_beauty-rassodare-e-tonificare","10":"product_skin-pelli-mature-e-rughe","11":"product_kind-detergenti-e-struccanti-viso","12":"product_lines-antirughe","13":"product_cat-viso-de","14":"pa_size-200-de","16":"first","17":"instock","18":"taxable","19":"shipping-taxable","20":"purchasable","21":"product-type-simple"},"acf":[],"yoast_head":"<!-- This site is optimized with the Yoast SEO plugin v24.6 - https:\/\/yoast.com\/wordpress\/plugins\/seo\/ -->\n<title>Elastisierende Reinigungsmilch - Uniest<\/title>\n<meta name=\"robots\" content=\"index, follow, max-snippet:-1, max-image-preview:large, max-video-preview:-1\" \/>\n<link rel=\"canonical\" href=\"https:\/\/uniest.it\/prodotto\/elastisierende-reinigungsmilch\/\" \/>\n<meta property=\"og:locale\" content=\"de_DE\" \/>\n<meta property=\"og:type\" content=\"article\" \/>\n<meta property=\"og:title\" content=\"Elastisierende Reinigungsmilch - Uniest\" \/>\n<meta property=\"og:description\" content=\"*Es ist m\u00f6glich, dass die Verpackung vom Foto abweicht. Elasticizing Soft Herbal Cleansing Milk ist eine cremige Fl\u00fcssigkeit, die sich ideal zum Entfernen von Make-up und Unreinheiten am Ende des Tages eignet und die Gesundheit der Zellprozesse erh\u00e4lt. Um den nat\u00fcrlichen Prozess der Zellregeneration und -reparatur zu f\u00f6rdern und zu verst\u00e4rken, ist es besonders abends [&hellip;]\" \/>\n<meta property=\"og:url\" content=\"https:\/\/uniest.it\/prodotto\/elastisierende-reinigungsmilch\/\" \/>\n<meta property=\"og:site_name\" content=\"Uniest\" \/>\n<meta property=\"article:modified_time\" content=\"2025-03-03T23:00:47+00:00\" \/>\n<meta name=\"twitter:card\" content=\"summary_large_image\" \/>\n<meta name=\"twitter:label1\" content=\"Gesch\u00e4tzte Lesezeit\" \/>\n\t<meta name=\"twitter:data1\" content=\"1\u00a0Minute\" \/>\n<script type=\"application\/ld+json\" class=\"yoast-schema-graph\">{\"@context\":\"https:\/\/schema.org\",\"@graph\":[{\"@type\":\"WebPage\",\"@id\":\"https:\/\/uniest.it\/prodotto\/elastisierende-reinigungsmilch\/\",\"url\":\"https:\/\/uniest.it\/prodotto\/elastisierende-reinigungsmilch\/\",\"name\":\"Elastisierende Reinigungsmilch - Uniest\",\"isPartOf\":{\"@id\":\"https:\/\/uniest.it\/#website\"},\"primaryImageOfPage\":{\"@id\":\"https:\/\/uniest.it\/prodotto\/elastisierende-reinigungsmilch\/#primaryimage\"},\"image\":{\"@id\":\"https:\/\/uniest.it\/prodotto\/elastisierende-reinigungsmilch\/#primaryimage\"},\"thumbnailUrl\":\"https:\/\/uniest.it\/wp-content\/uploads\/2020\/11\/048AAE.png\",\"datePublished\":\"2024-10-29T17:55:57+00:00\",\"dateModified\":\"2025-03-03T23:00:47+00:00\",\"breadcrumb\":{\"@id\":\"https:\/\/uniest.it\/prodotto\/elastisierende-reinigungsmilch\/#breadcrumb\"},\"inLanguage\":\"de\",\"potentialAction\":[{\"@type\":\"ReadAction\",\"target\":[\"https:\/\/uniest.it\/prodotto\/elastisierende-reinigungsmilch\/\"]}]},{\"@type\":\"ImageObject\",\"inLanguage\":\"de\",\"@id\":\"https:\/\/uniest.it\/prodotto\/elastisierende-reinigungsmilch\/#primaryimage\",\"url\":\"https:\/\/uniest.it\/wp-content\/uploads\/2020\/11\/048AAE.png\",\"contentUrl\":\"https:\/\/uniest.it\/wp-content\/uploads\/2020\/11\/048AAE.png\",\"width\":1283,\"height\":2001},{\"@type\":\"BreadcrumbList\",\"@id\":\"https:\/\/uniest.it\/prodotto\/elastisierende-reinigungsmilch\/#breadcrumb\",\"itemListElement\":[{\"@type\":\"ListItem\",\"position\":1,\"name\":\"Home\",\"item\":\"https:\/\/uniest.it\/de\/\"},{\"@type\":\"ListItem\",\"position\":2,\"name\":\"Shop\",\"item\":\"https:\/\/uniest.it\/shop\/\"},{\"@type\":\"ListItem\",\"position\":3,\"name\":\"Elastisierende Reinigungsmilch\"}]},{\"@type\":\"WebSite\",\"@id\":\"https:\/\/uniest.it\/#website\",\"url\":\"https:\/\/uniest.it\/\",\"name\":\"Uniest\",\"description\":\"Cosmetici Naturali e Bio\",\"potentialAction\":[{\"@type\":\"SearchAction\",\"target\":{\"@type\":\"EntryPoint\",\"urlTemplate\":\"https:\/\/uniest.it\/?s={search_term_string}\"},\"query-input\":{\"@type\":\"PropertyValueSpecification\",\"valueRequired\":true,\"valueName\":\"search_term_string\"}}],\"inLanguage\":\"de\"}]}<\/script>\n<!-- \/ Yoast SEO plugin. -->","yoast_head_json":{"title":"Elastisierende Reinigungsmilch - Uniest","robots":{"index":"index","follow":"follow","max-snippet":"max-snippet:-1","max-image-preview":"max-image-preview:large","max-video-preview":"max-video-preview:-1"},"canonical":"https:\/\/uniest.it\/prodotto\/elastisierende-reinigungsmilch\/","og_locale":"de_DE","og_type":"article","og_title":"Elastisierende Reinigungsmilch - Uniest","og_description":"*Es ist m\u00f6glich, dass die Verpackung vom Foto abweicht. Elasticizing Soft Herbal Cleansing Milk ist eine cremige Fl\u00fcssigkeit, die sich ideal zum Entfernen von Make-up und Unreinheiten am Ende des Tages eignet und die Gesundheit der Zellprozesse erh\u00e4lt. Um den nat\u00fcrlichen Prozess der Zellregeneration und -reparatur zu f\u00f6rdern und zu verst\u00e4rken, ist es besonders abends [&hellip;]","og_url":"https:\/\/uniest.it\/prodotto\/elastisierende-reinigungsmilch\/","og_site_name":"Uniest","article_modified_time":"2025-03-03T23:00:47+00:00","twitter_card":"summary_large_image","twitter_misc":{"Gesch\u00e4tzte Lesezeit":"1\u00a0Minute"},"schema":{"@context":"https:\/\/schema.org","@graph":[{"@type":"WebPage","@id":"https:\/\/uniest.it\/prodotto\/elastisierende-reinigungsmilch\/","url":"https:\/\/uniest.it\/prodotto\/elastisierende-reinigungsmilch\/","name":"Elastisierende Reinigungsmilch - Uniest","isPartOf":{"@id":"https:\/\/uniest.it\/#website"},"primaryImageOfPage":{"@id":"https:\/\/uniest.it\/prodotto\/elastisierende-reinigungsmilch\/#primaryimage"},"image":{"@id":"https:\/\/uniest.it\/prodotto\/elastisierende-reinigungsmilch\/#primaryimage"},"thumbnailUrl":"https:\/\/uniest.it\/wp-content\/uploads\/2020\/11\/048AAE.png","datePublished":"2024-10-29T17:55:57+00:00","dateModified":"2025-03-03T23:00:47+00:00","breadcrumb":{"@id":"https:\/\/uniest.it\/prodotto\/elastisierende-reinigungsmilch\/#breadcrumb"},"inLanguage":"de","potentialAction":[{"@type":"ReadAction","target":["https:\/\/uniest.it\/prodotto\/elastisierende-reinigungsmilch\/"]}]},{"@type":"ImageObject","inLanguage":"de","@id":"https:\/\/uniest.it\/prodotto\/elastisierende-reinigungsmilch\/#primaryimage","url":"https:\/\/uniest.it\/wp-content\/uploads\/2020\/11\/048AAE.png","contentUrl":"https:\/\/uniest.it\/wp-content\/uploads\/2020\/11\/048AAE.png","width":1283,"height":2001},{"@type":"BreadcrumbList","@id":"https:\/\/uniest.it\/prodotto\/elastisierende-reinigungsmilch\/#breadcrumb","itemListElement":[{"@type":"ListItem","position":1,"name":"Home","item":"https:\/\/uniest.it\/de\/"},{"@type":"ListItem","position":2,"name":"Shop","item":"https:\/\/uniest.it\/shop\/"},{"@type":"ListItem","position":3,"name":"Elastisierende Reinigungsmilch"}]},{"@type":"WebSite","@id":"https:\/\/uniest.it\/#website","url":"https:\/\/uniest.it\/","name":"Uniest","description":"Cosmetici Naturali e Bio","potentialAction":[{"@type":"SearchAction","target":{"@type":"EntryPoint","urlTemplate":"https:\/\/uniest.it\/?s={search_term_string}"},"query-input":{"@type":"PropertyValueSpecification","valueRequired":true,"valueName":"search_term_string"}}],"inLanguage":"de"}]}},"_links":{"self":[{"href":"https:\/\/uniest.it\/de\/wp-json\/wp\/v2\/product\/7091","targetHints":{"allow":["GET"]}}],"collection":[{"href":"https:\/\/uniest.it\/de\/wp-json\/wp\/v2\/product"}],"about":[{"href":"https:\/\/uniest.it\/de\/wp-json\/wp\/v2\/types\/product"}],"wp:featuredmedia":[{"embeddable":true,"href":"https:\/\/uniest.it\/de\/wp-json\/wp\/v2\/media\/7092"}],"wp:attachment":[{"href":"https:\/\/uniest.it\/de\/wp-json\/wp\/v2\/media?parent=7091"}],"wp:term":[{"taxonomy":"product_brand","embeddable":true,"href":"https:\/\/uniest.it\/de\/wp-json\/wp\/v2\/product_brand?post=7091"},{"taxonomy":"product_cat","embeddable":true,"href":"https:\/\/uniest.it\/de\/wp-json\/wp\/v2\/product_cat?post=7091"},{"taxonomy":"product_tag","embeddable":true,"href":"https:\/\/uniest.it\/de\/wp-json\/wp\/v2\/product_tag?post=7091"}],"curies":[{"name":"wp","href":"https:\/\/api.w.org\/{rel}","templated":true}]}}