{"id":7094,"date":"2022-06-28T21:00:03","date_gmt":"2024-10-29T17:55:57","guid":{"rendered":"https:\/\/uniest.it\/prodotto\/leave-in-hitzeschutzcreme\/"},"modified":"2024-10-29T18:55:57","modified_gmt":"2024-10-29T17:55:57","slug":"leave-in-hitzeschutzcreme","status":"publish","type":"product","link":"https:\/\/uniest.it\/de\/prodotto\/leave-in-hitzeschutzcreme\/","title":{"rendered":"Leave-in-Hitzeschutzcreme"},"content":{"rendered":"<p>Aggressive Behandlungen (F\u00f6n, Gl\u00e4tteisen, F\u00e4rbemittel, Bleichmittel), Sonne, Smog, Schwimmbadchlor, Meersalz und andere verschiedene Situationen k\u00f6nnen die Gesundheit unseres Haares auf die Probe stellen und es stumpf, br\u00fcchig, spr\u00f6de, unterern\u00e4hrt und str\u00e4hnig machen. , undiszipliniert, gebrochen mit Spliss. Um all diesen Problemen entgegenzuwirken, wurde die <strong>Leave-In Cream<\/strong> speziell in unseren Labors untersucht und auf Basis eines <strong>Thermo Protector<\/strong><u>pflanzlichen Ursprungs<\/u>< stark formuliert >. <\/strong>Dieser wertvolle Wirkstoff ist in der Lage, das nat\u00fcrliche Aussehen des Haares zu verbessern, da er die Funktion hat, durch chemische Behandlungen und Hitze verursachte Sch\u00e4den zu <strong><u>reparieren<\/u><\/strong>. Die Haarfasern zeigen nach der Anwendung eine deutliche Steigerung von Glanz, Vitalit\u00e4t und St\u00e4rke, Sch\u00e4den werden gemildert, das Haar wird neu strukturiert, neu geboren und zeigt sein bestes Aussehen. <u>Dieser wertvolle Wirkstoff ist tats\u00e4chlich in der Lage<\/u>: <\/p>\n<ul>\n<li>die Haarfasern neu zu strukturieren;<\/li>\n<li>die Integrit\u00e4t des Haares zu verbessern, wodurch das Haar widerstandsf\u00e4higer wird gegen sch\u00e4dliche Faktoren;<\/li>\n<li>sch\u00fctzen Sie das Haar vor Hitzebehandlungen;<\/li>\n<li>verbessern Sie die sensorischen und physikalischen Eigenschaften des Haares und erh\u00f6hen Sie deutlich seine Helligkeit und Vitalit\u00e4t;<\/li>\n<li>wiederherstellen das nat\u00fcrliche Aussehen des Haares, da es die sch\u00e4dlichen Auswirkungen chemischer Behandlungen und k\u00f6rperlicher Belastung repariert.<\/li>\n<\/ul>\n<p> <strong>Leave-In Cream<\/strong> wurde au\u00dferdem mit <strong>< u> angereichert Bio-Aloe*<\/u><\/strong> und <strong><u>Bio-Sheabutter<\/u><\/strong>*, die: <\/p>\n<ul>\n<li>helfen, die Nagelhaut zu schlie\u00dfen;<\/li >\n<li> Bilden Sie einen nat\u00fcrlichen Schutzfilm, der der Verdunstung des in der Haarfaser enthaltenen Wassers entgegenwirkt und so deren Austrocknung verhindert.<\/li>\n<li>Verhindert die Bildung von unsch\u00f6nem Spliss.<\/li>\n<\/ul>\n<p> Die spezielle Formulierung verhindert dies Es fettet oder beschwert das Haar, hat au\u00dferdem eine entwirrende Wirkung, erleichtert das Styling, sch\u00fctzt das Haar vor Hitze und reguliert krauses Haar. F\u00fcr revitalisiertes, gesch\u00fctztes, gl\u00e4nzendes, gesundes, weiches, seidiges und gl\u00e4nzendes Haar (ohne fettiges Gef\u00fchl). Dar\u00fcber hinaus werden die Haare entwirrt, sind leichter k\u00e4mmbar und leichter.<\/p>\n","protected":false},"excerpt":{"rendered":"<p>Aggressive Behandlungen (F\u00f6n, Gl\u00e4tteisen, F\u00e4rbemittel, Bleichmittel), Sonne, Smog, Schwimmbadchlor, Meersalz und andere verschiedene Situationen k\u00f6nnen die Gesundheit unseres Haares auf die Probe stellen und es stumpf, br\u00fcchig, spr\u00f6de, unterern\u00e4hrt und str\u00e4hnig machen. , undiszipliniert, gebrochen mit Spliss. Um all diesen Problemen entgegenzuwirken, wurde die Leave-In Cream speziell in unseren Labors untersucht und auf Basis eines [&hellip;]<\/p>\n","protected":false},"featured_media":7095,"template":"","meta":{"_acf_changed":false,"inline_featured_image":false},"product_brand":[],"product_cat":[1487,1489],"product_tag":[],"class_list":{"0":"post-7094","1":"product","2":"type-product","3":"status-publish","4":"has-post-thumbnail","6":"product_beauty-idratare","7":"product_beauty-nutrire-e-rigenerare","8":"product_beauty-proteggere","9":"product_skin-tutti-i-capelli","10":"product_kind-trattamenti-speciali","11":"product_lines-capelli","12":"product_cat-capelli-de","13":"product_cat-corpo-de","14":"pa_size-150-de","16":"first","17":"instock","18":"taxable","19":"shipping-taxable","20":"purchasable","21":"product-type-simple"},"acf":[],"yoast_head":"<!-- This site is optimized with the Yoast SEO plugin v24.6 - https:\/\/yoast.com\/wordpress\/plugins\/seo\/ -->\n<title>Leave-in-Hitzeschutzcreme - Uniest<\/title>\n<meta name=\"robots\" content=\"index, follow, max-snippet:-1, max-image-preview:large, max-video-preview:-1\" \/>\n<link rel=\"canonical\" href=\"https:\/\/uniest.it\/de\/prodotto\/leave-in-hitzeschutzcreme\/\" \/>\n<meta property=\"og:locale\" content=\"de_DE\" \/>\n<meta property=\"og:type\" content=\"article\" \/>\n<meta property=\"og:title\" content=\"Leave-in-Hitzeschutzcreme - Uniest\" \/>\n<meta property=\"og:description\" content=\"Aggressive Behandlungen (F\u00f6n, Gl\u00e4tteisen, F\u00e4rbemittel, Bleichmittel), Sonne, Smog, Schwimmbadchlor, Meersalz und andere verschiedene Situationen k\u00f6nnen die Gesundheit unseres Haares auf die Probe stellen und es stumpf, br\u00fcchig, spr\u00f6de, unterern\u00e4hrt und str\u00e4hnig machen. , undiszipliniert, gebrochen mit Spliss. Um all diesen Problemen entgegenzuwirken, wurde die Leave-In Cream speziell in unseren Labors untersucht und auf Basis eines [&hellip;]\" \/>\n<meta property=\"og:url\" content=\"https:\/\/uniest.it\/de\/prodotto\/leave-in-hitzeschutzcreme\/\" \/>\n<meta property=\"og:site_name\" content=\"Uniest\" \/>\n<meta property=\"og:image\" content=\"https:\/\/uniest.it\/wp-content\/uploads\/2020\/11\/049AAE.png\" \/>\n\t<meta property=\"og:image:width\" content=\"1283\" \/>\n\t<meta property=\"og:image:height\" content=\"2000\" \/>\n\t<meta property=\"og:image:type\" content=\"image\/png\" \/>\n<meta name=\"twitter:card\" content=\"summary_large_image\" \/>\n<meta name=\"twitter:label1\" content=\"Gesch\u00e4tzte Lesezeit\" \/>\n\t<meta name=\"twitter:data1\" content=\"2\u00a0Minuten\" \/>\n<script type=\"application\/ld+json\" class=\"yoast-schema-graph\">{\"@context\":\"https:\/\/schema.org\",\"@graph\":[{\"@type\":\"WebPage\",\"@id\":\"https:\/\/uniest.it\/de\/prodotto\/leave-in-hitzeschutzcreme\/\",\"url\":\"https:\/\/uniest.it\/de\/prodotto\/leave-in-hitzeschutzcreme\/\",\"name\":\"Leave-in-Hitzeschutzcreme - Uniest\",\"isPartOf\":{\"@id\":\"https:\/\/uniest.it\/#website\"},\"primaryImageOfPage\":{\"@id\":\"https:\/\/uniest.it\/de\/prodotto\/leave-in-hitzeschutzcreme\/#primaryimage\"},\"image\":{\"@id\":\"https:\/\/uniest.it\/de\/prodotto\/leave-in-hitzeschutzcreme\/#primaryimage\"},\"thumbnailUrl\":\"https:\/\/uniest.it\/wp-content\/uploads\/2020\/11\/049AAE.png\",\"datePublished\":\"2024-10-29T17:55:57+00:00\",\"breadcrumb\":{\"@id\":\"https:\/\/uniest.it\/de\/prodotto\/leave-in-hitzeschutzcreme\/#breadcrumb\"},\"inLanguage\":\"de\",\"potentialAction\":[{\"@type\":\"ReadAction\",\"target\":[\"https:\/\/uniest.it\/de\/prodotto\/leave-in-hitzeschutzcreme\/\"]}]},{\"@type\":\"ImageObject\",\"inLanguage\":\"de\",\"@id\":\"https:\/\/uniest.it\/de\/prodotto\/leave-in-hitzeschutzcreme\/#primaryimage\",\"url\":\"https:\/\/uniest.it\/wp-content\/uploads\/2020\/11\/049AAE.png\",\"contentUrl\":\"https:\/\/uniest.it\/wp-content\/uploads\/2020\/11\/049AAE.png\",\"width\":1283,\"height\":2000},{\"@type\":\"BreadcrumbList\",\"@id\":\"https:\/\/uniest.it\/de\/prodotto\/leave-in-hitzeschutzcreme\/#breadcrumb\",\"itemListElement\":[{\"@type\":\"ListItem\",\"position\":1,\"name\":\"Home\",\"item\":\"https:\/\/uniest.it\/de\/\"},{\"@type\":\"ListItem\",\"position\":2,\"name\":\"Shop\",\"item\":\"https:\/\/uniest.it\/shop\/\"},{\"@type\":\"ListItem\",\"position\":3,\"name\":\"Leave-in-Hitzeschutzcreme\"}]},{\"@type\":\"WebSite\",\"@id\":\"https:\/\/uniest.it\/#website\",\"url\":\"https:\/\/uniest.it\/\",\"name\":\"Uniest\",\"description\":\"Cosmetici Naturali e Bio\",\"potentialAction\":[{\"@type\":\"SearchAction\",\"target\":{\"@type\":\"EntryPoint\",\"urlTemplate\":\"https:\/\/uniest.it\/?s={search_term_string}\"},\"query-input\":{\"@type\":\"PropertyValueSpecification\",\"valueRequired\":true,\"valueName\":\"search_term_string\"}}],\"inLanguage\":\"de\"}]}<\/script>\n<!-- \/ Yoast SEO plugin. -->","yoast_head_json":{"title":"Leave-in-Hitzeschutzcreme - Uniest","robots":{"index":"index","follow":"follow","max-snippet":"max-snippet:-1","max-image-preview":"max-image-preview:large","max-video-preview":"max-video-preview:-1"},"canonical":"https:\/\/uniest.it\/de\/prodotto\/leave-in-hitzeschutzcreme\/","og_locale":"de_DE","og_type":"article","og_title":"Leave-in-Hitzeschutzcreme - Uniest","og_description":"Aggressive Behandlungen (F\u00f6n, Gl\u00e4tteisen, F\u00e4rbemittel, Bleichmittel), Sonne, Smog, Schwimmbadchlor, Meersalz und andere verschiedene Situationen k\u00f6nnen die Gesundheit unseres Haares auf die Probe stellen und es stumpf, br\u00fcchig, spr\u00f6de, unterern\u00e4hrt und str\u00e4hnig machen. , undiszipliniert, gebrochen mit Spliss. Um all diesen Problemen entgegenzuwirken, wurde die Leave-In Cream speziell in unseren Labors untersucht und auf Basis eines [&hellip;]","og_url":"https:\/\/uniest.it\/de\/prodotto\/leave-in-hitzeschutzcreme\/","og_site_name":"Uniest","og_image":[{"width":1283,"height":2000,"url":"https:\/\/uniest.it\/wp-content\/uploads\/2020\/11\/049AAE.png","type":"image\/png"}],"twitter_card":"summary_large_image","twitter_misc":{"Gesch\u00e4tzte Lesezeit":"2\u00a0Minuten"},"schema":{"@context":"https:\/\/schema.org","@graph":[{"@type":"WebPage","@id":"https:\/\/uniest.it\/de\/prodotto\/leave-in-hitzeschutzcreme\/","url":"https:\/\/uniest.it\/de\/prodotto\/leave-in-hitzeschutzcreme\/","name":"Leave-in-Hitzeschutzcreme - Uniest","isPartOf":{"@id":"https:\/\/uniest.it\/#website"},"primaryImageOfPage":{"@id":"https:\/\/uniest.it\/de\/prodotto\/leave-in-hitzeschutzcreme\/#primaryimage"},"image":{"@id":"https:\/\/uniest.it\/de\/prodotto\/leave-in-hitzeschutzcreme\/#primaryimage"},"thumbnailUrl":"https:\/\/uniest.it\/wp-content\/uploads\/2020\/11\/049AAE.png","datePublished":"2024-10-29T17:55:57+00:00","breadcrumb":{"@id":"https:\/\/uniest.it\/de\/prodotto\/leave-in-hitzeschutzcreme\/#breadcrumb"},"inLanguage":"de","potentialAction":[{"@type":"ReadAction","target":["https:\/\/uniest.it\/de\/prodotto\/leave-in-hitzeschutzcreme\/"]}]},{"@type":"ImageObject","inLanguage":"de","@id":"https:\/\/uniest.it\/de\/prodotto\/leave-in-hitzeschutzcreme\/#primaryimage","url":"https:\/\/uniest.it\/wp-content\/uploads\/2020\/11\/049AAE.png","contentUrl":"https:\/\/uniest.it\/wp-content\/uploads\/2020\/11\/049AAE.png","width":1283,"height":2000},{"@type":"BreadcrumbList","@id":"https:\/\/uniest.it\/de\/prodotto\/leave-in-hitzeschutzcreme\/#breadcrumb","itemListElement":[{"@type":"ListItem","position":1,"name":"Home","item":"https:\/\/uniest.it\/de\/"},{"@type":"ListItem","position":2,"name":"Shop","item":"https:\/\/uniest.it\/shop\/"},{"@type":"ListItem","position":3,"name":"Leave-in-Hitzeschutzcreme"}]},{"@type":"WebSite","@id":"https:\/\/uniest.it\/#website","url":"https:\/\/uniest.it\/","name":"Uniest","description":"Cosmetici Naturali e Bio","potentialAction":[{"@type":"SearchAction","target":{"@type":"EntryPoint","urlTemplate":"https:\/\/uniest.it\/?s={search_term_string}"},"query-input":{"@type":"PropertyValueSpecification","valueRequired":true,"valueName":"search_term_string"}}],"inLanguage":"de"}]}},"_links":{"self":[{"href":"https:\/\/uniest.it\/de\/wp-json\/wp\/v2\/product\/7094","targetHints":{"allow":["GET"]}}],"collection":[{"href":"https:\/\/uniest.it\/de\/wp-json\/wp\/v2\/product"}],"about":[{"href":"https:\/\/uniest.it\/de\/wp-json\/wp\/v2\/types\/product"}],"wp:featuredmedia":[{"embeddable":true,"href":"https:\/\/uniest.it\/de\/wp-json\/wp\/v2\/media\/7095"}],"wp:attachment":[{"href":"https:\/\/uniest.it\/de\/wp-json\/wp\/v2\/media?parent=7094"}],"wp:term":[{"taxonomy":"product_brand","embeddable":true,"href":"https:\/\/uniest.it\/de\/wp-json\/wp\/v2\/product_brand?post=7094"},{"taxonomy":"product_cat","embeddable":true,"href":"https:\/\/uniest.it\/de\/wp-json\/wp\/v2\/product_cat?post=7094"},{"taxonomy":"product_tag","embeddable":true,"href":"https:\/\/uniest.it\/de\/wp-json\/wp\/v2\/product_tag?post=7094"}],"curies":[{"name":"wp","href":"https:\/\/api.w.org\/{rel}","templated":true}]}}