{"id":7097,"date":"2021-02-04T12:59:03","date_gmt":"2024-10-29T17:55:58","guid":{"rendered":"https:\/\/uniest.it\/prodotto\/moon-beam-after-sun-emulsion\/"},"modified":"2024-10-29T18:55:58","modified_gmt":"2024-10-29T17:55:58","slug":"moon-beam-after-sun-emulsion","status":"publish","type":"product","link":"https:\/\/uniest.it\/de\/prodotto\/moon-beam-after-sun-emulsion\/","title":{"rendered":"Moon Beam After Sun-Emulsion"},"content":{"rendered":"<p>Moon Beam ist eine zarte feuchtigkeitsspendende und erfrischende After-Sun-Emulsion. Die Eigenschaften von Bio-S\u00fc\u00dfmandel-, Kokosnuss- und Walnussschalen\u00f6l in Kombination mit denen von Bio-Limetten- und Bio-Aloe-Pflanzenextrakten spenden Feuchtigkeit und beruhigen die Haut, nachdem sie der Sonne oder UV-Lampen ausgesetzt war . Johanniskraut- und Echinacea-Extrakte verleihen der Haut in Kombination mit \u00e4therischen \u00d6len aus Menthol und Waldkiefer Elastizit\u00e4t, Geschmeidigkeit und Frische. Althea- und Malvenextrakte sch\u00fctzen und machen die Haut immer weicher. Der Bio-Ringelblumenextrakt mit seinen reepithelisierenden, erfrischenden und weichmachenden Eigenschaften sowie die Bio-Kamillen- und Zitronenmelissenextrakte mit weichmachender und beruhigender Wirkung machen es besonders f\u00fcr sehr empfindliche Haut geeignet. Bei regelm\u00e4\u00dfiger Anwendung bleibt die Haut dank des Reiskleie\u00f6ls, das reich an Gamma-Oryzanol und Vitamin E ist, elastisch und straff.<\/p>\n","protected":false},"excerpt":{"rendered":"<p>Moon Beam ist eine zarte feuchtigkeitsspendende und erfrischende After-Sun-Emulsion. Die Eigenschaften von Bio-S\u00fc\u00dfmandel-, Kokosnuss- und Walnussschalen\u00f6l in Kombination mit denen von Bio-Limetten- und Bio-Aloe-Pflanzenextrakten spenden Feuchtigkeit und beruhigen die Haut, nachdem sie der Sonne oder UV-Lampen ausgesetzt war . Johanniskraut- und Echinacea-Extrakte verleihen der Haut in Kombination mit \u00e4therischen \u00d6len aus Menthol und Waldkiefer Elastizit\u00e4t, [&hellip;]<\/p>\n","protected":false},"featured_media":7100,"template":"","meta":{"_acf_changed":false,"inline_featured_image":false},"product_brand":[],"product_cat":[1495],"product_tag":[],"class_list":{"0":"post-7097","1":"product","2":"type-product","3":"status-publish","4":"has-post-thumbnail","6":"product_beauty-balsamico","7":"product_beauty-idratare","8":"product_beauty-lenire","9":"product_beauty-nutrire-e-rigenerare","10":"product_beauty-proteggere","11":"product_beauty-rassodare-e-tonificare","12":"product_skin-tutte-le-pelli","13":"product_kind-creme-antieta-e-prime-rughe","14":"product_kind-protezione-solare","15":"product_kind-tutte-le-creme-corpo","16":"product_kind-tutte-le-creme-viso","17":"product_lines-solari","18":"product_cat-solar","19":"pa_size-150-de","21":"first","22":"instock","23":"taxable","24":"shipping-taxable","25":"purchasable","26":"product-type-simple"},"acf":[],"yoast_head":"<!-- This site is optimized with the Yoast SEO plugin v24.6 - https:\/\/yoast.com\/wordpress\/plugins\/seo\/ -->\n<title>Moon Beam After Sun-Emulsion - Uniest<\/title>\n<meta name=\"robots\" content=\"index, follow, max-snippet:-1, max-image-preview:large, max-video-preview:-1\" \/>\n<link rel=\"canonical\" href=\"https:\/\/uniest.it\/prodotto\/moon-beam-after-sun-emulsion\/\" \/>\n<meta property=\"og:locale\" content=\"de_DE\" \/>\n<meta property=\"og:type\" content=\"article\" \/>\n<meta property=\"og:title\" content=\"Moon Beam After Sun-Emulsion - Uniest\" \/>\n<meta property=\"og:description\" content=\"Moon Beam ist eine zarte feuchtigkeitsspendende und erfrischende After-Sun-Emulsion. Die Eigenschaften von Bio-S\u00fc\u00dfmandel-, Kokosnuss- und Walnussschalen\u00f6l in Kombination mit denen von Bio-Limetten- und Bio-Aloe-Pflanzenextrakten spenden Feuchtigkeit und beruhigen die Haut, nachdem sie der Sonne oder UV-Lampen ausgesetzt war . Johanniskraut- und Echinacea-Extrakte verleihen der Haut in Kombination mit \u00e4therischen \u00d6len aus Menthol und Waldkiefer Elastizit\u00e4t, [&hellip;]\" \/>\n<meta property=\"og:url\" content=\"https:\/\/uniest.it\/prodotto\/moon-beam-after-sun-emulsion\/\" \/>\n<meta property=\"og:site_name\" content=\"Uniest\" \/>\n<meta name=\"twitter:card\" content=\"summary_large_image\" \/>\n<meta name=\"twitter:label1\" content=\"Gesch\u00e4tzte Lesezeit\" \/>\n\t<meta name=\"twitter:data1\" content=\"1\u00a0Minute\" \/>\n<script type=\"application\/ld+json\" class=\"yoast-schema-graph\">{\"@context\":\"https:\/\/schema.org\",\"@graph\":[{\"@type\":\"WebPage\",\"@id\":\"https:\/\/uniest.it\/prodotto\/moon-beam-after-sun-emulsion\/\",\"url\":\"https:\/\/uniest.it\/prodotto\/moon-beam-after-sun-emulsion\/\",\"name\":\"Moon Beam After Sun-Emulsion - Uniest\",\"isPartOf\":{\"@id\":\"https:\/\/uniest.it\/#website\"},\"primaryImageOfPage\":{\"@id\":\"https:\/\/uniest.it\/prodotto\/moon-beam-after-sun-emulsion\/#primaryimage\"},\"image\":{\"@id\":\"https:\/\/uniest.it\/prodotto\/moon-beam-after-sun-emulsion\/#primaryimage\"},\"thumbnailUrl\":\"https:\/\/uniest.it\/wp-content\/uploads\/2021\/02\/050AAS.png\",\"datePublished\":\"2024-10-29T17:55:58+00:00\",\"breadcrumb\":{\"@id\":\"https:\/\/uniest.it\/prodotto\/moon-beam-after-sun-emulsion\/#breadcrumb\"},\"inLanguage\":\"de\",\"potentialAction\":[{\"@type\":\"ReadAction\",\"target\":[\"https:\/\/uniest.it\/prodotto\/moon-beam-after-sun-emulsion\/\"]}]},{\"@type\":\"ImageObject\",\"inLanguage\":\"de\",\"@id\":\"https:\/\/uniest.it\/prodotto\/moon-beam-after-sun-emulsion\/#primaryimage\",\"url\":\"https:\/\/uniest.it\/wp-content\/uploads\/2021\/02\/050AAS.png\",\"contentUrl\":\"https:\/\/uniest.it\/wp-content\/uploads\/2021\/02\/050AAS.png\",\"width\":3454,\"height\":5183},{\"@type\":\"BreadcrumbList\",\"@id\":\"https:\/\/uniest.it\/prodotto\/moon-beam-after-sun-emulsion\/#breadcrumb\",\"itemListElement\":[{\"@type\":\"ListItem\",\"position\":1,\"name\":\"Home\",\"item\":\"https:\/\/uniest.it\/de\/\"},{\"@type\":\"ListItem\",\"position\":2,\"name\":\"Shop\",\"item\":\"https:\/\/uniest.it\/shop\/\"},{\"@type\":\"ListItem\",\"position\":3,\"name\":\"Moon Beam After Sun-Emulsion\"}]},{\"@type\":\"WebSite\",\"@id\":\"https:\/\/uniest.it\/#website\",\"url\":\"https:\/\/uniest.it\/\",\"name\":\"Uniest\",\"description\":\"Cosmetici Naturali e Bio\",\"potentialAction\":[{\"@type\":\"SearchAction\",\"target\":{\"@type\":\"EntryPoint\",\"urlTemplate\":\"https:\/\/uniest.it\/?s={search_term_string}\"},\"query-input\":{\"@type\":\"PropertyValueSpecification\",\"valueRequired\":true,\"valueName\":\"search_term_string\"}}],\"inLanguage\":\"de\"}]}<\/script>\n<!-- \/ Yoast SEO plugin. -->","yoast_head_json":{"title":"Moon Beam After Sun-Emulsion - Uniest","robots":{"index":"index","follow":"follow","max-snippet":"max-snippet:-1","max-image-preview":"max-image-preview:large","max-video-preview":"max-video-preview:-1"},"canonical":"https:\/\/uniest.it\/prodotto\/moon-beam-after-sun-emulsion\/","og_locale":"de_DE","og_type":"article","og_title":"Moon Beam After Sun-Emulsion - Uniest","og_description":"Moon Beam ist eine zarte feuchtigkeitsspendende und erfrischende After-Sun-Emulsion. Die Eigenschaften von Bio-S\u00fc\u00dfmandel-, Kokosnuss- und Walnussschalen\u00f6l in Kombination mit denen von Bio-Limetten- und Bio-Aloe-Pflanzenextrakten spenden Feuchtigkeit und beruhigen die Haut, nachdem sie der Sonne oder UV-Lampen ausgesetzt war . Johanniskraut- und Echinacea-Extrakte verleihen der Haut in Kombination mit \u00e4therischen \u00d6len aus Menthol und Waldkiefer Elastizit\u00e4t, [&hellip;]","og_url":"https:\/\/uniest.it\/prodotto\/moon-beam-after-sun-emulsion\/","og_site_name":"Uniest","twitter_card":"summary_large_image","twitter_misc":{"Gesch\u00e4tzte Lesezeit":"1\u00a0Minute"},"schema":{"@context":"https:\/\/schema.org","@graph":[{"@type":"WebPage","@id":"https:\/\/uniest.it\/prodotto\/moon-beam-after-sun-emulsion\/","url":"https:\/\/uniest.it\/prodotto\/moon-beam-after-sun-emulsion\/","name":"Moon Beam After Sun-Emulsion - Uniest","isPartOf":{"@id":"https:\/\/uniest.it\/#website"},"primaryImageOfPage":{"@id":"https:\/\/uniest.it\/prodotto\/moon-beam-after-sun-emulsion\/#primaryimage"},"image":{"@id":"https:\/\/uniest.it\/prodotto\/moon-beam-after-sun-emulsion\/#primaryimage"},"thumbnailUrl":"https:\/\/uniest.it\/wp-content\/uploads\/2021\/02\/050AAS.png","datePublished":"2024-10-29T17:55:58+00:00","breadcrumb":{"@id":"https:\/\/uniest.it\/prodotto\/moon-beam-after-sun-emulsion\/#breadcrumb"},"inLanguage":"de","potentialAction":[{"@type":"ReadAction","target":["https:\/\/uniest.it\/prodotto\/moon-beam-after-sun-emulsion\/"]}]},{"@type":"ImageObject","inLanguage":"de","@id":"https:\/\/uniest.it\/prodotto\/moon-beam-after-sun-emulsion\/#primaryimage","url":"https:\/\/uniest.it\/wp-content\/uploads\/2021\/02\/050AAS.png","contentUrl":"https:\/\/uniest.it\/wp-content\/uploads\/2021\/02\/050AAS.png","width":3454,"height":5183},{"@type":"BreadcrumbList","@id":"https:\/\/uniest.it\/prodotto\/moon-beam-after-sun-emulsion\/#breadcrumb","itemListElement":[{"@type":"ListItem","position":1,"name":"Home","item":"https:\/\/uniest.it\/de\/"},{"@type":"ListItem","position":2,"name":"Shop","item":"https:\/\/uniest.it\/shop\/"},{"@type":"ListItem","position":3,"name":"Moon Beam After Sun-Emulsion"}]},{"@type":"WebSite","@id":"https:\/\/uniest.it\/#website","url":"https:\/\/uniest.it\/","name":"Uniest","description":"Cosmetici Naturali e Bio","potentialAction":[{"@type":"SearchAction","target":{"@type":"EntryPoint","urlTemplate":"https:\/\/uniest.it\/?s={search_term_string}"},"query-input":{"@type":"PropertyValueSpecification","valueRequired":true,"valueName":"search_term_string"}}],"inLanguage":"de"}]}},"_links":{"self":[{"href":"https:\/\/uniest.it\/de\/wp-json\/wp\/v2\/product\/7097","targetHints":{"allow":["GET"]}}],"collection":[{"href":"https:\/\/uniest.it\/de\/wp-json\/wp\/v2\/product"}],"about":[{"href":"https:\/\/uniest.it\/de\/wp-json\/wp\/v2\/types\/product"}],"wp:featuredmedia":[{"embeddable":true,"href":"https:\/\/uniest.it\/de\/wp-json\/wp\/v2\/media\/7100"}],"wp:attachment":[{"href":"https:\/\/uniest.it\/de\/wp-json\/wp\/v2\/media?parent=7097"}],"wp:term":[{"taxonomy":"product_brand","embeddable":true,"href":"https:\/\/uniest.it\/de\/wp-json\/wp\/v2\/product_brand?post=7097"},{"taxonomy":"product_cat","embeddable":true,"href":"https:\/\/uniest.it\/de\/wp-json\/wp\/v2\/product_cat?post=7097"},{"taxonomy":"product_tag","embeddable":true,"href":"https:\/\/uniest.it\/de\/wp-json\/wp\/v2\/product_tag?post=7097"}],"curies":[{"name":"wp","href":"https:\/\/api.w.org\/{rel}","templated":true}]}}