{"id":7101,"date":"2024-10-29T18:55:58","date_gmt":"2024-10-29T17:55:58","guid":{"rendered":"https:\/\/uniest.it\/prodotto\/aromatisches-wasser\/"},"modified":"2024-10-29T18:55:58","modified_gmt":"2024-10-29T17:55:58","slug":"aromatisches-wasser","status":"publish","type":"product","link":"https:\/\/uniest.it\/de\/prodotto\/aromatisches-wasser\/","title":{"rendered":"Aromatisches Wasser"},"content":{"rendered":"<p>Aromawasser f\u00fcr Jugendliche ist ein zart duftendes Wasser, das f\u00fcr alle Hauttypen geeignet ist. Es hilft, die Haut der Kleinsten zu reinigen, zu aromatisieren, zu parf\u00fcmieren und mit Feuchtigkeit zu versorgen. Die nat\u00fcrlichen Basen wurden mit den sehr wertvollen pflanzlichen \u00e4therischen \u00d6len Sandelholz und Menthol gemischt, die beruhigende und erfrischende Eigenschaften haben. In Kombination mit den sehr zarten Rosen- und Melissenextrakten mit weichmachenden und entspannenden Eigenschaften tragen sie dazu bei, die Haut mit Feuchtigkeit zu versorgen und einen korrekten pH-Wert der Haut zu gew\u00e4hrleisten.<\/p>\n","protected":false},"excerpt":{"rendered":"<p>Aromawasser f\u00fcr Jugendliche ist ein zart duftendes Wasser, das f\u00fcr alle Hauttypen geeignet ist. Es hilft, die Haut der Kleinsten zu reinigen, zu aromatisieren, zu parf\u00fcmieren und mit Feuchtigkeit zu versorgen. Die nat\u00fcrlichen Basen wurden mit den sehr wertvollen pflanzlichen \u00e4therischen \u00d6len Sandelholz und Menthol gemischt, die beruhigende und erfrischende Eigenschaften haben. In Kombination mit [&hellip;]<\/p>\n","protected":false},"featured_media":7102,"template":"","meta":{"_acf_changed":false,"inline_featured_image":false},"product_brand":[],"product_cat":[1491],"product_tag":[],"class_list":{"0":"post-7101","1":"product","2":"type-product","3":"status-publish","4":"has-post-thumbnail","6":"product_beauty-aromatizzare-e-profumare","7":"product_beauty-detergere","8":"product_beauty-idratare","9":"product_beauty-lenire","10":"product_skin-pelli-delicate-e-sensibili","11":"product_skin-pelli-giovani-e-prime-rughe","12":"product_skin-pelli-grasse-e-miste","13":"product_skin-pelli-secche-e-normali","14":"product_skin-tutte-le-pelli","15":"product_kind-prodotti-baby-mamy","16":"product_kind-tonici-e-lozioni-corpo","17":"product_lines-baby-mamy","18":"product_cat-famiglia-e-pet-de","19":"pa_size-150-de","21":"first","22":"instock","23":"taxable","24":"shipping-taxable","25":"purchasable","26":"product-type-simple"},"acf":[],"yoast_head":"<!-- This site is optimized with the Yoast SEO plugin v24.6 - https:\/\/yoast.com\/wordpress\/plugins\/seo\/ -->\n<title>Aromatisches Wasser - Uniest<\/title>\n<meta name=\"robots\" content=\"index, follow, max-snippet:-1, max-image-preview:large, max-video-preview:-1\" \/>\n<link rel=\"canonical\" href=\"https:\/\/uniest.it\/prodotto\/aromatisches-wasser\/\" \/>\n<meta property=\"og:locale\" content=\"de_DE\" \/>\n<meta property=\"og:type\" content=\"article\" \/>\n<meta property=\"og:title\" content=\"Aromatisches Wasser - Uniest\" \/>\n<meta property=\"og:description\" content=\"Aromawasser f\u00fcr Jugendliche ist ein zart duftendes Wasser, das f\u00fcr alle Hauttypen geeignet ist. Es hilft, die Haut der Kleinsten zu reinigen, zu aromatisieren, zu parf\u00fcmieren und mit Feuchtigkeit zu versorgen. Die nat\u00fcrlichen Basen wurden mit den sehr wertvollen pflanzlichen \u00e4therischen \u00d6len Sandelholz und Menthol gemischt, die beruhigende und erfrischende Eigenschaften haben. In Kombination mit [&hellip;]\" \/>\n<meta property=\"og:url\" content=\"https:\/\/uniest.it\/prodotto\/aromatisches-wasser\/\" \/>\n<meta property=\"og:site_name\" content=\"Uniest\" \/>\n<meta name=\"twitter:card\" content=\"summary_large_image\" \/>\n<script type=\"application\/ld+json\" class=\"yoast-schema-graph\">{\"@context\":\"https:\/\/schema.org\",\"@graph\":[{\"@type\":\"WebPage\",\"@id\":\"https:\/\/uniest.it\/prodotto\/aromatisches-wasser\/\",\"url\":\"https:\/\/uniest.it\/prodotto\/aromatisches-wasser\/\",\"name\":\"Aromatisches Wasser - Uniest\",\"isPartOf\":{\"@id\":\"https:\/\/uniest.it\/#website\"},\"primaryImageOfPage\":{\"@id\":\"https:\/\/uniest.it\/prodotto\/aromatisches-wasser\/#primaryimage\"},\"image\":{\"@id\":\"https:\/\/uniest.it\/prodotto\/aromatisches-wasser\/#primaryimage\"},\"thumbnailUrl\":\"https:\/\/uniest.it\/wp-content\/uploads\/2020\/11\/051AAA.png\",\"datePublished\":\"2024-10-29T17:55:58+00:00\",\"breadcrumb\":{\"@id\":\"https:\/\/uniest.it\/prodotto\/aromatisches-wasser\/#breadcrumb\"},\"inLanguage\":\"de\",\"potentialAction\":[{\"@type\":\"ReadAction\",\"target\":[\"https:\/\/uniest.it\/prodotto\/aromatisches-wasser\/\"]}]},{\"@type\":\"ImageObject\",\"inLanguage\":\"de\",\"@id\":\"https:\/\/uniest.it\/prodotto\/aromatisches-wasser\/#primaryimage\",\"url\":\"https:\/\/uniest.it\/wp-content\/uploads\/2020\/11\/051AAA.png\",\"contentUrl\":\"https:\/\/uniest.it\/wp-content\/uploads\/2020\/11\/051AAA.png\",\"width\":1283,\"height\":2001},{\"@type\":\"BreadcrumbList\",\"@id\":\"https:\/\/uniest.it\/prodotto\/aromatisches-wasser\/#breadcrumb\",\"itemListElement\":[{\"@type\":\"ListItem\",\"position\":1,\"name\":\"Home\",\"item\":\"https:\/\/uniest.it\/de\/\"},{\"@type\":\"ListItem\",\"position\":2,\"name\":\"Shop\",\"item\":\"https:\/\/uniest.it\/shop\/\"},{\"@type\":\"ListItem\",\"position\":3,\"name\":\"Aromatisches Wasser\"}]},{\"@type\":\"WebSite\",\"@id\":\"https:\/\/uniest.it\/#website\",\"url\":\"https:\/\/uniest.it\/\",\"name\":\"Uniest\",\"description\":\"Cosmetici Naturali e Bio\",\"potentialAction\":[{\"@type\":\"SearchAction\",\"target\":{\"@type\":\"EntryPoint\",\"urlTemplate\":\"https:\/\/uniest.it\/?s={search_term_string}\"},\"query-input\":{\"@type\":\"PropertyValueSpecification\",\"valueRequired\":true,\"valueName\":\"search_term_string\"}}],\"inLanguage\":\"de\"}]}<\/script>\n<!-- \/ Yoast SEO plugin. -->","yoast_head_json":{"title":"Aromatisches Wasser - Uniest","robots":{"index":"index","follow":"follow","max-snippet":"max-snippet:-1","max-image-preview":"max-image-preview:large","max-video-preview":"max-video-preview:-1"},"canonical":"https:\/\/uniest.it\/prodotto\/aromatisches-wasser\/","og_locale":"de_DE","og_type":"article","og_title":"Aromatisches Wasser - Uniest","og_description":"Aromawasser f\u00fcr Jugendliche ist ein zart duftendes Wasser, das f\u00fcr alle Hauttypen geeignet ist. Es hilft, die Haut der Kleinsten zu reinigen, zu aromatisieren, zu parf\u00fcmieren und mit Feuchtigkeit zu versorgen. Die nat\u00fcrlichen Basen wurden mit den sehr wertvollen pflanzlichen \u00e4therischen \u00d6len Sandelholz und Menthol gemischt, die beruhigende und erfrischende Eigenschaften haben. In Kombination mit [&hellip;]","og_url":"https:\/\/uniest.it\/prodotto\/aromatisches-wasser\/","og_site_name":"Uniest","twitter_card":"summary_large_image","schema":{"@context":"https:\/\/schema.org","@graph":[{"@type":"WebPage","@id":"https:\/\/uniest.it\/prodotto\/aromatisches-wasser\/","url":"https:\/\/uniest.it\/prodotto\/aromatisches-wasser\/","name":"Aromatisches Wasser - Uniest","isPartOf":{"@id":"https:\/\/uniest.it\/#website"},"primaryImageOfPage":{"@id":"https:\/\/uniest.it\/prodotto\/aromatisches-wasser\/#primaryimage"},"image":{"@id":"https:\/\/uniest.it\/prodotto\/aromatisches-wasser\/#primaryimage"},"thumbnailUrl":"https:\/\/uniest.it\/wp-content\/uploads\/2020\/11\/051AAA.png","datePublished":"2024-10-29T17:55:58+00:00","breadcrumb":{"@id":"https:\/\/uniest.it\/prodotto\/aromatisches-wasser\/#breadcrumb"},"inLanguage":"de","potentialAction":[{"@type":"ReadAction","target":["https:\/\/uniest.it\/prodotto\/aromatisches-wasser\/"]}]},{"@type":"ImageObject","inLanguage":"de","@id":"https:\/\/uniest.it\/prodotto\/aromatisches-wasser\/#primaryimage","url":"https:\/\/uniest.it\/wp-content\/uploads\/2020\/11\/051AAA.png","contentUrl":"https:\/\/uniest.it\/wp-content\/uploads\/2020\/11\/051AAA.png","width":1283,"height":2001},{"@type":"BreadcrumbList","@id":"https:\/\/uniest.it\/prodotto\/aromatisches-wasser\/#breadcrumb","itemListElement":[{"@type":"ListItem","position":1,"name":"Home","item":"https:\/\/uniest.it\/de\/"},{"@type":"ListItem","position":2,"name":"Shop","item":"https:\/\/uniest.it\/shop\/"},{"@type":"ListItem","position":3,"name":"Aromatisches Wasser"}]},{"@type":"WebSite","@id":"https:\/\/uniest.it\/#website","url":"https:\/\/uniest.it\/","name":"Uniest","description":"Cosmetici Naturali e Bio","potentialAction":[{"@type":"SearchAction","target":{"@type":"EntryPoint","urlTemplate":"https:\/\/uniest.it\/?s={search_term_string}"},"query-input":{"@type":"PropertyValueSpecification","valueRequired":true,"valueName":"search_term_string"}}],"inLanguage":"de"}]}},"_links":{"self":[{"href":"https:\/\/uniest.it\/de\/wp-json\/wp\/v2\/product\/7101","targetHints":{"allow":["GET"]}}],"collection":[{"href":"https:\/\/uniest.it\/de\/wp-json\/wp\/v2\/product"}],"about":[{"href":"https:\/\/uniest.it\/de\/wp-json\/wp\/v2\/types\/product"}],"wp:featuredmedia":[{"embeddable":true,"href":"https:\/\/uniest.it\/de\/wp-json\/wp\/v2\/media\/7102"}],"wp:attachment":[{"href":"https:\/\/uniest.it\/de\/wp-json\/wp\/v2\/media?parent=7101"}],"wp:term":[{"taxonomy":"product_brand","embeddable":true,"href":"https:\/\/uniest.it\/de\/wp-json\/wp\/v2\/product_brand?post=7101"},{"taxonomy":"product_cat","embeddable":true,"href":"https:\/\/uniest.it\/de\/wp-json\/wp\/v2\/product_cat?post=7101"},{"taxonomy":"product_tag","embeddable":true,"href":"https:\/\/uniest.it\/de\/wp-json\/wp\/v2\/product_tag?post=7101"}],"curies":[{"name":"wp","href":"https:\/\/api.w.org\/{rel}","templated":true}]}}