{"id":7104,"date":"2021-02-04T12:59:03","date_gmt":"2024-10-29T17:55:59","guid":{"rendered":"https:\/\/uniest.it\/prodotto\/anti-salz-duschgel-shampoo\/"},"modified":"2024-10-29T18:55:59","modified_gmt":"2024-10-29T17:55:59","slug":"anti-salz-duschgel-shampoo","status":"publish","type":"product","link":"https:\/\/uniest.it\/de\/prodotto\/anti-salz-duschgel-shampoo\/","title":{"rendered":"Anti-Salz-Duschgel-Shampoo"},"content":{"rendered":"<p>Duschgel-Shampoo ist ein erfrischendes Anti-Salz-Shampoo mit Tensiden aus Kokosnuss, das eine sanfte, aber wirksame Reinigung erm\u00f6glicht. Es entfernt Salzspuren, die sich nach dem Schwimmen im Meer ablagern, ohne die Br\u00e4une zu ver\u00e4ndern und das Haar wird gl\u00e4nzender und weicher. Die in der Formel enthaltene Milchs\u00e4ure gleicht den pH-Wert der Haut wieder aus und verleiht der Emulsion eine leicht s\u00e4uernde Wirkung. \u00c4therisches Menthol\u00f6l und Bio-Aloe-Extrakt, bekannt f\u00fcr ihre erfrischenden und beruhigenden Eigenschaften, sorgen f\u00fcr Wohlbefinden und Frische. Lein\u00f6l, das sehr reich an Omega-3-Fetts\u00e4uren ist, und Argan\u00f6l, das reich an Fetts\u00e4uren ist, haben antioxidative Eigenschaften, auch dank des Vitamin E.<\/p>\n","protected":false},"excerpt":{"rendered":"<p>Duschgel-Shampoo ist ein erfrischendes Anti-Salz-Shampoo mit Tensiden aus Kokosnuss, das eine sanfte, aber wirksame Reinigung erm\u00f6glicht. Es entfernt Salzspuren, die sich nach dem Schwimmen im Meer ablagern, ohne die Br\u00e4une zu ver\u00e4ndern und das Haar wird gl\u00e4nzender und weicher. Die in der Formel enthaltene Milchs\u00e4ure gleicht den pH-Wert der Haut wieder aus und verleiht der [&hellip;]<\/p>\n","protected":false},"featured_media":7105,"template":"","meta":{"_acf_changed":false,"inline_featured_image":false},"product_brand":[],"product_cat":[1487,1489,1495],"product_tag":[],"class_list":{"0":"post-7104","1":"product","2":"type-product","3":"status-publish","4":"has-post-thumbnail","6":"product_beauty-detergere","7":"product_beauty-idratare","8":"product_beauty-lenire","9":"product_beauty-nutrire-e-rigenerare","10":"product_beauty-proteggere","11":"product_beauty-rassodare-e-tonificare","12":"product_skin-tutte-le-pelli","13":"product_kind-bagno","14":"product_kind-doccia","15":"product_kind-shampoo-e-detergenza","16":"product_lines-solari","17":"product_cat-capelli-de","18":"product_cat-corpo-de","19":"product_cat-solar","20":"pa_size-250-de","22":"first","23":"instock","24":"taxable","25":"shipping-taxable","26":"purchasable","27":"product-type-simple"},"acf":[],"yoast_head":"<!-- This site is optimized with the Yoast SEO plugin v24.6 - https:\/\/yoast.com\/wordpress\/plugins\/seo\/ -->\n<title>Anti-Salz-Duschgel-Shampoo - Uniest<\/title>\n<meta name=\"robots\" content=\"index, follow, max-snippet:-1, max-image-preview:large, max-video-preview:-1\" \/>\n<link rel=\"canonical\" href=\"https:\/\/uniest.it\/prodotto\/anti-salz-duschgel-shampoo\/\" \/>\n<meta property=\"og:locale\" content=\"de_DE\" \/>\n<meta property=\"og:type\" content=\"article\" \/>\n<meta property=\"og:title\" content=\"Anti-Salz-Duschgel-Shampoo - Uniest\" \/>\n<meta property=\"og:description\" content=\"Duschgel-Shampoo ist ein erfrischendes Anti-Salz-Shampoo mit Tensiden aus Kokosnuss, das eine sanfte, aber wirksame Reinigung erm\u00f6glicht. Es entfernt Salzspuren, die sich nach dem Schwimmen im Meer ablagern, ohne die Br\u00e4une zu ver\u00e4ndern und das Haar wird gl\u00e4nzender und weicher. Die in der Formel enthaltene Milchs\u00e4ure gleicht den pH-Wert der Haut wieder aus und verleiht der [&hellip;]\" \/>\n<meta property=\"og:url\" content=\"https:\/\/uniest.it\/prodotto\/anti-salz-duschgel-shampoo\/\" \/>\n<meta property=\"og:site_name\" content=\"Uniest\" \/>\n<meta name=\"twitter:card\" content=\"summary_large_image\" \/>\n<meta name=\"twitter:label1\" content=\"Gesch\u00e4tzte Lesezeit\" \/>\n\t<meta name=\"twitter:data1\" content=\"1\u00a0Minute\" \/>\n<script type=\"application\/ld+json\" class=\"yoast-schema-graph\">{\"@context\":\"https:\/\/schema.org\",\"@graph\":[{\"@type\":\"WebPage\",\"@id\":\"https:\/\/uniest.it\/prodotto\/anti-salz-duschgel-shampoo\/\",\"url\":\"https:\/\/uniest.it\/prodotto\/anti-salz-duschgel-shampoo\/\",\"name\":\"Anti-Salz-Duschgel-Shampoo - Uniest\",\"isPartOf\":{\"@id\":\"https:\/\/uniest.it\/#website\"},\"primaryImageOfPage\":{\"@id\":\"https:\/\/uniest.it\/prodotto\/anti-salz-duschgel-shampoo\/#primaryimage\"},\"image\":{\"@id\":\"https:\/\/uniest.it\/prodotto\/anti-salz-duschgel-shampoo\/#primaryimage\"},\"thumbnailUrl\":\"https:\/\/uniest.it\/wp-content\/uploads\/2020\/11\/055AAS.png\",\"datePublished\":\"2024-10-29T17:55:59+00:00\",\"breadcrumb\":{\"@id\":\"https:\/\/uniest.it\/prodotto\/anti-salz-duschgel-shampoo\/#breadcrumb\"},\"inLanguage\":\"de\",\"potentialAction\":[{\"@type\":\"ReadAction\",\"target\":[\"https:\/\/uniest.it\/prodotto\/anti-salz-duschgel-shampoo\/\"]}]},{\"@type\":\"ImageObject\",\"inLanguage\":\"de\",\"@id\":\"https:\/\/uniest.it\/prodotto\/anti-salz-duschgel-shampoo\/#primaryimage\",\"url\":\"https:\/\/uniest.it\/wp-content\/uploads\/2020\/11\/055AAS.png\",\"contentUrl\":\"https:\/\/uniest.it\/wp-content\/uploads\/2020\/11\/055AAS.png\",\"width\":1283,\"height\":2000},{\"@type\":\"BreadcrumbList\",\"@id\":\"https:\/\/uniest.it\/prodotto\/anti-salz-duschgel-shampoo\/#breadcrumb\",\"itemListElement\":[{\"@type\":\"ListItem\",\"position\":1,\"name\":\"Home\",\"item\":\"https:\/\/uniest.it\/de\/\"},{\"@type\":\"ListItem\",\"position\":2,\"name\":\"Shop\",\"item\":\"https:\/\/uniest.it\/shop\/\"},{\"@type\":\"ListItem\",\"position\":3,\"name\":\"Anti-Salz-Duschgel-Shampoo\"}]},{\"@type\":\"WebSite\",\"@id\":\"https:\/\/uniest.it\/#website\",\"url\":\"https:\/\/uniest.it\/\",\"name\":\"Uniest\",\"description\":\"Cosmetici Naturali e Bio\",\"potentialAction\":[{\"@type\":\"SearchAction\",\"target\":{\"@type\":\"EntryPoint\",\"urlTemplate\":\"https:\/\/uniest.it\/?s={search_term_string}\"},\"query-input\":{\"@type\":\"PropertyValueSpecification\",\"valueRequired\":true,\"valueName\":\"search_term_string\"}}],\"inLanguage\":\"de\"}]}<\/script>\n<!-- \/ Yoast SEO plugin. -->","yoast_head_json":{"title":"Anti-Salz-Duschgel-Shampoo - Uniest","robots":{"index":"index","follow":"follow","max-snippet":"max-snippet:-1","max-image-preview":"max-image-preview:large","max-video-preview":"max-video-preview:-1"},"canonical":"https:\/\/uniest.it\/prodotto\/anti-salz-duschgel-shampoo\/","og_locale":"de_DE","og_type":"article","og_title":"Anti-Salz-Duschgel-Shampoo - Uniest","og_description":"Duschgel-Shampoo ist ein erfrischendes Anti-Salz-Shampoo mit Tensiden aus Kokosnuss, das eine sanfte, aber wirksame Reinigung erm\u00f6glicht. Es entfernt Salzspuren, die sich nach dem Schwimmen im Meer ablagern, ohne die Br\u00e4une zu ver\u00e4ndern und das Haar wird gl\u00e4nzender und weicher. Die in der Formel enthaltene Milchs\u00e4ure gleicht den pH-Wert der Haut wieder aus und verleiht der [&hellip;]","og_url":"https:\/\/uniest.it\/prodotto\/anti-salz-duschgel-shampoo\/","og_site_name":"Uniest","twitter_card":"summary_large_image","twitter_misc":{"Gesch\u00e4tzte Lesezeit":"1\u00a0Minute"},"schema":{"@context":"https:\/\/schema.org","@graph":[{"@type":"WebPage","@id":"https:\/\/uniest.it\/prodotto\/anti-salz-duschgel-shampoo\/","url":"https:\/\/uniest.it\/prodotto\/anti-salz-duschgel-shampoo\/","name":"Anti-Salz-Duschgel-Shampoo - Uniest","isPartOf":{"@id":"https:\/\/uniest.it\/#website"},"primaryImageOfPage":{"@id":"https:\/\/uniest.it\/prodotto\/anti-salz-duschgel-shampoo\/#primaryimage"},"image":{"@id":"https:\/\/uniest.it\/prodotto\/anti-salz-duschgel-shampoo\/#primaryimage"},"thumbnailUrl":"https:\/\/uniest.it\/wp-content\/uploads\/2020\/11\/055AAS.png","datePublished":"2024-10-29T17:55:59+00:00","breadcrumb":{"@id":"https:\/\/uniest.it\/prodotto\/anti-salz-duschgel-shampoo\/#breadcrumb"},"inLanguage":"de","potentialAction":[{"@type":"ReadAction","target":["https:\/\/uniest.it\/prodotto\/anti-salz-duschgel-shampoo\/"]}]},{"@type":"ImageObject","inLanguage":"de","@id":"https:\/\/uniest.it\/prodotto\/anti-salz-duschgel-shampoo\/#primaryimage","url":"https:\/\/uniest.it\/wp-content\/uploads\/2020\/11\/055AAS.png","contentUrl":"https:\/\/uniest.it\/wp-content\/uploads\/2020\/11\/055AAS.png","width":1283,"height":2000},{"@type":"BreadcrumbList","@id":"https:\/\/uniest.it\/prodotto\/anti-salz-duschgel-shampoo\/#breadcrumb","itemListElement":[{"@type":"ListItem","position":1,"name":"Home","item":"https:\/\/uniest.it\/de\/"},{"@type":"ListItem","position":2,"name":"Shop","item":"https:\/\/uniest.it\/shop\/"},{"@type":"ListItem","position":3,"name":"Anti-Salz-Duschgel-Shampoo"}]},{"@type":"WebSite","@id":"https:\/\/uniest.it\/#website","url":"https:\/\/uniest.it\/","name":"Uniest","description":"Cosmetici Naturali e Bio","potentialAction":[{"@type":"SearchAction","target":{"@type":"EntryPoint","urlTemplate":"https:\/\/uniest.it\/?s={search_term_string}"},"query-input":{"@type":"PropertyValueSpecification","valueRequired":true,"valueName":"search_term_string"}}],"inLanguage":"de"}]}},"_links":{"self":[{"href":"https:\/\/uniest.it\/de\/wp-json\/wp\/v2\/product\/7104","targetHints":{"allow":["GET"]}}],"collection":[{"href":"https:\/\/uniest.it\/de\/wp-json\/wp\/v2\/product"}],"about":[{"href":"https:\/\/uniest.it\/de\/wp-json\/wp\/v2\/types\/product"}],"wp:featuredmedia":[{"embeddable":true,"href":"https:\/\/uniest.it\/de\/wp-json\/wp\/v2\/media\/7105"}],"wp:attachment":[{"href":"https:\/\/uniest.it\/de\/wp-json\/wp\/v2\/media?parent=7104"}],"wp:term":[{"taxonomy":"product_brand","embeddable":true,"href":"https:\/\/uniest.it\/de\/wp-json\/wp\/v2\/product_brand?post=7104"},{"taxonomy":"product_cat","embeddable":true,"href":"https:\/\/uniest.it\/de\/wp-json\/wp\/v2\/product_cat?post=7104"},{"taxonomy":"product_tag","embeddable":true,"href":"https:\/\/uniest.it\/de\/wp-json\/wp\/v2\/product_tag?post=7104"}],"curies":[{"name":"wp","href":"https:\/\/api.w.org\/{rel}","templated":true}]}}