{"id":7107,"date":"2021-02-04T12:59:03","date_gmt":"2024-10-29T17:55:59","guid":{"rendered":"https:\/\/uniest.it\/prodotto\/nutriderm\/"},"modified":"2024-10-29T18:55:59","modified_gmt":"2024-10-29T17:55:59","slug":"nutriderm","status":"publish","type":"product","link":"https:\/\/uniest.it\/de\/prodotto\/nutriderm\/","title":{"rendered":"Nutriderm"},"content":{"rendered":"<p>Nutriderm ist eine nat\u00fcrliche und biologische Anti-Aging-Creme mit vollmundiger Textur und eignet sich ideal zur Pflege und Regeneration der Haut tags\u00fcber, insbesondere in der k\u00e4lteren Jahreszeit. Tats\u00e4chlich k\u00f6nnen Einfl\u00fcsse wie K\u00e4lte, Wind, Smog und Sonne unsere Haut sch\u00e4digen und so deren Alterung beschleunigen. Reich an Wirkstoffen wie Alphahydroxys\u00e4uren, Milchs\u00e4ure, Vitamin E und nat\u00fcrlichen Pflanzenextrakten aus Hopfen, Centella Asiatica und Melisse, die der Faltenbildung und damit dem Spannkraftverlust reifer Haut entgegenwirken. Weizenkeimproteine, Sojalecithin, Sorbit, pflanzliches Glycerin, Reiskleie\u00f6l und Bio-Sheabutter runden das Produkt ab und sind in der Lage, reifer Haut dauerhaft Elastizit\u00e4t und Feuchtigkeit zur\u00fcckzugeben. Enth\u00e4lt antioxidative Substanzen, die wichtig sind, um der sch\u00e4dlichen Wirkung freier Radikale entgegenzuwirken, die die Hautzellen ernsthaft sch\u00e4digen und die Alterung f\u00f6rdern. Die verdichtenden Substanzen in dieser Creme wirken auf der Ebene der Dermis und stimulieren die Zellen, aus denen sie besteht, zur Produktion von neuem Kollagen und elastischen Fasern; Sie wirken auch, indem sie den Zerfall dieser Elemente verhindern und so f\u00fcr eine dauerhafte Sch\u00f6nheit im Laufe der Zeit sorgen.<\/p>\n","protected":false},"excerpt":{"rendered":"<p>Nutriderm ist eine nat\u00fcrliche und biologische Anti-Aging-Creme mit vollmundiger Textur und eignet sich ideal zur Pflege und Regeneration der Haut tags\u00fcber, insbesondere in der k\u00e4lteren Jahreszeit. Tats\u00e4chlich k\u00f6nnen Einfl\u00fcsse wie K\u00e4lte, Wind, Smog und Sonne unsere Haut sch\u00e4digen und so deren Alterung beschleunigen. Reich an Wirkstoffen wie Alphahydroxys\u00e4uren, Milchs\u00e4ure, Vitamin E und nat\u00fcrlichen Pflanzenextrakten aus [&hellip;]<\/p>\n","protected":false},"featured_media":7108,"template":"","meta":{"_acf_changed":false,"inline_featured_image":false},"product_brand":[],"product_cat":[1497],"product_tag":[],"class_list":{"0":"post-7107","1":"product","2":"type-product","3":"status-publish","4":"has-post-thumbnail","6":"product_beauty-antirughe","7":"product_beauty-idratare","8":"product_beauty-nutrire-e-rigenerare","9":"product_beauty-rassodare-e-tonificare","10":"product_skin-pelli-mature-e-rughe","11":"product_kind-creme-antieta-e-prime-rughe","12":"product_kind-trattamenti-speciali","13":"product_kind-tutte-le-creme-viso","14":"product_lines-antirughe","15":"product_cat-viso-de","16":"pa_size-50-de","18":"first","19":"instock","20":"taxable","21":"shipping-taxable","22":"purchasable","23":"product-type-simple"},"acf":[],"yoast_head":"<!-- This site is optimized with the Yoast SEO plugin v24.6 - https:\/\/yoast.com\/wordpress\/plugins\/seo\/ -->\n<title>Nutriderm - Uniest<\/title>\n<meta name=\"robots\" content=\"index, follow, max-snippet:-1, max-image-preview:large, max-video-preview:-1\" \/>\n<link rel=\"canonical\" href=\"https:\/\/uniest.it\/prodotto\/nutriderm\/\" \/>\n<meta property=\"og:locale\" content=\"de_DE\" \/>\n<meta property=\"og:type\" content=\"article\" \/>\n<meta property=\"og:title\" content=\"Nutriderm - Uniest\" \/>\n<meta property=\"og:description\" content=\"Nutriderm ist eine nat\u00fcrliche und biologische Anti-Aging-Creme mit vollmundiger Textur und eignet sich ideal zur Pflege und Regeneration der Haut tags\u00fcber, insbesondere in der k\u00e4lteren Jahreszeit. Tats\u00e4chlich k\u00f6nnen Einfl\u00fcsse wie K\u00e4lte, Wind, Smog und Sonne unsere Haut sch\u00e4digen und so deren Alterung beschleunigen. Reich an Wirkstoffen wie Alphahydroxys\u00e4uren, Milchs\u00e4ure, Vitamin E und nat\u00fcrlichen Pflanzenextrakten aus [&hellip;]\" \/>\n<meta property=\"og:url\" content=\"https:\/\/uniest.it\/prodotto\/nutriderm\/\" \/>\n<meta property=\"og:site_name\" content=\"Uniest\" \/>\n<meta name=\"twitter:card\" content=\"summary_large_image\" \/>\n<meta name=\"twitter:label1\" content=\"Gesch\u00e4tzte Lesezeit\" \/>\n\t<meta name=\"twitter:data1\" content=\"1\u00a0Minute\" \/>\n<script type=\"application\/ld+json\" class=\"yoast-schema-graph\">{\"@context\":\"https:\/\/schema.org\",\"@graph\":[{\"@type\":\"WebPage\",\"@id\":\"https:\/\/uniest.it\/prodotto\/nutriderm\/\",\"url\":\"https:\/\/uniest.it\/prodotto\/nutriderm\/\",\"name\":\"Nutriderm - Uniest\",\"isPartOf\":{\"@id\":\"https:\/\/uniest.it\/#website\"},\"primaryImageOfPage\":{\"@id\":\"https:\/\/uniest.it\/prodotto\/nutriderm\/#primaryimage\"},\"image\":{\"@id\":\"https:\/\/uniest.it\/prodotto\/nutriderm\/#primaryimage\"},\"thumbnailUrl\":\"https:\/\/uniest.it\/wp-content\/uploads\/2020\/11\/057AAE.png\",\"datePublished\":\"2024-10-29T17:55:59+00:00\",\"breadcrumb\":{\"@id\":\"https:\/\/uniest.it\/prodotto\/nutriderm\/#breadcrumb\"},\"inLanguage\":\"de\",\"potentialAction\":[{\"@type\":\"ReadAction\",\"target\":[\"https:\/\/uniest.it\/prodotto\/nutriderm\/\"]}]},{\"@type\":\"ImageObject\",\"inLanguage\":\"de\",\"@id\":\"https:\/\/uniest.it\/prodotto\/nutriderm\/#primaryimage\",\"url\":\"https:\/\/uniest.it\/wp-content\/uploads\/2020\/11\/057AAE.png\",\"contentUrl\":\"https:\/\/uniest.it\/wp-content\/uploads\/2020\/11\/057AAE.png\",\"width\":1283,\"height\":2000},{\"@type\":\"BreadcrumbList\",\"@id\":\"https:\/\/uniest.it\/prodotto\/nutriderm\/#breadcrumb\",\"itemListElement\":[{\"@type\":\"ListItem\",\"position\":1,\"name\":\"Home\",\"item\":\"https:\/\/uniest.it\/de\/\"},{\"@type\":\"ListItem\",\"position\":2,\"name\":\"Shop\",\"item\":\"https:\/\/uniest.it\/shop\/\"},{\"@type\":\"ListItem\",\"position\":3,\"name\":\"Nutriderm\"}]},{\"@type\":\"WebSite\",\"@id\":\"https:\/\/uniest.it\/#website\",\"url\":\"https:\/\/uniest.it\/\",\"name\":\"Uniest\",\"description\":\"Cosmetici Naturali e Bio\",\"potentialAction\":[{\"@type\":\"SearchAction\",\"target\":{\"@type\":\"EntryPoint\",\"urlTemplate\":\"https:\/\/uniest.it\/?s={search_term_string}\"},\"query-input\":{\"@type\":\"PropertyValueSpecification\",\"valueRequired\":true,\"valueName\":\"search_term_string\"}}],\"inLanguage\":\"de\"}]}<\/script>\n<!-- \/ Yoast SEO plugin. -->","yoast_head_json":{"title":"Nutriderm - Uniest","robots":{"index":"index","follow":"follow","max-snippet":"max-snippet:-1","max-image-preview":"max-image-preview:large","max-video-preview":"max-video-preview:-1"},"canonical":"https:\/\/uniest.it\/prodotto\/nutriderm\/","og_locale":"de_DE","og_type":"article","og_title":"Nutriderm - Uniest","og_description":"Nutriderm ist eine nat\u00fcrliche und biologische Anti-Aging-Creme mit vollmundiger Textur und eignet sich ideal zur Pflege und Regeneration der Haut tags\u00fcber, insbesondere in der k\u00e4lteren Jahreszeit. Tats\u00e4chlich k\u00f6nnen Einfl\u00fcsse wie K\u00e4lte, Wind, Smog und Sonne unsere Haut sch\u00e4digen und so deren Alterung beschleunigen. Reich an Wirkstoffen wie Alphahydroxys\u00e4uren, Milchs\u00e4ure, Vitamin E und nat\u00fcrlichen Pflanzenextrakten aus [&hellip;]","og_url":"https:\/\/uniest.it\/prodotto\/nutriderm\/","og_site_name":"Uniest","twitter_card":"summary_large_image","twitter_misc":{"Gesch\u00e4tzte Lesezeit":"1\u00a0Minute"},"schema":{"@context":"https:\/\/schema.org","@graph":[{"@type":"WebPage","@id":"https:\/\/uniest.it\/prodotto\/nutriderm\/","url":"https:\/\/uniest.it\/prodotto\/nutriderm\/","name":"Nutriderm - Uniest","isPartOf":{"@id":"https:\/\/uniest.it\/#website"},"primaryImageOfPage":{"@id":"https:\/\/uniest.it\/prodotto\/nutriderm\/#primaryimage"},"image":{"@id":"https:\/\/uniest.it\/prodotto\/nutriderm\/#primaryimage"},"thumbnailUrl":"https:\/\/uniest.it\/wp-content\/uploads\/2020\/11\/057AAE.png","datePublished":"2024-10-29T17:55:59+00:00","breadcrumb":{"@id":"https:\/\/uniest.it\/prodotto\/nutriderm\/#breadcrumb"},"inLanguage":"de","potentialAction":[{"@type":"ReadAction","target":["https:\/\/uniest.it\/prodotto\/nutriderm\/"]}]},{"@type":"ImageObject","inLanguage":"de","@id":"https:\/\/uniest.it\/prodotto\/nutriderm\/#primaryimage","url":"https:\/\/uniest.it\/wp-content\/uploads\/2020\/11\/057AAE.png","contentUrl":"https:\/\/uniest.it\/wp-content\/uploads\/2020\/11\/057AAE.png","width":1283,"height":2000},{"@type":"BreadcrumbList","@id":"https:\/\/uniest.it\/prodotto\/nutriderm\/#breadcrumb","itemListElement":[{"@type":"ListItem","position":1,"name":"Home","item":"https:\/\/uniest.it\/de\/"},{"@type":"ListItem","position":2,"name":"Shop","item":"https:\/\/uniest.it\/shop\/"},{"@type":"ListItem","position":3,"name":"Nutriderm"}]},{"@type":"WebSite","@id":"https:\/\/uniest.it\/#website","url":"https:\/\/uniest.it\/","name":"Uniest","description":"Cosmetici Naturali e Bio","potentialAction":[{"@type":"SearchAction","target":{"@type":"EntryPoint","urlTemplate":"https:\/\/uniest.it\/?s={search_term_string}"},"query-input":{"@type":"PropertyValueSpecification","valueRequired":true,"valueName":"search_term_string"}}],"inLanguage":"de"}]}},"_links":{"self":[{"href":"https:\/\/uniest.it\/de\/wp-json\/wp\/v2\/product\/7107","targetHints":{"allow":["GET"]}}],"collection":[{"href":"https:\/\/uniest.it\/de\/wp-json\/wp\/v2\/product"}],"about":[{"href":"https:\/\/uniest.it\/de\/wp-json\/wp\/v2\/types\/product"}],"wp:featuredmedia":[{"embeddable":true,"href":"https:\/\/uniest.it\/de\/wp-json\/wp\/v2\/media\/7108"}],"wp:attachment":[{"href":"https:\/\/uniest.it\/de\/wp-json\/wp\/v2\/media?parent=7107"}],"wp:term":[{"taxonomy":"product_brand","embeddable":true,"href":"https:\/\/uniest.it\/de\/wp-json\/wp\/v2\/product_brand?post=7107"},{"taxonomy":"product_cat","embeddable":true,"href":"https:\/\/uniest.it\/de\/wp-json\/wp\/v2\/product_cat?post=7107"},{"taxonomy":"product_tag","embeddable":true,"href":"https:\/\/uniest.it\/de\/wp-json\/wp\/v2\/product_tag?post=7107"}],"curies":[{"name":"wp","href":"https:\/\/api.w.org\/{rel}","templated":true}]}}