{"id":7113,"date":"2024-10-29T18:56:01","date_gmt":"2024-10-29T17:56:01","guid":{"rendered":"https:\/\/uniest.it\/prodotto\/zartes-bade-und-duschshampoo\/"},"modified":"2024-10-29T18:56:01","modified_gmt":"2024-10-29T17:56:01","slug":"zartes-bade-und-duschshampoo","status":"publish","type":"product","link":"https:\/\/uniest.it\/de\/prodotto\/zartes-bade-und-duschshampoo\/","title":{"rendered":"Zartes Bade- und Duschshampoo"},"content":{"rendered":"<p>Sanftes Duschbad: Es handelt sich um ein zartes, feuchtigkeitsspendendes und beruhigendes Duschbad, formuliert mit nat\u00fcrlichen Tensiden und pflanzlichen Derivaten aus Kokosnuss- und Oliven\u00f6l. Enth\u00e4lt organischen Calendula-Extrakt und pflanzliches Glycerin, das feuchtigkeitsspendend und reepithelisierend wirkt, w\u00e4hrend Milchs\u00e4ure zur Aufrechterhaltung des pH-Gleichgewichts beitr\u00e4gt. Mit dem nat\u00fcrlichen Pflanzenextrakt der Bio-Ringelblume* formuliert, ist es ein wirksames Hilfsmittel bei der Behandlung von Reizungen, R\u00f6tungen und anderen Hautproblemen. \u00c4therisches Menthol\u00f6l und Bio-Aloe Barbadensis-Extrakt, bekannt f\u00fcr ihre erfrischenden und beruhigenden Eigenschaften, sorgen f\u00fcr Wohlbefinden und Frische. Enth\u00e4lt ein besonderes nat\u00fcrliches Tensid, das die Haut schont, eine hohe Reinigungskraft hat, leicht biologisch abbaubar ist und eine gute Schaumbildung aufweist. Dieses Duschgel ist eine wertvolle Erg\u00e4nzung zur t\u00e4glichen Hygiene Ihres Kindes, hilft der Haut, ihre nat\u00fcrlichen Abwehrkr\u00e4fte aufrechtzuerhalten und reinigt sanft. *Hergestellt aus biologischem Anbau<\/p>\n","protected":false},"excerpt":{"rendered":"<p>Sanftes Duschbad: Es handelt sich um ein zartes, feuchtigkeitsspendendes und beruhigendes Duschbad, formuliert mit nat\u00fcrlichen Tensiden und pflanzlichen Derivaten aus Kokosnuss- und Oliven\u00f6l. Enth\u00e4lt organischen Calendula-Extrakt und pflanzliches Glycerin, das feuchtigkeitsspendend und reepithelisierend wirkt, w\u00e4hrend Milchs\u00e4ure zur Aufrechterhaltung des pH-Gleichgewichts beitr\u00e4gt. Mit dem nat\u00fcrlichen Pflanzenextrakt der Bio-Ringelblume* formuliert, ist es ein wirksames Hilfsmittel bei der [&hellip;]<\/p>\n","protected":false},"featured_media":7114,"template":"","meta":{"_acf_changed":false,"inline_featured_image":false},"product_brand":[],"product_cat":[1491],"product_tag":[],"class_list":{"0":"post-7113","1":"product","2":"type-product","3":"status-publish","4":"has-post-thumbnail","6":"product_beauty-aromatizzare-e-profumare","7":"product_beauty-detergere","8":"product_beauty-idratare","9":"product_beauty-lenire","10":"product_beauty-proteggere","11":"product_skin-pelli-delicate-e-sensibili","12":"product_skin-pelli-giovani-e-prime-rughe","13":"product_skin-pelli-grasse-e-miste","14":"product_skin-pelli-mature-e-rughe","15":"product_skin-pelli-secche-e-normali","16":"product_skin-tutte-le-pelli","17":"product_skin-tutti-i-capelli","18":"product_kind-bagno","19":"product_kind-doccia","20":"product_kind-prodotti-baby-mamy","21":"product_kind-shampoo-e-detergenza","22":"product_lines-baby-mamy","23":"product_cat-famiglia-e-pet-de","24":"pa_size-250-de","26":"first","27":"instock","28":"taxable","29":"shipping-taxable","30":"purchasable","31":"product-type-simple"},"acf":[],"yoast_head":"<!-- This site is optimized with the Yoast SEO plugin v24.6 - https:\/\/yoast.com\/wordpress\/plugins\/seo\/ -->\n<title>Zartes Bade- und Duschshampoo - Uniest<\/title>\n<meta name=\"robots\" content=\"index, follow, max-snippet:-1, max-image-preview:large, max-video-preview:-1\" \/>\n<link rel=\"canonical\" href=\"https:\/\/uniest.it\/prodotto\/zartes-bade-und-duschshampoo\/\" \/>\n<meta property=\"og:locale\" content=\"de_DE\" \/>\n<meta property=\"og:type\" content=\"article\" \/>\n<meta property=\"og:title\" content=\"Zartes Bade- und Duschshampoo - Uniest\" \/>\n<meta property=\"og:description\" content=\"Sanftes Duschbad: Es handelt sich um ein zartes, feuchtigkeitsspendendes und beruhigendes Duschbad, formuliert mit nat\u00fcrlichen Tensiden und pflanzlichen Derivaten aus Kokosnuss- und Oliven\u00f6l. Enth\u00e4lt organischen Calendula-Extrakt und pflanzliches Glycerin, das feuchtigkeitsspendend und reepithelisierend wirkt, w\u00e4hrend Milchs\u00e4ure zur Aufrechterhaltung des pH-Gleichgewichts beitr\u00e4gt. Mit dem nat\u00fcrlichen Pflanzenextrakt der Bio-Ringelblume* formuliert, ist es ein wirksames Hilfsmittel bei der [&hellip;]\" \/>\n<meta property=\"og:url\" content=\"https:\/\/uniest.it\/prodotto\/zartes-bade-und-duschshampoo\/\" \/>\n<meta property=\"og:site_name\" content=\"Uniest\" \/>\n<meta name=\"twitter:card\" content=\"summary_large_image\" \/>\n<meta name=\"twitter:label1\" content=\"Gesch\u00e4tzte Lesezeit\" \/>\n\t<meta name=\"twitter:data1\" content=\"1\u00a0Minute\" \/>\n<script type=\"application\/ld+json\" class=\"yoast-schema-graph\">{\"@context\":\"https:\/\/schema.org\",\"@graph\":[{\"@type\":\"WebPage\",\"@id\":\"https:\/\/uniest.it\/prodotto\/zartes-bade-und-duschshampoo\/\",\"url\":\"https:\/\/uniest.it\/prodotto\/zartes-bade-und-duschshampoo\/\",\"name\":\"Zartes Bade- und Duschshampoo - Uniest\",\"isPartOf\":{\"@id\":\"https:\/\/uniest.it\/#website\"},\"primaryImageOfPage\":{\"@id\":\"https:\/\/uniest.it\/prodotto\/zartes-bade-und-duschshampoo\/#primaryimage\"},\"image\":{\"@id\":\"https:\/\/uniest.it\/prodotto\/zartes-bade-und-duschshampoo\/#primaryimage\"},\"thumbnailUrl\":\"https:\/\/uniest.it\/wp-content\/uploads\/2020\/11\/061AAA.png\",\"datePublished\":\"2024-10-29T17:56:01+00:00\",\"breadcrumb\":{\"@id\":\"https:\/\/uniest.it\/prodotto\/zartes-bade-und-duschshampoo\/#breadcrumb\"},\"inLanguage\":\"de\",\"potentialAction\":[{\"@type\":\"ReadAction\",\"target\":[\"https:\/\/uniest.it\/prodotto\/zartes-bade-und-duschshampoo\/\"]}]},{\"@type\":\"ImageObject\",\"inLanguage\":\"de\",\"@id\":\"https:\/\/uniest.it\/prodotto\/zartes-bade-und-duschshampoo\/#primaryimage\",\"url\":\"https:\/\/uniest.it\/wp-content\/uploads\/2020\/11\/061AAA.png\",\"contentUrl\":\"https:\/\/uniest.it\/wp-content\/uploads\/2020\/11\/061AAA.png\",\"width\":1283,\"height\":2001},{\"@type\":\"BreadcrumbList\",\"@id\":\"https:\/\/uniest.it\/prodotto\/zartes-bade-und-duschshampoo\/#breadcrumb\",\"itemListElement\":[{\"@type\":\"ListItem\",\"position\":1,\"name\":\"Home\",\"item\":\"https:\/\/uniest.it\/de\/\"},{\"@type\":\"ListItem\",\"position\":2,\"name\":\"Shop\",\"item\":\"https:\/\/uniest.it\/shop\/\"},{\"@type\":\"ListItem\",\"position\":3,\"name\":\"Zartes Bade- und Duschshampoo\"}]},{\"@type\":\"WebSite\",\"@id\":\"https:\/\/uniest.it\/#website\",\"url\":\"https:\/\/uniest.it\/\",\"name\":\"Uniest\",\"description\":\"Cosmetici Naturali e Bio\",\"potentialAction\":[{\"@type\":\"SearchAction\",\"target\":{\"@type\":\"EntryPoint\",\"urlTemplate\":\"https:\/\/uniest.it\/?s={search_term_string}\"},\"query-input\":{\"@type\":\"PropertyValueSpecification\",\"valueRequired\":true,\"valueName\":\"search_term_string\"}}],\"inLanguage\":\"de\"}]}<\/script>\n<!-- \/ Yoast SEO plugin. -->","yoast_head_json":{"title":"Zartes Bade- und Duschshampoo - Uniest","robots":{"index":"index","follow":"follow","max-snippet":"max-snippet:-1","max-image-preview":"max-image-preview:large","max-video-preview":"max-video-preview:-1"},"canonical":"https:\/\/uniest.it\/prodotto\/zartes-bade-und-duschshampoo\/","og_locale":"de_DE","og_type":"article","og_title":"Zartes Bade- und Duschshampoo - Uniest","og_description":"Sanftes Duschbad: Es handelt sich um ein zartes, feuchtigkeitsspendendes und beruhigendes Duschbad, formuliert mit nat\u00fcrlichen Tensiden und pflanzlichen Derivaten aus Kokosnuss- und Oliven\u00f6l. Enth\u00e4lt organischen Calendula-Extrakt und pflanzliches Glycerin, das feuchtigkeitsspendend und reepithelisierend wirkt, w\u00e4hrend Milchs\u00e4ure zur Aufrechterhaltung des pH-Gleichgewichts beitr\u00e4gt. Mit dem nat\u00fcrlichen Pflanzenextrakt der Bio-Ringelblume* formuliert, ist es ein wirksames Hilfsmittel bei der [&hellip;]","og_url":"https:\/\/uniest.it\/prodotto\/zartes-bade-und-duschshampoo\/","og_site_name":"Uniest","twitter_card":"summary_large_image","twitter_misc":{"Gesch\u00e4tzte Lesezeit":"1\u00a0Minute"},"schema":{"@context":"https:\/\/schema.org","@graph":[{"@type":"WebPage","@id":"https:\/\/uniest.it\/prodotto\/zartes-bade-und-duschshampoo\/","url":"https:\/\/uniest.it\/prodotto\/zartes-bade-und-duschshampoo\/","name":"Zartes Bade- und Duschshampoo - Uniest","isPartOf":{"@id":"https:\/\/uniest.it\/#website"},"primaryImageOfPage":{"@id":"https:\/\/uniest.it\/prodotto\/zartes-bade-und-duschshampoo\/#primaryimage"},"image":{"@id":"https:\/\/uniest.it\/prodotto\/zartes-bade-und-duschshampoo\/#primaryimage"},"thumbnailUrl":"https:\/\/uniest.it\/wp-content\/uploads\/2020\/11\/061AAA.png","datePublished":"2024-10-29T17:56:01+00:00","breadcrumb":{"@id":"https:\/\/uniest.it\/prodotto\/zartes-bade-und-duschshampoo\/#breadcrumb"},"inLanguage":"de","potentialAction":[{"@type":"ReadAction","target":["https:\/\/uniest.it\/prodotto\/zartes-bade-und-duschshampoo\/"]}]},{"@type":"ImageObject","inLanguage":"de","@id":"https:\/\/uniest.it\/prodotto\/zartes-bade-und-duschshampoo\/#primaryimage","url":"https:\/\/uniest.it\/wp-content\/uploads\/2020\/11\/061AAA.png","contentUrl":"https:\/\/uniest.it\/wp-content\/uploads\/2020\/11\/061AAA.png","width":1283,"height":2001},{"@type":"BreadcrumbList","@id":"https:\/\/uniest.it\/prodotto\/zartes-bade-und-duschshampoo\/#breadcrumb","itemListElement":[{"@type":"ListItem","position":1,"name":"Home","item":"https:\/\/uniest.it\/de\/"},{"@type":"ListItem","position":2,"name":"Shop","item":"https:\/\/uniest.it\/shop\/"},{"@type":"ListItem","position":3,"name":"Zartes Bade- und Duschshampoo"}]},{"@type":"WebSite","@id":"https:\/\/uniest.it\/#website","url":"https:\/\/uniest.it\/","name":"Uniest","description":"Cosmetici Naturali e Bio","potentialAction":[{"@type":"SearchAction","target":{"@type":"EntryPoint","urlTemplate":"https:\/\/uniest.it\/?s={search_term_string}"},"query-input":{"@type":"PropertyValueSpecification","valueRequired":true,"valueName":"search_term_string"}}],"inLanguage":"de"}]}},"_links":{"self":[{"href":"https:\/\/uniest.it\/de\/wp-json\/wp\/v2\/product\/7113","targetHints":{"allow":["GET"]}}],"collection":[{"href":"https:\/\/uniest.it\/de\/wp-json\/wp\/v2\/product"}],"about":[{"href":"https:\/\/uniest.it\/de\/wp-json\/wp\/v2\/types\/product"}],"wp:featuredmedia":[{"embeddable":true,"href":"https:\/\/uniest.it\/de\/wp-json\/wp\/v2\/media\/7114"}],"wp:attachment":[{"href":"https:\/\/uniest.it\/de\/wp-json\/wp\/v2\/media?parent=7113"}],"wp:term":[{"taxonomy":"product_brand","embeddable":true,"href":"https:\/\/uniest.it\/de\/wp-json\/wp\/v2\/product_brand?post=7113"},{"taxonomy":"product_cat","embeddable":true,"href":"https:\/\/uniest.it\/de\/wp-json\/wp\/v2\/product_cat?post=7113"},{"taxonomy":"product_tag","embeddable":true,"href":"https:\/\/uniest.it\/de\/wp-json\/wp\/v2\/product_tag?post=7113"}],"curies":[{"name":"wp","href":"https:\/\/api.w.org\/{rel}","templated":true}]}}