{"id":7116,"date":"2024-10-29T18:56:01","date_gmt":"2024-10-29T17:56:01","guid":{"rendered":"https:\/\/uniest.it\/prodotto\/tensorcreme\/"},"modified":"2024-10-29T18:56:01","modified_gmt":"2024-10-29T17:56:01","slug":"tensorcreme","status":"publish","type":"product","link":"https:\/\/uniest.it\/de\/prodotto\/tensorcreme\/","title":{"rendered":"Tensorcreme"},"content":{"rendered":"<p><strong>Tensor Cream<\/strong> ist eine innovative Creme, die der Gesichtshaut wieder Elastizit\u00e4t und Leuchtkraft verleiht. Es handelt sich um eine wirksame und intensive Anti-Aging-Behandlung, reich an Wirkstoffen und angereichert mit <strong>biomimetischen Peptiden<\/strong> mit <strong>Boto-\u00e4hnlicher<\/strong> Wirkung und einem sofortigen Straffungseffekt. Die Pflanzenextrakte von Centella Asiatica tragen in Kombination mit nat\u00fcrlichem Bienenwachs dazu bei, die Haut weich und geschmeidig zu halten, der Pflanzenextrakt von Ginkgo Biloba wirkt als Schutzmittel gegen oxidative Ph\u00e4nomene und hilft, die Bildung freier Radikale zu verhindern und zu blockieren. Karotten\u00f6l bildet eine Schutzschicht mit feuchtigkeitsspendenden, beruhigenden und dermoprotektiven Eigenschaften, versorgt die tiefsten Hautschichten mit der richtigen Nahrung und Elastizit\u00e4t und wirkt der Faltenbildung entgegen. Die zugesetzten Vitaminkomplexe fangen freie Radikale ein und sind wichtige Helfer bei der Zellregeneration. Dar\u00fcber hinaus verbessert der Zusatz von Bio-Sheabutter den Tonus der Haut und insbesondere ihre nat\u00fcrliche Elastizit\u00e4t und tr\u00e4gt dazu bei, die Elastizit\u00e4t und Elastizit\u00e4t der Haut zu erhalten junge Haut. &nbsp; <\/p>\n<ul>\n<li>98,35 % nat\u00fcrliche Formulierung<\/li>\n<\/ul>\n","protected":false},"excerpt":{"rendered":"<p>Tensor Cream ist eine innovative Creme, die der Gesichtshaut wieder Elastizit\u00e4t und Leuchtkraft verleiht. Es handelt sich um eine wirksame und intensive Anti-Aging-Behandlung, reich an Wirkstoffen und angereichert mit biomimetischen Peptiden mit Boto-\u00e4hnlicher Wirkung und einem sofortigen Straffungseffekt. Die Pflanzenextrakte von Centella Asiatica tragen in Kombination mit nat\u00fcrlichem Bienenwachs dazu bei, die Haut weich und [&hellip;]<\/p>\n","protected":false},"featured_media":7117,"template":"","meta":{"_acf_changed":false,"inline_featured_image":false},"product_brand":[],"product_cat":[1497],"product_tag":[],"class_list":{"0":"post-7116","1":"product","2":"type-product","3":"status-publish","4":"has-post-thumbnail","6":"product_beauty-antirughe","7":"product_beauty-nutrire-e-rigenerare","8":"product_beauty-rassodare-e-tonificare","9":"product_skin-pelli-mature-e-rughe","10":"product_kind-creme-antieta-e-prime-rughe","11":"product_kind-trattamenti-speciali","12":"product_kind-tutte-le-creme-viso","13":"product_lines-antirughe","14":"product_cat-viso-de","15":"pa_size-50-de","17":"first","18":"instock","19":"taxable","20":"shipping-taxable","21":"purchasable","22":"product-type-simple"},"acf":[],"yoast_head":"<!-- This site is optimized with the Yoast SEO plugin v24.6 - https:\/\/yoast.com\/wordpress\/plugins\/seo\/ -->\n<title>Tensorcreme - Uniest<\/title>\n<meta name=\"robots\" content=\"index, follow, max-snippet:-1, max-image-preview:large, max-video-preview:-1\" \/>\n<link rel=\"canonical\" href=\"https:\/\/uniest.it\/prodotto\/tensorcreme\/\" \/>\n<meta property=\"og:locale\" content=\"de_DE\" \/>\n<meta property=\"og:type\" content=\"article\" \/>\n<meta property=\"og:title\" content=\"Tensorcreme - Uniest\" \/>\n<meta property=\"og:description\" content=\"Tensor Cream ist eine innovative Creme, die der Gesichtshaut wieder Elastizit\u00e4t und Leuchtkraft verleiht. Es handelt sich um eine wirksame und intensive Anti-Aging-Behandlung, reich an Wirkstoffen und angereichert mit biomimetischen Peptiden mit Boto-\u00e4hnlicher Wirkung und einem sofortigen Straffungseffekt. Die Pflanzenextrakte von Centella Asiatica tragen in Kombination mit nat\u00fcrlichem Bienenwachs dazu bei, die Haut weich und [&hellip;]\" \/>\n<meta property=\"og:url\" content=\"https:\/\/uniest.it\/prodotto\/tensorcreme\/\" \/>\n<meta property=\"og:site_name\" content=\"Uniest\" \/>\n<meta name=\"twitter:card\" content=\"summary_large_image\" \/>\n<meta name=\"twitter:label1\" content=\"Gesch\u00e4tzte Lesezeit\" \/>\n\t<meta name=\"twitter:data1\" content=\"1\u00a0Minute\" \/>\n<script type=\"application\/ld+json\" class=\"yoast-schema-graph\">{\"@context\":\"https:\/\/schema.org\",\"@graph\":[{\"@type\":\"WebPage\",\"@id\":\"https:\/\/uniest.it\/prodotto\/tensorcreme\/\",\"url\":\"https:\/\/uniest.it\/prodotto\/tensorcreme\/\",\"name\":\"Tensorcreme - Uniest\",\"isPartOf\":{\"@id\":\"https:\/\/uniest.it\/#website\"},\"primaryImageOfPage\":{\"@id\":\"https:\/\/uniest.it\/prodotto\/tensorcreme\/#primaryimage\"},\"image\":{\"@id\":\"https:\/\/uniest.it\/prodotto\/tensorcreme\/#primaryimage\"},\"thumbnailUrl\":\"https:\/\/uniest.it\/wp-content\/uploads\/2020\/11\/063AAE.png\",\"datePublished\":\"2024-10-29T17:56:01+00:00\",\"breadcrumb\":{\"@id\":\"https:\/\/uniest.it\/prodotto\/tensorcreme\/#breadcrumb\"},\"inLanguage\":\"de\",\"potentialAction\":[{\"@type\":\"ReadAction\",\"target\":[\"https:\/\/uniest.it\/prodotto\/tensorcreme\/\"]}]},{\"@type\":\"ImageObject\",\"inLanguage\":\"de\",\"@id\":\"https:\/\/uniest.it\/prodotto\/tensorcreme\/#primaryimage\",\"url\":\"https:\/\/uniest.it\/wp-content\/uploads\/2020\/11\/063AAE.png\",\"contentUrl\":\"https:\/\/uniest.it\/wp-content\/uploads\/2020\/11\/063AAE.png\",\"width\":1283,\"height\":2000},{\"@type\":\"BreadcrumbList\",\"@id\":\"https:\/\/uniest.it\/prodotto\/tensorcreme\/#breadcrumb\",\"itemListElement\":[{\"@type\":\"ListItem\",\"position\":1,\"name\":\"Home\",\"item\":\"https:\/\/uniest.it\/de\/\"},{\"@type\":\"ListItem\",\"position\":2,\"name\":\"Shop\",\"item\":\"https:\/\/uniest.it\/shop\/\"},{\"@type\":\"ListItem\",\"position\":3,\"name\":\"Tensorcreme\"}]},{\"@type\":\"WebSite\",\"@id\":\"https:\/\/uniest.it\/#website\",\"url\":\"https:\/\/uniest.it\/\",\"name\":\"Uniest\",\"description\":\"Cosmetici Naturali e Bio\",\"potentialAction\":[{\"@type\":\"SearchAction\",\"target\":{\"@type\":\"EntryPoint\",\"urlTemplate\":\"https:\/\/uniest.it\/?s={search_term_string}\"},\"query-input\":{\"@type\":\"PropertyValueSpecification\",\"valueRequired\":true,\"valueName\":\"search_term_string\"}}],\"inLanguage\":\"de\"}]}<\/script>\n<!-- \/ Yoast SEO plugin. -->","yoast_head_json":{"title":"Tensorcreme - Uniest","robots":{"index":"index","follow":"follow","max-snippet":"max-snippet:-1","max-image-preview":"max-image-preview:large","max-video-preview":"max-video-preview:-1"},"canonical":"https:\/\/uniest.it\/prodotto\/tensorcreme\/","og_locale":"de_DE","og_type":"article","og_title":"Tensorcreme - Uniest","og_description":"Tensor Cream ist eine innovative Creme, die der Gesichtshaut wieder Elastizit\u00e4t und Leuchtkraft verleiht. Es handelt sich um eine wirksame und intensive Anti-Aging-Behandlung, reich an Wirkstoffen und angereichert mit biomimetischen Peptiden mit Boto-\u00e4hnlicher Wirkung und einem sofortigen Straffungseffekt. Die Pflanzenextrakte von Centella Asiatica tragen in Kombination mit nat\u00fcrlichem Bienenwachs dazu bei, die Haut weich und [&hellip;]","og_url":"https:\/\/uniest.it\/prodotto\/tensorcreme\/","og_site_name":"Uniest","twitter_card":"summary_large_image","twitter_misc":{"Gesch\u00e4tzte Lesezeit":"1\u00a0Minute"},"schema":{"@context":"https:\/\/schema.org","@graph":[{"@type":"WebPage","@id":"https:\/\/uniest.it\/prodotto\/tensorcreme\/","url":"https:\/\/uniest.it\/prodotto\/tensorcreme\/","name":"Tensorcreme - Uniest","isPartOf":{"@id":"https:\/\/uniest.it\/#website"},"primaryImageOfPage":{"@id":"https:\/\/uniest.it\/prodotto\/tensorcreme\/#primaryimage"},"image":{"@id":"https:\/\/uniest.it\/prodotto\/tensorcreme\/#primaryimage"},"thumbnailUrl":"https:\/\/uniest.it\/wp-content\/uploads\/2020\/11\/063AAE.png","datePublished":"2024-10-29T17:56:01+00:00","breadcrumb":{"@id":"https:\/\/uniest.it\/prodotto\/tensorcreme\/#breadcrumb"},"inLanguage":"de","potentialAction":[{"@type":"ReadAction","target":["https:\/\/uniest.it\/prodotto\/tensorcreme\/"]}]},{"@type":"ImageObject","inLanguage":"de","@id":"https:\/\/uniest.it\/prodotto\/tensorcreme\/#primaryimage","url":"https:\/\/uniest.it\/wp-content\/uploads\/2020\/11\/063AAE.png","contentUrl":"https:\/\/uniest.it\/wp-content\/uploads\/2020\/11\/063AAE.png","width":1283,"height":2000},{"@type":"BreadcrumbList","@id":"https:\/\/uniest.it\/prodotto\/tensorcreme\/#breadcrumb","itemListElement":[{"@type":"ListItem","position":1,"name":"Home","item":"https:\/\/uniest.it\/de\/"},{"@type":"ListItem","position":2,"name":"Shop","item":"https:\/\/uniest.it\/shop\/"},{"@type":"ListItem","position":3,"name":"Tensorcreme"}]},{"@type":"WebSite","@id":"https:\/\/uniest.it\/#website","url":"https:\/\/uniest.it\/","name":"Uniest","description":"Cosmetici Naturali e Bio","potentialAction":[{"@type":"SearchAction","target":{"@type":"EntryPoint","urlTemplate":"https:\/\/uniest.it\/?s={search_term_string}"},"query-input":{"@type":"PropertyValueSpecification","valueRequired":true,"valueName":"search_term_string"}}],"inLanguage":"de"}]}},"_links":{"self":[{"href":"https:\/\/uniest.it\/de\/wp-json\/wp\/v2\/product\/7116","targetHints":{"allow":["GET"]}}],"collection":[{"href":"https:\/\/uniest.it\/de\/wp-json\/wp\/v2\/product"}],"about":[{"href":"https:\/\/uniest.it\/de\/wp-json\/wp\/v2\/types\/product"}],"wp:featuredmedia":[{"embeddable":true,"href":"https:\/\/uniest.it\/de\/wp-json\/wp\/v2\/media\/7117"}],"wp:attachment":[{"href":"https:\/\/uniest.it\/de\/wp-json\/wp\/v2\/media?parent=7116"}],"wp:term":[{"taxonomy":"product_brand","embeddable":true,"href":"https:\/\/uniest.it\/de\/wp-json\/wp\/v2\/product_brand?post=7116"},{"taxonomy":"product_cat","embeddable":true,"href":"https:\/\/uniest.it\/de\/wp-json\/wp\/v2\/product_cat?post=7116"},{"taxonomy":"product_tag","embeddable":true,"href":"https:\/\/uniest.it\/de\/wp-json\/wp\/v2\/product_tag?post=7116"}],"curies":[{"name":"wp","href":"https:\/\/api.w.org\/{rel}","templated":true}]}}