{"id":7119,"date":"2024-10-29T18:56:02","date_gmt":"2024-10-29T17:56:02","guid":{"rendered":"https:\/\/uniest.it\/prodotto\/komplette-fluessigkeit\/"},"modified":"2024-10-29T18:56:02","modified_gmt":"2024-10-29T17:56:02","slug":"komplette-fluessigkeit","status":"publish","type":"product","link":"https:\/\/uniest.it\/de\/prodotto\/komplette-fluessigkeit\/","title":{"rendered":"Komplette Fl\u00fcssigkeit"},"content":{"rendered":"<p>*Es ist m\u00f6glich, dass die Verpackung vom Foto abweicht. Complete Anti-Aging Fluid ist innovativ und nat\u00fcrlich, zeichnet sich durch eine leichte Textur und einfache Hautaufnahme aus. Ideal, um die Haut w\u00e4hrend der Jahreszeiten (Fr\u00fchling\/Sommer) mit Feuchtigkeit zu versorgen. Durch die t\u00e4gliche Anwendung erh\u00e4lt die Haut essentielle Substanzen f\u00fcr die Aufrechterhaltung des \u00e4sthetischen Hautbildes, das der K\u00f6rper physiologischerweise im Laufe der Jahre verliert. Seine Wirkung umfasst vier verschiedene Phasen: 1) Feuchtigkeitsversorgung dank seiner Weichmacher: Hyalurons\u00e4ure, Reiskleie\u00f6l, Bio-Sheabutter, Sojalecithin, pflanzliches Glycerin und Sorbit. 2) Vitaminkomplexe (AE): steigern die Kollagenproduktion und die antioxidative Aktivit\u00e4t und wirken dem durch freie Radikale verursachten Abbau entgegen. 3) Adstringierende und entz\u00fcndungshemmende Wirkung dank des Hamamelis-Pflanzenextrakts, der die Mikrozirkulation reaktiviert und die Strukturen des Hautgewebes st\u00e4rkt; 4) Es hat eine beruhigende, beruhigende und sch\u00fctzende Wirkung dank der Verwendung von nat\u00fcrlichem \u00e4therischem Ylang-Ylang-\u00d6l, das die Dermis n\u00e4hrt und ihren Ton und Glanz wiederherstellt.<\/p>\n","protected":false},"excerpt":{"rendered":"<p>*Es ist m\u00f6glich, dass die Verpackung vom Foto abweicht. Complete Anti-Aging Fluid ist innovativ und nat\u00fcrlich, zeichnet sich durch eine leichte Textur und einfache Hautaufnahme aus. Ideal, um die Haut w\u00e4hrend der Jahreszeiten (Fr\u00fchling\/Sommer) mit Feuchtigkeit zu versorgen. Durch die t\u00e4gliche Anwendung erh\u00e4lt die Haut essentielle Substanzen f\u00fcr die Aufrechterhaltung des \u00e4sthetischen Hautbildes, das der [&hellip;]<\/p>\n","protected":false},"featured_media":7120,"template":"","meta":{"_acf_changed":false,"inline_featured_image":false},"product_brand":[],"product_cat":[1497],"product_tag":[],"class_list":{"0":"post-7119","1":"product","2":"type-product","3":"status-publish","4":"has-post-thumbnail","6":"product_beauty-antirughe","7":"product_beauty-idratare","8":"product_beauty-nutrire-e-rigenerare","9":"product_beauty-rassodare-e-tonificare","10":"product_skin-pelli-delicate-e-sensibili","11":"product_skin-pelli-giovani-e-prime-rughe","12":"product_skin-pelli-mature-e-rughe","13":"product_kind-creme-antieta-e-prime-rughe","14":"product_kind-sieri-ed-oli","15":"product_kind-trattamenti-speciali","16":"product_lines-antirughe","17":"product_cat-viso-de","18":"pa_size-50-de","20":"first","21":"instock","22":"taxable","23":"shipping-taxable","24":"purchasable","25":"product-type-simple"},"acf":[],"yoast_head":"<!-- This site is optimized with the Yoast SEO plugin v24.6 - https:\/\/yoast.com\/wordpress\/plugins\/seo\/ -->\n<title>Komplette Fl\u00fcssigkeit - Uniest<\/title>\n<meta name=\"robots\" content=\"index, follow, max-snippet:-1, max-image-preview:large, max-video-preview:-1\" \/>\n<link rel=\"canonical\" href=\"https:\/\/uniest.it\/prodotto\/komplette-fluessigkeit\/\" \/>\n<meta property=\"og:locale\" content=\"de_DE\" \/>\n<meta property=\"og:type\" content=\"article\" \/>\n<meta property=\"og:title\" content=\"Komplette Fl\u00fcssigkeit - Uniest\" \/>\n<meta property=\"og:description\" content=\"*Es ist m\u00f6glich, dass die Verpackung vom Foto abweicht. Complete Anti-Aging Fluid ist innovativ und nat\u00fcrlich, zeichnet sich durch eine leichte Textur und einfache Hautaufnahme aus. Ideal, um die Haut w\u00e4hrend der Jahreszeiten (Fr\u00fchling\/Sommer) mit Feuchtigkeit zu versorgen. Durch die t\u00e4gliche Anwendung erh\u00e4lt die Haut essentielle Substanzen f\u00fcr die Aufrechterhaltung des \u00e4sthetischen Hautbildes, das der [&hellip;]\" \/>\n<meta property=\"og:url\" content=\"https:\/\/uniest.it\/prodotto\/komplette-fluessigkeit\/\" \/>\n<meta property=\"og:site_name\" content=\"Uniest\" \/>\n<meta name=\"twitter:card\" content=\"summary_large_image\" \/>\n<meta name=\"twitter:label1\" content=\"Gesch\u00e4tzte Lesezeit\" \/>\n\t<meta name=\"twitter:data1\" content=\"1\u00a0Minute\" \/>\n<script type=\"application\/ld+json\" class=\"yoast-schema-graph\">{\"@context\":\"https:\/\/schema.org\",\"@graph\":[{\"@type\":\"WebPage\",\"@id\":\"https:\/\/uniest.it\/prodotto\/komplette-fluessigkeit\/\",\"url\":\"https:\/\/uniest.it\/prodotto\/komplette-fluessigkeit\/\",\"name\":\"Komplette Fl\u00fcssigkeit - Uniest\",\"isPartOf\":{\"@id\":\"https:\/\/uniest.it\/#website\"},\"primaryImageOfPage\":{\"@id\":\"https:\/\/uniest.it\/prodotto\/komplette-fluessigkeit\/#primaryimage\"},\"image\":{\"@id\":\"https:\/\/uniest.it\/prodotto\/komplette-fluessigkeit\/#primaryimage\"},\"thumbnailUrl\":\"https:\/\/uniest.it\/wp-content\/uploads\/2020\/11\/069AAE.png\",\"datePublished\":\"2024-10-29T17:56:02+00:00\",\"breadcrumb\":{\"@id\":\"https:\/\/uniest.it\/prodotto\/komplette-fluessigkeit\/#breadcrumb\"},\"inLanguage\":\"de\",\"potentialAction\":[{\"@type\":\"ReadAction\",\"target\":[\"https:\/\/uniest.it\/prodotto\/komplette-fluessigkeit\/\"]}]},{\"@type\":\"ImageObject\",\"inLanguage\":\"de\",\"@id\":\"https:\/\/uniest.it\/prodotto\/komplette-fluessigkeit\/#primaryimage\",\"url\":\"https:\/\/uniest.it\/wp-content\/uploads\/2020\/11\/069AAE.png\",\"contentUrl\":\"https:\/\/uniest.it\/wp-content\/uploads\/2020\/11\/069AAE.png\",\"width\":1283,\"height\":2000},{\"@type\":\"BreadcrumbList\",\"@id\":\"https:\/\/uniest.it\/prodotto\/komplette-fluessigkeit\/#breadcrumb\",\"itemListElement\":[{\"@type\":\"ListItem\",\"position\":1,\"name\":\"Home\",\"item\":\"https:\/\/uniest.it\/de\/\"},{\"@type\":\"ListItem\",\"position\":2,\"name\":\"Shop\",\"item\":\"https:\/\/uniest.it\/shop\/\"},{\"@type\":\"ListItem\",\"position\":3,\"name\":\"Komplette Fl\u00fcssigkeit\"}]},{\"@type\":\"WebSite\",\"@id\":\"https:\/\/uniest.it\/#website\",\"url\":\"https:\/\/uniest.it\/\",\"name\":\"Uniest\",\"description\":\"Cosmetici Naturali e Bio\",\"potentialAction\":[{\"@type\":\"SearchAction\",\"target\":{\"@type\":\"EntryPoint\",\"urlTemplate\":\"https:\/\/uniest.it\/?s={search_term_string}\"},\"query-input\":{\"@type\":\"PropertyValueSpecification\",\"valueRequired\":true,\"valueName\":\"search_term_string\"}}],\"inLanguage\":\"de\"}]}<\/script>\n<!-- \/ Yoast SEO plugin. -->","yoast_head_json":{"title":"Komplette Fl\u00fcssigkeit - Uniest","robots":{"index":"index","follow":"follow","max-snippet":"max-snippet:-1","max-image-preview":"max-image-preview:large","max-video-preview":"max-video-preview:-1"},"canonical":"https:\/\/uniest.it\/prodotto\/komplette-fluessigkeit\/","og_locale":"de_DE","og_type":"article","og_title":"Komplette Fl\u00fcssigkeit - Uniest","og_description":"*Es ist m\u00f6glich, dass die Verpackung vom Foto abweicht. Complete Anti-Aging Fluid ist innovativ und nat\u00fcrlich, zeichnet sich durch eine leichte Textur und einfache Hautaufnahme aus. Ideal, um die Haut w\u00e4hrend der Jahreszeiten (Fr\u00fchling\/Sommer) mit Feuchtigkeit zu versorgen. Durch die t\u00e4gliche Anwendung erh\u00e4lt die Haut essentielle Substanzen f\u00fcr die Aufrechterhaltung des \u00e4sthetischen Hautbildes, das der [&hellip;]","og_url":"https:\/\/uniest.it\/prodotto\/komplette-fluessigkeit\/","og_site_name":"Uniest","twitter_card":"summary_large_image","twitter_misc":{"Gesch\u00e4tzte Lesezeit":"1\u00a0Minute"},"schema":{"@context":"https:\/\/schema.org","@graph":[{"@type":"WebPage","@id":"https:\/\/uniest.it\/prodotto\/komplette-fluessigkeit\/","url":"https:\/\/uniest.it\/prodotto\/komplette-fluessigkeit\/","name":"Komplette Fl\u00fcssigkeit - Uniest","isPartOf":{"@id":"https:\/\/uniest.it\/#website"},"primaryImageOfPage":{"@id":"https:\/\/uniest.it\/prodotto\/komplette-fluessigkeit\/#primaryimage"},"image":{"@id":"https:\/\/uniest.it\/prodotto\/komplette-fluessigkeit\/#primaryimage"},"thumbnailUrl":"https:\/\/uniest.it\/wp-content\/uploads\/2020\/11\/069AAE.png","datePublished":"2024-10-29T17:56:02+00:00","breadcrumb":{"@id":"https:\/\/uniest.it\/prodotto\/komplette-fluessigkeit\/#breadcrumb"},"inLanguage":"de","potentialAction":[{"@type":"ReadAction","target":["https:\/\/uniest.it\/prodotto\/komplette-fluessigkeit\/"]}]},{"@type":"ImageObject","inLanguage":"de","@id":"https:\/\/uniest.it\/prodotto\/komplette-fluessigkeit\/#primaryimage","url":"https:\/\/uniest.it\/wp-content\/uploads\/2020\/11\/069AAE.png","contentUrl":"https:\/\/uniest.it\/wp-content\/uploads\/2020\/11\/069AAE.png","width":1283,"height":2000},{"@type":"BreadcrumbList","@id":"https:\/\/uniest.it\/prodotto\/komplette-fluessigkeit\/#breadcrumb","itemListElement":[{"@type":"ListItem","position":1,"name":"Home","item":"https:\/\/uniest.it\/de\/"},{"@type":"ListItem","position":2,"name":"Shop","item":"https:\/\/uniest.it\/shop\/"},{"@type":"ListItem","position":3,"name":"Komplette Fl\u00fcssigkeit"}]},{"@type":"WebSite","@id":"https:\/\/uniest.it\/#website","url":"https:\/\/uniest.it\/","name":"Uniest","description":"Cosmetici Naturali e Bio","potentialAction":[{"@type":"SearchAction","target":{"@type":"EntryPoint","urlTemplate":"https:\/\/uniest.it\/?s={search_term_string}"},"query-input":{"@type":"PropertyValueSpecification","valueRequired":true,"valueName":"search_term_string"}}],"inLanguage":"de"}]}},"_links":{"self":[{"href":"https:\/\/uniest.it\/de\/wp-json\/wp\/v2\/product\/7119","targetHints":{"allow":["GET"]}}],"collection":[{"href":"https:\/\/uniest.it\/de\/wp-json\/wp\/v2\/product"}],"about":[{"href":"https:\/\/uniest.it\/de\/wp-json\/wp\/v2\/types\/product"}],"wp:featuredmedia":[{"embeddable":true,"href":"https:\/\/uniest.it\/de\/wp-json\/wp\/v2\/media\/7120"}],"wp:attachment":[{"href":"https:\/\/uniest.it\/de\/wp-json\/wp\/v2\/media?parent=7119"}],"wp:term":[{"taxonomy":"product_brand","embeddable":true,"href":"https:\/\/uniest.it\/de\/wp-json\/wp\/v2\/product_brand?post=7119"},{"taxonomy":"product_cat","embeddable":true,"href":"https:\/\/uniest.it\/de\/wp-json\/wp\/v2\/product_cat?post=7119"},{"taxonomy":"product_tag","embeddable":true,"href":"https:\/\/uniest.it\/de\/wp-json\/wp\/v2\/product_tag?post=7119"}],"curies":[{"name":"wp","href":"https:\/\/api.w.org\/{rel}","templated":true}]}}