{"id":7122,"date":"2021-02-04T12:59:03","date_gmt":"2024-10-29T17:56:02","guid":{"rendered":"https:\/\/uniest.it\/prodotto\/anti-aging-phytomaske\/"},"modified":"2025-03-04T00:00:47","modified_gmt":"2025-03-03T23:00:47","slug":"anti-aging-phytomaske","status":"publish","type":"product","link":"https:\/\/uniest.it\/de\/prodotto\/anti-aging-phytomaske\/","title":{"rendered":"Anti-Aging-Phytomaske"},"content":{"rendered":"<p>Anti-Aging Fitomask ist eine sanfte Anti-Aging-, n\u00e4hrende und restrukturierende Maske auf cremiger Basis, die reife Haut n\u00e4hrt und regeneriert, umstrukturiert, festigt und strafft. Da die Maske mit Reiskleie\u00f6l und \u00e4therischem Zitronen\u00f6l angereichert ist, spendet sie Feuchtigkeit und hellt die Haut auf und wurde mit dem Ziel entwickelt, die Zeichen der Hautalterung zu mildern. Die darin enthaltenen Extrakte aus Propolis, Ginkgo Biloba, Centella Asiatica und Sojalecithin sind eine grundlegende Hilfe bei der Wiederherstellung von Spannkraft, Wohlbefinden und Elastizit\u00e4t. Die Anti-Aging-Gesichtsmaske ist eine spezielle Anti-Aging-Behandlung, die der Haut hilft, in wenigen Minuten wieder das richtige Ma\u00df an Elastizit\u00e4t zu erlangen und so die Entstehung freier Radikale zu minimieren.<\/p>\n","protected":false},"excerpt":{"rendered":"<p>Anti-Aging Fitomask ist eine sanfte Anti-Aging-, n\u00e4hrende und restrukturierende Maske auf cremiger Basis, die reife Haut n\u00e4hrt und regeneriert, umstrukturiert, festigt und strafft. Da die Maske mit Reiskleie\u00f6l und \u00e4therischem Zitronen\u00f6l angereichert ist, spendet sie Feuchtigkeit und hellt die Haut auf und wurde mit dem Ziel entwickelt, die Zeichen der Hautalterung zu mildern. Die darin [&hellip;]<\/p>\n","protected":false},"featured_media":7123,"template":"","meta":{"_acf_changed":false,"inline_featured_image":false},"product_brand":[],"product_cat":[1497],"product_tag":[],"class_list":{"0":"post-7122","1":"product","2":"type-product","3":"status-publish","4":"has-post-thumbnail","6":"product_beauty-antirughe","7":"product_beauty-idratare","8":"product_beauty-nutrire-e-rigenerare","9":"product_beauty-rassodare-e-tonificare","10":"product_skin-pelli-delicate-e-sensibili","11":"product_skin-pelli-giovani-e-prime-rughe","12":"product_skin-pelli-mature-e-rughe","13":"product_kind-creme-antieta-e-prime-rughe","14":"product_kind-maschere-ed-esfolianti-viso","15":"product_lines-antirughe","16":"product_cat-viso-de","17":"pa_size-50-de","19":"first","20":"instock","21":"taxable","22":"shipping-taxable","23":"purchasable","24":"product-type-simple"},"acf":[],"yoast_head":"<!-- This site is optimized with the Yoast SEO plugin v24.6 - https:\/\/yoast.com\/wordpress\/plugins\/seo\/ -->\n<title>Anti-Aging-Phytomaske - Uniest<\/title>\n<meta name=\"robots\" content=\"index, follow, max-snippet:-1, max-image-preview:large, max-video-preview:-1\" \/>\n<link rel=\"canonical\" href=\"https:\/\/uniest.it\/prodotto\/anti-aging-phytomaske\/\" \/>\n<meta property=\"og:locale\" content=\"de_DE\" \/>\n<meta property=\"og:type\" content=\"article\" \/>\n<meta property=\"og:title\" content=\"Anti-Aging-Phytomaske - Uniest\" \/>\n<meta property=\"og:description\" content=\"Anti-Aging Fitomask ist eine sanfte Anti-Aging-, n\u00e4hrende und restrukturierende Maske auf cremiger Basis, die reife Haut n\u00e4hrt und regeneriert, umstrukturiert, festigt und strafft. Da die Maske mit Reiskleie\u00f6l und \u00e4therischem Zitronen\u00f6l angereichert ist, spendet sie Feuchtigkeit und hellt die Haut auf und wurde mit dem Ziel entwickelt, die Zeichen der Hautalterung zu mildern. Die darin [&hellip;]\" \/>\n<meta property=\"og:url\" content=\"https:\/\/uniest.it\/prodotto\/anti-aging-phytomaske\/\" \/>\n<meta property=\"og:site_name\" content=\"Uniest\" \/>\n<meta property=\"article:modified_time\" content=\"2025-03-03T23:00:47+00:00\" \/>\n<meta name=\"twitter:card\" content=\"summary_large_image\" \/>\n<meta name=\"twitter:label1\" content=\"Gesch\u00e4tzte Lesezeit\" \/>\n\t<meta name=\"twitter:data1\" content=\"1\u00a0Minute\" \/>\n<script type=\"application\/ld+json\" class=\"yoast-schema-graph\">{\"@context\":\"https:\/\/schema.org\",\"@graph\":[{\"@type\":\"WebPage\",\"@id\":\"https:\/\/uniest.it\/prodotto\/anti-aging-phytomaske\/\",\"url\":\"https:\/\/uniest.it\/prodotto\/anti-aging-phytomaske\/\",\"name\":\"Anti-Aging-Phytomaske - Uniest\",\"isPartOf\":{\"@id\":\"https:\/\/uniest.it\/#website\"},\"primaryImageOfPage\":{\"@id\":\"https:\/\/uniest.it\/prodotto\/anti-aging-phytomaske\/#primaryimage\"},\"image\":{\"@id\":\"https:\/\/uniest.it\/prodotto\/anti-aging-phytomaske\/#primaryimage\"},\"thumbnailUrl\":\"https:\/\/uniest.it\/wp-content\/uploads\/2020\/11\/075AAE.png\",\"datePublished\":\"2024-10-29T17:56:02+00:00\",\"dateModified\":\"2025-03-03T23:00:47+00:00\",\"breadcrumb\":{\"@id\":\"https:\/\/uniest.it\/prodotto\/anti-aging-phytomaske\/#breadcrumb\"},\"inLanguage\":\"de\",\"potentialAction\":[{\"@type\":\"ReadAction\",\"target\":[\"https:\/\/uniest.it\/prodotto\/anti-aging-phytomaske\/\"]}]},{\"@type\":\"ImageObject\",\"inLanguage\":\"de\",\"@id\":\"https:\/\/uniest.it\/prodotto\/anti-aging-phytomaske\/#primaryimage\",\"url\":\"https:\/\/uniest.it\/wp-content\/uploads\/2020\/11\/075AAE.png\",\"contentUrl\":\"https:\/\/uniest.it\/wp-content\/uploads\/2020\/11\/075AAE.png\",\"width\":1283,\"height\":2000},{\"@type\":\"BreadcrumbList\",\"@id\":\"https:\/\/uniest.it\/prodotto\/anti-aging-phytomaske\/#breadcrumb\",\"itemListElement\":[{\"@type\":\"ListItem\",\"position\":1,\"name\":\"Home\",\"item\":\"https:\/\/uniest.it\/de\/\"},{\"@type\":\"ListItem\",\"position\":2,\"name\":\"Shop\",\"item\":\"https:\/\/uniest.it\/shop\/\"},{\"@type\":\"ListItem\",\"position\":3,\"name\":\"Anti-Aging-Phytomaske\"}]},{\"@type\":\"WebSite\",\"@id\":\"https:\/\/uniest.it\/#website\",\"url\":\"https:\/\/uniest.it\/\",\"name\":\"Uniest\",\"description\":\"Cosmetici Naturali e Bio\",\"potentialAction\":[{\"@type\":\"SearchAction\",\"target\":{\"@type\":\"EntryPoint\",\"urlTemplate\":\"https:\/\/uniest.it\/?s={search_term_string}\"},\"query-input\":{\"@type\":\"PropertyValueSpecification\",\"valueRequired\":true,\"valueName\":\"search_term_string\"}}],\"inLanguage\":\"de\"}]}<\/script>\n<!-- \/ Yoast SEO plugin. -->","yoast_head_json":{"title":"Anti-Aging-Phytomaske - Uniest","robots":{"index":"index","follow":"follow","max-snippet":"max-snippet:-1","max-image-preview":"max-image-preview:large","max-video-preview":"max-video-preview:-1"},"canonical":"https:\/\/uniest.it\/prodotto\/anti-aging-phytomaske\/","og_locale":"de_DE","og_type":"article","og_title":"Anti-Aging-Phytomaske - Uniest","og_description":"Anti-Aging Fitomask ist eine sanfte Anti-Aging-, n\u00e4hrende und restrukturierende Maske auf cremiger Basis, die reife Haut n\u00e4hrt und regeneriert, umstrukturiert, festigt und strafft. Da die Maske mit Reiskleie\u00f6l und \u00e4therischem Zitronen\u00f6l angereichert ist, spendet sie Feuchtigkeit und hellt die Haut auf und wurde mit dem Ziel entwickelt, die Zeichen der Hautalterung zu mildern. Die darin [&hellip;]","og_url":"https:\/\/uniest.it\/prodotto\/anti-aging-phytomaske\/","og_site_name":"Uniest","article_modified_time":"2025-03-03T23:00:47+00:00","twitter_card":"summary_large_image","twitter_misc":{"Gesch\u00e4tzte Lesezeit":"1\u00a0Minute"},"schema":{"@context":"https:\/\/schema.org","@graph":[{"@type":"WebPage","@id":"https:\/\/uniest.it\/prodotto\/anti-aging-phytomaske\/","url":"https:\/\/uniest.it\/prodotto\/anti-aging-phytomaske\/","name":"Anti-Aging-Phytomaske - Uniest","isPartOf":{"@id":"https:\/\/uniest.it\/#website"},"primaryImageOfPage":{"@id":"https:\/\/uniest.it\/prodotto\/anti-aging-phytomaske\/#primaryimage"},"image":{"@id":"https:\/\/uniest.it\/prodotto\/anti-aging-phytomaske\/#primaryimage"},"thumbnailUrl":"https:\/\/uniest.it\/wp-content\/uploads\/2020\/11\/075AAE.png","datePublished":"2024-10-29T17:56:02+00:00","dateModified":"2025-03-03T23:00:47+00:00","breadcrumb":{"@id":"https:\/\/uniest.it\/prodotto\/anti-aging-phytomaske\/#breadcrumb"},"inLanguage":"de","potentialAction":[{"@type":"ReadAction","target":["https:\/\/uniest.it\/prodotto\/anti-aging-phytomaske\/"]}]},{"@type":"ImageObject","inLanguage":"de","@id":"https:\/\/uniest.it\/prodotto\/anti-aging-phytomaske\/#primaryimage","url":"https:\/\/uniest.it\/wp-content\/uploads\/2020\/11\/075AAE.png","contentUrl":"https:\/\/uniest.it\/wp-content\/uploads\/2020\/11\/075AAE.png","width":1283,"height":2000},{"@type":"BreadcrumbList","@id":"https:\/\/uniest.it\/prodotto\/anti-aging-phytomaske\/#breadcrumb","itemListElement":[{"@type":"ListItem","position":1,"name":"Home","item":"https:\/\/uniest.it\/de\/"},{"@type":"ListItem","position":2,"name":"Shop","item":"https:\/\/uniest.it\/shop\/"},{"@type":"ListItem","position":3,"name":"Anti-Aging-Phytomaske"}]},{"@type":"WebSite","@id":"https:\/\/uniest.it\/#website","url":"https:\/\/uniest.it\/","name":"Uniest","description":"Cosmetici Naturali e Bio","potentialAction":[{"@type":"SearchAction","target":{"@type":"EntryPoint","urlTemplate":"https:\/\/uniest.it\/?s={search_term_string}"},"query-input":{"@type":"PropertyValueSpecification","valueRequired":true,"valueName":"search_term_string"}}],"inLanguage":"de"}]}},"_links":{"self":[{"href":"https:\/\/uniest.it\/de\/wp-json\/wp\/v2\/product\/7122","targetHints":{"allow":["GET"]}}],"collection":[{"href":"https:\/\/uniest.it\/de\/wp-json\/wp\/v2\/product"}],"about":[{"href":"https:\/\/uniest.it\/de\/wp-json\/wp\/v2\/types\/product"}],"wp:featuredmedia":[{"embeddable":true,"href":"https:\/\/uniest.it\/de\/wp-json\/wp\/v2\/media\/7123"}],"wp:attachment":[{"href":"https:\/\/uniest.it\/de\/wp-json\/wp\/v2\/media?parent=7122"}],"wp:term":[{"taxonomy":"product_brand","embeddable":true,"href":"https:\/\/uniest.it\/de\/wp-json\/wp\/v2\/product_brand?post=7122"},{"taxonomy":"product_cat","embeddable":true,"href":"https:\/\/uniest.it\/de\/wp-json\/wp\/v2\/product_cat?post=7122"},{"taxonomy":"product_tag","embeddable":true,"href":"https:\/\/uniest.it\/de\/wp-json\/wp\/v2\/product_tag?post=7122"}],"curies":[{"name":"wp","href":"https:\/\/api.w.org\/{rel}","templated":true}]}}