{"id":7125,"date":"2024-10-29T18:56:03","date_gmt":"2024-10-29T17:56:03","guid":{"rendered":"https:\/\/uniest.it\/prodotto\/fruchtsaeurecreme\/"},"modified":"2024-10-29T18:56:03","modified_gmt":"2024-10-29T17:56:03","slug":"fruchtsaeurecreme","status":"publish","type":"product","link":"https:\/\/uniest.it\/de\/prodotto\/fruchtsaeurecreme\/","title":{"rendered":"Fruchts\u00e4urecreme"},"content":{"rendered":"<p>Fruchts\u00e4urecreme Feuchtigkeitsspendend und regenerierend, ideal f\u00fcr reife Haut und w\u00e4hrend der Jahreszeitenwechsel und im Sommer, daher empfiehlt sich die Anwendung abends. Reich an nat\u00fcrlichen Wirkstoffen wie Zitronens\u00e4ure (Zitrusfr\u00fcchte), Milchs\u00e4ure (Milch) und Glykols\u00e4ure (Zuckerrohr). Die Anti-Aging-Wirkung wird durch zahlreiche Studien best\u00e4tigt, die eine deutliche Reduzierung von Falten belegen und so der Haut ein glatteres, samtigeres und frischeres Aussehen verleihen. Bereits im Jugendalter sollte daher eine basische Feuchtigkeitscreme verwendet werden, um einer Austrocknung vorzubeugen, da diese f\u00fcr die Entstehung von Falten und Mimikfalten verantwortlich ist.<\/p>\n","protected":false},"excerpt":{"rendered":"<p>Fruchts\u00e4urecreme Feuchtigkeitsspendend und regenerierend, ideal f\u00fcr reife Haut und w\u00e4hrend der Jahreszeitenwechsel und im Sommer, daher empfiehlt sich die Anwendung abends. Reich an nat\u00fcrlichen Wirkstoffen wie Zitronens\u00e4ure (Zitrusfr\u00fcchte), Milchs\u00e4ure (Milch) und Glykols\u00e4ure (Zuckerrohr). Die Anti-Aging-Wirkung wird durch zahlreiche Studien best\u00e4tigt, die eine deutliche Reduzierung von Falten belegen und so der Haut ein glatteres, samtigeres und [&hellip;]<\/p>\n","protected":false},"featured_media":7126,"template":"","meta":{"_acf_changed":false,"inline_featured_image":false},"product_brand":[],"product_cat":[1497],"product_tag":[],"class_list":{"0":"post-7125","1":"product","2":"type-product","3":"status-publish","4":"has-post-thumbnail","6":"product_beauty-antirughe","7":"product_beauty-esfoliare","8":"product_beauty-idratare","9":"product_beauty-nutrire-e-rigenerare","10":"product_beauty-rassodare-e-tonificare","11":"product_skin-pelli-giovani-e-prime-rughe","12":"product_skin-pelli-mature-e-rughe","13":"product_kind-creme-antieta-e-prime-rughe","14":"product_kind-trattamenti-speciali","15":"product_kind-tutte-le-creme-viso","16":"product_lines-antirughe","17":"product_cat-viso-de","18":"pa_size-50-de","20":"first","21":"instock","22":"taxable","23":"shipping-taxable","24":"purchasable","25":"product-type-simple"},"acf":[],"yoast_head":"<!-- This site is optimized with the Yoast SEO plugin v24.6 - https:\/\/yoast.com\/wordpress\/plugins\/seo\/ -->\n<title>Fruchts\u00e4urecreme - Uniest<\/title>\n<meta name=\"robots\" content=\"index, follow, max-snippet:-1, max-image-preview:large, max-video-preview:-1\" \/>\n<link rel=\"canonical\" href=\"https:\/\/uniest.it\/prodotto\/fruchtsaeurecreme\/\" \/>\n<meta property=\"og:locale\" content=\"de_DE\" \/>\n<meta property=\"og:type\" content=\"article\" \/>\n<meta property=\"og:title\" content=\"Fruchts\u00e4urecreme - Uniest\" \/>\n<meta property=\"og:description\" content=\"Fruchts\u00e4urecreme Feuchtigkeitsspendend und regenerierend, ideal f\u00fcr reife Haut und w\u00e4hrend der Jahreszeitenwechsel und im Sommer, daher empfiehlt sich die Anwendung abends. Reich an nat\u00fcrlichen Wirkstoffen wie Zitronens\u00e4ure (Zitrusfr\u00fcchte), Milchs\u00e4ure (Milch) und Glykols\u00e4ure (Zuckerrohr). Die Anti-Aging-Wirkung wird durch zahlreiche Studien best\u00e4tigt, die eine deutliche Reduzierung von Falten belegen und so der Haut ein glatteres, samtigeres und [&hellip;]\" \/>\n<meta property=\"og:url\" content=\"https:\/\/uniest.it\/prodotto\/fruchtsaeurecreme\/\" \/>\n<meta property=\"og:site_name\" content=\"Uniest\" \/>\n<meta name=\"twitter:card\" content=\"summary_large_image\" \/>\n<script type=\"application\/ld+json\" class=\"yoast-schema-graph\">{\"@context\":\"https:\/\/schema.org\",\"@graph\":[{\"@type\":\"WebPage\",\"@id\":\"https:\/\/uniest.it\/prodotto\/fruchtsaeurecreme\/\",\"url\":\"https:\/\/uniest.it\/prodotto\/fruchtsaeurecreme\/\",\"name\":\"Fruchts\u00e4urecreme - Uniest\",\"isPartOf\":{\"@id\":\"https:\/\/uniest.it\/#website\"},\"primaryImageOfPage\":{\"@id\":\"https:\/\/uniest.it\/prodotto\/fruchtsaeurecreme\/#primaryimage\"},\"image\":{\"@id\":\"https:\/\/uniest.it\/prodotto\/fruchtsaeurecreme\/#primaryimage\"},\"thumbnailUrl\":\"https:\/\/uniest.it\/wp-content\/uploads\/2020\/11\/078AAE.png\",\"datePublished\":\"2024-10-29T17:56:03+00:00\",\"breadcrumb\":{\"@id\":\"https:\/\/uniest.it\/prodotto\/fruchtsaeurecreme\/#breadcrumb\"},\"inLanguage\":\"de\",\"potentialAction\":[{\"@type\":\"ReadAction\",\"target\":[\"https:\/\/uniest.it\/prodotto\/fruchtsaeurecreme\/\"]}]},{\"@type\":\"ImageObject\",\"inLanguage\":\"de\",\"@id\":\"https:\/\/uniest.it\/prodotto\/fruchtsaeurecreme\/#primaryimage\",\"url\":\"https:\/\/uniest.it\/wp-content\/uploads\/2020\/11\/078AAE.png\",\"contentUrl\":\"https:\/\/uniest.it\/wp-content\/uploads\/2020\/11\/078AAE.png\",\"width\":1283,\"height\":2000},{\"@type\":\"BreadcrumbList\",\"@id\":\"https:\/\/uniest.it\/prodotto\/fruchtsaeurecreme\/#breadcrumb\",\"itemListElement\":[{\"@type\":\"ListItem\",\"position\":1,\"name\":\"Home\",\"item\":\"https:\/\/uniest.it\/de\/\"},{\"@type\":\"ListItem\",\"position\":2,\"name\":\"Shop\",\"item\":\"https:\/\/uniest.it\/shop\/\"},{\"@type\":\"ListItem\",\"position\":3,\"name\":\"Fruchts\u00e4urecreme\"}]},{\"@type\":\"WebSite\",\"@id\":\"https:\/\/uniest.it\/#website\",\"url\":\"https:\/\/uniest.it\/\",\"name\":\"Uniest\",\"description\":\"Cosmetici Naturali e Bio\",\"potentialAction\":[{\"@type\":\"SearchAction\",\"target\":{\"@type\":\"EntryPoint\",\"urlTemplate\":\"https:\/\/uniest.it\/?s={search_term_string}\"},\"query-input\":{\"@type\":\"PropertyValueSpecification\",\"valueRequired\":true,\"valueName\":\"search_term_string\"}}],\"inLanguage\":\"de\"}]}<\/script>\n<!-- \/ Yoast SEO plugin. -->","yoast_head_json":{"title":"Fruchts\u00e4urecreme - Uniest","robots":{"index":"index","follow":"follow","max-snippet":"max-snippet:-1","max-image-preview":"max-image-preview:large","max-video-preview":"max-video-preview:-1"},"canonical":"https:\/\/uniest.it\/prodotto\/fruchtsaeurecreme\/","og_locale":"de_DE","og_type":"article","og_title":"Fruchts\u00e4urecreme - Uniest","og_description":"Fruchts\u00e4urecreme Feuchtigkeitsspendend und regenerierend, ideal f\u00fcr reife Haut und w\u00e4hrend der Jahreszeitenwechsel und im Sommer, daher empfiehlt sich die Anwendung abends. Reich an nat\u00fcrlichen Wirkstoffen wie Zitronens\u00e4ure (Zitrusfr\u00fcchte), Milchs\u00e4ure (Milch) und Glykols\u00e4ure (Zuckerrohr). Die Anti-Aging-Wirkung wird durch zahlreiche Studien best\u00e4tigt, die eine deutliche Reduzierung von Falten belegen und so der Haut ein glatteres, samtigeres und [&hellip;]","og_url":"https:\/\/uniest.it\/prodotto\/fruchtsaeurecreme\/","og_site_name":"Uniest","twitter_card":"summary_large_image","schema":{"@context":"https:\/\/schema.org","@graph":[{"@type":"WebPage","@id":"https:\/\/uniest.it\/prodotto\/fruchtsaeurecreme\/","url":"https:\/\/uniest.it\/prodotto\/fruchtsaeurecreme\/","name":"Fruchts\u00e4urecreme - Uniest","isPartOf":{"@id":"https:\/\/uniest.it\/#website"},"primaryImageOfPage":{"@id":"https:\/\/uniest.it\/prodotto\/fruchtsaeurecreme\/#primaryimage"},"image":{"@id":"https:\/\/uniest.it\/prodotto\/fruchtsaeurecreme\/#primaryimage"},"thumbnailUrl":"https:\/\/uniest.it\/wp-content\/uploads\/2020\/11\/078AAE.png","datePublished":"2024-10-29T17:56:03+00:00","breadcrumb":{"@id":"https:\/\/uniest.it\/prodotto\/fruchtsaeurecreme\/#breadcrumb"},"inLanguage":"de","potentialAction":[{"@type":"ReadAction","target":["https:\/\/uniest.it\/prodotto\/fruchtsaeurecreme\/"]}]},{"@type":"ImageObject","inLanguage":"de","@id":"https:\/\/uniest.it\/prodotto\/fruchtsaeurecreme\/#primaryimage","url":"https:\/\/uniest.it\/wp-content\/uploads\/2020\/11\/078AAE.png","contentUrl":"https:\/\/uniest.it\/wp-content\/uploads\/2020\/11\/078AAE.png","width":1283,"height":2000},{"@type":"BreadcrumbList","@id":"https:\/\/uniest.it\/prodotto\/fruchtsaeurecreme\/#breadcrumb","itemListElement":[{"@type":"ListItem","position":1,"name":"Home","item":"https:\/\/uniest.it\/de\/"},{"@type":"ListItem","position":2,"name":"Shop","item":"https:\/\/uniest.it\/shop\/"},{"@type":"ListItem","position":3,"name":"Fruchts\u00e4urecreme"}]},{"@type":"WebSite","@id":"https:\/\/uniest.it\/#website","url":"https:\/\/uniest.it\/","name":"Uniest","description":"Cosmetici Naturali e Bio","potentialAction":[{"@type":"SearchAction","target":{"@type":"EntryPoint","urlTemplate":"https:\/\/uniest.it\/?s={search_term_string}"},"query-input":{"@type":"PropertyValueSpecification","valueRequired":true,"valueName":"search_term_string"}}],"inLanguage":"de"}]}},"_links":{"self":[{"href":"https:\/\/uniest.it\/de\/wp-json\/wp\/v2\/product\/7125","targetHints":{"allow":["GET"]}}],"collection":[{"href":"https:\/\/uniest.it\/de\/wp-json\/wp\/v2\/product"}],"about":[{"href":"https:\/\/uniest.it\/de\/wp-json\/wp\/v2\/types\/product"}],"wp:featuredmedia":[{"embeddable":true,"href":"https:\/\/uniest.it\/de\/wp-json\/wp\/v2\/media\/7126"}],"wp:attachment":[{"href":"https:\/\/uniest.it\/de\/wp-json\/wp\/v2\/media?parent=7125"}],"wp:term":[{"taxonomy":"product_brand","embeddable":true,"href":"https:\/\/uniest.it\/de\/wp-json\/wp\/v2\/product_brand?post=7125"},{"taxonomy":"product_cat","embeddable":true,"href":"https:\/\/uniest.it\/de\/wp-json\/wp\/v2\/product_cat?post=7125"},{"taxonomy":"product_tag","embeddable":true,"href":"https:\/\/uniest.it\/de\/wp-json\/wp\/v2\/product_tag?post=7125"}],"curies":[{"name":"wp","href":"https:\/\/api.w.org\/{rel}","templated":true}]}}