{"id":7128,"date":"2024-10-29T18:56:03","date_gmt":"2024-10-29T17:56:03","guid":{"rendered":"https:\/\/uniest.it\/prodotto\/beruhigende-maske\/"},"modified":"2024-10-29T18:56:03","modified_gmt":"2024-10-29T17:56:03","slug":"beruhigende-maske","status":"publish","type":"product","link":"https:\/\/uniest.it\/de\/prodotto\/beruhigende-maske\/","title":{"rendered":"Beruhigende Maske"},"content":{"rendered":"<p>Beruhigende Maske ist eine innovative Balsammaske vor dem Shampoonieren, die als echte Sch\u00f6nheitsbehandlung mit einem Duft entwickelt wurde, der f\u00fcr L\u00e4use und Insekten unerw\u00fcnscht ist. Seine spezielle nat\u00fcrliche Formel wurde mit den Wirkstoffen Andiroba\u00f6l, Neem\u00f6l, Teebaum\u00f6l und \u00e4therischem Lavendel\u00f6l angereichert. Dadurch kann das Produkt seine wohltuende Wirkung tiefgreifend entfalten und gleichzeitig eine zarte n\u00e4hrende und erfrischende Wirkung entfalten, wobei das epidermale Gleichgewicht vollst\u00e4ndig respektiert wird. Ihr charakteristischer Geruch ist f\u00fcr Insekten\/L\u00e4use unangenehm und schafft ein ung\u00fcnstiges Umfeld f\u00fcr ihre Ansiedlung. Es macht das Haar weich, gl\u00e4nzend und leicht k\u00e4mmbar und versorgt die Haut mit Feuchtigkeit und beruhigt. Es sollte betont werden, dass es sich nicht um eine chemische Behandlung oder ein Insektizid handelt.<\/p>\n","protected":false},"excerpt":{"rendered":"<p>Beruhigende Maske ist eine innovative Balsammaske vor dem Shampoonieren, die als echte Sch\u00f6nheitsbehandlung mit einem Duft entwickelt wurde, der f\u00fcr L\u00e4use und Insekten unerw\u00fcnscht ist. Seine spezielle nat\u00fcrliche Formel wurde mit den Wirkstoffen Andiroba\u00f6l, Neem\u00f6l, Teebaum\u00f6l und \u00e4therischem Lavendel\u00f6l angereichert. Dadurch kann das Produkt seine wohltuende Wirkung tiefgreifend entfalten und gleichzeitig eine zarte n\u00e4hrende und [&hellip;]<\/p>\n","protected":false},"featured_media":7129,"template":"","meta":{"_acf_changed":false,"inline_featured_image":false},"product_brand":[],"product_cat":[1491],"product_tag":[],"class_list":{"0":"post-7128","1":"product","2":"type-product","3":"status-publish","4":"has-post-thumbnail","6":"product_beauty-idratare","7":"product_beauty-lenire","8":"product_beauty-proteggere","9":"product_skin-tutti-i-capelli","10":"product_kind-maschere-ed-esfolianti","11":"product_kind-prodotti-baby-mamy","12":"product_kind-trattamenti-speciali","13":"product_lines-baby-mamy","14":"product_cat-famiglia-e-pet-de","15":"pa_size-150-de","17":"first","18":"instock","19":"taxable","20":"shipping-taxable","21":"purchasable","22":"product-type-simple"},"acf":[],"yoast_head":"<!-- This site is optimized with the Yoast SEO plugin v24.6 - https:\/\/yoast.com\/wordpress\/plugins\/seo\/ -->\n<title>Beruhigende Maske - Uniest<\/title>\n<meta name=\"robots\" content=\"index, follow, max-snippet:-1, max-image-preview:large, max-video-preview:-1\" \/>\n<link rel=\"canonical\" href=\"https:\/\/uniest.it\/prodotto\/beruhigende-maske\/\" \/>\n<meta property=\"og:locale\" content=\"de_DE\" \/>\n<meta property=\"og:type\" content=\"article\" \/>\n<meta property=\"og:title\" content=\"Beruhigende Maske - Uniest\" \/>\n<meta property=\"og:description\" content=\"Beruhigende Maske ist eine innovative Balsammaske vor dem Shampoonieren, die als echte Sch\u00f6nheitsbehandlung mit einem Duft entwickelt wurde, der f\u00fcr L\u00e4use und Insekten unerw\u00fcnscht ist. Seine spezielle nat\u00fcrliche Formel wurde mit den Wirkstoffen Andiroba\u00f6l, Neem\u00f6l, Teebaum\u00f6l und \u00e4therischem Lavendel\u00f6l angereichert. Dadurch kann das Produkt seine wohltuende Wirkung tiefgreifend entfalten und gleichzeitig eine zarte n\u00e4hrende und [&hellip;]\" \/>\n<meta property=\"og:url\" content=\"https:\/\/uniest.it\/prodotto\/beruhigende-maske\/\" \/>\n<meta property=\"og:site_name\" content=\"Uniest\" \/>\n<meta name=\"twitter:card\" content=\"summary_large_image\" \/>\n<meta name=\"twitter:label1\" content=\"Gesch\u00e4tzte Lesezeit\" \/>\n\t<meta name=\"twitter:data1\" content=\"1\u00a0Minute\" \/>\n<script type=\"application\/ld+json\" class=\"yoast-schema-graph\">{\"@context\":\"https:\/\/schema.org\",\"@graph\":[{\"@type\":\"WebPage\",\"@id\":\"https:\/\/uniest.it\/prodotto\/beruhigende-maske\/\",\"url\":\"https:\/\/uniest.it\/prodotto\/beruhigende-maske\/\",\"name\":\"Beruhigende Maske - Uniest\",\"isPartOf\":{\"@id\":\"https:\/\/uniest.it\/#website\"},\"primaryImageOfPage\":{\"@id\":\"https:\/\/uniest.it\/prodotto\/beruhigende-maske\/#primaryimage\"},\"image\":{\"@id\":\"https:\/\/uniest.it\/prodotto\/beruhigende-maske\/#primaryimage\"},\"thumbnailUrl\":\"https:\/\/uniest.it\/wp-content\/uploads\/2020\/11\/080AAA.png\",\"datePublished\":\"2024-10-29T17:56:03+00:00\",\"breadcrumb\":{\"@id\":\"https:\/\/uniest.it\/prodotto\/beruhigende-maske\/#breadcrumb\"},\"inLanguage\":\"de\",\"potentialAction\":[{\"@type\":\"ReadAction\",\"target\":[\"https:\/\/uniest.it\/prodotto\/beruhigende-maske\/\"]}]},{\"@type\":\"ImageObject\",\"inLanguage\":\"de\",\"@id\":\"https:\/\/uniest.it\/prodotto\/beruhigende-maske\/#primaryimage\",\"url\":\"https:\/\/uniest.it\/wp-content\/uploads\/2020\/11\/080AAA.png\",\"contentUrl\":\"https:\/\/uniest.it\/wp-content\/uploads\/2020\/11\/080AAA.png\",\"width\":1283,\"height\":2000},{\"@type\":\"BreadcrumbList\",\"@id\":\"https:\/\/uniest.it\/prodotto\/beruhigende-maske\/#breadcrumb\",\"itemListElement\":[{\"@type\":\"ListItem\",\"position\":1,\"name\":\"Home\",\"item\":\"https:\/\/uniest.it\/de\/\"},{\"@type\":\"ListItem\",\"position\":2,\"name\":\"Shop\",\"item\":\"https:\/\/uniest.it\/shop\/\"},{\"@type\":\"ListItem\",\"position\":3,\"name\":\"Beruhigende Maske\"}]},{\"@type\":\"WebSite\",\"@id\":\"https:\/\/uniest.it\/#website\",\"url\":\"https:\/\/uniest.it\/\",\"name\":\"Uniest\",\"description\":\"Cosmetici Naturali e Bio\",\"potentialAction\":[{\"@type\":\"SearchAction\",\"target\":{\"@type\":\"EntryPoint\",\"urlTemplate\":\"https:\/\/uniest.it\/?s={search_term_string}\"},\"query-input\":{\"@type\":\"PropertyValueSpecification\",\"valueRequired\":true,\"valueName\":\"search_term_string\"}}],\"inLanguage\":\"de\"}]}<\/script>\n<!-- \/ Yoast SEO plugin. -->","yoast_head_json":{"title":"Beruhigende Maske - Uniest","robots":{"index":"index","follow":"follow","max-snippet":"max-snippet:-1","max-image-preview":"max-image-preview:large","max-video-preview":"max-video-preview:-1"},"canonical":"https:\/\/uniest.it\/prodotto\/beruhigende-maske\/","og_locale":"de_DE","og_type":"article","og_title":"Beruhigende Maske - Uniest","og_description":"Beruhigende Maske ist eine innovative Balsammaske vor dem Shampoonieren, die als echte Sch\u00f6nheitsbehandlung mit einem Duft entwickelt wurde, der f\u00fcr L\u00e4use und Insekten unerw\u00fcnscht ist. Seine spezielle nat\u00fcrliche Formel wurde mit den Wirkstoffen Andiroba\u00f6l, Neem\u00f6l, Teebaum\u00f6l und \u00e4therischem Lavendel\u00f6l angereichert. Dadurch kann das Produkt seine wohltuende Wirkung tiefgreifend entfalten und gleichzeitig eine zarte n\u00e4hrende und [&hellip;]","og_url":"https:\/\/uniest.it\/prodotto\/beruhigende-maske\/","og_site_name":"Uniest","twitter_card":"summary_large_image","twitter_misc":{"Gesch\u00e4tzte Lesezeit":"1\u00a0Minute"},"schema":{"@context":"https:\/\/schema.org","@graph":[{"@type":"WebPage","@id":"https:\/\/uniest.it\/prodotto\/beruhigende-maske\/","url":"https:\/\/uniest.it\/prodotto\/beruhigende-maske\/","name":"Beruhigende Maske - Uniest","isPartOf":{"@id":"https:\/\/uniest.it\/#website"},"primaryImageOfPage":{"@id":"https:\/\/uniest.it\/prodotto\/beruhigende-maske\/#primaryimage"},"image":{"@id":"https:\/\/uniest.it\/prodotto\/beruhigende-maske\/#primaryimage"},"thumbnailUrl":"https:\/\/uniest.it\/wp-content\/uploads\/2020\/11\/080AAA.png","datePublished":"2024-10-29T17:56:03+00:00","breadcrumb":{"@id":"https:\/\/uniest.it\/prodotto\/beruhigende-maske\/#breadcrumb"},"inLanguage":"de","potentialAction":[{"@type":"ReadAction","target":["https:\/\/uniest.it\/prodotto\/beruhigende-maske\/"]}]},{"@type":"ImageObject","inLanguage":"de","@id":"https:\/\/uniest.it\/prodotto\/beruhigende-maske\/#primaryimage","url":"https:\/\/uniest.it\/wp-content\/uploads\/2020\/11\/080AAA.png","contentUrl":"https:\/\/uniest.it\/wp-content\/uploads\/2020\/11\/080AAA.png","width":1283,"height":2000},{"@type":"BreadcrumbList","@id":"https:\/\/uniest.it\/prodotto\/beruhigende-maske\/#breadcrumb","itemListElement":[{"@type":"ListItem","position":1,"name":"Home","item":"https:\/\/uniest.it\/de\/"},{"@type":"ListItem","position":2,"name":"Shop","item":"https:\/\/uniest.it\/shop\/"},{"@type":"ListItem","position":3,"name":"Beruhigende Maske"}]},{"@type":"WebSite","@id":"https:\/\/uniest.it\/#website","url":"https:\/\/uniest.it\/","name":"Uniest","description":"Cosmetici Naturali e Bio","potentialAction":[{"@type":"SearchAction","target":{"@type":"EntryPoint","urlTemplate":"https:\/\/uniest.it\/?s={search_term_string}"},"query-input":{"@type":"PropertyValueSpecification","valueRequired":true,"valueName":"search_term_string"}}],"inLanguage":"de"}]}},"_links":{"self":[{"href":"https:\/\/uniest.it\/de\/wp-json\/wp\/v2\/product\/7128","targetHints":{"allow":["GET"]}}],"collection":[{"href":"https:\/\/uniest.it\/de\/wp-json\/wp\/v2\/product"}],"about":[{"href":"https:\/\/uniest.it\/de\/wp-json\/wp\/v2\/types\/product"}],"wp:featuredmedia":[{"embeddable":true,"href":"https:\/\/uniest.it\/de\/wp-json\/wp\/v2\/media\/7129"}],"wp:attachment":[{"href":"https:\/\/uniest.it\/de\/wp-json\/wp\/v2\/media?parent=7128"}],"wp:term":[{"taxonomy":"product_brand","embeddable":true,"href":"https:\/\/uniest.it\/de\/wp-json\/wp\/v2\/product_brand?post=7128"},{"taxonomy":"product_cat","embeddable":true,"href":"https:\/\/uniest.it\/de\/wp-json\/wp\/v2\/product_cat?post=7128"},{"taxonomy":"product_tag","embeddable":true,"href":"https:\/\/uniest.it\/de\/wp-json\/wp\/v2\/product_tag?post=7128"}],"curies":[{"name":"wp","href":"https:\/\/api.w.org\/{rel}","templated":true}]}}