{"id":7134,"date":"2024-10-29T18:56:04","date_gmt":"2024-10-29T17:56:04","guid":{"rendered":"https:\/\/uniest.it\/prodotto\/anti-falten-biotropfen\/"},"modified":"2024-10-29T18:56:04","modified_gmt":"2024-10-29T17:56:04","slug":"anti-falten-biotropfen","status":"publish","type":"product","link":"https:\/\/uniest.it\/de\/prodotto\/anti-falten-biotropfen\/","title":{"rendered":"Anti-Falten-Biotropfen"},"content":{"rendered":"<p>Biogocce Anti-Falten: Dieses Serum ist vollst\u00e4ndig pflanzlichen Ursprungs und dank seiner feuchtigkeitsspendenden Eigenschaften gl\u00e4ttet, festigt und verleiht es dem Gesicht neue Jugendlichkeit. Dieser Wirkstoffkomplex pflanzlichen Ursprungs ist in Extrakten aus Wacholder, Salbei und Linde sowie in \u00e4therischen \u00d6len von Eukalyptus und Melisse enthalten. Es ist in der Lage, den perfekten Wasserhaushalt wiederherzustellen und die Haut zu sch\u00fctzen, indem es \u00e4u\u00dfere Einfl\u00fcsse neutralisiert und die nat\u00fcrlichen Abwehrkr\u00e4fte st\u00e4rkt, und eignet sich auch hervorragend als Make-up-Grundlage. Dieses Serum f\u00fchlt sich weich an, ist leicht und zieht daher schnell und einfach ein. Es sorgt f\u00fcr eine frische, angenehm hydratisierte und sichtbar j\u00fcngere Haut. Das Hinzuf\u00fcgen von Serum zu den Produkten, die Sie zur t\u00e4glichen Hautpflege verwenden, kann daher Ihr Wohlbefinden und vor allem Ihre Sch\u00f6nheit verbessern!<\/p>\n","protected":false},"excerpt":{"rendered":"<p>Biogocce Anti-Falten: Dieses Serum ist vollst\u00e4ndig pflanzlichen Ursprungs und dank seiner feuchtigkeitsspendenden Eigenschaften gl\u00e4ttet, festigt und verleiht es dem Gesicht neue Jugendlichkeit. Dieser Wirkstoffkomplex pflanzlichen Ursprungs ist in Extrakten aus Wacholder, Salbei und Linde sowie in \u00e4therischen \u00d6len von Eukalyptus und Melisse enthalten. Es ist in der Lage, den perfekten Wasserhaushalt wiederherzustellen und die Haut [&hellip;]<\/p>\n","protected":false},"featured_media":7135,"template":"","meta":{"_acf_changed":false,"inline_featured_image":false},"product_brand":[],"product_cat":[1497],"product_tag":[],"class_list":{"0":"post-7134","1":"product","2":"type-product","3":"status-publish","4":"has-post-thumbnail","6":"product_beauty-antirughe","7":"product_beauty-idratare","8":"product_beauty-nutrire-e-rigenerare","9":"product_beauty-rassodare-e-tonificare","10":"product_skin-pelli-giovani-e-prime-rughe","11":"product_skin-pelli-mature-e-rughe","12":"product_kind-tonici-e-lozioni-viso","13":"product_lines-antirughe","14":"product_cat-viso-de","15":"pa_size-50-de","17":"first","18":"outofstock","19":"taxable","20":"shipping-taxable","21":"purchasable","22":"product-type-simple"},"acf":[],"yoast_head":"<!-- This site is optimized with the Yoast SEO plugin v24.6 - https:\/\/yoast.com\/wordpress\/plugins\/seo\/ -->\n<title>Anti-Falten-Biotropfen - Uniest<\/title>\n<meta name=\"robots\" content=\"index, follow, max-snippet:-1, max-image-preview:large, max-video-preview:-1\" \/>\n<link rel=\"canonical\" href=\"https:\/\/uniest.it\/prodotto\/anti-falten-biotropfen\/\" \/>\n<meta property=\"og:locale\" content=\"de_DE\" \/>\n<meta property=\"og:type\" content=\"article\" \/>\n<meta property=\"og:title\" content=\"Anti-Falten-Biotropfen - Uniest\" \/>\n<meta property=\"og:description\" content=\"Biogocce Anti-Falten: Dieses Serum ist vollst\u00e4ndig pflanzlichen Ursprungs und dank seiner feuchtigkeitsspendenden Eigenschaften gl\u00e4ttet, festigt und verleiht es dem Gesicht neue Jugendlichkeit. Dieser Wirkstoffkomplex pflanzlichen Ursprungs ist in Extrakten aus Wacholder, Salbei und Linde sowie in \u00e4therischen \u00d6len von Eukalyptus und Melisse enthalten. Es ist in der Lage, den perfekten Wasserhaushalt wiederherzustellen und die Haut [&hellip;]\" \/>\n<meta property=\"og:url\" content=\"https:\/\/uniest.it\/prodotto\/anti-falten-biotropfen\/\" \/>\n<meta property=\"og:site_name\" content=\"Uniest\" \/>\n<meta name=\"twitter:card\" content=\"summary_large_image\" \/>\n<meta name=\"twitter:label1\" content=\"Gesch\u00e4tzte Lesezeit\" \/>\n\t<meta name=\"twitter:data1\" content=\"1\u00a0Minute\" \/>\n<script type=\"application\/ld+json\" class=\"yoast-schema-graph\">{\"@context\":\"https:\/\/schema.org\",\"@graph\":[{\"@type\":\"WebPage\",\"@id\":\"https:\/\/uniest.it\/prodotto\/anti-falten-biotropfen\/\",\"url\":\"https:\/\/uniest.it\/prodotto\/anti-falten-biotropfen\/\",\"name\":\"Anti-Falten-Biotropfen - Uniest\",\"isPartOf\":{\"@id\":\"https:\/\/uniest.it\/#website\"},\"primaryImageOfPage\":{\"@id\":\"https:\/\/uniest.it\/prodotto\/anti-falten-biotropfen\/#primaryimage\"},\"image\":{\"@id\":\"https:\/\/uniest.it\/prodotto\/anti-falten-biotropfen\/#primaryimage\"},\"thumbnailUrl\":\"https:\/\/uniest.it\/wp-content\/uploads\/2020\/11\/084AAE.png\",\"datePublished\":\"2024-10-29T17:56:04+00:00\",\"breadcrumb\":{\"@id\":\"https:\/\/uniest.it\/prodotto\/anti-falten-biotropfen\/#breadcrumb\"},\"inLanguage\":\"de\",\"potentialAction\":[{\"@type\":\"ReadAction\",\"target\":[\"https:\/\/uniest.it\/prodotto\/anti-falten-biotropfen\/\"]}]},{\"@type\":\"ImageObject\",\"inLanguage\":\"de\",\"@id\":\"https:\/\/uniest.it\/prodotto\/anti-falten-biotropfen\/#primaryimage\",\"url\":\"https:\/\/uniest.it\/wp-content\/uploads\/2020\/11\/084AAE.png\",\"contentUrl\":\"https:\/\/uniest.it\/wp-content\/uploads\/2020\/11\/084AAE.png\",\"width\":1283,\"height\":2000},{\"@type\":\"BreadcrumbList\",\"@id\":\"https:\/\/uniest.it\/prodotto\/anti-falten-biotropfen\/#breadcrumb\",\"itemListElement\":[{\"@type\":\"ListItem\",\"position\":1,\"name\":\"Home\",\"item\":\"https:\/\/uniest.it\/de\/\"},{\"@type\":\"ListItem\",\"position\":2,\"name\":\"Shop\",\"item\":\"https:\/\/uniest.it\/shop\/\"},{\"@type\":\"ListItem\",\"position\":3,\"name\":\"Anti-Falten-Biotropfen\"}]},{\"@type\":\"WebSite\",\"@id\":\"https:\/\/uniest.it\/#website\",\"url\":\"https:\/\/uniest.it\/\",\"name\":\"Uniest\",\"description\":\"Cosmetici Naturali e Bio\",\"potentialAction\":[{\"@type\":\"SearchAction\",\"target\":{\"@type\":\"EntryPoint\",\"urlTemplate\":\"https:\/\/uniest.it\/?s={search_term_string}\"},\"query-input\":{\"@type\":\"PropertyValueSpecification\",\"valueRequired\":true,\"valueName\":\"search_term_string\"}}],\"inLanguage\":\"de\"}]}<\/script>\n<!-- \/ Yoast SEO plugin. -->","yoast_head_json":{"title":"Anti-Falten-Biotropfen - Uniest","robots":{"index":"index","follow":"follow","max-snippet":"max-snippet:-1","max-image-preview":"max-image-preview:large","max-video-preview":"max-video-preview:-1"},"canonical":"https:\/\/uniest.it\/prodotto\/anti-falten-biotropfen\/","og_locale":"de_DE","og_type":"article","og_title":"Anti-Falten-Biotropfen - Uniest","og_description":"Biogocce Anti-Falten: Dieses Serum ist vollst\u00e4ndig pflanzlichen Ursprungs und dank seiner feuchtigkeitsspendenden Eigenschaften gl\u00e4ttet, festigt und verleiht es dem Gesicht neue Jugendlichkeit. Dieser Wirkstoffkomplex pflanzlichen Ursprungs ist in Extrakten aus Wacholder, Salbei und Linde sowie in \u00e4therischen \u00d6len von Eukalyptus und Melisse enthalten. Es ist in der Lage, den perfekten Wasserhaushalt wiederherzustellen und die Haut [&hellip;]","og_url":"https:\/\/uniest.it\/prodotto\/anti-falten-biotropfen\/","og_site_name":"Uniest","twitter_card":"summary_large_image","twitter_misc":{"Gesch\u00e4tzte Lesezeit":"1\u00a0Minute"},"schema":{"@context":"https:\/\/schema.org","@graph":[{"@type":"WebPage","@id":"https:\/\/uniest.it\/prodotto\/anti-falten-biotropfen\/","url":"https:\/\/uniest.it\/prodotto\/anti-falten-biotropfen\/","name":"Anti-Falten-Biotropfen - Uniest","isPartOf":{"@id":"https:\/\/uniest.it\/#website"},"primaryImageOfPage":{"@id":"https:\/\/uniest.it\/prodotto\/anti-falten-biotropfen\/#primaryimage"},"image":{"@id":"https:\/\/uniest.it\/prodotto\/anti-falten-biotropfen\/#primaryimage"},"thumbnailUrl":"https:\/\/uniest.it\/wp-content\/uploads\/2020\/11\/084AAE.png","datePublished":"2024-10-29T17:56:04+00:00","breadcrumb":{"@id":"https:\/\/uniest.it\/prodotto\/anti-falten-biotropfen\/#breadcrumb"},"inLanguage":"de","potentialAction":[{"@type":"ReadAction","target":["https:\/\/uniest.it\/prodotto\/anti-falten-biotropfen\/"]}]},{"@type":"ImageObject","inLanguage":"de","@id":"https:\/\/uniest.it\/prodotto\/anti-falten-biotropfen\/#primaryimage","url":"https:\/\/uniest.it\/wp-content\/uploads\/2020\/11\/084AAE.png","contentUrl":"https:\/\/uniest.it\/wp-content\/uploads\/2020\/11\/084AAE.png","width":1283,"height":2000},{"@type":"BreadcrumbList","@id":"https:\/\/uniest.it\/prodotto\/anti-falten-biotropfen\/#breadcrumb","itemListElement":[{"@type":"ListItem","position":1,"name":"Home","item":"https:\/\/uniest.it\/de\/"},{"@type":"ListItem","position":2,"name":"Shop","item":"https:\/\/uniest.it\/shop\/"},{"@type":"ListItem","position":3,"name":"Anti-Falten-Biotropfen"}]},{"@type":"WebSite","@id":"https:\/\/uniest.it\/#website","url":"https:\/\/uniest.it\/","name":"Uniest","description":"Cosmetici Naturali e Bio","potentialAction":[{"@type":"SearchAction","target":{"@type":"EntryPoint","urlTemplate":"https:\/\/uniest.it\/?s={search_term_string}"},"query-input":{"@type":"PropertyValueSpecification","valueRequired":true,"valueName":"search_term_string"}}],"inLanguage":"de"}]}},"_links":{"self":[{"href":"https:\/\/uniest.it\/de\/wp-json\/wp\/v2\/product\/7134","targetHints":{"allow":["GET"]}}],"collection":[{"href":"https:\/\/uniest.it\/de\/wp-json\/wp\/v2\/product"}],"about":[{"href":"https:\/\/uniest.it\/de\/wp-json\/wp\/v2\/types\/product"}],"wp:featuredmedia":[{"embeddable":true,"href":"https:\/\/uniest.it\/de\/wp-json\/wp\/v2\/media\/7135"}],"wp:attachment":[{"href":"https:\/\/uniest.it\/de\/wp-json\/wp\/v2\/media?parent=7134"}],"wp:term":[{"taxonomy":"product_brand","embeddable":true,"href":"https:\/\/uniest.it\/de\/wp-json\/wp\/v2\/product_brand?post=7134"},{"taxonomy":"product_cat","embeddable":true,"href":"https:\/\/uniest.it\/de\/wp-json\/wp\/v2\/product_cat?post=7134"},{"taxonomy":"product_tag","embeddable":true,"href":"https:\/\/uniest.it\/de\/wp-json\/wp\/v2\/product_tag?post=7134"}],"curies":[{"name":"wp","href":"https:\/\/api.w.org\/{rel}","templated":true}]}}