{"id":7137,"date":"2024-10-29T18:56:04","date_gmt":"2024-10-29T17:56:04","guid":{"rendered":"https:\/\/uniest.it\/prodotto\/beruhigende-lotion\/"},"modified":"2024-10-29T18:56:04","modified_gmt":"2024-10-29T17:56:04","slug":"beruhigende-lotion","status":"publish","type":"product","link":"https:\/\/uniest.it\/de\/prodotto\/beruhigende-lotion\/","title":{"rendered":"Beruhigende Lotion"},"content":{"rendered":"<p>Beruhigende Pre\/Post-Lotion Ein nat\u00fcrliches Produkt ohne Alkohol, das Ihr Haar in eine s\u00fc\u00dfe Frischewolke und einen zarten Duft \u00e4therischen Lavendel\u00f6ls h\u00fcllt. In der reichhaltigen nat\u00fcrlichen Formulierung dieses Produkts finden wir zahlreiche Pflanzenstoffe, deren charakteristischer Duft daher f\u00fcr L\u00e4use und Insekten unangenehm ist. Das wertvolle Teebaum\u00f6l in Kombination mit Andiroba\u00f6l entfaltet eine wohltuende Schutzwirkung, beruhigt die Kopfhaut und sch\u00fctzt gleichzeitig das Haar vor m\u00f6glichen Angriffen.<\/p>\n","protected":false},"excerpt":{"rendered":"<p>Beruhigende Pre\/Post-Lotion Ein nat\u00fcrliches Produkt ohne Alkohol, das Ihr Haar in eine s\u00fc\u00dfe Frischewolke und einen zarten Duft \u00e4therischen Lavendel\u00f6ls h\u00fcllt. In der reichhaltigen nat\u00fcrlichen Formulierung dieses Produkts finden wir zahlreiche Pflanzenstoffe, deren charakteristischer Duft daher f\u00fcr L\u00e4use und Insekten unangenehm ist. Das wertvolle Teebaum\u00f6l in Kombination mit Andiroba\u00f6l entfaltet eine wohltuende Schutzwirkung, beruhigt die [&hellip;]<\/p>\n","protected":false},"featured_media":7138,"template":"","meta":{"_acf_changed":false,"inline_featured_image":false},"product_brand":[],"product_cat":[1491],"product_tag":[],"class_list":{"0":"post-7137","1":"product","2":"type-product","3":"status-publish","4":"has-post-thumbnail","6":"product_beauty-idratare","7":"product_beauty-lenire","8":"product_beauty-proteggere","9":"product_skin-tutti-i-capelli","10":"product_kind-lozioni-capelli","11":"product_kind-lozioni-idratanti","12":"product_kind-lozioni-lenitive","13":"product_kind-lozioni-pidocchi","14":"product_kind-lozioni-repellenti","15":"product_kind-trattamenti-speciali","16":"product_lines-baby-mamy","17":"product_cat-famiglia-e-pet-de","18":"pa_size-125-de","20":"first","21":"instock","22":"taxable","23":"shipping-taxable","24":"purchasable","25":"product-type-simple"},"acf":[],"yoast_head":"<!-- This site is optimized with the Yoast SEO plugin v24.6 - https:\/\/yoast.com\/wordpress\/plugins\/seo\/ -->\n<title>Beruhigende Lotion - Uniest<\/title>\n<meta name=\"robots\" content=\"index, follow, max-snippet:-1, max-image-preview:large, max-video-preview:-1\" \/>\n<link rel=\"canonical\" href=\"https:\/\/uniest.it\/prodotto\/beruhigende-lotion\/\" \/>\n<meta property=\"og:locale\" content=\"de_DE\" \/>\n<meta property=\"og:type\" content=\"article\" \/>\n<meta property=\"og:title\" content=\"Beruhigende Lotion - Uniest\" \/>\n<meta property=\"og:description\" content=\"Beruhigende Pre\/Post-Lotion Ein nat\u00fcrliches Produkt ohne Alkohol, das Ihr Haar in eine s\u00fc\u00dfe Frischewolke und einen zarten Duft \u00e4therischen Lavendel\u00f6ls h\u00fcllt. In der reichhaltigen nat\u00fcrlichen Formulierung dieses Produkts finden wir zahlreiche Pflanzenstoffe, deren charakteristischer Duft daher f\u00fcr L\u00e4use und Insekten unangenehm ist. Das wertvolle Teebaum\u00f6l in Kombination mit Andiroba\u00f6l entfaltet eine wohltuende Schutzwirkung, beruhigt die [&hellip;]\" \/>\n<meta property=\"og:url\" content=\"https:\/\/uniest.it\/prodotto\/beruhigende-lotion\/\" \/>\n<meta property=\"og:site_name\" content=\"Uniest\" \/>\n<meta name=\"twitter:card\" content=\"summary_large_image\" \/>\n<script type=\"application\/ld+json\" class=\"yoast-schema-graph\">{\"@context\":\"https:\/\/schema.org\",\"@graph\":[{\"@type\":\"WebPage\",\"@id\":\"https:\/\/uniest.it\/prodotto\/beruhigende-lotion\/\",\"url\":\"https:\/\/uniest.it\/prodotto\/beruhigende-lotion\/\",\"name\":\"Beruhigende Lotion - Uniest\",\"isPartOf\":{\"@id\":\"https:\/\/uniest.it\/#website\"},\"primaryImageOfPage\":{\"@id\":\"https:\/\/uniest.it\/prodotto\/beruhigende-lotion\/#primaryimage\"},\"image\":{\"@id\":\"https:\/\/uniest.it\/prodotto\/beruhigende-lotion\/#primaryimage\"},\"thumbnailUrl\":\"https:\/\/uniest.it\/wp-content\/uploads\/2020\/11\/090AAA.png\",\"datePublished\":\"2024-10-29T17:56:04+00:00\",\"breadcrumb\":{\"@id\":\"https:\/\/uniest.it\/prodotto\/beruhigende-lotion\/#breadcrumb\"},\"inLanguage\":\"de\",\"potentialAction\":[{\"@type\":\"ReadAction\",\"target\":[\"https:\/\/uniest.it\/prodotto\/beruhigende-lotion\/\"]}]},{\"@type\":\"ImageObject\",\"inLanguage\":\"de\",\"@id\":\"https:\/\/uniest.it\/prodotto\/beruhigende-lotion\/#primaryimage\",\"url\":\"https:\/\/uniest.it\/wp-content\/uploads\/2020\/11\/090AAA.png\",\"contentUrl\":\"https:\/\/uniest.it\/wp-content\/uploads\/2020\/11\/090AAA.png\",\"width\":1283,\"height\":2000},{\"@type\":\"BreadcrumbList\",\"@id\":\"https:\/\/uniest.it\/prodotto\/beruhigende-lotion\/#breadcrumb\",\"itemListElement\":[{\"@type\":\"ListItem\",\"position\":1,\"name\":\"Home\",\"item\":\"https:\/\/uniest.it\/de\/\"},{\"@type\":\"ListItem\",\"position\":2,\"name\":\"Shop\",\"item\":\"https:\/\/uniest.it\/shop\/\"},{\"@type\":\"ListItem\",\"position\":3,\"name\":\"Beruhigende Lotion\"}]},{\"@type\":\"WebSite\",\"@id\":\"https:\/\/uniest.it\/#website\",\"url\":\"https:\/\/uniest.it\/\",\"name\":\"Uniest\",\"description\":\"Cosmetici Naturali e Bio\",\"potentialAction\":[{\"@type\":\"SearchAction\",\"target\":{\"@type\":\"EntryPoint\",\"urlTemplate\":\"https:\/\/uniest.it\/?s={search_term_string}\"},\"query-input\":{\"@type\":\"PropertyValueSpecification\",\"valueRequired\":true,\"valueName\":\"search_term_string\"}}],\"inLanguage\":\"de\"}]}<\/script>\n<!-- \/ Yoast SEO plugin. -->","yoast_head_json":{"title":"Beruhigende Lotion - Uniest","robots":{"index":"index","follow":"follow","max-snippet":"max-snippet:-1","max-image-preview":"max-image-preview:large","max-video-preview":"max-video-preview:-1"},"canonical":"https:\/\/uniest.it\/prodotto\/beruhigende-lotion\/","og_locale":"de_DE","og_type":"article","og_title":"Beruhigende Lotion - Uniest","og_description":"Beruhigende Pre\/Post-Lotion Ein nat\u00fcrliches Produkt ohne Alkohol, das Ihr Haar in eine s\u00fc\u00dfe Frischewolke und einen zarten Duft \u00e4therischen Lavendel\u00f6ls h\u00fcllt. In der reichhaltigen nat\u00fcrlichen Formulierung dieses Produkts finden wir zahlreiche Pflanzenstoffe, deren charakteristischer Duft daher f\u00fcr L\u00e4use und Insekten unangenehm ist. Das wertvolle Teebaum\u00f6l in Kombination mit Andiroba\u00f6l entfaltet eine wohltuende Schutzwirkung, beruhigt die [&hellip;]","og_url":"https:\/\/uniest.it\/prodotto\/beruhigende-lotion\/","og_site_name":"Uniest","twitter_card":"summary_large_image","schema":{"@context":"https:\/\/schema.org","@graph":[{"@type":"WebPage","@id":"https:\/\/uniest.it\/prodotto\/beruhigende-lotion\/","url":"https:\/\/uniest.it\/prodotto\/beruhigende-lotion\/","name":"Beruhigende Lotion - Uniest","isPartOf":{"@id":"https:\/\/uniest.it\/#website"},"primaryImageOfPage":{"@id":"https:\/\/uniest.it\/prodotto\/beruhigende-lotion\/#primaryimage"},"image":{"@id":"https:\/\/uniest.it\/prodotto\/beruhigende-lotion\/#primaryimage"},"thumbnailUrl":"https:\/\/uniest.it\/wp-content\/uploads\/2020\/11\/090AAA.png","datePublished":"2024-10-29T17:56:04+00:00","breadcrumb":{"@id":"https:\/\/uniest.it\/prodotto\/beruhigende-lotion\/#breadcrumb"},"inLanguage":"de","potentialAction":[{"@type":"ReadAction","target":["https:\/\/uniest.it\/prodotto\/beruhigende-lotion\/"]}]},{"@type":"ImageObject","inLanguage":"de","@id":"https:\/\/uniest.it\/prodotto\/beruhigende-lotion\/#primaryimage","url":"https:\/\/uniest.it\/wp-content\/uploads\/2020\/11\/090AAA.png","contentUrl":"https:\/\/uniest.it\/wp-content\/uploads\/2020\/11\/090AAA.png","width":1283,"height":2000},{"@type":"BreadcrumbList","@id":"https:\/\/uniest.it\/prodotto\/beruhigende-lotion\/#breadcrumb","itemListElement":[{"@type":"ListItem","position":1,"name":"Home","item":"https:\/\/uniest.it\/de\/"},{"@type":"ListItem","position":2,"name":"Shop","item":"https:\/\/uniest.it\/shop\/"},{"@type":"ListItem","position":3,"name":"Beruhigende Lotion"}]},{"@type":"WebSite","@id":"https:\/\/uniest.it\/#website","url":"https:\/\/uniest.it\/","name":"Uniest","description":"Cosmetici Naturali e Bio","potentialAction":[{"@type":"SearchAction","target":{"@type":"EntryPoint","urlTemplate":"https:\/\/uniest.it\/?s={search_term_string}"},"query-input":{"@type":"PropertyValueSpecification","valueRequired":true,"valueName":"search_term_string"}}],"inLanguage":"de"}]}},"_links":{"self":[{"href":"https:\/\/uniest.it\/de\/wp-json\/wp\/v2\/product\/7137","targetHints":{"allow":["GET"]}}],"collection":[{"href":"https:\/\/uniest.it\/de\/wp-json\/wp\/v2\/product"}],"about":[{"href":"https:\/\/uniest.it\/de\/wp-json\/wp\/v2\/types\/product"}],"wp:featuredmedia":[{"embeddable":true,"href":"https:\/\/uniest.it\/de\/wp-json\/wp\/v2\/media\/7138"}],"wp:attachment":[{"href":"https:\/\/uniest.it\/de\/wp-json\/wp\/v2\/media?parent=7137"}],"wp:term":[{"taxonomy":"product_brand","embeddable":true,"href":"https:\/\/uniest.it\/de\/wp-json\/wp\/v2\/product_brand?post=7137"},{"taxonomy":"product_cat","embeddable":true,"href":"https:\/\/uniest.it\/de\/wp-json\/wp\/v2\/product_cat?post=7137"},{"taxonomy":"product_tag","embeddable":true,"href":"https:\/\/uniest.it\/de\/wp-json\/wp\/v2\/product_tag?post=7137"}],"curies":[{"name":"wp","href":"https:\/\/api.w.org\/{rel}","templated":true}]}}