{"id":7140,"date":"2024-10-29T18:56:05","date_gmt":"2024-10-29T17:56:05","guid":{"rendered":"https:\/\/uniest.it\/prodotto\/drainage-gemuesetonikum\/"},"modified":"2024-10-29T18:56:05","modified_gmt":"2024-10-29T17:56:05","slug":"drainage-gemuesetonikum","status":"publish","type":"product","link":"https:\/\/uniest.it\/de\/prodotto\/drainage-gemuesetonikum\/","title":{"rendered":"Drainage-Gem\u00fcsetonikum"},"content":{"rendered":"<p>*Es ist m\u00f6glich, dass die Verpackung vom Foto abweicht. Defluenter pflanzlicher Toner: Durch die Anwendung des Tonics wird die Haut nach der \u00fcblichen Reinigung noch gr\u00fcndlicher gereinigt. Entfernt alle Restunreinheiten (Talg, Make-up, abgestorbene Zellen) und Make-up-R\u00fcckst\u00e4nde (Reinigungsmilch, \u00d6le oder Seifen), die im Gesicht verbleiben und die Hautporen verstopfen. Die Verwendung von Toner bedeutet daher, die Wirkung des Make-up-Entferners zu erg\u00e4nzen und zu perfektionieren, da er die Haut endg\u00fcltig befreit und ihr das Atmen erm\u00f6glicht. Es ist eine Synergie aus 7 Extrakten, darunter Bio-Ringelblume, Hamamelis, Blaubeere, Hagebutte, Johanniskraut, Bio-Kamille und Malve sowie 3 \u00e4therischen \u00d6len aus Salbei, Menthol und Confora. Diese nat\u00fcrlichen Extrakte wirken zusammen mit der feuchtigkeitsspendenden Wirkung von Sorbitol abschwellend, beruhigend und entz\u00fcndungshemmend und verbessern so unsere Haut deutlich. Dar\u00fcber hinaus f\u00f6rdert seine spezielle Formel die Durchl\u00e4ssigkeit der Hautbarriere und erleichtert so das Eindringen der wertvollen Wirkstoffe, die im Tonic und in den anschlie\u00dfend aufgetragenen Cremes enthalten sind.<\/p>\n","protected":false},"excerpt":{"rendered":"<p>*Es ist m\u00f6glich, dass die Verpackung vom Foto abweicht. Defluenter pflanzlicher Toner: Durch die Anwendung des Tonics wird die Haut nach der \u00fcblichen Reinigung noch gr\u00fcndlicher gereinigt. Entfernt alle Restunreinheiten (Talg, Make-up, abgestorbene Zellen) und Make-up-R\u00fcckst\u00e4nde (Reinigungsmilch, \u00d6le oder Seifen), die im Gesicht verbleiben und die Hautporen verstopfen. Die Verwendung von Toner bedeutet daher, die [&hellip;]<\/p>\n","protected":false},"featured_media":7141,"template":"","meta":{"_acf_changed":false,"inline_featured_image":false},"product_brand":[],"product_cat":[1497],"product_tag":[],"class_list":{"0":"post-7140","1":"product","2":"type-product","3":"status-publish","4":"has-post-thumbnail","6":"product_beauty-detox-e-dren","7":"product_beauty-idratare","8":"product_beauty-lenire","9":"product_beauty-purificare","10":"product_skin-pelli-delicate-e-sensibili","11":"product_skin-pelli-giovani-e-prime-rughe","12":"product_kind-tonici-e-lozioni-viso","13":"product_lines-pelli-delicate-e-sensibili","14":"product_cat-viso-de","15":"pa_size-200-de","17":"first","18":"instock","19":"taxable","20":"shipping-taxable","21":"purchasable","22":"product-type-simple"},"acf":[],"yoast_head":"<!-- This site is optimized with the Yoast SEO plugin v24.6 - https:\/\/yoast.com\/wordpress\/plugins\/seo\/ -->\n<title>Drainage-Gem\u00fcsetonikum - Uniest<\/title>\n<meta name=\"robots\" content=\"index, follow, max-snippet:-1, max-image-preview:large, max-video-preview:-1\" \/>\n<link rel=\"canonical\" href=\"https:\/\/uniest.it\/prodotto\/drainage-gemuesetonikum\/\" \/>\n<meta property=\"og:locale\" content=\"de_DE\" \/>\n<meta property=\"og:type\" content=\"article\" \/>\n<meta property=\"og:title\" content=\"Drainage-Gem\u00fcsetonikum - Uniest\" \/>\n<meta property=\"og:description\" content=\"*Es ist m\u00f6glich, dass die Verpackung vom Foto abweicht. Defluenter pflanzlicher Toner: Durch die Anwendung des Tonics wird die Haut nach der \u00fcblichen Reinigung noch gr\u00fcndlicher gereinigt. Entfernt alle Restunreinheiten (Talg, Make-up, abgestorbene Zellen) und Make-up-R\u00fcckst\u00e4nde (Reinigungsmilch, \u00d6le oder Seifen), die im Gesicht verbleiben und die Hautporen verstopfen. Die Verwendung von Toner bedeutet daher, die [&hellip;]\" \/>\n<meta property=\"og:url\" content=\"https:\/\/uniest.it\/prodotto\/drainage-gemuesetonikum\/\" \/>\n<meta property=\"og:site_name\" content=\"Uniest\" \/>\n<meta name=\"twitter:card\" content=\"summary_large_image\" \/>\n<meta name=\"twitter:label1\" content=\"Gesch\u00e4tzte Lesezeit\" \/>\n\t<meta name=\"twitter:data1\" content=\"1\u00a0Minute\" \/>\n<script type=\"application\/ld+json\" class=\"yoast-schema-graph\">{\"@context\":\"https:\/\/schema.org\",\"@graph\":[{\"@type\":\"WebPage\",\"@id\":\"https:\/\/uniest.it\/prodotto\/drainage-gemuesetonikum\/\",\"url\":\"https:\/\/uniest.it\/prodotto\/drainage-gemuesetonikum\/\",\"name\":\"Drainage-Gem\u00fcsetonikum - Uniest\",\"isPartOf\":{\"@id\":\"https:\/\/uniest.it\/#website\"},\"primaryImageOfPage\":{\"@id\":\"https:\/\/uniest.it\/prodotto\/drainage-gemuesetonikum\/#primaryimage\"},\"image\":{\"@id\":\"https:\/\/uniest.it\/prodotto\/drainage-gemuesetonikum\/#primaryimage\"},\"thumbnailUrl\":\"https:\/\/uniest.it\/wp-content\/uploads\/2020\/11\/090AAE.png\",\"datePublished\":\"2024-10-29T17:56:05+00:00\",\"breadcrumb\":{\"@id\":\"https:\/\/uniest.it\/prodotto\/drainage-gemuesetonikum\/#breadcrumb\"},\"inLanguage\":\"de\",\"potentialAction\":[{\"@type\":\"ReadAction\",\"target\":[\"https:\/\/uniest.it\/prodotto\/drainage-gemuesetonikum\/\"]}]},{\"@type\":\"ImageObject\",\"inLanguage\":\"de\",\"@id\":\"https:\/\/uniest.it\/prodotto\/drainage-gemuesetonikum\/#primaryimage\",\"url\":\"https:\/\/uniest.it\/wp-content\/uploads\/2020\/11\/090AAE.png\",\"contentUrl\":\"https:\/\/uniest.it\/wp-content\/uploads\/2020\/11\/090AAE.png\",\"width\":1283,\"height\":2001},{\"@type\":\"BreadcrumbList\",\"@id\":\"https:\/\/uniest.it\/prodotto\/drainage-gemuesetonikum\/#breadcrumb\",\"itemListElement\":[{\"@type\":\"ListItem\",\"position\":1,\"name\":\"Home\",\"item\":\"https:\/\/uniest.it\/de\/\"},{\"@type\":\"ListItem\",\"position\":2,\"name\":\"Shop\",\"item\":\"https:\/\/uniest.it\/shop\/\"},{\"@type\":\"ListItem\",\"position\":3,\"name\":\"Drainage-Gem\u00fcsetonikum\"}]},{\"@type\":\"WebSite\",\"@id\":\"https:\/\/uniest.it\/#website\",\"url\":\"https:\/\/uniest.it\/\",\"name\":\"Uniest\",\"description\":\"Cosmetici Naturali e Bio\",\"potentialAction\":[{\"@type\":\"SearchAction\",\"target\":{\"@type\":\"EntryPoint\",\"urlTemplate\":\"https:\/\/uniest.it\/?s={search_term_string}\"},\"query-input\":{\"@type\":\"PropertyValueSpecification\",\"valueRequired\":true,\"valueName\":\"search_term_string\"}}],\"inLanguage\":\"de\"}]}<\/script>\n<!-- \/ Yoast SEO plugin. -->","yoast_head_json":{"title":"Drainage-Gem\u00fcsetonikum - Uniest","robots":{"index":"index","follow":"follow","max-snippet":"max-snippet:-1","max-image-preview":"max-image-preview:large","max-video-preview":"max-video-preview:-1"},"canonical":"https:\/\/uniest.it\/prodotto\/drainage-gemuesetonikum\/","og_locale":"de_DE","og_type":"article","og_title":"Drainage-Gem\u00fcsetonikum - Uniest","og_description":"*Es ist m\u00f6glich, dass die Verpackung vom Foto abweicht. Defluenter pflanzlicher Toner: Durch die Anwendung des Tonics wird die Haut nach der \u00fcblichen Reinigung noch gr\u00fcndlicher gereinigt. Entfernt alle Restunreinheiten (Talg, Make-up, abgestorbene Zellen) und Make-up-R\u00fcckst\u00e4nde (Reinigungsmilch, \u00d6le oder Seifen), die im Gesicht verbleiben und die Hautporen verstopfen. Die Verwendung von Toner bedeutet daher, die [&hellip;]","og_url":"https:\/\/uniest.it\/prodotto\/drainage-gemuesetonikum\/","og_site_name":"Uniest","twitter_card":"summary_large_image","twitter_misc":{"Gesch\u00e4tzte Lesezeit":"1\u00a0Minute"},"schema":{"@context":"https:\/\/schema.org","@graph":[{"@type":"WebPage","@id":"https:\/\/uniest.it\/prodotto\/drainage-gemuesetonikum\/","url":"https:\/\/uniest.it\/prodotto\/drainage-gemuesetonikum\/","name":"Drainage-Gem\u00fcsetonikum - Uniest","isPartOf":{"@id":"https:\/\/uniest.it\/#website"},"primaryImageOfPage":{"@id":"https:\/\/uniest.it\/prodotto\/drainage-gemuesetonikum\/#primaryimage"},"image":{"@id":"https:\/\/uniest.it\/prodotto\/drainage-gemuesetonikum\/#primaryimage"},"thumbnailUrl":"https:\/\/uniest.it\/wp-content\/uploads\/2020\/11\/090AAE.png","datePublished":"2024-10-29T17:56:05+00:00","breadcrumb":{"@id":"https:\/\/uniest.it\/prodotto\/drainage-gemuesetonikum\/#breadcrumb"},"inLanguage":"de","potentialAction":[{"@type":"ReadAction","target":["https:\/\/uniest.it\/prodotto\/drainage-gemuesetonikum\/"]}]},{"@type":"ImageObject","inLanguage":"de","@id":"https:\/\/uniest.it\/prodotto\/drainage-gemuesetonikum\/#primaryimage","url":"https:\/\/uniest.it\/wp-content\/uploads\/2020\/11\/090AAE.png","contentUrl":"https:\/\/uniest.it\/wp-content\/uploads\/2020\/11\/090AAE.png","width":1283,"height":2001},{"@type":"BreadcrumbList","@id":"https:\/\/uniest.it\/prodotto\/drainage-gemuesetonikum\/#breadcrumb","itemListElement":[{"@type":"ListItem","position":1,"name":"Home","item":"https:\/\/uniest.it\/de\/"},{"@type":"ListItem","position":2,"name":"Shop","item":"https:\/\/uniest.it\/shop\/"},{"@type":"ListItem","position":3,"name":"Drainage-Gem\u00fcsetonikum"}]},{"@type":"WebSite","@id":"https:\/\/uniest.it\/#website","url":"https:\/\/uniest.it\/","name":"Uniest","description":"Cosmetici Naturali e Bio","potentialAction":[{"@type":"SearchAction","target":{"@type":"EntryPoint","urlTemplate":"https:\/\/uniest.it\/?s={search_term_string}"},"query-input":{"@type":"PropertyValueSpecification","valueRequired":true,"valueName":"search_term_string"}}],"inLanguage":"de"}]}},"_links":{"self":[{"href":"https:\/\/uniest.it\/de\/wp-json\/wp\/v2\/product\/7140","targetHints":{"allow":["GET"]}}],"collection":[{"href":"https:\/\/uniest.it\/de\/wp-json\/wp\/v2\/product"}],"about":[{"href":"https:\/\/uniest.it\/de\/wp-json\/wp\/v2\/types\/product"}],"wp:featuredmedia":[{"embeddable":true,"href":"https:\/\/uniest.it\/de\/wp-json\/wp\/v2\/media\/7141"}],"wp:attachment":[{"href":"https:\/\/uniest.it\/de\/wp-json\/wp\/v2\/media?parent=7140"}],"wp:term":[{"taxonomy":"product_brand","embeddable":true,"href":"https:\/\/uniest.it\/de\/wp-json\/wp\/v2\/product_brand?post=7140"},{"taxonomy":"product_cat","embeddable":true,"href":"https:\/\/uniest.it\/de\/wp-json\/wp\/v2\/product_cat?post=7140"},{"taxonomy":"product_tag","embeddable":true,"href":"https:\/\/uniest.it\/de\/wp-json\/wp\/v2\/product_tag?post=7140"}],"curies":[{"name":"wp","href":"https:\/\/api.w.org\/{rel}","templated":true}]}}