{"id":7143,"date":"2021-02-04T12:59:20","date_gmt":"2024-10-29T17:56:05","guid":{"rendered":"https:\/\/uniest.it\/prodotto\/creme-fuer-empfindliche-haut\/"},"modified":"2024-10-29T18:56:05","modified_gmt":"2024-10-29T17:56:05","slug":"creme-fuer-empfindliche-haut","status":"publish","type":"product","link":"https:\/\/uniest.it\/de\/prodotto\/creme-fuer-empfindliche-haut\/","title":{"rendered":"Creme f\u00fcr empfindliche Haut"},"content":{"rendered":"<p>Creme f\u00fcr empfindliche Haut: Es handelt sich um eine leichte Creme, die sich durch eine leichte Absorption und eine weiche Textur auszeichnet und sich ideal zur Befeuchtung und zum Schutz der empfindlichsten Haut in den hei\u00dfen Jahreszeiten (Fr\u00fchling\/Sommer) eignet. Zu seinen Extrakten z\u00e4hlen Rosmarin, der normalisiert und die Haut reinigt, Zitrone, der Vitamine spendet, entz\u00fcndungshemmend und adstringierend ist, und Hopfen, der beruhigend, beruhigend und feuchtigkeitsspendend wirkt. Dar\u00fcber hinaus n\u00e4hrt und sch\u00fctzt die Hagebutte die Haut, w\u00e4hrend Vitamin E physiologische Prozesse durch die Revitalisierung des Hautgewebes f\u00f6rdert. Dank seiner Weichmacher wie Bio-S\u00fc\u00dfmandel\u00f6l und Bio-Sheabutter spendet es der Haut kontinuierlich Feuchtigkeit und eignet sich auch hervorragend als Basis zum Schminken.<\/p>\n","protected":false},"excerpt":{"rendered":"<p>Creme f\u00fcr empfindliche Haut: Es handelt sich um eine leichte Creme, die sich durch eine leichte Absorption und eine weiche Textur auszeichnet und sich ideal zur Befeuchtung und zum Schutz der empfindlichsten Haut in den hei\u00dfen Jahreszeiten (Fr\u00fchling\/Sommer) eignet. Zu seinen Extrakten z\u00e4hlen Rosmarin, der normalisiert und die Haut reinigt, Zitrone, der Vitamine spendet, entz\u00fcndungshemmend [&hellip;]<\/p>\n","protected":false},"featured_media":7144,"template":"","meta":{"_acf_changed":false,"inline_featured_image":false},"product_brand":[],"product_cat":[1497],"product_tag":[],"class_list":{"0":"post-7143","1":"product","2":"type-product","3":"status-publish","4":"has-post-thumbnail","6":"product_beauty-detox-e-dren","7":"product_beauty-idratare","8":"product_beauty-lenire","9":"product_beauty-nutrire-e-rigenerare","10":"product_beauty-proteggere","11":"product_beauty-rassodare-e-tonificare","12":"product_beauty-schiarire","13":"product_skin-pelli-delicate-e-sensibili","14":"product_skin-pelli-giovani-e-prime-rughe","15":"product_kind-creme-pelli-complesse","16":"product_kind-tutte-le-creme-viso","17":"product_lines-pelli-delicate-e-sensibili","18":"product_cat-viso-de","19":"pa_size-50-de","21":"first","22":"instock","23":"taxable","24":"shipping-taxable","25":"purchasable","26":"product-type-simple"},"acf":[],"yoast_head":"<!-- This site is optimized with the Yoast SEO plugin v24.6 - https:\/\/yoast.com\/wordpress\/plugins\/seo\/ -->\n<title>Creme f\u00fcr empfindliche Haut - Uniest<\/title>\n<meta name=\"robots\" content=\"index, follow, max-snippet:-1, max-image-preview:large, max-video-preview:-1\" \/>\n<link rel=\"canonical\" href=\"https:\/\/uniest.it\/prodotto\/creme-fuer-empfindliche-haut\/\" \/>\n<meta property=\"og:locale\" content=\"de_DE\" \/>\n<meta property=\"og:type\" content=\"article\" \/>\n<meta property=\"og:title\" content=\"Creme f\u00fcr empfindliche Haut - Uniest\" \/>\n<meta property=\"og:description\" content=\"Creme f\u00fcr empfindliche Haut: Es handelt sich um eine leichte Creme, die sich durch eine leichte Absorption und eine weiche Textur auszeichnet und sich ideal zur Befeuchtung und zum Schutz der empfindlichsten Haut in den hei\u00dfen Jahreszeiten (Fr\u00fchling\/Sommer) eignet. Zu seinen Extrakten z\u00e4hlen Rosmarin, der normalisiert und die Haut reinigt, Zitrone, der Vitamine spendet, entz\u00fcndungshemmend [&hellip;]\" \/>\n<meta property=\"og:url\" content=\"https:\/\/uniest.it\/prodotto\/creme-fuer-empfindliche-haut\/\" \/>\n<meta property=\"og:site_name\" content=\"Uniest\" \/>\n<meta name=\"twitter:card\" content=\"summary_large_image\" \/>\n<meta name=\"twitter:label1\" content=\"Gesch\u00e4tzte Lesezeit\" \/>\n\t<meta name=\"twitter:data1\" content=\"1\u00a0Minute\" \/>\n<script type=\"application\/ld+json\" class=\"yoast-schema-graph\">{\"@context\":\"https:\/\/schema.org\",\"@graph\":[{\"@type\":\"WebPage\",\"@id\":\"https:\/\/uniest.it\/prodotto\/creme-fuer-empfindliche-haut\/\",\"url\":\"https:\/\/uniest.it\/prodotto\/creme-fuer-empfindliche-haut\/\",\"name\":\"Creme f\u00fcr empfindliche Haut - Uniest\",\"isPartOf\":{\"@id\":\"https:\/\/uniest.it\/#website\"},\"primaryImageOfPage\":{\"@id\":\"https:\/\/uniest.it\/prodotto\/creme-fuer-empfindliche-haut\/#primaryimage\"},\"image\":{\"@id\":\"https:\/\/uniest.it\/prodotto\/creme-fuer-empfindliche-haut\/#primaryimage\"},\"thumbnailUrl\":\"https:\/\/uniest.it\/wp-content\/uploads\/2020\/11\/096AAE.png\",\"datePublished\":\"2024-10-29T17:56:05+00:00\",\"breadcrumb\":{\"@id\":\"https:\/\/uniest.it\/prodotto\/creme-fuer-empfindliche-haut\/#breadcrumb\"},\"inLanguage\":\"de\",\"potentialAction\":[{\"@type\":\"ReadAction\",\"target\":[\"https:\/\/uniest.it\/prodotto\/creme-fuer-empfindliche-haut\/\"]}]},{\"@type\":\"ImageObject\",\"inLanguage\":\"de\",\"@id\":\"https:\/\/uniest.it\/prodotto\/creme-fuer-empfindliche-haut\/#primaryimage\",\"url\":\"https:\/\/uniest.it\/wp-content\/uploads\/2020\/11\/096AAE.png\",\"contentUrl\":\"https:\/\/uniest.it\/wp-content\/uploads\/2020\/11\/096AAE.png\",\"width\":1283,\"height\":2001},{\"@type\":\"BreadcrumbList\",\"@id\":\"https:\/\/uniest.it\/prodotto\/creme-fuer-empfindliche-haut\/#breadcrumb\",\"itemListElement\":[{\"@type\":\"ListItem\",\"position\":1,\"name\":\"Home\",\"item\":\"https:\/\/uniest.it\/de\/\"},{\"@type\":\"ListItem\",\"position\":2,\"name\":\"Shop\",\"item\":\"https:\/\/uniest.it\/shop\/\"},{\"@type\":\"ListItem\",\"position\":3,\"name\":\"Creme f\u00fcr empfindliche Haut\"}]},{\"@type\":\"WebSite\",\"@id\":\"https:\/\/uniest.it\/#website\",\"url\":\"https:\/\/uniest.it\/\",\"name\":\"Uniest\",\"description\":\"Cosmetici Naturali e Bio\",\"potentialAction\":[{\"@type\":\"SearchAction\",\"target\":{\"@type\":\"EntryPoint\",\"urlTemplate\":\"https:\/\/uniest.it\/?s={search_term_string}\"},\"query-input\":{\"@type\":\"PropertyValueSpecification\",\"valueRequired\":true,\"valueName\":\"search_term_string\"}}],\"inLanguage\":\"de\"}]}<\/script>\n<!-- \/ Yoast SEO plugin. -->","yoast_head_json":{"title":"Creme f\u00fcr empfindliche Haut - Uniest","robots":{"index":"index","follow":"follow","max-snippet":"max-snippet:-1","max-image-preview":"max-image-preview:large","max-video-preview":"max-video-preview:-1"},"canonical":"https:\/\/uniest.it\/prodotto\/creme-fuer-empfindliche-haut\/","og_locale":"de_DE","og_type":"article","og_title":"Creme f\u00fcr empfindliche Haut - Uniest","og_description":"Creme f\u00fcr empfindliche Haut: Es handelt sich um eine leichte Creme, die sich durch eine leichte Absorption und eine weiche Textur auszeichnet und sich ideal zur Befeuchtung und zum Schutz der empfindlichsten Haut in den hei\u00dfen Jahreszeiten (Fr\u00fchling\/Sommer) eignet. Zu seinen Extrakten z\u00e4hlen Rosmarin, der normalisiert und die Haut reinigt, Zitrone, der Vitamine spendet, entz\u00fcndungshemmend [&hellip;]","og_url":"https:\/\/uniest.it\/prodotto\/creme-fuer-empfindliche-haut\/","og_site_name":"Uniest","twitter_card":"summary_large_image","twitter_misc":{"Gesch\u00e4tzte Lesezeit":"1\u00a0Minute"},"schema":{"@context":"https:\/\/schema.org","@graph":[{"@type":"WebPage","@id":"https:\/\/uniest.it\/prodotto\/creme-fuer-empfindliche-haut\/","url":"https:\/\/uniest.it\/prodotto\/creme-fuer-empfindliche-haut\/","name":"Creme f\u00fcr empfindliche Haut - Uniest","isPartOf":{"@id":"https:\/\/uniest.it\/#website"},"primaryImageOfPage":{"@id":"https:\/\/uniest.it\/prodotto\/creme-fuer-empfindliche-haut\/#primaryimage"},"image":{"@id":"https:\/\/uniest.it\/prodotto\/creme-fuer-empfindliche-haut\/#primaryimage"},"thumbnailUrl":"https:\/\/uniest.it\/wp-content\/uploads\/2020\/11\/096AAE.png","datePublished":"2024-10-29T17:56:05+00:00","breadcrumb":{"@id":"https:\/\/uniest.it\/prodotto\/creme-fuer-empfindliche-haut\/#breadcrumb"},"inLanguage":"de","potentialAction":[{"@type":"ReadAction","target":["https:\/\/uniest.it\/prodotto\/creme-fuer-empfindliche-haut\/"]}]},{"@type":"ImageObject","inLanguage":"de","@id":"https:\/\/uniest.it\/prodotto\/creme-fuer-empfindliche-haut\/#primaryimage","url":"https:\/\/uniest.it\/wp-content\/uploads\/2020\/11\/096AAE.png","contentUrl":"https:\/\/uniest.it\/wp-content\/uploads\/2020\/11\/096AAE.png","width":1283,"height":2001},{"@type":"BreadcrumbList","@id":"https:\/\/uniest.it\/prodotto\/creme-fuer-empfindliche-haut\/#breadcrumb","itemListElement":[{"@type":"ListItem","position":1,"name":"Home","item":"https:\/\/uniest.it\/de\/"},{"@type":"ListItem","position":2,"name":"Shop","item":"https:\/\/uniest.it\/shop\/"},{"@type":"ListItem","position":3,"name":"Creme f\u00fcr empfindliche Haut"}]},{"@type":"WebSite","@id":"https:\/\/uniest.it\/#website","url":"https:\/\/uniest.it\/","name":"Uniest","description":"Cosmetici Naturali e Bio","potentialAction":[{"@type":"SearchAction","target":{"@type":"EntryPoint","urlTemplate":"https:\/\/uniest.it\/?s={search_term_string}"},"query-input":{"@type":"PropertyValueSpecification","valueRequired":true,"valueName":"search_term_string"}}],"inLanguage":"de"}]}},"_links":{"self":[{"href":"https:\/\/uniest.it\/de\/wp-json\/wp\/v2\/product\/7143","targetHints":{"allow":["GET"]}}],"collection":[{"href":"https:\/\/uniest.it\/de\/wp-json\/wp\/v2\/product"}],"about":[{"href":"https:\/\/uniest.it\/de\/wp-json\/wp\/v2\/types\/product"}],"wp:featuredmedia":[{"embeddable":true,"href":"https:\/\/uniest.it\/de\/wp-json\/wp\/v2\/media\/7144"}],"wp:attachment":[{"href":"https:\/\/uniest.it\/de\/wp-json\/wp\/v2\/media?parent=7143"}],"wp:term":[{"taxonomy":"product_brand","embeddable":true,"href":"https:\/\/uniest.it\/de\/wp-json\/wp\/v2\/product_brand?post=7143"},{"taxonomy":"product_cat","embeddable":true,"href":"https:\/\/uniest.it\/de\/wp-json\/wp\/v2\/product_cat?post=7143"},{"taxonomy":"product_tag","embeddable":true,"href":"https:\/\/uniest.it\/de\/wp-json\/wp\/v2\/product_tag?post=7143"}],"curies":[{"name":"wp","href":"https:\/\/api.w.org\/{rel}","templated":true}]}}