{"id":7146,"date":"2024-10-29T18:56:06","date_gmt":"2024-10-29T17:56:06","guid":{"rendered":"https:\/\/uniest.it\/prodotto\/saeuernde-creme\/"},"modified":"2024-10-29T18:56:06","modified_gmt":"2024-10-29T17:56:06","slug":"saeuernde-creme","status":"publish","type":"product","link":"https:\/\/uniest.it\/de\/prodotto\/saeuernde-creme\/","title":{"rendered":"S\u00e4uernde Creme"},"content":{"rendered":"<p>Acidifying Cream ist eine dermoprotektive Creme und daher ideal f\u00fcr die kalte Jahreszeit (Herbst\/Winter) oder bei zu R\u00f6tungen neigender Haut. Basierend auf Reiskleie\u00f6l und Sorbitol mit sch\u00fctzenden, feuchtigkeitsspendenden und Anti-Aging-Eigenschaften ist es mit Rosmarin-Pflanzenextrakten angereichert, die eine feuchtigkeitsspendende und normalisierende Wirkung haben. Es enth\u00e4lt Malve, die bekannterma\u00dfen erweichende, abschwellende, feuchtigkeitsspendende und erfrischende Eigenschaften hat, und Zitrone, die schlie\u00dflich eine hautreinigende, tonisierende und aufhellende Wirkung hat. Diese sanfte Creme hilft daher, den pH-Wert der Haut sanft wieder ins Gleichgewicht zu bringen und eignet sich auch ideal als Make-up-Grundlage und bei allen Hautr\u00f6tungen, Schuppenbildung und Hautirritationen. Die t\u00e4gliche Pflege Ihrer Haut ist unerl\u00e4sslich f\u00fcr einen frischen, farbenfrohen und homogenen Teint ohne Unreinheiten, die oft durch zu aggressives Make-up, Smog und auch durch falsche oder schlechte Gesichtsreinigung verursacht werden.<\/p>\n","protected":false},"excerpt":{"rendered":"<p>Acidifying Cream ist eine dermoprotektive Creme und daher ideal f\u00fcr die kalte Jahreszeit (Herbst\/Winter) oder bei zu R\u00f6tungen neigender Haut. Basierend auf Reiskleie\u00f6l und Sorbitol mit sch\u00fctzenden, feuchtigkeitsspendenden und Anti-Aging-Eigenschaften ist es mit Rosmarin-Pflanzenextrakten angereichert, die eine feuchtigkeitsspendende und normalisierende Wirkung haben. Es enth\u00e4lt Malve, die bekannterma\u00dfen erweichende, abschwellende, feuchtigkeitsspendende und erfrischende Eigenschaften hat, und [&hellip;]<\/p>\n","protected":false},"featured_media":7147,"template":"","meta":{"_acf_changed":false,"inline_featured_image":false},"product_brand":[],"product_cat":[1497],"product_tag":[],"class_list":{"0":"post-7146","1":"product","2":"type-product","3":"status-publish","4":"has-post-thumbnail","6":"product_beauty-detox-e-dren","7":"product_beauty-idratare","8":"product_beauty-lenire","9":"product_beauty-nutrire-e-rigenerare","10":"product_beauty-proteggere","11":"product_beauty-purificare","12":"product_beauty-rassodare-e-tonificare","13":"product_beauty-riequilibrare","14":"product_beauty-schiarire","15":"product_skin-pelli-delicate-e-sensibili","16":"product_skin-pelli-giovani-e-prime-rughe","17":"product_skin-pelli-grasse-e-miste","18":"product_skin-pelli-mature-e-rughe","19":"product_skin-pelli-secche-e-normali","20":"product_skin-tutte-le-pelli","21":"product_kind-creme-pelli-complesse","22":"product_kind-tutte-le-creme-viso","23":"product_lines-pelli-delicate-e-sensibili","24":"product_cat-viso-de","25":"pa_size-50-de","27":"first","28":"instock","29":"taxable","30":"shipping-taxable","31":"purchasable","32":"product-type-simple"},"acf":[],"yoast_head":"<!-- This site is optimized with the Yoast SEO plugin v24.6 - https:\/\/yoast.com\/wordpress\/plugins\/seo\/ -->\n<title>S\u00e4uernde Creme - Uniest<\/title>\n<meta name=\"robots\" content=\"index, follow, max-snippet:-1, max-image-preview:large, max-video-preview:-1\" \/>\n<link rel=\"canonical\" href=\"https:\/\/uniest.it\/prodotto\/saeuernde-creme\/\" \/>\n<meta property=\"og:locale\" content=\"de_DE\" \/>\n<meta property=\"og:type\" content=\"article\" \/>\n<meta property=\"og:title\" content=\"S\u00e4uernde Creme - Uniest\" \/>\n<meta property=\"og:description\" content=\"Acidifying Cream ist eine dermoprotektive Creme und daher ideal f\u00fcr die kalte Jahreszeit (Herbst\/Winter) oder bei zu R\u00f6tungen neigender Haut. Basierend auf Reiskleie\u00f6l und Sorbitol mit sch\u00fctzenden, feuchtigkeitsspendenden und Anti-Aging-Eigenschaften ist es mit Rosmarin-Pflanzenextrakten angereichert, die eine feuchtigkeitsspendende und normalisierende Wirkung haben. Es enth\u00e4lt Malve, die bekannterma\u00dfen erweichende, abschwellende, feuchtigkeitsspendende und erfrischende Eigenschaften hat, und [&hellip;]\" \/>\n<meta property=\"og:url\" content=\"https:\/\/uniest.it\/prodotto\/saeuernde-creme\/\" \/>\n<meta property=\"og:site_name\" content=\"Uniest\" \/>\n<meta name=\"twitter:card\" content=\"summary_large_image\" \/>\n<meta name=\"twitter:label1\" content=\"Gesch\u00e4tzte Lesezeit\" \/>\n\t<meta name=\"twitter:data1\" content=\"1\u00a0Minute\" \/>\n<script type=\"application\/ld+json\" class=\"yoast-schema-graph\">{\"@context\":\"https:\/\/schema.org\",\"@graph\":[{\"@type\":\"WebPage\",\"@id\":\"https:\/\/uniest.it\/prodotto\/saeuernde-creme\/\",\"url\":\"https:\/\/uniest.it\/prodotto\/saeuernde-creme\/\",\"name\":\"S\u00e4uernde Creme - Uniest\",\"isPartOf\":{\"@id\":\"https:\/\/uniest.it\/#website\"},\"primaryImageOfPage\":{\"@id\":\"https:\/\/uniest.it\/prodotto\/saeuernde-creme\/#primaryimage\"},\"image\":{\"@id\":\"https:\/\/uniest.it\/prodotto\/saeuernde-creme\/#primaryimage\"},\"thumbnailUrl\":\"https:\/\/uniest.it\/wp-content\/uploads\/2020\/11\/099AAE.png\",\"datePublished\":\"2024-10-29T17:56:06+00:00\",\"breadcrumb\":{\"@id\":\"https:\/\/uniest.it\/prodotto\/saeuernde-creme\/#breadcrumb\"},\"inLanguage\":\"de\",\"potentialAction\":[{\"@type\":\"ReadAction\",\"target\":[\"https:\/\/uniest.it\/prodotto\/saeuernde-creme\/\"]}]},{\"@type\":\"ImageObject\",\"inLanguage\":\"de\",\"@id\":\"https:\/\/uniest.it\/prodotto\/saeuernde-creme\/#primaryimage\",\"url\":\"https:\/\/uniest.it\/wp-content\/uploads\/2020\/11\/099AAE.png\",\"contentUrl\":\"https:\/\/uniest.it\/wp-content\/uploads\/2020\/11\/099AAE.png\",\"width\":1283,\"height\":2000},{\"@type\":\"BreadcrumbList\",\"@id\":\"https:\/\/uniest.it\/prodotto\/saeuernde-creme\/#breadcrumb\",\"itemListElement\":[{\"@type\":\"ListItem\",\"position\":1,\"name\":\"Home\",\"item\":\"https:\/\/uniest.it\/de\/\"},{\"@type\":\"ListItem\",\"position\":2,\"name\":\"Shop\",\"item\":\"https:\/\/uniest.it\/shop\/\"},{\"@type\":\"ListItem\",\"position\":3,\"name\":\"S\u00e4uernde Creme\"}]},{\"@type\":\"WebSite\",\"@id\":\"https:\/\/uniest.it\/#website\",\"url\":\"https:\/\/uniest.it\/\",\"name\":\"Uniest\",\"description\":\"Cosmetici Naturali e Bio\",\"potentialAction\":[{\"@type\":\"SearchAction\",\"target\":{\"@type\":\"EntryPoint\",\"urlTemplate\":\"https:\/\/uniest.it\/?s={search_term_string}\"},\"query-input\":{\"@type\":\"PropertyValueSpecification\",\"valueRequired\":true,\"valueName\":\"search_term_string\"}}],\"inLanguage\":\"de\"}]}<\/script>\n<!-- \/ Yoast SEO plugin. -->","yoast_head_json":{"title":"S\u00e4uernde Creme - Uniest","robots":{"index":"index","follow":"follow","max-snippet":"max-snippet:-1","max-image-preview":"max-image-preview:large","max-video-preview":"max-video-preview:-1"},"canonical":"https:\/\/uniest.it\/prodotto\/saeuernde-creme\/","og_locale":"de_DE","og_type":"article","og_title":"S\u00e4uernde Creme - Uniest","og_description":"Acidifying Cream ist eine dermoprotektive Creme und daher ideal f\u00fcr die kalte Jahreszeit (Herbst\/Winter) oder bei zu R\u00f6tungen neigender Haut. Basierend auf Reiskleie\u00f6l und Sorbitol mit sch\u00fctzenden, feuchtigkeitsspendenden und Anti-Aging-Eigenschaften ist es mit Rosmarin-Pflanzenextrakten angereichert, die eine feuchtigkeitsspendende und normalisierende Wirkung haben. Es enth\u00e4lt Malve, die bekannterma\u00dfen erweichende, abschwellende, feuchtigkeitsspendende und erfrischende Eigenschaften hat, und [&hellip;]","og_url":"https:\/\/uniest.it\/prodotto\/saeuernde-creme\/","og_site_name":"Uniest","twitter_card":"summary_large_image","twitter_misc":{"Gesch\u00e4tzte Lesezeit":"1\u00a0Minute"},"schema":{"@context":"https:\/\/schema.org","@graph":[{"@type":"WebPage","@id":"https:\/\/uniest.it\/prodotto\/saeuernde-creme\/","url":"https:\/\/uniest.it\/prodotto\/saeuernde-creme\/","name":"S\u00e4uernde Creme - Uniest","isPartOf":{"@id":"https:\/\/uniest.it\/#website"},"primaryImageOfPage":{"@id":"https:\/\/uniest.it\/prodotto\/saeuernde-creme\/#primaryimage"},"image":{"@id":"https:\/\/uniest.it\/prodotto\/saeuernde-creme\/#primaryimage"},"thumbnailUrl":"https:\/\/uniest.it\/wp-content\/uploads\/2020\/11\/099AAE.png","datePublished":"2024-10-29T17:56:06+00:00","breadcrumb":{"@id":"https:\/\/uniest.it\/prodotto\/saeuernde-creme\/#breadcrumb"},"inLanguage":"de","potentialAction":[{"@type":"ReadAction","target":["https:\/\/uniest.it\/prodotto\/saeuernde-creme\/"]}]},{"@type":"ImageObject","inLanguage":"de","@id":"https:\/\/uniest.it\/prodotto\/saeuernde-creme\/#primaryimage","url":"https:\/\/uniest.it\/wp-content\/uploads\/2020\/11\/099AAE.png","contentUrl":"https:\/\/uniest.it\/wp-content\/uploads\/2020\/11\/099AAE.png","width":1283,"height":2000},{"@type":"BreadcrumbList","@id":"https:\/\/uniest.it\/prodotto\/saeuernde-creme\/#breadcrumb","itemListElement":[{"@type":"ListItem","position":1,"name":"Home","item":"https:\/\/uniest.it\/de\/"},{"@type":"ListItem","position":2,"name":"Shop","item":"https:\/\/uniest.it\/shop\/"},{"@type":"ListItem","position":3,"name":"S\u00e4uernde Creme"}]},{"@type":"WebSite","@id":"https:\/\/uniest.it\/#website","url":"https:\/\/uniest.it\/","name":"Uniest","description":"Cosmetici Naturali e Bio","potentialAction":[{"@type":"SearchAction","target":{"@type":"EntryPoint","urlTemplate":"https:\/\/uniest.it\/?s={search_term_string}"},"query-input":{"@type":"PropertyValueSpecification","valueRequired":true,"valueName":"search_term_string"}}],"inLanguage":"de"}]}},"_links":{"self":[{"href":"https:\/\/uniest.it\/de\/wp-json\/wp\/v2\/product\/7146","targetHints":{"allow":["GET"]}}],"collection":[{"href":"https:\/\/uniest.it\/de\/wp-json\/wp\/v2\/product"}],"about":[{"href":"https:\/\/uniest.it\/de\/wp-json\/wp\/v2\/types\/product"}],"wp:featuredmedia":[{"embeddable":true,"href":"https:\/\/uniest.it\/de\/wp-json\/wp\/v2\/media\/7147"}],"wp:attachment":[{"href":"https:\/\/uniest.it\/de\/wp-json\/wp\/v2\/media?parent=7146"}],"wp:term":[{"taxonomy":"product_brand","embeddable":true,"href":"https:\/\/uniest.it\/de\/wp-json\/wp\/v2\/product_brand?post=7146"},{"taxonomy":"product_cat","embeddable":true,"href":"https:\/\/uniest.it\/de\/wp-json\/wp\/v2\/product_cat?post=7146"},{"taxonomy":"product_tag","embeddable":true,"href":"https:\/\/uniest.it\/de\/wp-json\/wp\/v2\/product_tag?post=7146"}],"curies":[{"name":"wp","href":"https:\/\/api.w.org\/{rel}","templated":true}]}}