{"id":7149,"date":"2024-10-29T18:56:06","date_gmt":"2024-10-29T17:56:06","guid":{"rendered":"https:\/\/uniest.it\/prodotto\/beruhigendes-shampoo\/"},"modified":"2024-10-29T18:56:06","modified_gmt":"2024-10-29T17:56:06","slug":"beruhigendes-shampoo","status":"publish","type":"product","link":"https:\/\/uniest.it\/de\/prodotto\/beruhigendes-shampoo\/","title":{"rendered":"Beruhigendes Shampoo"},"content":{"rendered":"<p>Beruhigendes Shampoo ist ein sehr sanftes nat\u00fcrliches Shampoo, das mit den besten Rohstoffen pflanzlichen Ursprungs formuliert ist. Es handelt sich nicht um eine chemische Behandlung oder ein Insektizid. Angereichert mit s\u00fc\u00dfem Mandel\u00f6l* und nat\u00fcrlichem Thymianextrakt reinigt es unter Ber\u00fccksichtigung des pH-Werts der Haut, hinterl\u00e4sst das Haar weich und gut gereinigt und spendet der Haut au\u00dferdem Feuchtigkeit. Seine wertvolle nat\u00fcrliche Formel wurde mit den aktiven Pflanzeninhaltsstoffen Andiroba\u00f6l, Oliven\u00f6l, Neem\u00f6l, Teebaum\u00f6l und \u00e4therischem Lavendel\u00f6l angereichert. Diese \u00d6le entfalten ihre wohltuende Wirkung tiefgreifend, pflegend, weichmachend und erfrischend und respektieren gleichzeitig das epidermale Gleichgewicht und das Wohlbefinden des Haares. Ihr charakteristischer Geruch ist f\u00fcr Insekten\/L\u00e4use unangenehm und schafft ein ung\u00fcnstiges Umfeld f\u00fcr ihre Ansiedlung, wodurch das Haar weich und gl\u00e4nzend wird.<\/p>\n","protected":false},"excerpt":{"rendered":"<p>Beruhigendes Shampoo ist ein sehr sanftes nat\u00fcrliches Shampoo, das mit den besten Rohstoffen pflanzlichen Ursprungs formuliert ist. Es handelt sich nicht um eine chemische Behandlung oder ein Insektizid. Angereichert mit s\u00fc\u00dfem Mandel\u00f6l* und nat\u00fcrlichem Thymianextrakt reinigt es unter Ber\u00fccksichtigung des pH-Werts der Haut, hinterl\u00e4sst das Haar weich und gut gereinigt und spendet der Haut au\u00dferdem [&hellip;]<\/p>\n","protected":false},"featured_media":7150,"template":"","meta":{"_acf_changed":false,"inline_featured_image":false},"product_brand":[],"product_cat":[1491],"product_tag":[],"class_list":{"0":"post-7149","1":"product","2":"type-product","3":"status-publish","4":"has-post-thumbnail","6":"product_beauty-detergere","7":"product_beauty-idratare","8":"product_beauty-lenire","9":"product_beauty-proteggere","10":"product_skin-tutti-i-capelli","11":"product_kind-bagno","12":"product_kind-doccia","13":"product_kind-shampoo-e-detergenza","14":"product_lines-baby-mamy","15":"product_cat-famiglia-e-pet-de","16":"pa_size-125-de","18":"first","19":"instock","20":"taxable","21":"shipping-taxable","22":"purchasable","23":"product-type-simple"},"acf":[],"yoast_head":"<!-- This site is optimized with the Yoast SEO plugin v24.6 - https:\/\/yoast.com\/wordpress\/plugins\/seo\/ -->\n<title>Beruhigendes Shampoo - Uniest<\/title>\n<meta name=\"robots\" content=\"index, follow, max-snippet:-1, max-image-preview:large, max-video-preview:-1\" \/>\n<link rel=\"canonical\" href=\"https:\/\/uniest.it\/prodotto\/beruhigendes-shampoo\/\" \/>\n<meta property=\"og:locale\" content=\"de_DE\" \/>\n<meta property=\"og:type\" content=\"article\" \/>\n<meta property=\"og:title\" content=\"Beruhigendes Shampoo - Uniest\" \/>\n<meta property=\"og:description\" content=\"Beruhigendes Shampoo ist ein sehr sanftes nat\u00fcrliches Shampoo, das mit den besten Rohstoffen pflanzlichen Ursprungs formuliert ist. Es handelt sich nicht um eine chemische Behandlung oder ein Insektizid. Angereichert mit s\u00fc\u00dfem Mandel\u00f6l* und nat\u00fcrlichem Thymianextrakt reinigt es unter Ber\u00fccksichtigung des pH-Werts der Haut, hinterl\u00e4sst das Haar weich und gut gereinigt und spendet der Haut au\u00dferdem [&hellip;]\" \/>\n<meta property=\"og:url\" content=\"https:\/\/uniest.it\/prodotto\/beruhigendes-shampoo\/\" \/>\n<meta property=\"og:site_name\" content=\"Uniest\" \/>\n<meta name=\"twitter:card\" content=\"summary_large_image\" \/>\n<meta name=\"twitter:label1\" content=\"Gesch\u00e4tzte Lesezeit\" \/>\n\t<meta name=\"twitter:data1\" content=\"1\u00a0Minute\" \/>\n<script type=\"application\/ld+json\" class=\"yoast-schema-graph\">{\"@context\":\"https:\/\/schema.org\",\"@graph\":[{\"@type\":\"WebPage\",\"@id\":\"https:\/\/uniest.it\/prodotto\/beruhigendes-shampoo\/\",\"url\":\"https:\/\/uniest.it\/prodotto\/beruhigendes-shampoo\/\",\"name\":\"Beruhigendes Shampoo - Uniest\",\"isPartOf\":{\"@id\":\"https:\/\/uniest.it\/#website\"},\"primaryImageOfPage\":{\"@id\":\"https:\/\/uniest.it\/prodotto\/beruhigendes-shampoo\/#primaryimage\"},\"image\":{\"@id\":\"https:\/\/uniest.it\/prodotto\/beruhigendes-shampoo\/#primaryimage\"},\"thumbnailUrl\":\"https:\/\/uniest.it\/wp-content\/uploads\/2020\/11\/100AAA.png\",\"datePublished\":\"2024-10-29T17:56:06+00:00\",\"breadcrumb\":{\"@id\":\"https:\/\/uniest.it\/prodotto\/beruhigendes-shampoo\/#breadcrumb\"},\"inLanguage\":\"de\",\"potentialAction\":[{\"@type\":\"ReadAction\",\"target\":[\"https:\/\/uniest.it\/prodotto\/beruhigendes-shampoo\/\"]}]},{\"@type\":\"ImageObject\",\"inLanguage\":\"de\",\"@id\":\"https:\/\/uniest.it\/prodotto\/beruhigendes-shampoo\/#primaryimage\",\"url\":\"https:\/\/uniest.it\/wp-content\/uploads\/2020\/11\/100AAA.png\",\"contentUrl\":\"https:\/\/uniest.it\/wp-content\/uploads\/2020\/11\/100AAA.png\",\"width\":1283,\"height\":2000},{\"@type\":\"BreadcrumbList\",\"@id\":\"https:\/\/uniest.it\/prodotto\/beruhigendes-shampoo\/#breadcrumb\",\"itemListElement\":[{\"@type\":\"ListItem\",\"position\":1,\"name\":\"Home\",\"item\":\"https:\/\/uniest.it\/de\/\"},{\"@type\":\"ListItem\",\"position\":2,\"name\":\"Shop\",\"item\":\"https:\/\/uniest.it\/shop\/\"},{\"@type\":\"ListItem\",\"position\":3,\"name\":\"Beruhigendes Shampoo\"}]},{\"@type\":\"WebSite\",\"@id\":\"https:\/\/uniest.it\/#website\",\"url\":\"https:\/\/uniest.it\/\",\"name\":\"Uniest\",\"description\":\"Cosmetici Naturali e Bio\",\"potentialAction\":[{\"@type\":\"SearchAction\",\"target\":{\"@type\":\"EntryPoint\",\"urlTemplate\":\"https:\/\/uniest.it\/?s={search_term_string}\"},\"query-input\":{\"@type\":\"PropertyValueSpecification\",\"valueRequired\":true,\"valueName\":\"search_term_string\"}}],\"inLanguage\":\"de\"}]}<\/script>\n<!-- \/ Yoast SEO plugin. -->","yoast_head_json":{"title":"Beruhigendes Shampoo - Uniest","robots":{"index":"index","follow":"follow","max-snippet":"max-snippet:-1","max-image-preview":"max-image-preview:large","max-video-preview":"max-video-preview:-1"},"canonical":"https:\/\/uniest.it\/prodotto\/beruhigendes-shampoo\/","og_locale":"de_DE","og_type":"article","og_title":"Beruhigendes Shampoo - Uniest","og_description":"Beruhigendes Shampoo ist ein sehr sanftes nat\u00fcrliches Shampoo, das mit den besten Rohstoffen pflanzlichen Ursprungs formuliert ist. Es handelt sich nicht um eine chemische Behandlung oder ein Insektizid. Angereichert mit s\u00fc\u00dfem Mandel\u00f6l* und nat\u00fcrlichem Thymianextrakt reinigt es unter Ber\u00fccksichtigung des pH-Werts der Haut, hinterl\u00e4sst das Haar weich und gut gereinigt und spendet der Haut au\u00dferdem [&hellip;]","og_url":"https:\/\/uniest.it\/prodotto\/beruhigendes-shampoo\/","og_site_name":"Uniest","twitter_card":"summary_large_image","twitter_misc":{"Gesch\u00e4tzte Lesezeit":"1\u00a0Minute"},"schema":{"@context":"https:\/\/schema.org","@graph":[{"@type":"WebPage","@id":"https:\/\/uniest.it\/prodotto\/beruhigendes-shampoo\/","url":"https:\/\/uniest.it\/prodotto\/beruhigendes-shampoo\/","name":"Beruhigendes Shampoo - Uniest","isPartOf":{"@id":"https:\/\/uniest.it\/#website"},"primaryImageOfPage":{"@id":"https:\/\/uniest.it\/prodotto\/beruhigendes-shampoo\/#primaryimage"},"image":{"@id":"https:\/\/uniest.it\/prodotto\/beruhigendes-shampoo\/#primaryimage"},"thumbnailUrl":"https:\/\/uniest.it\/wp-content\/uploads\/2020\/11\/100AAA.png","datePublished":"2024-10-29T17:56:06+00:00","breadcrumb":{"@id":"https:\/\/uniest.it\/prodotto\/beruhigendes-shampoo\/#breadcrumb"},"inLanguage":"de","potentialAction":[{"@type":"ReadAction","target":["https:\/\/uniest.it\/prodotto\/beruhigendes-shampoo\/"]}]},{"@type":"ImageObject","inLanguage":"de","@id":"https:\/\/uniest.it\/prodotto\/beruhigendes-shampoo\/#primaryimage","url":"https:\/\/uniest.it\/wp-content\/uploads\/2020\/11\/100AAA.png","contentUrl":"https:\/\/uniest.it\/wp-content\/uploads\/2020\/11\/100AAA.png","width":1283,"height":2000},{"@type":"BreadcrumbList","@id":"https:\/\/uniest.it\/prodotto\/beruhigendes-shampoo\/#breadcrumb","itemListElement":[{"@type":"ListItem","position":1,"name":"Home","item":"https:\/\/uniest.it\/de\/"},{"@type":"ListItem","position":2,"name":"Shop","item":"https:\/\/uniest.it\/shop\/"},{"@type":"ListItem","position":3,"name":"Beruhigendes Shampoo"}]},{"@type":"WebSite","@id":"https:\/\/uniest.it\/#website","url":"https:\/\/uniest.it\/","name":"Uniest","description":"Cosmetici Naturali e Bio","potentialAction":[{"@type":"SearchAction","target":{"@type":"EntryPoint","urlTemplate":"https:\/\/uniest.it\/?s={search_term_string}"},"query-input":{"@type":"PropertyValueSpecification","valueRequired":true,"valueName":"search_term_string"}}],"inLanguage":"de"}]}},"_links":{"self":[{"href":"https:\/\/uniest.it\/de\/wp-json\/wp\/v2\/product\/7149","targetHints":{"allow":["GET"]}}],"collection":[{"href":"https:\/\/uniest.it\/de\/wp-json\/wp\/v2\/product"}],"about":[{"href":"https:\/\/uniest.it\/de\/wp-json\/wp\/v2\/types\/product"}],"wp:featuredmedia":[{"embeddable":true,"href":"https:\/\/uniest.it\/de\/wp-json\/wp\/v2\/media\/7150"}],"wp:attachment":[{"href":"https:\/\/uniest.it\/de\/wp-json\/wp\/v2\/media?parent=7149"}],"wp:term":[{"taxonomy":"product_brand","embeddable":true,"href":"https:\/\/uniest.it\/de\/wp-json\/wp\/v2\/product_brand?post=7149"},{"taxonomy":"product_cat","embeddable":true,"href":"https:\/\/uniest.it\/de\/wp-json\/wp\/v2\/product_cat?post=7149"},{"taxonomy":"product_tag","embeddable":true,"href":"https:\/\/uniest.it\/de\/wp-json\/wp\/v2\/product_tag?post=7149"}],"curies":[{"name":"wp","href":"https:\/\/api.w.org\/{rel}","templated":true}]}}