{"id":7152,"date":"2021-02-04T12:59:20","date_gmt":"2024-10-29T17:56:07","guid":{"rendered":"https:\/\/uniest.it\/prodotto\/aufhellende-phytomaske\/"},"modified":"2025-03-04T00:00:48","modified_gmt":"2025-03-03T23:00:48","slug":"aufhellende-phytomaske","status":"publish","type":"product","link":"https:\/\/uniest.it\/de\/prodotto\/aufhellende-phytomaske\/","title":{"rendered":"Aufhellende Phytomaske"},"content":{"rendered":"<p>Die aufhellende Phytomaske ist eine Maske, die hilft, unsch\u00f6ne dunkle Flecken zu reduzieren, f\u00fcr eine stets hydratisierte, elastische Haut und einen gleichm\u00e4\u00dfigen, strahlenden Teint. Es zeichnet sich durch die n\u00e4hrenden Substanzen pflanzlicher \u00d6le (Karotte und Maiskeime) und Wachse (Reiskleie, Candelilla und Jojoba) aus, die erweichend, sch\u00fctzend, beruhigend und antioxidativ wirken. Die restrukturierenden Wirkstoffe von Pflanzenextrakten (Kamille, Wacholder und Hamamelis) und \u00e4therischen \u00d6len (Bitterorange und Zitrone) eignen sich hervorragend, um das Gleichgewicht der Haut wiederherzustellen. Es enth\u00e4lt die antiseptischen und heilenden Substanzen der Tonerde und zeichnet sich durch zahlreiche heilende, entgiftende, fermentative und entz\u00fcndungshemmende Eigenschaften aus. Ton tr\u00e4gt auch dazu bei, den Austausch zwischen Giftstoffen (absorbiert) und Mineralien (freigesetzt) zu aktivieren und erleichtert so die Weiterleitung der in der Maske enthaltenen Wirkstoffe. Dar\u00fcber hinaus sind die nat\u00fcrlichen Abdeckstoffe Titandioxid enthalten, das im Vergleich zu chemischen Filtern f\u00fcr empfindliche Haut geeignet ist, da es als Schutzbarriere wirkt.<\/p>\n","protected":false},"excerpt":{"rendered":"<p>Die aufhellende Phytomaske ist eine Maske, die hilft, unsch\u00f6ne dunkle Flecken zu reduzieren, f\u00fcr eine stets hydratisierte, elastische Haut und einen gleichm\u00e4\u00dfigen, strahlenden Teint. Es zeichnet sich durch die n\u00e4hrenden Substanzen pflanzlicher \u00d6le (Karotte und Maiskeime) und Wachse (Reiskleie, Candelilla und Jojoba) aus, die erweichend, sch\u00fctzend, beruhigend und antioxidativ wirken. Die restrukturierenden Wirkstoffe von Pflanzenextrakten [&hellip;]<\/p>\n","protected":false},"featured_media":7153,"template":"","meta":{"_acf_changed":false,"inline_featured_image":false},"product_brand":[],"product_cat":[1497],"product_tag":[],"class_list":{"0":"post-7152","1":"product","2":"type-product","3":"status-publish","4":"has-post-thumbnail","6":"product_beauty-idratare","7":"product_beauty-lenire","8":"product_beauty-nutrire-e-rigenerare","9":"product_beauty-schiarire","10":"product_skin-pelli-delicate-e-sensibili","11":"product_skin-pelli-giovani-e-prime-rughe","12":"product_kind-creme-pelli-complesse","13":"product_kind-maschere-ed-esfolianti-viso","14":"product_kind-trattamenti-speciali","15":"product_lines-pelli-delicate-e-sensibili","16":"product_cat-viso-de","17":"pa_size-50-de","19":"first","20":"instock","21":"taxable","22":"shipping-taxable","23":"purchasable","24":"product-type-simple"},"acf":[],"yoast_head":"<!-- This site is optimized with the Yoast SEO plugin v24.6 - https:\/\/yoast.com\/wordpress\/plugins\/seo\/ -->\n<title>Aufhellende Phytomaske - Uniest<\/title>\n<meta name=\"robots\" content=\"index, follow, max-snippet:-1, max-image-preview:large, max-video-preview:-1\" \/>\n<link rel=\"canonical\" href=\"https:\/\/uniest.it\/prodotto\/aufhellende-phytomaske\/\" \/>\n<meta property=\"og:locale\" content=\"de_DE\" \/>\n<meta property=\"og:type\" content=\"article\" \/>\n<meta property=\"og:title\" content=\"Aufhellende Phytomaske - Uniest\" \/>\n<meta property=\"og:description\" content=\"Die aufhellende Phytomaske ist eine Maske, die hilft, unsch\u00f6ne dunkle Flecken zu reduzieren, f\u00fcr eine stets hydratisierte, elastische Haut und einen gleichm\u00e4\u00dfigen, strahlenden Teint. Es zeichnet sich durch die n\u00e4hrenden Substanzen pflanzlicher \u00d6le (Karotte und Maiskeime) und Wachse (Reiskleie, Candelilla und Jojoba) aus, die erweichend, sch\u00fctzend, beruhigend und antioxidativ wirken. Die restrukturierenden Wirkstoffe von Pflanzenextrakten [&hellip;]\" \/>\n<meta property=\"og:url\" content=\"https:\/\/uniest.it\/prodotto\/aufhellende-phytomaske\/\" \/>\n<meta property=\"og:site_name\" content=\"Uniest\" \/>\n<meta property=\"article:modified_time\" content=\"2025-03-03T23:00:48+00:00\" \/>\n<meta name=\"twitter:card\" content=\"summary_large_image\" \/>\n<meta name=\"twitter:label1\" content=\"Gesch\u00e4tzte Lesezeit\" \/>\n\t<meta name=\"twitter:data1\" content=\"1\u00a0Minute\" \/>\n<script type=\"application\/ld+json\" class=\"yoast-schema-graph\">{\"@context\":\"https:\/\/schema.org\",\"@graph\":[{\"@type\":\"WebPage\",\"@id\":\"https:\/\/uniest.it\/prodotto\/aufhellende-phytomaske\/\",\"url\":\"https:\/\/uniest.it\/prodotto\/aufhellende-phytomaske\/\",\"name\":\"Aufhellende Phytomaske - Uniest\",\"isPartOf\":{\"@id\":\"https:\/\/uniest.it\/#website\"},\"primaryImageOfPage\":{\"@id\":\"https:\/\/uniest.it\/prodotto\/aufhellende-phytomaske\/#primaryimage\"},\"image\":{\"@id\":\"https:\/\/uniest.it\/prodotto\/aufhellende-phytomaske\/#primaryimage\"},\"thumbnailUrl\":\"https:\/\/uniest.it\/wp-content\/uploads\/2020\/11\/102AAE.png\",\"datePublished\":\"2024-10-29T17:56:07+00:00\",\"dateModified\":\"2025-03-03T23:00:48+00:00\",\"breadcrumb\":{\"@id\":\"https:\/\/uniest.it\/prodotto\/aufhellende-phytomaske\/#breadcrumb\"},\"inLanguage\":\"de\",\"potentialAction\":[{\"@type\":\"ReadAction\",\"target\":[\"https:\/\/uniest.it\/prodotto\/aufhellende-phytomaske\/\"]}]},{\"@type\":\"ImageObject\",\"inLanguage\":\"de\",\"@id\":\"https:\/\/uniest.it\/prodotto\/aufhellende-phytomaske\/#primaryimage\",\"url\":\"https:\/\/uniest.it\/wp-content\/uploads\/2020\/11\/102AAE.png\",\"contentUrl\":\"https:\/\/uniest.it\/wp-content\/uploads\/2020\/11\/102AAE.png\",\"width\":1283,\"height\":2000},{\"@type\":\"BreadcrumbList\",\"@id\":\"https:\/\/uniest.it\/prodotto\/aufhellende-phytomaske\/#breadcrumb\",\"itemListElement\":[{\"@type\":\"ListItem\",\"position\":1,\"name\":\"Home\",\"item\":\"https:\/\/uniest.it\/de\/\"},{\"@type\":\"ListItem\",\"position\":2,\"name\":\"Shop\",\"item\":\"https:\/\/uniest.it\/shop\/\"},{\"@type\":\"ListItem\",\"position\":3,\"name\":\"Aufhellende Phytomaske\"}]},{\"@type\":\"WebSite\",\"@id\":\"https:\/\/uniest.it\/#website\",\"url\":\"https:\/\/uniest.it\/\",\"name\":\"Uniest\",\"description\":\"Cosmetici Naturali e Bio\",\"potentialAction\":[{\"@type\":\"SearchAction\",\"target\":{\"@type\":\"EntryPoint\",\"urlTemplate\":\"https:\/\/uniest.it\/?s={search_term_string}\"},\"query-input\":{\"@type\":\"PropertyValueSpecification\",\"valueRequired\":true,\"valueName\":\"search_term_string\"}}],\"inLanguage\":\"de\"}]}<\/script>\n<!-- \/ Yoast SEO plugin. -->","yoast_head_json":{"title":"Aufhellende Phytomaske - Uniest","robots":{"index":"index","follow":"follow","max-snippet":"max-snippet:-1","max-image-preview":"max-image-preview:large","max-video-preview":"max-video-preview:-1"},"canonical":"https:\/\/uniest.it\/prodotto\/aufhellende-phytomaske\/","og_locale":"de_DE","og_type":"article","og_title":"Aufhellende Phytomaske - Uniest","og_description":"Die aufhellende Phytomaske ist eine Maske, die hilft, unsch\u00f6ne dunkle Flecken zu reduzieren, f\u00fcr eine stets hydratisierte, elastische Haut und einen gleichm\u00e4\u00dfigen, strahlenden Teint. Es zeichnet sich durch die n\u00e4hrenden Substanzen pflanzlicher \u00d6le (Karotte und Maiskeime) und Wachse (Reiskleie, Candelilla und Jojoba) aus, die erweichend, sch\u00fctzend, beruhigend und antioxidativ wirken. Die restrukturierenden Wirkstoffe von Pflanzenextrakten [&hellip;]","og_url":"https:\/\/uniest.it\/prodotto\/aufhellende-phytomaske\/","og_site_name":"Uniest","article_modified_time":"2025-03-03T23:00:48+00:00","twitter_card":"summary_large_image","twitter_misc":{"Gesch\u00e4tzte Lesezeit":"1\u00a0Minute"},"schema":{"@context":"https:\/\/schema.org","@graph":[{"@type":"WebPage","@id":"https:\/\/uniest.it\/prodotto\/aufhellende-phytomaske\/","url":"https:\/\/uniest.it\/prodotto\/aufhellende-phytomaske\/","name":"Aufhellende Phytomaske - Uniest","isPartOf":{"@id":"https:\/\/uniest.it\/#website"},"primaryImageOfPage":{"@id":"https:\/\/uniest.it\/prodotto\/aufhellende-phytomaske\/#primaryimage"},"image":{"@id":"https:\/\/uniest.it\/prodotto\/aufhellende-phytomaske\/#primaryimage"},"thumbnailUrl":"https:\/\/uniest.it\/wp-content\/uploads\/2020\/11\/102AAE.png","datePublished":"2024-10-29T17:56:07+00:00","dateModified":"2025-03-03T23:00:48+00:00","breadcrumb":{"@id":"https:\/\/uniest.it\/prodotto\/aufhellende-phytomaske\/#breadcrumb"},"inLanguage":"de","potentialAction":[{"@type":"ReadAction","target":["https:\/\/uniest.it\/prodotto\/aufhellende-phytomaske\/"]}]},{"@type":"ImageObject","inLanguage":"de","@id":"https:\/\/uniest.it\/prodotto\/aufhellende-phytomaske\/#primaryimage","url":"https:\/\/uniest.it\/wp-content\/uploads\/2020\/11\/102AAE.png","contentUrl":"https:\/\/uniest.it\/wp-content\/uploads\/2020\/11\/102AAE.png","width":1283,"height":2000},{"@type":"BreadcrumbList","@id":"https:\/\/uniest.it\/prodotto\/aufhellende-phytomaske\/#breadcrumb","itemListElement":[{"@type":"ListItem","position":1,"name":"Home","item":"https:\/\/uniest.it\/de\/"},{"@type":"ListItem","position":2,"name":"Shop","item":"https:\/\/uniest.it\/shop\/"},{"@type":"ListItem","position":3,"name":"Aufhellende Phytomaske"}]},{"@type":"WebSite","@id":"https:\/\/uniest.it\/#website","url":"https:\/\/uniest.it\/","name":"Uniest","description":"Cosmetici Naturali e Bio","potentialAction":[{"@type":"SearchAction","target":{"@type":"EntryPoint","urlTemplate":"https:\/\/uniest.it\/?s={search_term_string}"},"query-input":{"@type":"PropertyValueSpecification","valueRequired":true,"valueName":"search_term_string"}}],"inLanguage":"de"}]}},"_links":{"self":[{"href":"https:\/\/uniest.it\/de\/wp-json\/wp\/v2\/product\/7152","targetHints":{"allow":["GET"]}}],"collection":[{"href":"https:\/\/uniest.it\/de\/wp-json\/wp\/v2\/product"}],"about":[{"href":"https:\/\/uniest.it\/de\/wp-json\/wp\/v2\/types\/product"}],"wp:featuredmedia":[{"embeddable":true,"href":"https:\/\/uniest.it\/de\/wp-json\/wp\/v2\/media\/7153"}],"wp:attachment":[{"href":"https:\/\/uniest.it\/de\/wp-json\/wp\/v2\/media?parent=7152"}],"wp:term":[{"taxonomy":"product_brand","embeddable":true,"href":"https:\/\/uniest.it\/de\/wp-json\/wp\/v2\/product_brand?post=7152"},{"taxonomy":"product_cat","embeddable":true,"href":"https:\/\/uniest.it\/de\/wp-json\/wp\/v2\/product_cat?post=7152"},{"taxonomy":"product_tag","embeddable":true,"href":"https:\/\/uniest.it\/de\/wp-json\/wp\/v2\/product_tag?post=7152"}],"curies":[{"name":"wp","href":"https:\/\/api.w.org\/{rel}","templated":true}]}}