{"id":7155,"date":"2021-02-04T12:59:20","date_gmt":"2024-10-29T17:56:07","guid":{"rendered":"https:\/\/uniest.it\/prodotto\/abfliessende-biotropfen\/"},"modified":"2024-10-29T18:56:07","modified_gmt":"2024-10-29T17:56:07","slug":"abfliessende-biotropfen","status":"publish","type":"product","link":"https:\/\/uniest.it\/de\/prodotto\/abfliessende-biotropfen\/","title":{"rendered":"Abflie\u00dfende Biotropfen"},"content":{"rendered":"<p>Ausstr\u00f6mende Biotropfen: Es handelt sich um wertvolle Pflanzentropfen mit kleiner Molek\u00fclgr\u00f6\u00dfe, die der Haut, die Angriffen aggressiver Wirkstoffe ausgesetzt ist, helfen, neue Frische zu erlangen. Sie verleihen der Haut Spannkraft und eignen sich hervorragend bei R\u00f6tungen, Schuppen, leichten Schwellungen und leichtem Sonnenbrand, da sie den Beschwerden entgegenwirken und ein Gef\u00fchl der Erleichterung hinterlassen. Die Biogocce-Formel wurde unter Verwendung der nat\u00fcrlichen Wirkstoffe der Pflanzenextrakte Arnika, Hamamelis, Rosskastanie und Majoran entwickelt. Diese nat\u00fcrlichen Wirkstoffe sorgen in Kombination mit dem wertvollen \u00e4therischen Eukalyptus\u00f6l f\u00fcr einen perfekten Wasserhaushalt, neutralisieren Aggressionen und st\u00e4rken die nat\u00fcrlichen Abwehrkr\u00e4fte.<\/p>\n","protected":false},"excerpt":{"rendered":"<p>Ausstr\u00f6mende Biotropfen: Es handelt sich um wertvolle Pflanzentropfen mit kleiner Molek\u00fclgr\u00f6\u00dfe, die der Haut, die Angriffen aggressiver Wirkstoffe ausgesetzt ist, helfen, neue Frische zu erlangen. Sie verleihen der Haut Spannkraft und eignen sich hervorragend bei R\u00f6tungen, Schuppen, leichten Schwellungen und leichtem Sonnenbrand, da sie den Beschwerden entgegenwirken und ein Gef\u00fchl der Erleichterung hinterlassen. Die Biogocce-Formel [&hellip;]<\/p>\n","protected":false},"featured_media":7156,"template":"","meta":{"_acf_changed":false,"inline_featured_image":false},"product_brand":[],"product_cat":[1497,1489],"product_tag":[],"class_list":{"0":"post-7155","1":"product","2":"type-product","3":"status-publish","4":"has-post-thumbnail","6":"product_beauty-anti-cellulite","7":"product_beauty-detox-e-dren","8":"product_beauty-idratare","9":"product_skin-tutte-le-pelli","10":"product_kind-tonici-e-lozioni-viso","11":"product_lines-pelli-delicate-e-sensibili","12":"product_cat-viso-de","13":"product_cat-corpo-de","14":"pa_size-50-de","16":"first","17":"instock","18":"taxable","19":"shipping-taxable","20":"purchasable","21":"product-type-simple"},"acf":[],"yoast_head":"<!-- This site is optimized with the Yoast SEO plugin v24.6 - https:\/\/yoast.com\/wordpress\/plugins\/seo\/ -->\n<title>Abflie\u00dfende Biotropfen - Uniest<\/title>\n<meta name=\"robots\" content=\"index, follow, max-snippet:-1, max-image-preview:large, max-video-preview:-1\" \/>\n<link rel=\"canonical\" href=\"https:\/\/uniest.it\/prodotto\/abfliessende-biotropfen\/\" \/>\n<meta property=\"og:locale\" content=\"de_DE\" \/>\n<meta property=\"og:type\" content=\"article\" \/>\n<meta property=\"og:title\" content=\"Abflie\u00dfende Biotropfen - Uniest\" \/>\n<meta property=\"og:description\" content=\"Ausstr\u00f6mende Biotropfen: Es handelt sich um wertvolle Pflanzentropfen mit kleiner Molek\u00fclgr\u00f6\u00dfe, die der Haut, die Angriffen aggressiver Wirkstoffe ausgesetzt ist, helfen, neue Frische zu erlangen. Sie verleihen der Haut Spannkraft und eignen sich hervorragend bei R\u00f6tungen, Schuppen, leichten Schwellungen und leichtem Sonnenbrand, da sie den Beschwerden entgegenwirken und ein Gef\u00fchl der Erleichterung hinterlassen. Die Biogocce-Formel [&hellip;]\" \/>\n<meta property=\"og:url\" content=\"https:\/\/uniest.it\/prodotto\/abfliessende-biotropfen\/\" \/>\n<meta property=\"og:site_name\" content=\"Uniest\" \/>\n<meta name=\"twitter:card\" content=\"summary_large_image\" \/>\n<meta name=\"twitter:label1\" content=\"Gesch\u00e4tzte Lesezeit\" \/>\n\t<meta name=\"twitter:data1\" content=\"1\u00a0Minute\" \/>\n<script type=\"application\/ld+json\" class=\"yoast-schema-graph\">{\"@context\":\"https:\/\/schema.org\",\"@graph\":[{\"@type\":\"WebPage\",\"@id\":\"https:\/\/uniest.it\/prodotto\/abfliessende-biotropfen\/\",\"url\":\"https:\/\/uniest.it\/prodotto\/abfliessende-biotropfen\/\",\"name\":\"Abflie\u00dfende Biotropfen - Uniest\",\"isPartOf\":{\"@id\":\"https:\/\/uniest.it\/#website\"},\"primaryImageOfPage\":{\"@id\":\"https:\/\/uniest.it\/prodotto\/abfliessende-biotropfen\/#primaryimage\"},\"image\":{\"@id\":\"https:\/\/uniest.it\/prodotto\/abfliessende-biotropfen\/#primaryimage\"},\"thumbnailUrl\":\"https:\/\/uniest.it\/wp-content\/uploads\/2020\/11\/105AAE.png\",\"datePublished\":\"2024-10-29T17:56:07+00:00\",\"breadcrumb\":{\"@id\":\"https:\/\/uniest.it\/prodotto\/abfliessende-biotropfen\/#breadcrumb\"},\"inLanguage\":\"de\",\"potentialAction\":[{\"@type\":\"ReadAction\",\"target\":[\"https:\/\/uniest.it\/prodotto\/abfliessende-biotropfen\/\"]}]},{\"@type\":\"ImageObject\",\"inLanguage\":\"de\",\"@id\":\"https:\/\/uniest.it\/prodotto\/abfliessende-biotropfen\/#primaryimage\",\"url\":\"https:\/\/uniest.it\/wp-content\/uploads\/2020\/11\/105AAE.png\",\"contentUrl\":\"https:\/\/uniest.it\/wp-content\/uploads\/2020\/11\/105AAE.png\",\"width\":1283,\"height\":2001},{\"@type\":\"BreadcrumbList\",\"@id\":\"https:\/\/uniest.it\/prodotto\/abfliessende-biotropfen\/#breadcrumb\",\"itemListElement\":[{\"@type\":\"ListItem\",\"position\":1,\"name\":\"Home\",\"item\":\"https:\/\/uniest.it\/de\/\"},{\"@type\":\"ListItem\",\"position\":2,\"name\":\"Shop\",\"item\":\"https:\/\/uniest.it\/shop\/\"},{\"@type\":\"ListItem\",\"position\":3,\"name\":\"Abflie\u00dfende Biotropfen\"}]},{\"@type\":\"WebSite\",\"@id\":\"https:\/\/uniest.it\/#website\",\"url\":\"https:\/\/uniest.it\/\",\"name\":\"Uniest\",\"description\":\"Cosmetici Naturali e Bio\",\"potentialAction\":[{\"@type\":\"SearchAction\",\"target\":{\"@type\":\"EntryPoint\",\"urlTemplate\":\"https:\/\/uniest.it\/?s={search_term_string}\"},\"query-input\":{\"@type\":\"PropertyValueSpecification\",\"valueRequired\":true,\"valueName\":\"search_term_string\"}}],\"inLanguage\":\"de\"}]}<\/script>\n<!-- \/ Yoast SEO plugin. -->","yoast_head_json":{"title":"Abflie\u00dfende Biotropfen - Uniest","robots":{"index":"index","follow":"follow","max-snippet":"max-snippet:-1","max-image-preview":"max-image-preview:large","max-video-preview":"max-video-preview:-1"},"canonical":"https:\/\/uniest.it\/prodotto\/abfliessende-biotropfen\/","og_locale":"de_DE","og_type":"article","og_title":"Abflie\u00dfende Biotropfen - Uniest","og_description":"Ausstr\u00f6mende Biotropfen: Es handelt sich um wertvolle Pflanzentropfen mit kleiner Molek\u00fclgr\u00f6\u00dfe, die der Haut, die Angriffen aggressiver Wirkstoffe ausgesetzt ist, helfen, neue Frische zu erlangen. Sie verleihen der Haut Spannkraft und eignen sich hervorragend bei R\u00f6tungen, Schuppen, leichten Schwellungen und leichtem Sonnenbrand, da sie den Beschwerden entgegenwirken und ein Gef\u00fchl der Erleichterung hinterlassen. Die Biogocce-Formel [&hellip;]","og_url":"https:\/\/uniest.it\/prodotto\/abfliessende-biotropfen\/","og_site_name":"Uniest","twitter_card":"summary_large_image","twitter_misc":{"Gesch\u00e4tzte Lesezeit":"1\u00a0Minute"},"schema":{"@context":"https:\/\/schema.org","@graph":[{"@type":"WebPage","@id":"https:\/\/uniest.it\/prodotto\/abfliessende-biotropfen\/","url":"https:\/\/uniest.it\/prodotto\/abfliessende-biotropfen\/","name":"Abflie\u00dfende Biotropfen - Uniest","isPartOf":{"@id":"https:\/\/uniest.it\/#website"},"primaryImageOfPage":{"@id":"https:\/\/uniest.it\/prodotto\/abfliessende-biotropfen\/#primaryimage"},"image":{"@id":"https:\/\/uniest.it\/prodotto\/abfliessende-biotropfen\/#primaryimage"},"thumbnailUrl":"https:\/\/uniest.it\/wp-content\/uploads\/2020\/11\/105AAE.png","datePublished":"2024-10-29T17:56:07+00:00","breadcrumb":{"@id":"https:\/\/uniest.it\/prodotto\/abfliessende-biotropfen\/#breadcrumb"},"inLanguage":"de","potentialAction":[{"@type":"ReadAction","target":["https:\/\/uniest.it\/prodotto\/abfliessende-biotropfen\/"]}]},{"@type":"ImageObject","inLanguage":"de","@id":"https:\/\/uniest.it\/prodotto\/abfliessende-biotropfen\/#primaryimage","url":"https:\/\/uniest.it\/wp-content\/uploads\/2020\/11\/105AAE.png","contentUrl":"https:\/\/uniest.it\/wp-content\/uploads\/2020\/11\/105AAE.png","width":1283,"height":2001},{"@type":"BreadcrumbList","@id":"https:\/\/uniest.it\/prodotto\/abfliessende-biotropfen\/#breadcrumb","itemListElement":[{"@type":"ListItem","position":1,"name":"Home","item":"https:\/\/uniest.it\/de\/"},{"@type":"ListItem","position":2,"name":"Shop","item":"https:\/\/uniest.it\/shop\/"},{"@type":"ListItem","position":3,"name":"Abflie\u00dfende Biotropfen"}]},{"@type":"WebSite","@id":"https:\/\/uniest.it\/#website","url":"https:\/\/uniest.it\/","name":"Uniest","description":"Cosmetici Naturali e Bio","potentialAction":[{"@type":"SearchAction","target":{"@type":"EntryPoint","urlTemplate":"https:\/\/uniest.it\/?s={search_term_string}"},"query-input":{"@type":"PropertyValueSpecification","valueRequired":true,"valueName":"search_term_string"}}],"inLanguage":"de"}]}},"_links":{"self":[{"href":"https:\/\/uniest.it\/de\/wp-json\/wp\/v2\/product\/7155","targetHints":{"allow":["GET"]}}],"collection":[{"href":"https:\/\/uniest.it\/de\/wp-json\/wp\/v2\/product"}],"about":[{"href":"https:\/\/uniest.it\/de\/wp-json\/wp\/v2\/types\/product"}],"wp:featuredmedia":[{"embeddable":true,"href":"https:\/\/uniest.it\/de\/wp-json\/wp\/v2\/media\/7156"}],"wp:attachment":[{"href":"https:\/\/uniest.it\/de\/wp-json\/wp\/v2\/media?parent=7155"}],"wp:term":[{"taxonomy":"product_brand","embeddable":true,"href":"https:\/\/uniest.it\/de\/wp-json\/wp\/v2\/product_brand?post=7155"},{"taxonomy":"product_cat","embeddable":true,"href":"https:\/\/uniest.it\/de\/wp-json\/wp\/v2\/product_cat?post=7155"},{"taxonomy":"product_tag","embeddable":true,"href":"https:\/\/uniest.it\/de\/wp-json\/wp\/v2\/product_tag?post=7155"}],"curies":[{"name":"wp","href":"https:\/\/api.w.org\/{rel}","templated":true}]}}