{"id":7161,"date":"2021-02-04T12:59:20","date_gmt":"2024-10-29T17:56:08","guid":{"rendered":"https:\/\/uniest.it\/prodotto\/sanfte-cellulite-creme\/"},"modified":"2024-10-29T18:56:08","modified_gmt":"2024-10-29T17:56:08","slug":"sanfte-cellulite-creme","status":"publish","type":"product","link":"https:\/\/uniest.it\/de\/prodotto\/sanfte-cellulite-creme\/","title":{"rendered":"Sanfte Cellulite-Creme"},"content":{"rendered":"<p>Innovative Massagecreme auf Basis von Soja\u00f6l und Weizenkeimprotein, die die Funktionen der entw\u00e4ssernden, mineralisierenden Pflanzenextrakte von Fucus, Rosskastanie und Efeu mit denen der \u00e4therischen \u00d6le von Rosmarin, S\u00fc\u00dforange und Pfefferminze verbindet und n\u00e4hrt, tonisiert und kl\u00e4rt. Bei regelm\u00e4\u00dfiger Anwendung wird die Haut weich, straff und kompakt. Um hervorragende Ergebnisse zu erzielen, empfehlen wir die Verwendung dieser Creme in Kombination mit den anderen empfohlenen Produkten der Linie. Die sogenannte weiche oder \u00f6demat\u00f6se Cellulite stellt sich meist als Infiltration dar, die sich weich anf\u00fchlt und reich an stagnierenden Fl\u00fcssigkeiten ist. Sie ist charakteristisch f\u00fcr ruhigere, bewegungsfreudige Frauen, meist mit leicht gerundetem K\u00f6rper.<\/p>\n","protected":false},"excerpt":{"rendered":"<p>Innovative Massagecreme auf Basis von Soja\u00f6l und Weizenkeimprotein, die die Funktionen der entw\u00e4ssernden, mineralisierenden Pflanzenextrakte von Fucus, Rosskastanie und Efeu mit denen der \u00e4therischen \u00d6le von Rosmarin, S\u00fc\u00dforange und Pfefferminze verbindet und n\u00e4hrt, tonisiert und kl\u00e4rt. Bei regelm\u00e4\u00dfiger Anwendung wird die Haut weich, straff und kompakt. Um hervorragende Ergebnisse zu erzielen, empfehlen wir die Verwendung [&hellip;]<\/p>\n","protected":false},"featured_media":7162,"template":"","meta":{"_acf_changed":false,"inline_featured_image":false},"product_brand":[],"product_cat":[1489],"product_tag":[],"class_list":{"0":"post-7161","1":"product","2":"type-product","3":"status-publish","4":"has-post-thumbnail","6":"product_beauty-anti-cellulite","7":"product_beauty-detox-e-dren","8":"product_beauty-idratare","9":"product_beauty-nutrire-e-rigenerare","10":"product_beauty-rassodare-e-tonificare","11":"product_skin-cellulite","12":"product_kind-cellulite-e-tonificazione","13":"product_kind-tutte-le-creme-corpo","14":"product_lines-cellulite-e-ritenzione","15":"product_cat-corpo-de","16":"pa_size-150-de","18":"first","19":"instock","20":"taxable","21":"shipping-taxable","22":"purchasable","23":"product-type-simple"},"acf":[],"yoast_head":"<!-- This site is optimized with the Yoast SEO plugin v24.6 - https:\/\/yoast.com\/wordpress\/plugins\/seo\/ -->\n<title>Sanfte Cellulite-Creme - Uniest<\/title>\n<meta name=\"robots\" content=\"index, follow, max-snippet:-1, max-image-preview:large, max-video-preview:-1\" \/>\n<link rel=\"canonical\" href=\"https:\/\/uniest.it\/prodotto\/sanfte-cellulite-creme\/\" \/>\n<meta property=\"og:locale\" content=\"de_DE\" \/>\n<meta property=\"og:type\" content=\"article\" \/>\n<meta property=\"og:title\" content=\"Sanfte Cellulite-Creme - Uniest\" \/>\n<meta property=\"og:description\" content=\"Innovative Massagecreme auf Basis von Soja\u00f6l und Weizenkeimprotein, die die Funktionen der entw\u00e4ssernden, mineralisierenden Pflanzenextrakte von Fucus, Rosskastanie und Efeu mit denen der \u00e4therischen \u00d6le von Rosmarin, S\u00fc\u00dforange und Pfefferminze verbindet und n\u00e4hrt, tonisiert und kl\u00e4rt. Bei regelm\u00e4\u00dfiger Anwendung wird die Haut weich, straff und kompakt. Um hervorragende Ergebnisse zu erzielen, empfehlen wir die Verwendung [&hellip;]\" \/>\n<meta property=\"og:url\" content=\"https:\/\/uniest.it\/prodotto\/sanfte-cellulite-creme\/\" \/>\n<meta property=\"og:site_name\" content=\"Uniest\" \/>\n<meta name=\"twitter:card\" content=\"summary_large_image\" \/>\n<meta name=\"twitter:label1\" content=\"Gesch\u00e4tzte Lesezeit\" \/>\n\t<meta name=\"twitter:data1\" content=\"1\u00a0Minute\" \/>\n<script type=\"application\/ld+json\" class=\"yoast-schema-graph\">{\"@context\":\"https:\/\/schema.org\",\"@graph\":[{\"@type\":\"WebPage\",\"@id\":\"https:\/\/uniest.it\/prodotto\/sanfte-cellulite-creme\/\",\"url\":\"https:\/\/uniest.it\/prodotto\/sanfte-cellulite-creme\/\",\"name\":\"Sanfte Cellulite-Creme - Uniest\",\"isPartOf\":{\"@id\":\"https:\/\/uniest.it\/#website\"},\"primaryImageOfPage\":{\"@id\":\"https:\/\/uniest.it\/prodotto\/sanfte-cellulite-creme\/#primaryimage\"},\"image\":{\"@id\":\"https:\/\/uniest.it\/prodotto\/sanfte-cellulite-creme\/#primaryimage\"},\"thumbnailUrl\":\"https:\/\/uniest.it\/wp-content\/uploads\/2020\/11\/111AAE.png\",\"datePublished\":\"2024-10-29T17:56:08+00:00\",\"breadcrumb\":{\"@id\":\"https:\/\/uniest.it\/prodotto\/sanfte-cellulite-creme\/#breadcrumb\"},\"inLanguage\":\"de\",\"potentialAction\":[{\"@type\":\"ReadAction\",\"target\":[\"https:\/\/uniest.it\/prodotto\/sanfte-cellulite-creme\/\"]}]},{\"@type\":\"ImageObject\",\"inLanguage\":\"de\",\"@id\":\"https:\/\/uniest.it\/prodotto\/sanfte-cellulite-creme\/#primaryimage\",\"url\":\"https:\/\/uniest.it\/wp-content\/uploads\/2020\/11\/111AAE.png\",\"contentUrl\":\"https:\/\/uniest.it\/wp-content\/uploads\/2020\/11\/111AAE.png\",\"width\":1283,\"height\":2000},{\"@type\":\"BreadcrumbList\",\"@id\":\"https:\/\/uniest.it\/prodotto\/sanfte-cellulite-creme\/#breadcrumb\",\"itemListElement\":[{\"@type\":\"ListItem\",\"position\":1,\"name\":\"Home\",\"item\":\"https:\/\/uniest.it\/de\/\"},{\"@type\":\"ListItem\",\"position\":2,\"name\":\"Shop\",\"item\":\"https:\/\/uniest.it\/shop\/\"},{\"@type\":\"ListItem\",\"position\":3,\"name\":\"Sanfte Cellulite-Creme\"}]},{\"@type\":\"WebSite\",\"@id\":\"https:\/\/uniest.it\/#website\",\"url\":\"https:\/\/uniest.it\/\",\"name\":\"Uniest\",\"description\":\"Cosmetici Naturali e Bio\",\"potentialAction\":[{\"@type\":\"SearchAction\",\"target\":{\"@type\":\"EntryPoint\",\"urlTemplate\":\"https:\/\/uniest.it\/?s={search_term_string}\"},\"query-input\":{\"@type\":\"PropertyValueSpecification\",\"valueRequired\":true,\"valueName\":\"search_term_string\"}}],\"inLanguage\":\"de\"}]}<\/script>\n<!-- \/ Yoast SEO plugin. -->","yoast_head_json":{"title":"Sanfte Cellulite-Creme - Uniest","robots":{"index":"index","follow":"follow","max-snippet":"max-snippet:-1","max-image-preview":"max-image-preview:large","max-video-preview":"max-video-preview:-1"},"canonical":"https:\/\/uniest.it\/prodotto\/sanfte-cellulite-creme\/","og_locale":"de_DE","og_type":"article","og_title":"Sanfte Cellulite-Creme - Uniest","og_description":"Innovative Massagecreme auf Basis von Soja\u00f6l und Weizenkeimprotein, die die Funktionen der entw\u00e4ssernden, mineralisierenden Pflanzenextrakte von Fucus, Rosskastanie und Efeu mit denen der \u00e4therischen \u00d6le von Rosmarin, S\u00fc\u00dforange und Pfefferminze verbindet und n\u00e4hrt, tonisiert und kl\u00e4rt. Bei regelm\u00e4\u00dfiger Anwendung wird die Haut weich, straff und kompakt. Um hervorragende Ergebnisse zu erzielen, empfehlen wir die Verwendung [&hellip;]","og_url":"https:\/\/uniest.it\/prodotto\/sanfte-cellulite-creme\/","og_site_name":"Uniest","twitter_card":"summary_large_image","twitter_misc":{"Gesch\u00e4tzte Lesezeit":"1\u00a0Minute"},"schema":{"@context":"https:\/\/schema.org","@graph":[{"@type":"WebPage","@id":"https:\/\/uniest.it\/prodotto\/sanfte-cellulite-creme\/","url":"https:\/\/uniest.it\/prodotto\/sanfte-cellulite-creme\/","name":"Sanfte Cellulite-Creme - Uniest","isPartOf":{"@id":"https:\/\/uniest.it\/#website"},"primaryImageOfPage":{"@id":"https:\/\/uniest.it\/prodotto\/sanfte-cellulite-creme\/#primaryimage"},"image":{"@id":"https:\/\/uniest.it\/prodotto\/sanfte-cellulite-creme\/#primaryimage"},"thumbnailUrl":"https:\/\/uniest.it\/wp-content\/uploads\/2020\/11\/111AAE.png","datePublished":"2024-10-29T17:56:08+00:00","breadcrumb":{"@id":"https:\/\/uniest.it\/prodotto\/sanfte-cellulite-creme\/#breadcrumb"},"inLanguage":"de","potentialAction":[{"@type":"ReadAction","target":["https:\/\/uniest.it\/prodotto\/sanfte-cellulite-creme\/"]}]},{"@type":"ImageObject","inLanguage":"de","@id":"https:\/\/uniest.it\/prodotto\/sanfte-cellulite-creme\/#primaryimage","url":"https:\/\/uniest.it\/wp-content\/uploads\/2020\/11\/111AAE.png","contentUrl":"https:\/\/uniest.it\/wp-content\/uploads\/2020\/11\/111AAE.png","width":1283,"height":2000},{"@type":"BreadcrumbList","@id":"https:\/\/uniest.it\/prodotto\/sanfte-cellulite-creme\/#breadcrumb","itemListElement":[{"@type":"ListItem","position":1,"name":"Home","item":"https:\/\/uniest.it\/de\/"},{"@type":"ListItem","position":2,"name":"Shop","item":"https:\/\/uniest.it\/shop\/"},{"@type":"ListItem","position":3,"name":"Sanfte Cellulite-Creme"}]},{"@type":"WebSite","@id":"https:\/\/uniest.it\/#website","url":"https:\/\/uniest.it\/","name":"Uniest","description":"Cosmetici Naturali e Bio","potentialAction":[{"@type":"SearchAction","target":{"@type":"EntryPoint","urlTemplate":"https:\/\/uniest.it\/?s={search_term_string}"},"query-input":{"@type":"PropertyValueSpecification","valueRequired":true,"valueName":"search_term_string"}}],"inLanguage":"de"}]}},"_links":{"self":[{"href":"https:\/\/uniest.it\/de\/wp-json\/wp\/v2\/product\/7161","targetHints":{"allow":["GET"]}}],"collection":[{"href":"https:\/\/uniest.it\/de\/wp-json\/wp\/v2\/product"}],"about":[{"href":"https:\/\/uniest.it\/de\/wp-json\/wp\/v2\/types\/product"}],"wp:featuredmedia":[{"embeddable":true,"href":"https:\/\/uniest.it\/de\/wp-json\/wp\/v2\/media\/7162"}],"wp:attachment":[{"href":"https:\/\/uniest.it\/de\/wp-json\/wp\/v2\/media?parent=7161"}],"wp:term":[{"taxonomy":"product_brand","embeddable":true,"href":"https:\/\/uniest.it\/de\/wp-json\/wp\/v2\/product_brand?post=7161"},{"taxonomy":"product_cat","embeddable":true,"href":"https:\/\/uniest.it\/de\/wp-json\/wp\/v2\/product_cat?post=7161"},{"taxonomy":"product_tag","embeddable":true,"href":"https:\/\/uniest.it\/de\/wp-json\/wp\/v2\/product_tag?post=7161"}],"curies":[{"name":"wp","href":"https:\/\/api.w.org\/{rel}","templated":true}]}}