{"id":7164,"date":"2021-02-04T12:59:20","date_gmt":"2024-10-29T17:56:09","guid":{"rendered":"https:\/\/uniest.it\/prodotto\/faserige-cellulite-creme\/"},"modified":"2024-10-29T18:56:09","modified_gmt":"2024-10-29T17:56:09","slug":"faserige-cellulite-creme","status":"publish","type":"product","link":"https:\/\/uniest.it\/de\/prodotto\/faserige-cellulite-creme\/","title":{"rendered":"Faserige Cellulite-Creme"},"content":{"rendered":"<p>Wir sprechen von fibr\u00f6ser Cellulite, wenn die Kollagenfasern, die die Adipozyten umgeben, zunehmen, das Gewebe dick und steif wird und die Fettzellen einschlie\u00dft. Fibrous Cellulite Cream ist eine innovative nat\u00fcrliche Massagecreme auf Basis von Reiskleie\u00f6l, einem hervorragenden beruhigenden und antioxidativen Mittel sowie pflanzlichem Glycerin. Die Wirkung von Anti-Cellulite-Cremes ist vierfach: Sie beseitigen Lipidzellen (lipolytische Wirkung), indem sie auf den Stoffwechsel einwirken, um die Ansammlung anderer Fette zu verhindern. Anschlie\u00dfend sch\u00fctzen sie die Kapillaren (Schutzwirkung der Kapillaren) dank der nat\u00fcrlichen Extrakte aus Ginko Biloba, Roter Rebe, Blaubeere, Zitrone, gr\u00fcnem Tee und den Vitaminen A, C und E. Diese Wirkstoffe haben wissenschaftlich anerkannte stimulierende Eigenschaften Die Mikrozirkulation im Gewebe bringt die Lymph- und Venenzirkulation wieder ins Gleichgewicht (aktivierende Wirkung auf die Mikrozirkulation) und entw\u00e4ssert das Gewebe (drainierende Wirkung).<\/p>\n","protected":false},"excerpt":{"rendered":"<p>Wir sprechen von fibr\u00f6ser Cellulite, wenn die Kollagenfasern, die die Adipozyten umgeben, zunehmen, das Gewebe dick und steif wird und die Fettzellen einschlie\u00dft. Fibrous Cellulite Cream ist eine innovative nat\u00fcrliche Massagecreme auf Basis von Reiskleie\u00f6l, einem hervorragenden beruhigenden und antioxidativen Mittel sowie pflanzlichem Glycerin. Die Wirkung von Anti-Cellulite-Cremes ist vierfach: Sie beseitigen Lipidzellen (lipolytische Wirkung), [&hellip;]<\/p>\n","protected":false},"featured_media":7165,"template":"","meta":{"_acf_changed":false,"inline_featured_image":false},"product_brand":[],"product_cat":[1489],"product_tag":[],"class_list":{"0":"post-7164","1":"product","2":"type-product","3":"status-publish","4":"has-post-thumbnail","6":"product_beauty-anti-cellulite","7":"product_beauty-detox-e-dren","8":"product_beauty-idratare","9":"product_beauty-nutrire-e-rigenerare","10":"product_beauty-rassodare-e-tonificare","11":"product_skin-cellulite","12":"product_skin-tutte-le-pelli","13":"product_kind-cellulite-e-tonificazione","14":"product_kind-tutte-le-creme-corpo","15":"product_lines-cellulite-e-ritenzione","16":"product_cat-corpo-de","17":"pa_size-150-de","19":"first","20":"instock","21":"taxable","22":"shipping-taxable","23":"purchasable","24":"product-type-simple"},"acf":[],"yoast_head":"<!-- This site is optimized with the Yoast SEO plugin v24.6 - https:\/\/yoast.com\/wordpress\/plugins\/seo\/ -->\n<title>Faserige Cellulite-Creme - Uniest<\/title>\n<meta name=\"robots\" content=\"index, follow, max-snippet:-1, max-image-preview:large, max-video-preview:-1\" \/>\n<link rel=\"canonical\" href=\"https:\/\/uniest.it\/prodotto\/faserige-cellulite-creme\/\" \/>\n<meta property=\"og:locale\" content=\"de_DE\" \/>\n<meta property=\"og:type\" content=\"article\" \/>\n<meta property=\"og:title\" content=\"Faserige Cellulite-Creme - Uniest\" \/>\n<meta property=\"og:description\" content=\"Wir sprechen von fibr\u00f6ser Cellulite, wenn die Kollagenfasern, die die Adipozyten umgeben, zunehmen, das Gewebe dick und steif wird und die Fettzellen einschlie\u00dft. Fibrous Cellulite Cream ist eine innovative nat\u00fcrliche Massagecreme auf Basis von Reiskleie\u00f6l, einem hervorragenden beruhigenden und antioxidativen Mittel sowie pflanzlichem Glycerin. Die Wirkung von Anti-Cellulite-Cremes ist vierfach: Sie beseitigen Lipidzellen (lipolytische Wirkung), [&hellip;]\" \/>\n<meta property=\"og:url\" content=\"https:\/\/uniest.it\/prodotto\/faserige-cellulite-creme\/\" \/>\n<meta property=\"og:site_name\" content=\"Uniest\" \/>\n<meta name=\"twitter:card\" content=\"summary_large_image\" \/>\n<meta name=\"twitter:label1\" content=\"Gesch\u00e4tzte Lesezeit\" \/>\n\t<meta name=\"twitter:data1\" content=\"1\u00a0Minute\" \/>\n<script type=\"application\/ld+json\" class=\"yoast-schema-graph\">{\"@context\":\"https:\/\/schema.org\",\"@graph\":[{\"@type\":\"WebPage\",\"@id\":\"https:\/\/uniest.it\/prodotto\/faserige-cellulite-creme\/\",\"url\":\"https:\/\/uniest.it\/prodotto\/faserige-cellulite-creme\/\",\"name\":\"Faserige Cellulite-Creme - Uniest\",\"isPartOf\":{\"@id\":\"https:\/\/uniest.it\/#website\"},\"primaryImageOfPage\":{\"@id\":\"https:\/\/uniest.it\/prodotto\/faserige-cellulite-creme\/#primaryimage\"},\"image\":{\"@id\":\"https:\/\/uniest.it\/prodotto\/faserige-cellulite-creme\/#primaryimage\"},\"thumbnailUrl\":\"https:\/\/uniest.it\/wp-content\/uploads\/2020\/11\/120AAE.png\",\"datePublished\":\"2024-10-29T17:56:09+00:00\",\"breadcrumb\":{\"@id\":\"https:\/\/uniest.it\/prodotto\/faserige-cellulite-creme\/#breadcrumb\"},\"inLanguage\":\"de\",\"potentialAction\":[{\"@type\":\"ReadAction\",\"target\":[\"https:\/\/uniest.it\/prodotto\/faserige-cellulite-creme\/\"]}]},{\"@type\":\"ImageObject\",\"inLanguage\":\"de\",\"@id\":\"https:\/\/uniest.it\/prodotto\/faserige-cellulite-creme\/#primaryimage\",\"url\":\"https:\/\/uniest.it\/wp-content\/uploads\/2020\/11\/120AAE.png\",\"contentUrl\":\"https:\/\/uniest.it\/wp-content\/uploads\/2020\/11\/120AAE.png\",\"width\":1283,\"height\":2001},{\"@type\":\"BreadcrumbList\",\"@id\":\"https:\/\/uniest.it\/prodotto\/faserige-cellulite-creme\/#breadcrumb\",\"itemListElement\":[{\"@type\":\"ListItem\",\"position\":1,\"name\":\"Home\",\"item\":\"https:\/\/uniest.it\/de\/\"},{\"@type\":\"ListItem\",\"position\":2,\"name\":\"Shop\",\"item\":\"https:\/\/uniest.it\/shop\/\"},{\"@type\":\"ListItem\",\"position\":3,\"name\":\"Faserige Cellulite-Creme\"}]},{\"@type\":\"WebSite\",\"@id\":\"https:\/\/uniest.it\/#website\",\"url\":\"https:\/\/uniest.it\/\",\"name\":\"Uniest\",\"description\":\"Cosmetici Naturali e Bio\",\"potentialAction\":[{\"@type\":\"SearchAction\",\"target\":{\"@type\":\"EntryPoint\",\"urlTemplate\":\"https:\/\/uniest.it\/?s={search_term_string}\"},\"query-input\":{\"@type\":\"PropertyValueSpecification\",\"valueRequired\":true,\"valueName\":\"search_term_string\"}}],\"inLanguage\":\"de\"}]}<\/script>\n<!-- \/ Yoast SEO plugin. -->","yoast_head_json":{"title":"Faserige Cellulite-Creme - Uniest","robots":{"index":"index","follow":"follow","max-snippet":"max-snippet:-1","max-image-preview":"max-image-preview:large","max-video-preview":"max-video-preview:-1"},"canonical":"https:\/\/uniest.it\/prodotto\/faserige-cellulite-creme\/","og_locale":"de_DE","og_type":"article","og_title":"Faserige Cellulite-Creme - Uniest","og_description":"Wir sprechen von fibr\u00f6ser Cellulite, wenn die Kollagenfasern, die die Adipozyten umgeben, zunehmen, das Gewebe dick und steif wird und die Fettzellen einschlie\u00dft. Fibrous Cellulite Cream ist eine innovative nat\u00fcrliche Massagecreme auf Basis von Reiskleie\u00f6l, einem hervorragenden beruhigenden und antioxidativen Mittel sowie pflanzlichem Glycerin. Die Wirkung von Anti-Cellulite-Cremes ist vierfach: Sie beseitigen Lipidzellen (lipolytische Wirkung), [&hellip;]","og_url":"https:\/\/uniest.it\/prodotto\/faserige-cellulite-creme\/","og_site_name":"Uniest","twitter_card":"summary_large_image","twitter_misc":{"Gesch\u00e4tzte Lesezeit":"1\u00a0Minute"},"schema":{"@context":"https:\/\/schema.org","@graph":[{"@type":"WebPage","@id":"https:\/\/uniest.it\/prodotto\/faserige-cellulite-creme\/","url":"https:\/\/uniest.it\/prodotto\/faserige-cellulite-creme\/","name":"Faserige Cellulite-Creme - Uniest","isPartOf":{"@id":"https:\/\/uniest.it\/#website"},"primaryImageOfPage":{"@id":"https:\/\/uniest.it\/prodotto\/faserige-cellulite-creme\/#primaryimage"},"image":{"@id":"https:\/\/uniest.it\/prodotto\/faserige-cellulite-creme\/#primaryimage"},"thumbnailUrl":"https:\/\/uniest.it\/wp-content\/uploads\/2020\/11\/120AAE.png","datePublished":"2024-10-29T17:56:09+00:00","breadcrumb":{"@id":"https:\/\/uniest.it\/prodotto\/faserige-cellulite-creme\/#breadcrumb"},"inLanguage":"de","potentialAction":[{"@type":"ReadAction","target":["https:\/\/uniest.it\/prodotto\/faserige-cellulite-creme\/"]}]},{"@type":"ImageObject","inLanguage":"de","@id":"https:\/\/uniest.it\/prodotto\/faserige-cellulite-creme\/#primaryimage","url":"https:\/\/uniest.it\/wp-content\/uploads\/2020\/11\/120AAE.png","contentUrl":"https:\/\/uniest.it\/wp-content\/uploads\/2020\/11\/120AAE.png","width":1283,"height":2001},{"@type":"BreadcrumbList","@id":"https:\/\/uniest.it\/prodotto\/faserige-cellulite-creme\/#breadcrumb","itemListElement":[{"@type":"ListItem","position":1,"name":"Home","item":"https:\/\/uniest.it\/de\/"},{"@type":"ListItem","position":2,"name":"Shop","item":"https:\/\/uniest.it\/shop\/"},{"@type":"ListItem","position":3,"name":"Faserige Cellulite-Creme"}]},{"@type":"WebSite","@id":"https:\/\/uniest.it\/#website","url":"https:\/\/uniest.it\/","name":"Uniest","description":"Cosmetici Naturali e Bio","potentialAction":[{"@type":"SearchAction","target":{"@type":"EntryPoint","urlTemplate":"https:\/\/uniest.it\/?s={search_term_string}"},"query-input":{"@type":"PropertyValueSpecification","valueRequired":true,"valueName":"search_term_string"}}],"inLanguage":"de"}]}},"_links":{"self":[{"href":"https:\/\/uniest.it\/de\/wp-json\/wp\/v2\/product\/7164","targetHints":{"allow":["GET"]}}],"collection":[{"href":"https:\/\/uniest.it\/de\/wp-json\/wp\/v2\/product"}],"about":[{"href":"https:\/\/uniest.it\/de\/wp-json\/wp\/v2\/types\/product"}],"wp:featuredmedia":[{"embeddable":true,"href":"https:\/\/uniest.it\/de\/wp-json\/wp\/v2\/media\/7165"}],"wp:attachment":[{"href":"https:\/\/uniest.it\/de\/wp-json\/wp\/v2\/media?parent=7164"}],"wp:term":[{"taxonomy":"product_brand","embeddable":true,"href":"https:\/\/uniest.it\/de\/wp-json\/wp\/v2\/product_brand?post=7164"},{"taxonomy":"product_cat","embeddable":true,"href":"https:\/\/uniest.it\/de\/wp-json\/wp\/v2\/product_cat?post=7164"},{"taxonomy":"product_tag","embeddable":true,"href":"https:\/\/uniest.it\/de\/wp-json\/wp\/v2\/product_tag?post=7164"}],"curies":[{"name":"wp","href":"https:\/\/api.w.org\/{rel}","templated":true}]}}