{"id":7167,"date":"2021-02-04T12:59:20","date_gmt":"2024-10-29T17:56:09","guid":{"rendered":"https:\/\/uniest.it\/prodotto\/dermotonische-creme\/"},"modified":"2024-10-29T18:56:09","modified_gmt":"2024-10-29T17:56:09","slug":"dermotonische-creme","status":"publish","type":"product","link":"https:\/\/uniest.it\/de\/prodotto\/dermotonische-creme\/","title":{"rendered":"Dermotonische Creme"},"content":{"rendered":"<p>Dermotonic Cream ist eine innovative Creme auf Basis von nat\u00fcrlichem Bienenwachs, pflanzlichem Glycerin, Reiskleie\u00f6l und pflanzlichem Squalan. Enth\u00e4lt wertvolle Pflanzenextrakte aus Rose, Hopfen und Lavendel, die synergetisch wirken, um die Risse im Stratum Corneum zu f\u00fcllen, die Haut zu gl\u00e4tten und ihre Rauheit zu reduzieren. Es hat auch eine erweichende Wirkung und verleiht der Haut Elastizit\u00e4t, Geschmeidigkeit und Feuchtigkeit. Die regelm\u00e4\u00dfige Verwendung von Straffungscremes das ganze Jahr \u00fcber tr\u00e4gt dazu bei, schlaffer Haut vorzubeugen und eine elastische, weiche, kompakte und jugendliche Haut zu erhalten. Die Verwendung einer straffenden Creme f\u00fcr Bauch, Brust, Gesicht oder K\u00f6rper ist daher immer zu empfehlen, da sie zahlreiche n\u00fctzliche Wirkstoffe enth\u00e4lt, wie zum Beispiel Kollagen, Elastin, Hyalurons\u00e4ure (Stoffe, die bereits in unserem Gewebe vorhanden sind, deren Stimulation jedoch mit der Zeit nachl\u00e4sst). helfen uns, die Festigkeit, Elastizit\u00e4t und Spannkraft der Haut zu erh\u00f6hen. Um jedoch wirklich wirksam zu sein, erfordert eine straffende Creme Konsistenz und Geduld. Wenn Sie also kurzfristige Schockbehandlungen w\u00fcnschen, sind diese kosmetischen Produkte nicht wirklich das Richtige f\u00fcr Sie, denn um wirksam zu sein und die ersten Ergebnisse und Vorteile sichtbar zu machen, m\u00fcssen sie ben\u00f6tigt werden lange.<\/p>\n","protected":false},"excerpt":{"rendered":"<p>Dermotonic Cream ist eine innovative Creme auf Basis von nat\u00fcrlichem Bienenwachs, pflanzlichem Glycerin, Reiskleie\u00f6l und pflanzlichem Squalan. Enth\u00e4lt wertvolle Pflanzenextrakte aus Rose, Hopfen und Lavendel, die synergetisch wirken, um die Risse im Stratum Corneum zu f\u00fcllen, die Haut zu gl\u00e4tten und ihre Rauheit zu reduzieren. Es hat auch eine erweichende Wirkung und verleiht der Haut [&hellip;]<\/p>\n","protected":false},"featured_media":7168,"template":"","meta":{"_acf_changed":false,"inline_featured_image":false},"product_brand":[],"product_cat":[1491,1497,1489],"product_tag":[],"class_list":{"0":"post-7167","1":"product","2":"type-product","3":"status-publish","4":"has-post-thumbnail","6":"product_beauty-idratare","7":"product_beauty-lenire","8":"product_beauty-nutrire-e-rigenerare","9":"product_beauty-rassodare-e-tonificare","10":"product_skin-tutte-le-pelli","11":"product_kind-cellulite-e-tonificazione","12":"product_kind-tutte-le-creme-corpo","13":"product_lines-corpo-e-benessere","14":"product_cat-famiglia-e-pet-de","15":"product_cat-viso-de","16":"product_cat-corpo-de","17":"pa_size-150-de","19":"first","20":"instock","21":"taxable","22":"shipping-taxable","23":"purchasable","24":"product-type-simple"},"acf":[],"yoast_head":"<!-- This site is optimized with the Yoast SEO plugin v24.6 - https:\/\/yoast.com\/wordpress\/plugins\/seo\/ -->\n<title>Dermotonische Creme - Uniest<\/title>\n<meta name=\"robots\" content=\"index, follow, max-snippet:-1, max-image-preview:large, max-video-preview:-1\" \/>\n<link rel=\"canonical\" href=\"https:\/\/uniest.it\/prodotto\/dermotonische-creme\/\" \/>\n<meta property=\"og:locale\" content=\"de_DE\" \/>\n<meta property=\"og:type\" content=\"article\" \/>\n<meta property=\"og:title\" content=\"Dermotonische Creme - Uniest\" \/>\n<meta property=\"og:description\" content=\"Dermotonic Cream ist eine innovative Creme auf Basis von nat\u00fcrlichem Bienenwachs, pflanzlichem Glycerin, Reiskleie\u00f6l und pflanzlichem Squalan. Enth\u00e4lt wertvolle Pflanzenextrakte aus Rose, Hopfen und Lavendel, die synergetisch wirken, um die Risse im Stratum Corneum zu f\u00fcllen, die Haut zu gl\u00e4tten und ihre Rauheit zu reduzieren. Es hat auch eine erweichende Wirkung und verleiht der Haut [&hellip;]\" \/>\n<meta property=\"og:url\" content=\"https:\/\/uniest.it\/prodotto\/dermotonische-creme\/\" \/>\n<meta property=\"og:site_name\" content=\"Uniest\" \/>\n<meta name=\"twitter:card\" content=\"summary_large_image\" \/>\n<meta name=\"twitter:label1\" content=\"Gesch\u00e4tzte Lesezeit\" \/>\n\t<meta name=\"twitter:data1\" content=\"1\u00a0Minute\" \/>\n<script type=\"application\/ld+json\" class=\"yoast-schema-graph\">{\"@context\":\"https:\/\/schema.org\",\"@graph\":[{\"@type\":\"WebPage\",\"@id\":\"https:\/\/uniest.it\/prodotto\/dermotonische-creme\/\",\"url\":\"https:\/\/uniest.it\/prodotto\/dermotonische-creme\/\",\"name\":\"Dermotonische Creme - Uniest\",\"isPartOf\":{\"@id\":\"https:\/\/uniest.it\/#website\"},\"primaryImageOfPage\":{\"@id\":\"https:\/\/uniest.it\/prodotto\/dermotonische-creme\/#primaryimage\"},\"image\":{\"@id\":\"https:\/\/uniest.it\/prodotto\/dermotonische-creme\/#primaryimage\"},\"thumbnailUrl\":\"https:\/\/uniest.it\/wp-content\/uploads\/2020\/11\/132AAE.png\",\"datePublished\":\"2024-10-29T17:56:09+00:00\",\"breadcrumb\":{\"@id\":\"https:\/\/uniest.it\/prodotto\/dermotonische-creme\/#breadcrumb\"},\"inLanguage\":\"de\",\"potentialAction\":[{\"@type\":\"ReadAction\",\"target\":[\"https:\/\/uniest.it\/prodotto\/dermotonische-creme\/\"]}]},{\"@type\":\"ImageObject\",\"inLanguage\":\"de\",\"@id\":\"https:\/\/uniest.it\/prodotto\/dermotonische-creme\/#primaryimage\",\"url\":\"https:\/\/uniest.it\/wp-content\/uploads\/2020\/11\/132AAE.png\",\"contentUrl\":\"https:\/\/uniest.it\/wp-content\/uploads\/2020\/11\/132AAE.png\",\"width\":1283,\"height\":2001},{\"@type\":\"BreadcrumbList\",\"@id\":\"https:\/\/uniest.it\/prodotto\/dermotonische-creme\/#breadcrumb\",\"itemListElement\":[{\"@type\":\"ListItem\",\"position\":1,\"name\":\"Home\",\"item\":\"https:\/\/uniest.it\/de\/\"},{\"@type\":\"ListItem\",\"position\":2,\"name\":\"Shop\",\"item\":\"https:\/\/uniest.it\/shop\/\"},{\"@type\":\"ListItem\",\"position\":3,\"name\":\"Dermotonische Creme\"}]},{\"@type\":\"WebSite\",\"@id\":\"https:\/\/uniest.it\/#website\",\"url\":\"https:\/\/uniest.it\/\",\"name\":\"Uniest\",\"description\":\"Cosmetici Naturali e Bio\",\"potentialAction\":[{\"@type\":\"SearchAction\",\"target\":{\"@type\":\"EntryPoint\",\"urlTemplate\":\"https:\/\/uniest.it\/?s={search_term_string}\"},\"query-input\":{\"@type\":\"PropertyValueSpecification\",\"valueRequired\":true,\"valueName\":\"search_term_string\"}}],\"inLanguage\":\"de\"}]}<\/script>\n<!-- \/ Yoast SEO plugin. -->","yoast_head_json":{"title":"Dermotonische Creme - Uniest","robots":{"index":"index","follow":"follow","max-snippet":"max-snippet:-1","max-image-preview":"max-image-preview:large","max-video-preview":"max-video-preview:-1"},"canonical":"https:\/\/uniest.it\/prodotto\/dermotonische-creme\/","og_locale":"de_DE","og_type":"article","og_title":"Dermotonische Creme - Uniest","og_description":"Dermotonic Cream ist eine innovative Creme auf Basis von nat\u00fcrlichem Bienenwachs, pflanzlichem Glycerin, Reiskleie\u00f6l und pflanzlichem Squalan. Enth\u00e4lt wertvolle Pflanzenextrakte aus Rose, Hopfen und Lavendel, die synergetisch wirken, um die Risse im Stratum Corneum zu f\u00fcllen, die Haut zu gl\u00e4tten und ihre Rauheit zu reduzieren. Es hat auch eine erweichende Wirkung und verleiht der Haut [&hellip;]","og_url":"https:\/\/uniest.it\/prodotto\/dermotonische-creme\/","og_site_name":"Uniest","twitter_card":"summary_large_image","twitter_misc":{"Gesch\u00e4tzte Lesezeit":"1\u00a0Minute"},"schema":{"@context":"https:\/\/schema.org","@graph":[{"@type":"WebPage","@id":"https:\/\/uniest.it\/prodotto\/dermotonische-creme\/","url":"https:\/\/uniest.it\/prodotto\/dermotonische-creme\/","name":"Dermotonische Creme - Uniest","isPartOf":{"@id":"https:\/\/uniest.it\/#website"},"primaryImageOfPage":{"@id":"https:\/\/uniest.it\/prodotto\/dermotonische-creme\/#primaryimage"},"image":{"@id":"https:\/\/uniest.it\/prodotto\/dermotonische-creme\/#primaryimage"},"thumbnailUrl":"https:\/\/uniest.it\/wp-content\/uploads\/2020\/11\/132AAE.png","datePublished":"2024-10-29T17:56:09+00:00","breadcrumb":{"@id":"https:\/\/uniest.it\/prodotto\/dermotonische-creme\/#breadcrumb"},"inLanguage":"de","potentialAction":[{"@type":"ReadAction","target":["https:\/\/uniest.it\/prodotto\/dermotonische-creme\/"]}]},{"@type":"ImageObject","inLanguage":"de","@id":"https:\/\/uniest.it\/prodotto\/dermotonische-creme\/#primaryimage","url":"https:\/\/uniest.it\/wp-content\/uploads\/2020\/11\/132AAE.png","contentUrl":"https:\/\/uniest.it\/wp-content\/uploads\/2020\/11\/132AAE.png","width":1283,"height":2001},{"@type":"BreadcrumbList","@id":"https:\/\/uniest.it\/prodotto\/dermotonische-creme\/#breadcrumb","itemListElement":[{"@type":"ListItem","position":1,"name":"Home","item":"https:\/\/uniest.it\/de\/"},{"@type":"ListItem","position":2,"name":"Shop","item":"https:\/\/uniest.it\/shop\/"},{"@type":"ListItem","position":3,"name":"Dermotonische Creme"}]},{"@type":"WebSite","@id":"https:\/\/uniest.it\/#website","url":"https:\/\/uniest.it\/","name":"Uniest","description":"Cosmetici Naturali e Bio","potentialAction":[{"@type":"SearchAction","target":{"@type":"EntryPoint","urlTemplate":"https:\/\/uniest.it\/?s={search_term_string}"},"query-input":{"@type":"PropertyValueSpecification","valueRequired":true,"valueName":"search_term_string"}}],"inLanguage":"de"}]}},"_links":{"self":[{"href":"https:\/\/uniest.it\/de\/wp-json\/wp\/v2\/product\/7167","targetHints":{"allow":["GET"]}}],"collection":[{"href":"https:\/\/uniest.it\/de\/wp-json\/wp\/v2\/product"}],"about":[{"href":"https:\/\/uniest.it\/de\/wp-json\/wp\/v2\/types\/product"}],"wp:featuredmedia":[{"embeddable":true,"href":"https:\/\/uniest.it\/de\/wp-json\/wp\/v2\/media\/7168"}],"wp:attachment":[{"href":"https:\/\/uniest.it\/de\/wp-json\/wp\/v2\/media?parent=7167"}],"wp:term":[{"taxonomy":"product_brand","embeddable":true,"href":"https:\/\/uniest.it\/de\/wp-json\/wp\/v2\/product_brand?post=7167"},{"taxonomy":"product_cat","embeddable":true,"href":"https:\/\/uniest.it\/de\/wp-json\/wp\/v2\/product_cat?post=7167"},{"taxonomy":"product_tag","embeddable":true,"href":"https:\/\/uniest.it\/de\/wp-json\/wp\/v2\/product_tag?post=7167"}],"curies":[{"name":"wp","href":"https:\/\/api.w.org\/{rel}","templated":true}]}}