{"id":7170,"date":"2021-02-04T12:59:20","date_gmt":"2024-10-29T17:56:10","guid":{"rendered":"https:\/\/uniest.it\/prodotto\/koerpermilch\/"},"modified":"2024-10-29T18:56:10","modified_gmt":"2024-10-29T17:56:10","slug":"koerpermilch","status":"publish","type":"product","link":"https:\/\/uniest.it\/de\/prodotto\/koerpermilch\/","title":{"rendered":"K\u00f6rpermilch"},"content":{"rendered":"<p>K\u00f6rpermilch ist eine weiche Milch, die der Haut die richtige Elastizit\u00e4t und Geschmeidigkeit zur\u00fcckgibt und Hauttrockenheit wirksam bek\u00e4mpft. K\u00f6rpermilch ist ein sehr wertvoller Verb\u00fcndeter f\u00fcr die Sch\u00f6nheit der Haut. Im Gegensatz zu Cremes hat sie eine leichtere und leichter einziehbare Textur, bietet aber den gleichen N\u00e4hrwert. Die pflanzlichen Proteine der Weizenkeime bilden eine Schutzschicht und garantieren einen perfekten Schutz vor Austrocknung. Die Pflanzenextrakte aus Sandelholz, Melisse, Malve, Wei\u00dfdorn, Johanniskraut und Helichrysum haben beruhigende, r\u00f6tungshemmende, entspannende, weichmachende und dermoprotektive Eigenschaften und tragen dazu bei, den Hydrolipidfilm der Haut wieder ins Gleichgewicht zu bringen. Die Haut ist durstig und muss den ganzen Tag \u00fcber und insbesondere immer nach der Reinigung mit Feuchtigkeit versorgt werden. Dabei sind die Regeln der feuchtigkeitsspendenden K\u00f6rpermilch zu beachten, vor allem die Konsistenz.<\/p>\n","protected":false},"excerpt":{"rendered":"<p>K\u00f6rpermilch ist eine weiche Milch, die der Haut die richtige Elastizit\u00e4t und Geschmeidigkeit zur\u00fcckgibt und Hauttrockenheit wirksam bek\u00e4mpft. K\u00f6rpermilch ist ein sehr wertvoller Verb\u00fcndeter f\u00fcr die Sch\u00f6nheit der Haut. Im Gegensatz zu Cremes hat sie eine leichtere und leichter einziehbare Textur, bietet aber den gleichen N\u00e4hrwert. Die pflanzlichen Proteine der Weizenkeime bilden eine Schutzschicht und [&hellip;]<\/p>\n","protected":false},"featured_media":7171,"template":"","meta":{"_acf_changed":false,"inline_featured_image":false},"product_brand":[],"product_cat":[1489],"product_tag":[],"class_list":{"0":"post-7170","1":"product","2":"type-product","3":"status-publish","4":"has-post-thumbnail","6":"product_beauty-aromatizzare-e-profumare","7":"product_beauty-idratare","8":"product_beauty-lenire","9":"product_beauty-nutrire-e-rigenerare","10":"product_skin-tutte-le-pelli","11":"product_kind-trattamenti-speciali","12":"product_kind-tutte-le-creme-corpo","13":"product_lines-corpo-e-benessere","14":"product_cat-corpo-de","15":"pa_size-150-de","17":"first","18":"instock","19":"taxable","20":"shipping-taxable","21":"purchasable","22":"product-type-simple"},"acf":[],"yoast_head":"<!-- This site is optimized with the Yoast SEO plugin v24.6 - https:\/\/yoast.com\/wordpress\/plugins\/seo\/ -->\n<title>K\u00f6rpermilch - Uniest<\/title>\n<meta name=\"robots\" content=\"index, follow, max-snippet:-1, max-image-preview:large, max-video-preview:-1\" \/>\n<link rel=\"canonical\" href=\"https:\/\/uniest.it\/prodotto\/koerpermilch\/\" \/>\n<meta property=\"og:locale\" content=\"de_DE\" \/>\n<meta property=\"og:type\" content=\"article\" \/>\n<meta property=\"og:title\" content=\"K\u00f6rpermilch - Uniest\" \/>\n<meta property=\"og:description\" content=\"K\u00f6rpermilch ist eine weiche Milch, die der Haut die richtige Elastizit\u00e4t und Geschmeidigkeit zur\u00fcckgibt und Hauttrockenheit wirksam bek\u00e4mpft. K\u00f6rpermilch ist ein sehr wertvoller Verb\u00fcndeter f\u00fcr die Sch\u00f6nheit der Haut. Im Gegensatz zu Cremes hat sie eine leichtere und leichter einziehbare Textur, bietet aber den gleichen N\u00e4hrwert. Die pflanzlichen Proteine der Weizenkeime bilden eine Schutzschicht und [&hellip;]\" \/>\n<meta property=\"og:url\" content=\"https:\/\/uniest.it\/prodotto\/koerpermilch\/\" \/>\n<meta property=\"og:site_name\" content=\"Uniest\" \/>\n<meta name=\"twitter:card\" content=\"summary_large_image\" \/>\n<meta name=\"twitter:label1\" content=\"Gesch\u00e4tzte Lesezeit\" \/>\n\t<meta name=\"twitter:data1\" content=\"1\u00a0Minute\" \/>\n<script type=\"application\/ld+json\" class=\"yoast-schema-graph\">{\"@context\":\"https:\/\/schema.org\",\"@graph\":[{\"@type\":\"WebPage\",\"@id\":\"https:\/\/uniest.it\/prodotto\/koerpermilch\/\",\"url\":\"https:\/\/uniest.it\/prodotto\/koerpermilch\/\",\"name\":\"K\u00f6rpermilch - Uniest\",\"isPartOf\":{\"@id\":\"https:\/\/uniest.it\/#website\"},\"primaryImageOfPage\":{\"@id\":\"https:\/\/uniest.it\/prodotto\/koerpermilch\/#primaryimage\"},\"image\":{\"@id\":\"https:\/\/uniest.it\/prodotto\/koerpermilch\/#primaryimage\"},\"thumbnailUrl\":\"https:\/\/uniest.it\/wp-content\/uploads\/2020\/11\/135AAE.png\",\"datePublished\":\"2024-10-29T17:56:10+00:00\",\"breadcrumb\":{\"@id\":\"https:\/\/uniest.it\/prodotto\/koerpermilch\/#breadcrumb\"},\"inLanguage\":\"de\",\"potentialAction\":[{\"@type\":\"ReadAction\",\"target\":[\"https:\/\/uniest.it\/prodotto\/koerpermilch\/\"]}]},{\"@type\":\"ImageObject\",\"inLanguage\":\"de\",\"@id\":\"https:\/\/uniest.it\/prodotto\/koerpermilch\/#primaryimage\",\"url\":\"https:\/\/uniest.it\/wp-content\/uploads\/2020\/11\/135AAE.png\",\"contentUrl\":\"https:\/\/uniest.it\/wp-content\/uploads\/2020\/11\/135AAE.png\",\"width\":1283,\"height\":2001},{\"@type\":\"BreadcrumbList\",\"@id\":\"https:\/\/uniest.it\/prodotto\/koerpermilch\/#breadcrumb\",\"itemListElement\":[{\"@type\":\"ListItem\",\"position\":1,\"name\":\"Home\",\"item\":\"https:\/\/uniest.it\/de\/\"},{\"@type\":\"ListItem\",\"position\":2,\"name\":\"Shop\",\"item\":\"https:\/\/uniest.it\/shop\/\"},{\"@type\":\"ListItem\",\"position\":3,\"name\":\"K\u00f6rpermilch\"}]},{\"@type\":\"WebSite\",\"@id\":\"https:\/\/uniest.it\/#website\",\"url\":\"https:\/\/uniest.it\/\",\"name\":\"Uniest\",\"description\":\"Cosmetici Naturali e Bio\",\"potentialAction\":[{\"@type\":\"SearchAction\",\"target\":{\"@type\":\"EntryPoint\",\"urlTemplate\":\"https:\/\/uniest.it\/?s={search_term_string}\"},\"query-input\":{\"@type\":\"PropertyValueSpecification\",\"valueRequired\":true,\"valueName\":\"search_term_string\"}}],\"inLanguage\":\"de\"}]}<\/script>\n<!-- \/ Yoast SEO plugin. -->","yoast_head_json":{"title":"K\u00f6rpermilch - Uniest","robots":{"index":"index","follow":"follow","max-snippet":"max-snippet:-1","max-image-preview":"max-image-preview:large","max-video-preview":"max-video-preview:-1"},"canonical":"https:\/\/uniest.it\/prodotto\/koerpermilch\/","og_locale":"de_DE","og_type":"article","og_title":"K\u00f6rpermilch - Uniest","og_description":"K\u00f6rpermilch ist eine weiche Milch, die der Haut die richtige Elastizit\u00e4t und Geschmeidigkeit zur\u00fcckgibt und Hauttrockenheit wirksam bek\u00e4mpft. K\u00f6rpermilch ist ein sehr wertvoller Verb\u00fcndeter f\u00fcr die Sch\u00f6nheit der Haut. Im Gegensatz zu Cremes hat sie eine leichtere und leichter einziehbare Textur, bietet aber den gleichen N\u00e4hrwert. Die pflanzlichen Proteine der Weizenkeime bilden eine Schutzschicht und [&hellip;]","og_url":"https:\/\/uniest.it\/prodotto\/koerpermilch\/","og_site_name":"Uniest","twitter_card":"summary_large_image","twitter_misc":{"Gesch\u00e4tzte Lesezeit":"1\u00a0Minute"},"schema":{"@context":"https:\/\/schema.org","@graph":[{"@type":"WebPage","@id":"https:\/\/uniest.it\/prodotto\/koerpermilch\/","url":"https:\/\/uniest.it\/prodotto\/koerpermilch\/","name":"K\u00f6rpermilch - Uniest","isPartOf":{"@id":"https:\/\/uniest.it\/#website"},"primaryImageOfPage":{"@id":"https:\/\/uniest.it\/prodotto\/koerpermilch\/#primaryimage"},"image":{"@id":"https:\/\/uniest.it\/prodotto\/koerpermilch\/#primaryimage"},"thumbnailUrl":"https:\/\/uniest.it\/wp-content\/uploads\/2020\/11\/135AAE.png","datePublished":"2024-10-29T17:56:10+00:00","breadcrumb":{"@id":"https:\/\/uniest.it\/prodotto\/koerpermilch\/#breadcrumb"},"inLanguage":"de","potentialAction":[{"@type":"ReadAction","target":["https:\/\/uniest.it\/prodotto\/koerpermilch\/"]}]},{"@type":"ImageObject","inLanguage":"de","@id":"https:\/\/uniest.it\/prodotto\/koerpermilch\/#primaryimage","url":"https:\/\/uniest.it\/wp-content\/uploads\/2020\/11\/135AAE.png","contentUrl":"https:\/\/uniest.it\/wp-content\/uploads\/2020\/11\/135AAE.png","width":1283,"height":2001},{"@type":"BreadcrumbList","@id":"https:\/\/uniest.it\/prodotto\/koerpermilch\/#breadcrumb","itemListElement":[{"@type":"ListItem","position":1,"name":"Home","item":"https:\/\/uniest.it\/de\/"},{"@type":"ListItem","position":2,"name":"Shop","item":"https:\/\/uniest.it\/shop\/"},{"@type":"ListItem","position":3,"name":"K\u00f6rpermilch"}]},{"@type":"WebSite","@id":"https:\/\/uniest.it\/#website","url":"https:\/\/uniest.it\/","name":"Uniest","description":"Cosmetici Naturali e Bio","potentialAction":[{"@type":"SearchAction","target":{"@type":"EntryPoint","urlTemplate":"https:\/\/uniest.it\/?s={search_term_string}"},"query-input":{"@type":"PropertyValueSpecification","valueRequired":true,"valueName":"search_term_string"}}],"inLanguage":"de"}]}},"_links":{"self":[{"href":"https:\/\/uniest.it\/de\/wp-json\/wp\/v2\/product\/7170","targetHints":{"allow":["GET"]}}],"collection":[{"href":"https:\/\/uniest.it\/de\/wp-json\/wp\/v2\/product"}],"about":[{"href":"https:\/\/uniest.it\/de\/wp-json\/wp\/v2\/types\/product"}],"wp:featuredmedia":[{"embeddable":true,"href":"https:\/\/uniest.it\/de\/wp-json\/wp\/v2\/media\/7171"}],"wp:attachment":[{"href":"https:\/\/uniest.it\/de\/wp-json\/wp\/v2\/media?parent=7170"}],"wp:term":[{"taxonomy":"product_brand","embeddable":true,"href":"https:\/\/uniest.it\/de\/wp-json\/wp\/v2\/product_brand?post=7170"},{"taxonomy":"product_cat","embeddable":true,"href":"https:\/\/uniest.it\/de\/wp-json\/wp\/v2\/product_cat?post=7170"},{"taxonomy":"product_tag","embeddable":true,"href":"https:\/\/uniest.it\/de\/wp-json\/wp\/v2\/product_tag?post=7170"}],"curies":[{"name":"wp","href":"https:\/\/api.w.org\/{rel}","templated":true}]}}