{"id":7173,"date":"2021-02-04T12:59:20","date_gmt":"2024-10-29T17:56:10","guid":{"rendered":"https:\/\/uniest.it\/prodotto\/wellness-oel-2\/"},"modified":"2024-10-29T18:56:10","modified_gmt":"2024-10-29T17:56:10","slug":"wellness-oel-2","status":"publish","type":"product","link":"https:\/\/uniest.it\/de\/prodotto\/wellness-oel-2\/","title":{"rendered":"Wellness-\u00d6l"},"content":{"rendered":"<p>Wellness\u00f6l ist ein au\u00dfergew\u00f6hnliches Produkt, das aus mehr als 30 nat\u00fcrlichen \u00e4therischen Pflanzen\u00f6len besteht. Die Vielfalt der enthaltenen Essenzen und damit der ausge\u00fcbten Funktionen machen es zu einer wertvollen Wiederherstellung des Gleichgewichts von K\u00f6rper und Geist. Als Massage angewendet, lindert es st\u00f6rende Empfindungen und sorgt f\u00fcr ein umfassendes Wohlbefinden. Es ist ein allgemeines St\u00e4rkungsmittel, das in der Aromatherapie, Hydrotherapie, Sauna, Reibung und Massage eingesetzt werden kann. Seine D\u00fcfte umh\u00fcllen den K\u00f6rper mit einem zarten Duft und helfen, unser emotionales Wohlbefinden wiederherzustellen.<\/p>\n","protected":false},"excerpt":{"rendered":"<p>Wellness\u00f6l ist ein au\u00dfergew\u00f6hnliches Produkt, das aus mehr als 30 nat\u00fcrlichen \u00e4therischen Pflanzen\u00f6len besteht. Die Vielfalt der enthaltenen Essenzen und damit der ausge\u00fcbten Funktionen machen es zu einer wertvollen Wiederherstellung des Gleichgewichts von K\u00f6rper und Geist. Als Massage angewendet, lindert es st\u00f6rende Empfindungen und sorgt f\u00fcr ein umfassendes Wohlbefinden. Es ist ein allgemeines St\u00e4rkungsmittel, das [&hellip;]<\/p>\n","protected":false},"featured_media":7174,"template":"","meta":{"_acf_changed":false,"inline_featured_image":false},"product_brand":[],"product_cat":[1488,1489],"product_tag":[],"class_list":{"0":"post-7173","1":"product","2":"type-product","3":"status-publish","4":"has-post-thumbnail","6":"product_beauty-aromatizzare-e-profumare","7":"product_beauty-balsamico","8":"product_beauty-idratare","9":"product_beauty-nutrire-e-rigenerare","10":"product_beauty-purificare","11":"product_beauty-rassodare-e-tonificare","12":"product_skin-tutte-le-pelli","13":"product_kind-aromaterapia-e-profumi","14":"product_kind-oli-e-burri","15":"product_kind-sieri-ed-oli","16":"product_kind-speciale-sport","17":"product_kind_pets-aromaterapia-e-profumi","18":"product_lines-corpo-e-benessere","19":"product_cat-casa-e-ambiente-de","20":"product_cat-corpo-de","21":"pa_size-100-de","23":"first","24":"instock","25":"taxable","26":"shipping-taxable","27":"purchasable","28":"product-type-simple"},"acf":[],"yoast_head":"<!-- This site is optimized with the Yoast SEO plugin v24.6 - https:\/\/yoast.com\/wordpress\/plugins\/seo\/ -->\n<title>Wellness-\u00d6l - Uniest<\/title>\n<meta name=\"robots\" content=\"index, follow, max-snippet:-1, max-image-preview:large, max-video-preview:-1\" \/>\n<link rel=\"canonical\" href=\"https:\/\/uniest.it\/prodotto\/wellness-oel-2\/\" \/>\n<meta property=\"og:locale\" content=\"de_DE\" \/>\n<meta property=\"og:type\" content=\"article\" \/>\n<meta property=\"og:title\" content=\"Wellness-\u00d6l - Uniest\" \/>\n<meta property=\"og:description\" content=\"Wellness\u00f6l ist ein au\u00dfergew\u00f6hnliches Produkt, das aus mehr als 30 nat\u00fcrlichen \u00e4therischen Pflanzen\u00f6len besteht. Die Vielfalt der enthaltenen Essenzen und damit der ausge\u00fcbten Funktionen machen es zu einer wertvollen Wiederherstellung des Gleichgewichts von K\u00f6rper und Geist. Als Massage angewendet, lindert es st\u00f6rende Empfindungen und sorgt f\u00fcr ein umfassendes Wohlbefinden. Es ist ein allgemeines St\u00e4rkungsmittel, das [&hellip;]\" \/>\n<meta property=\"og:url\" content=\"https:\/\/uniest.it\/prodotto\/wellness-oel-2\/\" \/>\n<meta property=\"og:site_name\" content=\"Uniest\" \/>\n<meta name=\"twitter:card\" content=\"summary_large_image\" \/>\n<script type=\"application\/ld+json\" class=\"yoast-schema-graph\">{\"@context\":\"https:\/\/schema.org\",\"@graph\":[{\"@type\":\"WebPage\",\"@id\":\"https:\/\/uniest.it\/prodotto\/wellness-oel-2\/\",\"url\":\"https:\/\/uniest.it\/prodotto\/wellness-oel-2\/\",\"name\":\"Wellness-\u00d6l - Uniest\",\"isPartOf\":{\"@id\":\"https:\/\/uniest.it\/#website\"},\"primaryImageOfPage\":{\"@id\":\"https:\/\/uniest.it\/prodotto\/wellness-oel-2\/#primaryimage\"},\"image\":{\"@id\":\"https:\/\/uniest.it\/prodotto\/wellness-oel-2\/#primaryimage\"},\"thumbnailUrl\":\"https:\/\/uniest.it\/wp-content\/uploads\/2020\/11\/145AAE.png\",\"datePublished\":\"2024-10-29T17:56:10+00:00\",\"breadcrumb\":{\"@id\":\"https:\/\/uniest.it\/prodotto\/wellness-oel-2\/#breadcrumb\"},\"inLanguage\":\"de\",\"potentialAction\":[{\"@type\":\"ReadAction\",\"target\":[\"https:\/\/uniest.it\/prodotto\/wellness-oel-2\/\"]}]},{\"@type\":\"ImageObject\",\"inLanguage\":\"de\",\"@id\":\"https:\/\/uniest.it\/prodotto\/wellness-oel-2\/#primaryimage\",\"url\":\"https:\/\/uniest.it\/wp-content\/uploads\/2020\/11\/145AAE.png\",\"contentUrl\":\"https:\/\/uniest.it\/wp-content\/uploads\/2020\/11\/145AAE.png\",\"width\":1283,\"height\":2001},{\"@type\":\"BreadcrumbList\",\"@id\":\"https:\/\/uniest.it\/prodotto\/wellness-oel-2\/#breadcrumb\",\"itemListElement\":[{\"@type\":\"ListItem\",\"position\":1,\"name\":\"Home\",\"item\":\"https:\/\/uniest.it\/de\/\"},{\"@type\":\"ListItem\",\"position\":2,\"name\":\"Shop\",\"item\":\"https:\/\/uniest.it\/shop\/\"},{\"@type\":\"ListItem\",\"position\":3,\"name\":\"Wellness-\u00d6l\"}]},{\"@type\":\"WebSite\",\"@id\":\"https:\/\/uniest.it\/#website\",\"url\":\"https:\/\/uniest.it\/\",\"name\":\"Uniest\",\"description\":\"Cosmetici Naturali e Bio\",\"potentialAction\":[{\"@type\":\"SearchAction\",\"target\":{\"@type\":\"EntryPoint\",\"urlTemplate\":\"https:\/\/uniest.it\/?s={search_term_string}\"},\"query-input\":{\"@type\":\"PropertyValueSpecification\",\"valueRequired\":true,\"valueName\":\"search_term_string\"}}],\"inLanguage\":\"de\"}]}<\/script>\n<!-- \/ Yoast SEO plugin. -->","yoast_head_json":{"title":"Wellness-\u00d6l - Uniest","robots":{"index":"index","follow":"follow","max-snippet":"max-snippet:-1","max-image-preview":"max-image-preview:large","max-video-preview":"max-video-preview:-1"},"canonical":"https:\/\/uniest.it\/prodotto\/wellness-oel-2\/","og_locale":"de_DE","og_type":"article","og_title":"Wellness-\u00d6l - Uniest","og_description":"Wellness\u00f6l ist ein au\u00dfergew\u00f6hnliches Produkt, das aus mehr als 30 nat\u00fcrlichen \u00e4therischen Pflanzen\u00f6len besteht. Die Vielfalt der enthaltenen Essenzen und damit der ausge\u00fcbten Funktionen machen es zu einer wertvollen Wiederherstellung des Gleichgewichts von K\u00f6rper und Geist. Als Massage angewendet, lindert es st\u00f6rende Empfindungen und sorgt f\u00fcr ein umfassendes Wohlbefinden. Es ist ein allgemeines St\u00e4rkungsmittel, das [&hellip;]","og_url":"https:\/\/uniest.it\/prodotto\/wellness-oel-2\/","og_site_name":"Uniest","twitter_card":"summary_large_image","schema":{"@context":"https:\/\/schema.org","@graph":[{"@type":"WebPage","@id":"https:\/\/uniest.it\/prodotto\/wellness-oel-2\/","url":"https:\/\/uniest.it\/prodotto\/wellness-oel-2\/","name":"Wellness-\u00d6l - Uniest","isPartOf":{"@id":"https:\/\/uniest.it\/#website"},"primaryImageOfPage":{"@id":"https:\/\/uniest.it\/prodotto\/wellness-oel-2\/#primaryimage"},"image":{"@id":"https:\/\/uniest.it\/prodotto\/wellness-oel-2\/#primaryimage"},"thumbnailUrl":"https:\/\/uniest.it\/wp-content\/uploads\/2020\/11\/145AAE.png","datePublished":"2024-10-29T17:56:10+00:00","breadcrumb":{"@id":"https:\/\/uniest.it\/prodotto\/wellness-oel-2\/#breadcrumb"},"inLanguage":"de","potentialAction":[{"@type":"ReadAction","target":["https:\/\/uniest.it\/prodotto\/wellness-oel-2\/"]}]},{"@type":"ImageObject","inLanguage":"de","@id":"https:\/\/uniest.it\/prodotto\/wellness-oel-2\/#primaryimage","url":"https:\/\/uniest.it\/wp-content\/uploads\/2020\/11\/145AAE.png","contentUrl":"https:\/\/uniest.it\/wp-content\/uploads\/2020\/11\/145AAE.png","width":1283,"height":2001},{"@type":"BreadcrumbList","@id":"https:\/\/uniest.it\/prodotto\/wellness-oel-2\/#breadcrumb","itemListElement":[{"@type":"ListItem","position":1,"name":"Home","item":"https:\/\/uniest.it\/de\/"},{"@type":"ListItem","position":2,"name":"Shop","item":"https:\/\/uniest.it\/shop\/"},{"@type":"ListItem","position":3,"name":"Wellness-\u00d6l"}]},{"@type":"WebSite","@id":"https:\/\/uniest.it\/#website","url":"https:\/\/uniest.it\/","name":"Uniest","description":"Cosmetici Naturali e Bio","potentialAction":[{"@type":"SearchAction","target":{"@type":"EntryPoint","urlTemplate":"https:\/\/uniest.it\/?s={search_term_string}"},"query-input":{"@type":"PropertyValueSpecification","valueRequired":true,"valueName":"search_term_string"}}],"inLanguage":"de"}]}},"_links":{"self":[{"href":"https:\/\/uniest.it\/de\/wp-json\/wp\/v2\/product\/7173","targetHints":{"allow":["GET"]}}],"collection":[{"href":"https:\/\/uniest.it\/de\/wp-json\/wp\/v2\/product"}],"about":[{"href":"https:\/\/uniest.it\/de\/wp-json\/wp\/v2\/types\/product"}],"wp:featuredmedia":[{"embeddable":true,"href":"https:\/\/uniest.it\/de\/wp-json\/wp\/v2\/media\/7174"}],"wp:attachment":[{"href":"https:\/\/uniest.it\/de\/wp-json\/wp\/v2\/media?parent=7173"}],"wp:term":[{"taxonomy":"product_brand","embeddable":true,"href":"https:\/\/uniest.it\/de\/wp-json\/wp\/v2\/product_brand?post=7173"},{"taxonomy":"product_cat","embeddable":true,"href":"https:\/\/uniest.it\/de\/wp-json\/wp\/v2\/product_cat?post=7173"},{"taxonomy":"product_tag","embeddable":true,"href":"https:\/\/uniest.it\/de\/wp-json\/wp\/v2\/product_tag?post=7173"}],"curies":[{"name":"wp","href":"https:\/\/api.w.org\/{rel}","templated":true}]}}