{"id":7179,"date":"2024-10-29T18:56:11","date_gmt":"2024-10-29T17:56:11","guid":{"rendered":"https:\/\/uniest.it\/prodotto\/eleutherococcus\/"},"modified":"2024-10-29T18:56:11","modified_gmt":"2024-10-29T17:56:11","slug":"eleutherococcus","status":"publish","type":"product","link":"https:\/\/uniest.it\/de\/prodotto\/eleutherococcus\/","title":{"rendered":"Eleutherococcus"},"content":{"rendered":"<p>Die Eleutherococcus-Wurzel wird in der Phytotherapie wegen ihrer bemerkenswerten tonisierenden und adaptogenen Eigenschaften verwendet, die die Leistungsf\u00e4higkeit des m\u00fcden Organismus verbessern und das Gleichgewicht des Immunsystems f\u00f6rdern k\u00f6nnen. Die Verwendung der Pflanze ist bei Stress- und \u00dcberm\u00fcdungszust\u00e4nden, Asthenie, Rekonvaleszenz, psycho-physischer Ersch\u00f6pfung, M\u00fcdigkeit und Hypotonie angezeigt. Eleutherococcus wird auch als \u201eFrauen-Ginseng\u201c bezeichnet, da Frauen unter Stress tats\u00e4chlich anf\u00e4lliger f\u00fcr Angstzust\u00e4nde und Depressionen sind. Seine Verwendung kann die Konzentration und Aufmerksamkeit beim Lernen und bei sportlichen Aktivit\u00e4ten verbessern.<\/p>\n","protected":false},"excerpt":{"rendered":"<p>Die Eleutherococcus-Wurzel wird in der Phytotherapie wegen ihrer bemerkenswerten tonisierenden und adaptogenen Eigenschaften verwendet, die die Leistungsf\u00e4higkeit des m\u00fcden Organismus verbessern und das Gleichgewicht des Immunsystems f\u00f6rdern k\u00f6nnen. Die Verwendung der Pflanze ist bei Stress- und \u00dcberm\u00fcdungszust\u00e4nden, Asthenie, Rekonvaleszenz, psycho-physischer Ersch\u00f6pfung, M\u00fcdigkeit und Hypotonie angezeigt. Eleutherococcus wird auch als \u201eFrauen-Ginseng\u201c bezeichnet, da Frauen unter Stress [&hellip;]<\/p>\n","protected":false},"featured_media":7180,"template":"","meta":{"_acf_changed":false,"inline_featured_image":false},"product_brand":[],"product_cat":[1486],"product_tag":[],"class_list":{"0":"post-7179","1":"product","2":"type-product","3":"status-publish","4":"has-post-thumbnail","6":"product_beauty-capelli","7":"product_beauty-diabete","8":"product_beauty-energia","9":"product_beauty-gola","10":"product_beauty-insonnia","11":"product_beauty-memoria","12":"product_beauty-metabolismo","13":"product_beauty-rilassante","14":"product_beauty-sistema-immunitario","15":"product_beauty-stress","16":"product_beauty-tono","17":"product_beauty-umore","18":"product_beauty-unghie","19":"product_kind-integrazione-alimentare","20":"product_lines-benessere","21":"product_cat-benessere-de","22":"pa_size-100-cps-de","24":"first","25":"outofstock","26":"taxable","27":"shipping-taxable","28":"purchasable","29":"product-type-simple"},"acf":[],"yoast_head":"<!-- This site is optimized with the Yoast SEO plugin v24.6 - https:\/\/yoast.com\/wordpress\/plugins\/seo\/ -->\n<title>Eleutherococcus - Uniest<\/title>\n<meta name=\"robots\" content=\"index, follow, max-snippet:-1, max-image-preview:large, max-video-preview:-1\" \/>\n<link rel=\"canonical\" href=\"https:\/\/uniest.it\/prodotto\/eleutherococcus\/\" \/>\n<meta property=\"og:locale\" content=\"de_DE\" \/>\n<meta property=\"og:type\" content=\"article\" \/>\n<meta property=\"og:title\" content=\"Eleutherococcus - Uniest\" \/>\n<meta property=\"og:description\" content=\"Die Eleutherococcus-Wurzel wird in der Phytotherapie wegen ihrer bemerkenswerten tonisierenden und adaptogenen Eigenschaften verwendet, die die Leistungsf\u00e4higkeit des m\u00fcden Organismus verbessern und das Gleichgewicht des Immunsystems f\u00f6rdern k\u00f6nnen. Die Verwendung der Pflanze ist bei Stress- und \u00dcberm\u00fcdungszust\u00e4nden, Asthenie, Rekonvaleszenz, psycho-physischer Ersch\u00f6pfung, M\u00fcdigkeit und Hypotonie angezeigt. Eleutherococcus wird auch als \u201eFrauen-Ginseng\u201c bezeichnet, da Frauen unter Stress [&hellip;]\" \/>\n<meta property=\"og:url\" content=\"https:\/\/uniest.it\/prodotto\/eleutherococcus\/\" \/>\n<meta property=\"og:site_name\" content=\"Uniest\" \/>\n<meta name=\"twitter:card\" content=\"summary_large_image\" \/>\n<script type=\"application\/ld+json\" class=\"yoast-schema-graph\">{\"@context\":\"https:\/\/schema.org\",\"@graph\":[{\"@type\":\"WebPage\",\"@id\":\"https:\/\/uniest.it\/prodotto\/eleutherococcus\/\",\"url\":\"https:\/\/uniest.it\/prodotto\/eleutherococcus\/\",\"name\":\"Eleutherococcus - Uniest\",\"isPartOf\":{\"@id\":\"https:\/\/uniest.it\/#website\"},\"primaryImageOfPage\":{\"@id\":\"https:\/\/uniest.it\/prodotto\/eleutherococcus\/#primaryimage\"},\"image\":{\"@id\":\"https:\/\/uniest.it\/prodotto\/eleutherococcus\/#primaryimage\"},\"thumbnailUrl\":\"https:\/\/uniest.it\/wp-content\/uploads\/2020\/12\/156ZOP.png\",\"datePublished\":\"2024-10-29T17:56:11+00:00\",\"breadcrumb\":{\"@id\":\"https:\/\/uniest.it\/prodotto\/eleutherococcus\/#breadcrumb\"},\"inLanguage\":\"de\",\"potentialAction\":[{\"@type\":\"ReadAction\",\"target\":[\"https:\/\/uniest.it\/prodotto\/eleutherococcus\/\"]}]},{\"@type\":\"ImageObject\",\"inLanguage\":\"de\",\"@id\":\"https:\/\/uniest.it\/prodotto\/eleutherococcus\/#primaryimage\",\"url\":\"https:\/\/uniest.it\/wp-content\/uploads\/2020\/12\/156ZOP.png\",\"contentUrl\":\"https:\/\/uniest.it\/wp-content\/uploads\/2020\/12\/156ZOP.png\",\"width\":1283,\"height\":2000},{\"@type\":\"BreadcrumbList\",\"@id\":\"https:\/\/uniest.it\/prodotto\/eleutherococcus\/#breadcrumb\",\"itemListElement\":[{\"@type\":\"ListItem\",\"position\":1,\"name\":\"Home\",\"item\":\"https:\/\/uniest.it\/de\/\"},{\"@type\":\"ListItem\",\"position\":2,\"name\":\"Shop\",\"item\":\"https:\/\/uniest.it\/shop\/\"},{\"@type\":\"ListItem\",\"position\":3,\"name\":\"Eleutherococcus\"}]},{\"@type\":\"WebSite\",\"@id\":\"https:\/\/uniest.it\/#website\",\"url\":\"https:\/\/uniest.it\/\",\"name\":\"Uniest\",\"description\":\"Cosmetici Naturali e Bio\",\"potentialAction\":[{\"@type\":\"SearchAction\",\"target\":{\"@type\":\"EntryPoint\",\"urlTemplate\":\"https:\/\/uniest.it\/?s={search_term_string}\"},\"query-input\":{\"@type\":\"PropertyValueSpecification\",\"valueRequired\":true,\"valueName\":\"search_term_string\"}}],\"inLanguage\":\"de\"}]}<\/script>\n<!-- \/ Yoast SEO plugin. -->","yoast_head_json":{"title":"Eleutherococcus - Uniest","robots":{"index":"index","follow":"follow","max-snippet":"max-snippet:-1","max-image-preview":"max-image-preview:large","max-video-preview":"max-video-preview:-1"},"canonical":"https:\/\/uniest.it\/prodotto\/eleutherococcus\/","og_locale":"de_DE","og_type":"article","og_title":"Eleutherococcus - Uniest","og_description":"Die Eleutherococcus-Wurzel wird in der Phytotherapie wegen ihrer bemerkenswerten tonisierenden und adaptogenen Eigenschaften verwendet, die die Leistungsf\u00e4higkeit des m\u00fcden Organismus verbessern und das Gleichgewicht des Immunsystems f\u00f6rdern k\u00f6nnen. Die Verwendung der Pflanze ist bei Stress- und \u00dcberm\u00fcdungszust\u00e4nden, Asthenie, Rekonvaleszenz, psycho-physischer Ersch\u00f6pfung, M\u00fcdigkeit und Hypotonie angezeigt. Eleutherococcus wird auch als \u201eFrauen-Ginseng\u201c bezeichnet, da Frauen unter Stress [&hellip;]","og_url":"https:\/\/uniest.it\/prodotto\/eleutherococcus\/","og_site_name":"Uniest","twitter_card":"summary_large_image","schema":{"@context":"https:\/\/schema.org","@graph":[{"@type":"WebPage","@id":"https:\/\/uniest.it\/prodotto\/eleutherococcus\/","url":"https:\/\/uniest.it\/prodotto\/eleutherococcus\/","name":"Eleutherococcus - Uniest","isPartOf":{"@id":"https:\/\/uniest.it\/#website"},"primaryImageOfPage":{"@id":"https:\/\/uniest.it\/prodotto\/eleutherococcus\/#primaryimage"},"image":{"@id":"https:\/\/uniest.it\/prodotto\/eleutherococcus\/#primaryimage"},"thumbnailUrl":"https:\/\/uniest.it\/wp-content\/uploads\/2020\/12\/156ZOP.png","datePublished":"2024-10-29T17:56:11+00:00","breadcrumb":{"@id":"https:\/\/uniest.it\/prodotto\/eleutherococcus\/#breadcrumb"},"inLanguage":"de","potentialAction":[{"@type":"ReadAction","target":["https:\/\/uniest.it\/prodotto\/eleutherococcus\/"]}]},{"@type":"ImageObject","inLanguage":"de","@id":"https:\/\/uniest.it\/prodotto\/eleutherococcus\/#primaryimage","url":"https:\/\/uniest.it\/wp-content\/uploads\/2020\/12\/156ZOP.png","contentUrl":"https:\/\/uniest.it\/wp-content\/uploads\/2020\/12\/156ZOP.png","width":1283,"height":2000},{"@type":"BreadcrumbList","@id":"https:\/\/uniest.it\/prodotto\/eleutherococcus\/#breadcrumb","itemListElement":[{"@type":"ListItem","position":1,"name":"Home","item":"https:\/\/uniest.it\/de\/"},{"@type":"ListItem","position":2,"name":"Shop","item":"https:\/\/uniest.it\/shop\/"},{"@type":"ListItem","position":3,"name":"Eleutherococcus"}]},{"@type":"WebSite","@id":"https:\/\/uniest.it\/#website","url":"https:\/\/uniest.it\/","name":"Uniest","description":"Cosmetici Naturali e Bio","potentialAction":[{"@type":"SearchAction","target":{"@type":"EntryPoint","urlTemplate":"https:\/\/uniest.it\/?s={search_term_string}"},"query-input":{"@type":"PropertyValueSpecification","valueRequired":true,"valueName":"search_term_string"}}],"inLanguage":"de"}]}},"_links":{"self":[{"href":"https:\/\/uniest.it\/de\/wp-json\/wp\/v2\/product\/7179","targetHints":{"allow":["GET"]}}],"collection":[{"href":"https:\/\/uniest.it\/de\/wp-json\/wp\/v2\/product"}],"about":[{"href":"https:\/\/uniest.it\/de\/wp-json\/wp\/v2\/types\/product"}],"wp:featuredmedia":[{"embeddable":true,"href":"https:\/\/uniest.it\/de\/wp-json\/wp\/v2\/media\/7180"}],"wp:attachment":[{"href":"https:\/\/uniest.it\/de\/wp-json\/wp\/v2\/media?parent=7179"}],"wp:term":[{"taxonomy":"product_brand","embeddable":true,"href":"https:\/\/uniest.it\/de\/wp-json\/wp\/v2\/product_brand?post=7179"},{"taxonomy":"product_cat","embeddable":true,"href":"https:\/\/uniest.it\/de\/wp-json\/wp\/v2\/product_cat?post=7179"},{"taxonomy":"product_tag","embeddable":true,"href":"https:\/\/uniest.it\/de\/wp-json\/wp\/v2\/product_tag?post=7179"}],"curies":[{"name":"wp","href":"https:\/\/api.w.org\/{rel}","templated":true}]}}