{"id":7182,"date":"2024-10-29T18:56:11","date_gmt":"2024-10-29T17:56:11","guid":{"rendered":"https:\/\/uniest.it\/prodotto\/keratol-weichmacher-fuer-huehneraugen\/"},"modified":"2024-10-29T18:56:11","modified_gmt":"2024-10-29T17:56:11","slug":"keratol-weichmacher-fuer-huehneraugen","status":"publish","type":"product","link":"https:\/\/uniest.it\/de\/prodotto\/keratol-weichmacher-fuer-huehneraugen\/","title":{"rendered":"Keratol-Weichmacher f\u00fcr H\u00fchneraugen"},"content":{"rendered":"<p>Keratol gegen Hornhaut ist ein innovatives kosmetisches Produkt f\u00fcr F\u00fc\u00dfe, das zur physiologischen Bek\u00e4mpfung von Rauheit, Hornhaut, Keratose, Vogelaugen und Nagelhaut entwickelt wurde. Es handelt sich um Hyperkeratosen, also Hautverdickungen durch \u00fcberm\u00e4\u00dfiges Zusammendr\u00fccken oder Reiben der Haut, die beim Gehen Schmerzen verursachen. Sie bilden sich im Allgemeinen an der Fu\u00dfsohle und der Unterseite des gro\u00dfen Zehs und f\u00fchren in vielen F\u00e4llen zu Rissen in der Haut, die Schmerzen verursachen und m\u00f6glicherweise eine Infektion verursachen. Dank der Mikropeeling-Wirkung der Salicyls\u00e4ure und der beruhigenden, erfrischenden und reinigenden Eigenschaften der Pflanzenextrakte aus Hamamelis und Zitrone sorgen sie f\u00fcr ein sofortiges Wohlbefinden der F\u00fc\u00dfe, die weich und duftend bleiben.<\/p>\n","protected":false},"excerpt":{"rendered":"<p>Keratol gegen Hornhaut ist ein innovatives kosmetisches Produkt f\u00fcr F\u00fc\u00dfe, das zur physiologischen Bek\u00e4mpfung von Rauheit, Hornhaut, Keratose, Vogelaugen und Nagelhaut entwickelt wurde. Es handelt sich um Hyperkeratosen, also Hautverdickungen durch \u00fcberm\u00e4\u00dfiges Zusammendr\u00fccken oder Reiben der Haut, die beim Gehen Schmerzen verursachen. Sie bilden sich im Allgemeinen an der Fu\u00dfsohle und der Unterseite des gro\u00dfen [&hellip;]<\/p>\n","protected":false},"featured_media":7183,"template":"","meta":{"_acf_changed":false,"inline_featured_image":false},"product_brand":[],"product_cat":[1493],"product_tag":[],"class_list":{"0":"post-7182","1":"product","2":"type-product","3":"status-publish","4":"has-post-thumbnail","6":"product_beauty-esfoliare","7":"product_beauty-idratare","8":"product_beauty-nutrire-e-rigenerare","9":"product_skin-pelli-delicate-e-sensibili","10":"product_skin-pelli-giovani-e-prime-rughe","11":"product_skin-pelli-grasse-e-miste","12":"product_skin-pelli-mature-e-rughe","13":"product_skin-pelli-secche-e-normali","14":"product_skin-tutte-le-pelli","15":"product_kind-tonici-e-lozioni-corpo","16":"product_kind-trattamenti-mani-e-piedi","17":"product_kind-trattamenti-speciali","18":"product_lines-igiene-e-protezione","19":"product_cat-mani-e-piedi-de","20":"pa_size-30-de","22":"first","23":"instock","24":"taxable","25":"shipping-taxable","26":"purchasable","27":"product-type-simple"},"acf":[],"yoast_head":"<!-- This site is optimized with the Yoast SEO plugin v24.6 - https:\/\/yoast.com\/wordpress\/plugins\/seo\/ -->\n<title>Keratol-Weichmacher f\u00fcr H\u00fchneraugen - Uniest<\/title>\n<meta name=\"robots\" content=\"index, follow, max-snippet:-1, max-image-preview:large, max-video-preview:-1\" \/>\n<link rel=\"canonical\" href=\"https:\/\/uniest.it\/prodotto\/keratol-weichmacher-fuer-huehneraugen\/\" \/>\n<meta property=\"og:locale\" content=\"de_DE\" \/>\n<meta property=\"og:type\" content=\"article\" \/>\n<meta property=\"og:title\" content=\"Keratol-Weichmacher f\u00fcr H\u00fchneraugen - Uniest\" \/>\n<meta property=\"og:description\" content=\"Keratol gegen Hornhaut ist ein innovatives kosmetisches Produkt f\u00fcr F\u00fc\u00dfe, das zur physiologischen Bek\u00e4mpfung von Rauheit, Hornhaut, Keratose, Vogelaugen und Nagelhaut entwickelt wurde. Es handelt sich um Hyperkeratosen, also Hautverdickungen durch \u00fcberm\u00e4\u00dfiges Zusammendr\u00fccken oder Reiben der Haut, die beim Gehen Schmerzen verursachen. Sie bilden sich im Allgemeinen an der Fu\u00dfsohle und der Unterseite des gro\u00dfen [&hellip;]\" \/>\n<meta property=\"og:url\" content=\"https:\/\/uniest.it\/prodotto\/keratol-weichmacher-fuer-huehneraugen\/\" \/>\n<meta property=\"og:site_name\" content=\"Uniest\" \/>\n<meta name=\"twitter:card\" content=\"summary_large_image\" \/>\n<meta name=\"twitter:label1\" content=\"Gesch\u00e4tzte Lesezeit\" \/>\n\t<meta name=\"twitter:data1\" content=\"1\u00a0Minute\" \/>\n<script type=\"application\/ld+json\" class=\"yoast-schema-graph\">{\"@context\":\"https:\/\/schema.org\",\"@graph\":[{\"@type\":\"WebPage\",\"@id\":\"https:\/\/uniest.it\/prodotto\/keratol-weichmacher-fuer-huehneraugen\/\",\"url\":\"https:\/\/uniest.it\/prodotto\/keratol-weichmacher-fuer-huehneraugen\/\",\"name\":\"Keratol-Weichmacher f\u00fcr H\u00fchneraugen - Uniest\",\"isPartOf\":{\"@id\":\"https:\/\/uniest.it\/#website\"},\"primaryImageOfPage\":{\"@id\":\"https:\/\/uniest.it\/prodotto\/keratol-weichmacher-fuer-huehneraugen\/#primaryimage\"},\"image\":{\"@id\":\"https:\/\/uniest.it\/prodotto\/keratol-weichmacher-fuer-huehneraugen\/#primaryimage\"},\"thumbnailUrl\":\"https:\/\/uniest.it\/wp-content\/uploads\/2020\/11\/159AAE.png\",\"datePublished\":\"2024-10-29T17:56:11+00:00\",\"breadcrumb\":{\"@id\":\"https:\/\/uniest.it\/prodotto\/keratol-weichmacher-fuer-huehneraugen\/#breadcrumb\"},\"inLanguage\":\"de\",\"potentialAction\":[{\"@type\":\"ReadAction\",\"target\":[\"https:\/\/uniest.it\/prodotto\/keratol-weichmacher-fuer-huehneraugen\/\"]}]},{\"@type\":\"ImageObject\",\"inLanguage\":\"de\",\"@id\":\"https:\/\/uniest.it\/prodotto\/keratol-weichmacher-fuer-huehneraugen\/#primaryimage\",\"url\":\"https:\/\/uniest.it\/wp-content\/uploads\/2020\/11\/159AAE.png\",\"contentUrl\":\"https:\/\/uniest.it\/wp-content\/uploads\/2020\/11\/159AAE.png\",\"width\":1283,\"height\":2000},{\"@type\":\"BreadcrumbList\",\"@id\":\"https:\/\/uniest.it\/prodotto\/keratol-weichmacher-fuer-huehneraugen\/#breadcrumb\",\"itemListElement\":[{\"@type\":\"ListItem\",\"position\":1,\"name\":\"Home\",\"item\":\"https:\/\/uniest.it\/de\/\"},{\"@type\":\"ListItem\",\"position\":2,\"name\":\"Shop\",\"item\":\"https:\/\/uniest.it\/shop\/\"},{\"@type\":\"ListItem\",\"position\":3,\"name\":\"Keratol-Weichmacher f\u00fcr H\u00fchneraugen\"}]},{\"@type\":\"WebSite\",\"@id\":\"https:\/\/uniest.it\/#website\",\"url\":\"https:\/\/uniest.it\/\",\"name\":\"Uniest\",\"description\":\"Cosmetici Naturali e Bio\",\"potentialAction\":[{\"@type\":\"SearchAction\",\"target\":{\"@type\":\"EntryPoint\",\"urlTemplate\":\"https:\/\/uniest.it\/?s={search_term_string}\"},\"query-input\":{\"@type\":\"PropertyValueSpecification\",\"valueRequired\":true,\"valueName\":\"search_term_string\"}}],\"inLanguage\":\"de\"}]}<\/script>\n<!-- \/ Yoast SEO plugin. -->","yoast_head_json":{"title":"Keratol-Weichmacher f\u00fcr H\u00fchneraugen - Uniest","robots":{"index":"index","follow":"follow","max-snippet":"max-snippet:-1","max-image-preview":"max-image-preview:large","max-video-preview":"max-video-preview:-1"},"canonical":"https:\/\/uniest.it\/prodotto\/keratol-weichmacher-fuer-huehneraugen\/","og_locale":"de_DE","og_type":"article","og_title":"Keratol-Weichmacher f\u00fcr H\u00fchneraugen - Uniest","og_description":"Keratol gegen Hornhaut ist ein innovatives kosmetisches Produkt f\u00fcr F\u00fc\u00dfe, das zur physiologischen Bek\u00e4mpfung von Rauheit, Hornhaut, Keratose, Vogelaugen und Nagelhaut entwickelt wurde. Es handelt sich um Hyperkeratosen, also Hautverdickungen durch \u00fcberm\u00e4\u00dfiges Zusammendr\u00fccken oder Reiben der Haut, die beim Gehen Schmerzen verursachen. Sie bilden sich im Allgemeinen an der Fu\u00dfsohle und der Unterseite des gro\u00dfen [&hellip;]","og_url":"https:\/\/uniest.it\/prodotto\/keratol-weichmacher-fuer-huehneraugen\/","og_site_name":"Uniest","twitter_card":"summary_large_image","twitter_misc":{"Gesch\u00e4tzte Lesezeit":"1\u00a0Minute"},"schema":{"@context":"https:\/\/schema.org","@graph":[{"@type":"WebPage","@id":"https:\/\/uniest.it\/prodotto\/keratol-weichmacher-fuer-huehneraugen\/","url":"https:\/\/uniest.it\/prodotto\/keratol-weichmacher-fuer-huehneraugen\/","name":"Keratol-Weichmacher f\u00fcr H\u00fchneraugen - Uniest","isPartOf":{"@id":"https:\/\/uniest.it\/#website"},"primaryImageOfPage":{"@id":"https:\/\/uniest.it\/prodotto\/keratol-weichmacher-fuer-huehneraugen\/#primaryimage"},"image":{"@id":"https:\/\/uniest.it\/prodotto\/keratol-weichmacher-fuer-huehneraugen\/#primaryimage"},"thumbnailUrl":"https:\/\/uniest.it\/wp-content\/uploads\/2020\/11\/159AAE.png","datePublished":"2024-10-29T17:56:11+00:00","breadcrumb":{"@id":"https:\/\/uniest.it\/prodotto\/keratol-weichmacher-fuer-huehneraugen\/#breadcrumb"},"inLanguage":"de","potentialAction":[{"@type":"ReadAction","target":["https:\/\/uniest.it\/prodotto\/keratol-weichmacher-fuer-huehneraugen\/"]}]},{"@type":"ImageObject","inLanguage":"de","@id":"https:\/\/uniest.it\/prodotto\/keratol-weichmacher-fuer-huehneraugen\/#primaryimage","url":"https:\/\/uniest.it\/wp-content\/uploads\/2020\/11\/159AAE.png","contentUrl":"https:\/\/uniest.it\/wp-content\/uploads\/2020\/11\/159AAE.png","width":1283,"height":2000},{"@type":"BreadcrumbList","@id":"https:\/\/uniest.it\/prodotto\/keratol-weichmacher-fuer-huehneraugen\/#breadcrumb","itemListElement":[{"@type":"ListItem","position":1,"name":"Home","item":"https:\/\/uniest.it\/de\/"},{"@type":"ListItem","position":2,"name":"Shop","item":"https:\/\/uniest.it\/shop\/"},{"@type":"ListItem","position":3,"name":"Keratol-Weichmacher f\u00fcr H\u00fchneraugen"}]},{"@type":"WebSite","@id":"https:\/\/uniest.it\/#website","url":"https:\/\/uniest.it\/","name":"Uniest","description":"Cosmetici Naturali e Bio","potentialAction":[{"@type":"SearchAction","target":{"@type":"EntryPoint","urlTemplate":"https:\/\/uniest.it\/?s={search_term_string}"},"query-input":{"@type":"PropertyValueSpecification","valueRequired":true,"valueName":"search_term_string"}}],"inLanguage":"de"}]}},"_links":{"self":[{"href":"https:\/\/uniest.it\/de\/wp-json\/wp\/v2\/product\/7182","targetHints":{"allow":["GET"]}}],"collection":[{"href":"https:\/\/uniest.it\/de\/wp-json\/wp\/v2\/product"}],"about":[{"href":"https:\/\/uniest.it\/de\/wp-json\/wp\/v2\/types\/product"}],"wp:featuredmedia":[{"embeddable":true,"href":"https:\/\/uniest.it\/de\/wp-json\/wp\/v2\/media\/7183"}],"wp:attachment":[{"href":"https:\/\/uniest.it\/de\/wp-json\/wp\/v2\/media?parent=7182"}],"wp:term":[{"taxonomy":"product_brand","embeddable":true,"href":"https:\/\/uniest.it\/de\/wp-json\/wp\/v2\/product_brand?post=7182"},{"taxonomy":"product_cat","embeddable":true,"href":"https:\/\/uniest.it\/de\/wp-json\/wp\/v2\/product_cat?post=7182"},{"taxonomy":"product_tag","embeddable":true,"href":"https:\/\/uniest.it\/de\/wp-json\/wp\/v2\/product_tag?post=7182"}],"curies":[{"name":"wp","href":"https:\/\/api.w.org\/{rel}","templated":true}]}}