{"id":7185,"date":"2021-02-04T12:59:39","date_gmt":"2024-10-29T17:56:12","guid":{"rendered":"https:\/\/uniest.it\/prodotto\/shorea-butter\/"},"modified":"2024-10-29T18:56:12","modified_gmt":"2024-10-29T17:56:12","slug":"shorea-butter","status":"publish","type":"product","link":"https:\/\/uniest.it\/de\/prodotto\/shorea-butter\/","title":{"rendered":"Shorea-Butter"},"content":{"rendered":"<p>Die Verpackung kann von der auf dem Foto abweichen. Shorea-Butter ist eine \u201ePflanzenbutter\u201c, die aus drei NAT\u00dcRLICHEN Buttersorten besteht: Shorea-Stenoptera-Butter, Bio-Sheabutter* und Kakaobutter. Die Eigenschaften dieser nat\u00fcrlichen Verbindungen machen es zu einem Produkt, das alle Hauttypen sch\u00fctzt, n\u00e4hrt und regeneriert, elastisch macht, festigt, tonisiert und tief mit Feuchtigkeit versorgt. Angereichert mit nat\u00fcrlichem Bio-Haferpflanzenextrakt*, pflanzlichem Glycerin und Bio-S\u00fc\u00dfmandel\u00f6l* spendet es intensiv Feuchtigkeit und pflegt. Shorea wurde au\u00dferdem mit Vitamin A, Vitamin C und Vitamin E angereichert, um die bekannten antioxidativen und sch\u00fctzenden Eigenschaften gegen freie Radikale zu verst\u00e4rken. Seine Verwendung ist auch f\u00fcr die empfindlichste, empfindlichste und dehydrierteste Haut geeignet und kann auch nach permanentem und semipermanentem Make-up sowie nach T\u00e4towierungen verwendet werden. Dieser nat\u00fcrliche Pflanzenextrakt wird seit Jahrhunderten zur Behandlung von Hautproblemen eingesetzt und wir verwenden ihn in unseren Produkten zur Pflege, Regeneration und Revitalisierung der Haut.<\/p>\n","protected":false},"excerpt":{"rendered":"<p>Die Verpackung kann von der auf dem Foto abweichen. Shorea-Butter ist eine \u201ePflanzenbutter\u201c, die aus drei NAT\u00dcRLICHEN Buttersorten besteht: Shorea-Stenoptera-Butter, Bio-Sheabutter* und Kakaobutter. Die Eigenschaften dieser nat\u00fcrlichen Verbindungen machen es zu einem Produkt, das alle Hauttypen sch\u00fctzt, n\u00e4hrt und regeneriert, elastisch macht, festigt, tonisiert und tief mit Feuchtigkeit versorgt. Angereichert mit nat\u00fcrlichem Bio-Haferpflanzenextrakt*, pflanzlichem Glycerin [&hellip;]<\/p>\n","protected":false},"featured_media":7188,"template":"","meta":{"_acf_changed":false,"inline_featured_image":false},"product_brand":[],"product_cat":[1497,1493,1489],"product_tag":[],"class_list":{"0":"post-7185","1":"product","2":"type-product","3":"status-publish","4":"has-post-thumbnail","6":"product_beauty-antirughe","7":"product_beauty-idratare","8":"product_beauty-lenire","9":"product_beauty-nutrire-e-rigenerare","10":"product_beauty-proteggere","11":"product_beauty-rassodare-e-tonificare","12":"product_beauty-schiarire","13":"product_skin-tutte-le-pelli","14":"product_kind-creme-antieta-e-prime-rughe","15":"product_kind-oli-e-burri","16":"product_kind-trattamenti-speciali","17":"product_kind-tutte-le-creme-corpo","18":"product_kind-tutte-le-creme-viso","19":"product_lines-corpo-e-benessere","20":"product_cat-viso-de","21":"product_cat-mani-e-piedi-de","22":"product_cat-corpo-de","23":"pa_size-100-de","25":"first","26":"instock","27":"taxable","28":"shipping-taxable","29":"purchasable","30":"product-type-simple"},"acf":[],"yoast_head":"<!-- This site is optimized with the Yoast SEO plugin v24.6 - https:\/\/yoast.com\/wordpress\/plugins\/seo\/ -->\n<title>Shorea-Butter - Uniest<\/title>\n<meta name=\"robots\" content=\"index, follow, max-snippet:-1, max-image-preview:large, max-video-preview:-1\" \/>\n<link rel=\"canonical\" href=\"https:\/\/uniest.it\/prodotto\/shorea-butter\/\" \/>\n<meta property=\"og:locale\" content=\"de_DE\" \/>\n<meta property=\"og:type\" content=\"article\" \/>\n<meta property=\"og:title\" content=\"Shorea-Butter - Uniest\" \/>\n<meta property=\"og:description\" content=\"Die Verpackung kann von der auf dem Foto abweichen. Shorea-Butter ist eine \u201ePflanzenbutter\u201c, die aus drei NAT\u00dcRLICHEN Buttersorten besteht: Shorea-Stenoptera-Butter, Bio-Sheabutter* und Kakaobutter. Die Eigenschaften dieser nat\u00fcrlichen Verbindungen machen es zu einem Produkt, das alle Hauttypen sch\u00fctzt, n\u00e4hrt und regeneriert, elastisch macht, festigt, tonisiert und tief mit Feuchtigkeit versorgt. Angereichert mit nat\u00fcrlichem Bio-Haferpflanzenextrakt*, pflanzlichem Glycerin [&hellip;]\" \/>\n<meta property=\"og:url\" content=\"https:\/\/uniest.it\/prodotto\/shorea-butter\/\" \/>\n<meta property=\"og:site_name\" content=\"Uniest\" \/>\n<meta name=\"twitter:card\" content=\"summary_large_image\" \/>\n<meta name=\"twitter:label1\" content=\"Gesch\u00e4tzte Lesezeit\" \/>\n\t<meta name=\"twitter:data1\" content=\"1\u00a0Minute\" \/>\n<script type=\"application\/ld+json\" class=\"yoast-schema-graph\">{\"@context\":\"https:\/\/schema.org\",\"@graph\":[{\"@type\":\"WebPage\",\"@id\":\"https:\/\/uniest.it\/prodotto\/shorea-butter\/\",\"url\":\"https:\/\/uniest.it\/prodotto\/shorea-butter\/\",\"name\":\"Shorea-Butter - Uniest\",\"isPartOf\":{\"@id\":\"https:\/\/uniest.it\/#website\"},\"primaryImageOfPage\":{\"@id\":\"https:\/\/uniest.it\/prodotto\/shorea-butter\/#primaryimage\"},\"image\":{\"@id\":\"https:\/\/uniest.it\/prodotto\/shorea-butter\/#primaryimage\"},\"thumbnailUrl\":\"https:\/\/uniest.it\/wp-content\/uploads\/2021\/02\/shorea-butter.png\",\"datePublished\":\"2024-10-29T17:56:12+00:00\",\"breadcrumb\":{\"@id\":\"https:\/\/uniest.it\/prodotto\/shorea-butter\/#breadcrumb\"},\"inLanguage\":\"de\",\"potentialAction\":[{\"@type\":\"ReadAction\",\"target\":[\"https:\/\/uniest.it\/prodotto\/shorea-butter\/\"]}]},{\"@type\":\"ImageObject\",\"inLanguage\":\"de\",\"@id\":\"https:\/\/uniest.it\/prodotto\/shorea-butter\/#primaryimage\",\"url\":\"https:\/\/uniest.it\/wp-content\/uploads\/2021\/02\/shorea-butter.png\",\"contentUrl\":\"https:\/\/uniest.it\/wp-content\/uploads\/2021\/02\/shorea-butter.png\",\"width\":1414,\"height\":2000,\"caption\":\"160AAE\"},{\"@type\":\"BreadcrumbList\",\"@id\":\"https:\/\/uniest.it\/prodotto\/shorea-butter\/#breadcrumb\",\"itemListElement\":[{\"@type\":\"ListItem\",\"position\":1,\"name\":\"Home\",\"item\":\"https:\/\/uniest.it\/de\/\"},{\"@type\":\"ListItem\",\"position\":2,\"name\":\"Shop\",\"item\":\"https:\/\/uniest.it\/shop\/\"},{\"@type\":\"ListItem\",\"position\":3,\"name\":\"Shorea-Butter\"}]},{\"@type\":\"WebSite\",\"@id\":\"https:\/\/uniest.it\/#website\",\"url\":\"https:\/\/uniest.it\/\",\"name\":\"Uniest\",\"description\":\"Cosmetici Naturali e Bio\",\"potentialAction\":[{\"@type\":\"SearchAction\",\"target\":{\"@type\":\"EntryPoint\",\"urlTemplate\":\"https:\/\/uniest.it\/?s={search_term_string}\"},\"query-input\":{\"@type\":\"PropertyValueSpecification\",\"valueRequired\":true,\"valueName\":\"search_term_string\"}}],\"inLanguage\":\"de\"}]}<\/script>\n<!-- \/ Yoast SEO plugin. -->","yoast_head_json":{"title":"Shorea-Butter - Uniest","robots":{"index":"index","follow":"follow","max-snippet":"max-snippet:-1","max-image-preview":"max-image-preview:large","max-video-preview":"max-video-preview:-1"},"canonical":"https:\/\/uniest.it\/prodotto\/shorea-butter\/","og_locale":"de_DE","og_type":"article","og_title":"Shorea-Butter - Uniest","og_description":"Die Verpackung kann von der auf dem Foto abweichen. Shorea-Butter ist eine \u201ePflanzenbutter\u201c, die aus drei NAT\u00dcRLICHEN Buttersorten besteht: Shorea-Stenoptera-Butter, Bio-Sheabutter* und Kakaobutter. Die Eigenschaften dieser nat\u00fcrlichen Verbindungen machen es zu einem Produkt, das alle Hauttypen sch\u00fctzt, n\u00e4hrt und regeneriert, elastisch macht, festigt, tonisiert und tief mit Feuchtigkeit versorgt. Angereichert mit nat\u00fcrlichem Bio-Haferpflanzenextrakt*, pflanzlichem Glycerin [&hellip;]","og_url":"https:\/\/uniest.it\/prodotto\/shorea-butter\/","og_site_name":"Uniest","twitter_card":"summary_large_image","twitter_misc":{"Gesch\u00e4tzte Lesezeit":"1\u00a0Minute"},"schema":{"@context":"https:\/\/schema.org","@graph":[{"@type":"WebPage","@id":"https:\/\/uniest.it\/prodotto\/shorea-butter\/","url":"https:\/\/uniest.it\/prodotto\/shorea-butter\/","name":"Shorea-Butter - Uniest","isPartOf":{"@id":"https:\/\/uniest.it\/#website"},"primaryImageOfPage":{"@id":"https:\/\/uniest.it\/prodotto\/shorea-butter\/#primaryimage"},"image":{"@id":"https:\/\/uniest.it\/prodotto\/shorea-butter\/#primaryimage"},"thumbnailUrl":"https:\/\/uniest.it\/wp-content\/uploads\/2021\/02\/shorea-butter.png","datePublished":"2024-10-29T17:56:12+00:00","breadcrumb":{"@id":"https:\/\/uniest.it\/prodotto\/shorea-butter\/#breadcrumb"},"inLanguage":"de","potentialAction":[{"@type":"ReadAction","target":["https:\/\/uniest.it\/prodotto\/shorea-butter\/"]}]},{"@type":"ImageObject","inLanguage":"de","@id":"https:\/\/uniest.it\/prodotto\/shorea-butter\/#primaryimage","url":"https:\/\/uniest.it\/wp-content\/uploads\/2021\/02\/shorea-butter.png","contentUrl":"https:\/\/uniest.it\/wp-content\/uploads\/2021\/02\/shorea-butter.png","width":1414,"height":2000,"caption":"160AAE"},{"@type":"BreadcrumbList","@id":"https:\/\/uniest.it\/prodotto\/shorea-butter\/#breadcrumb","itemListElement":[{"@type":"ListItem","position":1,"name":"Home","item":"https:\/\/uniest.it\/de\/"},{"@type":"ListItem","position":2,"name":"Shop","item":"https:\/\/uniest.it\/shop\/"},{"@type":"ListItem","position":3,"name":"Shorea-Butter"}]},{"@type":"WebSite","@id":"https:\/\/uniest.it\/#website","url":"https:\/\/uniest.it\/","name":"Uniest","description":"Cosmetici Naturali e Bio","potentialAction":[{"@type":"SearchAction","target":{"@type":"EntryPoint","urlTemplate":"https:\/\/uniest.it\/?s={search_term_string}"},"query-input":{"@type":"PropertyValueSpecification","valueRequired":true,"valueName":"search_term_string"}}],"inLanguage":"de"}]}},"_links":{"self":[{"href":"https:\/\/uniest.it\/de\/wp-json\/wp\/v2\/product\/7185","targetHints":{"allow":["GET"]}}],"collection":[{"href":"https:\/\/uniest.it\/de\/wp-json\/wp\/v2\/product"}],"about":[{"href":"https:\/\/uniest.it\/de\/wp-json\/wp\/v2\/types\/product"}],"wp:featuredmedia":[{"embeddable":true,"href":"https:\/\/uniest.it\/de\/wp-json\/wp\/v2\/media\/7188"}],"wp:attachment":[{"href":"https:\/\/uniest.it\/de\/wp-json\/wp\/v2\/media?parent=7185"}],"wp:term":[{"taxonomy":"product_brand","embeddable":true,"href":"https:\/\/uniest.it\/de\/wp-json\/wp\/v2\/product_brand?post=7185"},{"taxonomy":"product_cat","embeddable":true,"href":"https:\/\/uniest.it\/de\/wp-json\/wp\/v2\/product_cat?post=7185"},{"taxonomy":"product_tag","embeddable":true,"href":"https:\/\/uniest.it\/de\/wp-json\/wp\/v2\/product_tag?post=7185"}],"curies":[{"name":"wp","href":"https:\/\/api.w.org\/{rel}","templated":true}]}}